{"id":4652,"date":"2026-03-12T13:51:43","date_gmt":"2026-03-12T12:51:43","guid":{"rendered":"https:\/\/agora.xtec.cat\/iesestany\/?page_id=4652"},"modified":"2026-04-09T21:23:30","modified_gmt":"2026-04-09T19:23:30","slug":"articles-ods","status":"publish","type":"page","link":"https:\/\/agora.xtec.cat\/iesestany\/articles-ods\/","title":{"rendered":"Articles ODS"},"content":{"rendered":"\n<figure class=\"wp-block-image aligncenter size-large is-resized\"><a href=\"https:\/\/agora.xtec.cat\/iesestany\/wp-content\/uploads\/usu1853\/2026\/04\/imatge.png\"><img loading=\"lazy\" decoding=\"async\" width=\"1024\" height=\"1024\" src=\"https:\/\/agora.xtec.cat\/iesestany\/wp-content\/uploads\/usu1853\/2026\/04\/imatge-1024x1024.png\" alt=\"\" class=\"wp-image-4873\" style=\"width:317px;height:auto\" srcset=\"https:\/\/agora.xtec.cat\/iesestany\/wp-content\/uploads\/usu1853\/2026\/04\/imatge-1024x1024.png 1024w, https:\/\/agora.xtec.cat\/iesestany\/wp-content\/uploads\/usu1853\/2026\/04\/imatge-300x300.png 300w, https:\/\/agora.xtec.cat\/iesestany\/wp-content\/uploads\/usu1853\/2026\/04\/imatge-150x150.png 150w, https:\/\/agora.xtec.cat\/iesestany\/wp-content\/uploads\/usu1853\/2026\/04\/imatge-768x769.png 768w, https:\/\/agora.xtec.cat\/iesestany\/wp-content\/uploads\/usu1853\/2026\/04\/imatge.png 1199w\" sizes=\"auto, (max-width: 1024px) 100vw, 1024px\" \/><\/a><\/figure>\n\n\n\n<p>Els alumnes de 2n de Batxillerat, en el marc de l&#8217;assignatura d&#8217;Objectius de Desenvolupament Sostenible (ODS), han dut a terme un profund treball de recerca i reflexi\u00f3 sobre els grans reptes globals als quals ens enfrontem com a societat actualment.<\/p>\n\n\n\n<p>Fruit d&#8217;aquest aprenentatge, cadascun d&#8217;ells ha elaborat un seguit  d&#8217;escrits on s&#8217;analitzen, es debaten i es proposen idees sobre les diferents fites que marca l&#8217;Agenda 2030 de les Nacions Unides: des de l&#8217;acci\u00f3 clim\u00e0tica o la reducci\u00f3 de les desigualtats, fins a l&#8217;educaci\u00f3 de qualitat.<\/p>\n\n\n\n<p>Com funciona aquest espai? Hem recopilat i ordenat tots els seus treballs perqu\u00e8 els pugueu llegir i compartir. Us convidem a navegar pels diferents apartats d&#8217;ODS que trobareu al men\u00fa lateral d&#8217;aquesta p\u00e0gina. Fent clic a cada objectiu, podreu accedir als articles redactats pels nostres alumnes i descobrir perspectives i propostes per construir un futur m\u00e9s sostenible per a tothom.<\/p>\n\n\n\n<p>Endavant, esperem que en gaudiu la lectura!<\/p>\n\n\n\n<p><\/p>\n","protected":false},"excerpt":{"rendered":"<p>Els alumnes de 2n de Batxillerat, en el marc de l&#8217;assignatura d&#8217;Objectius de Desenvolupament Sostenible (ODS), han dut a terme un profund treball de recerca i reflexi\u00f3 sobre els grans reptes globals als quals ens enfrontem com a societat actualment. Fruit d&#8217;aquest aprenentatge, cadascun d&#8217;ells ha elaborat un seguit d&#8217;escrits on s&#8217;analitzen, es debaten i [&hellip;]<\/p>\n","protected":false},"author":1,"featured_media":0,"parent":0,"menu_order":0,"comment_status":"closed","ping_status":"close","template":"","meta":{"_bbp_topic_count":0,"_bbp_reply_count":0,"_bbp_total_topic_count":0,"_bbp_total_reply_count":0,"_bbp_voice_count":0,"_bbp_anonymous_reply_count":0,"_bbp_topic_count_hidden":0,"_bbp_reply_count_hidden":0,"_bbp_forum_subforum_count":0,"site-sidebar-layout":"default","site-content-layout":"","ast-site-content-layout":"default","site-content-style":"default","site-sidebar-style":"default","ast-global-header-display":"","ast-banner-title-visibility":"","ast-main-header-display":"","ast-hfb-above-header-display":"","ast-hfb-below-header-display":"","ast-hfb-mobile-header-display":"","site-post-title":"","ast-breadcrumbs-content":"","ast-featured-img":"","footer-sml-layout":"","theme-transparent-header-meta":"","adv-header-id-meta":"","stick-header-meta":"","header-above-stick-meta":"","header-main-stick-meta":"","header-below-stick-meta":"","astra-migrate-meta-layouts":"set","ast-page-background-enabled":"default","ast-page-background-meta":{"desktop":{"background-color":"var(--ast-global-color-4)","background-image":"","background-repeat":"repeat","background-position":"center center","background-size":"auto","background-attachment":"scroll","background-type":"","background-media":"","overlay-type":"","overlay-color":"","overlay-opacity":"","overlay-gradient":""},"tablet":{"background-color":"","background-image":"","background-repeat":"repeat","background-position":"center center","background-size":"auto","background-attachment":"scroll","background-type":"","background-media":"","overlay-type":"","overlay-color":"","overlay-opacity":"","overlay-gradient":""},"mobile":{"background-color":"","background-image":"","background-repeat":"repeat","background-position":"center center","background-size":"auto","background-attachment":"scroll","background-type":"","background-media":"","overlay-type":"","overlay-color":"","overlay-opacity":"","overlay-gradient":""}},"ast-content-background-meta":{"desktop":{"background-color":"var(--ast-global-color-5)","background-image":"","background-repeat":"repeat","background-position":"center center","background-size":"auto","background-attachment":"scroll","background-type":"","background-media":"","overlay-type":"","overlay-color":"","overlay-opacity":"","overlay-gradient":""},"tablet":{"background-color":"var(--ast-global-color-5)","background-image":"","background-repeat":"repeat","background-position":"center center","background-size":"auto","background-attachment":"scroll","background-type":"","background-media":"","overlay-type":"","overlay-color":"","overlay-opacity":"","overlay-gradient":""},"mobile":{"background-color":"var(--ast-global-color-5)","background-image":"","background-repeat":"repeat","background-position":"center center","background-size":"auto","background-attachment":"scroll","background-type":"","background-media":"","overlay-type":"","overlay-color":"","overlay-opacity":"","overlay-gradient":""}},"footnotes":""},"class_list":["post-4652","page","type-page","status-publish","hentry"],"post_mailing_queue_ids":[],"_links":{"self":[{"href":"https:\/\/agora.xtec.cat\/iesestany\/wp-json\/wp\/v2\/pages\/4652","targetHints":{"allow":["GET"]}}],"collection":[{"href":"https:\/\/agora.xtec.cat\/iesestany\/wp-json\/wp\/v2\/pages"}],"about":[{"href":"https:\/\/agora.xtec.cat\/iesestany\/wp-json\/wp\/v2\/types\/page"}],"author":[{"embeddable":true,"href":"https:\/\/agora.xtec.cat\/iesestany\/wp-json\/wp\/v2\/users\/1"}],"replies":[{"embeddable":true,"href":"https:\/\/agora.xtec.cat\/iesestany\/wp-json\/wp\/v2\/comments?post=4652"}],"version-history":[{"count":6,"href":"https:\/\/agora.xtec.cat\/iesestany\/wp-json\/wp\/v2\/pages\/4652\/revisions"}],"predecessor-version":[{"id":4876,"href":"https:\/\/agora.xtec.cat\/iesestany\/wp-json\/wp\/v2\/pages\/4652\/revisions\/4876"}],"wp:attachment":[{"href":"https:\/\/agora.xtec.cat\/iesestany\/wp-json\/wp\/v2\/media?parent=4652"}],"curies":[{"name":"wp","href":"https:\/\/api.w.org\/{rel}","templated":true}]}}