{"id":4291,"date":"2025-06-23T10:25:37","date_gmt":"2025-06-23T08:25:37","guid":{"rendered":"https:\/\/agora.xtec.cat\/iesestany\/?page_id=4291"},"modified":"2025-07-07T12:35:07","modified_gmt":"2025-07-07T10:35:07","slug":"eso","status":"publish","type":"page","link":"https:\/\/agora.xtec.cat\/iesestany\/horaris\/eso\/","title":{"rendered":"ESO"},"content":{"rendered":"\n<ul class=\"wp-block-list\">\n<li>Impartim les mat\u00e8ries comunes amb metodologies diverses.<\/li>\n\n\n\n<li>Dediquem les hores de gesti\u00f3 aut\u00f2noma del centre a projectes din\u00e0mics.<\/li>\n\n\n\n<li>Incorporem l\u2019aprenentatge d\u2019una segona llengua estrangera (franc\u00e8s).<\/li>\n\n\n\n<li>Fem un \u00fas equilibrat dels ordinadors port\u00e0tils de l\u2019alumnat, potenciant l\u2019adquisici\u00f3 d\u2019h\u00e0bits de lectoescriptura i el pensament cr\u00edtic.<\/li>\n\n\n\n<li>Dissenyem patis actius amb propostes diverses i dinamitzats pel professorat del centre.<\/li>\n\n\n\n<li>Acompanyem en la presa de decisions i l\u2019orientaci\u00f3 acad\u00e8mica i professional.<\/li>\n<\/ul>\n\n\n\n<figure class=\"wp-block-image size-large\"><a href=\"https:\/\/agora.xtec.cat\/iesestany\/wp-content\/uploads\/usu1853\/2025\/07\/Curriculum-1r-ESO-1.jpg\"><img loading=\"lazy\" decoding=\"async\" width=\"724\" height=\"1024\" src=\"https:\/\/agora.xtec.cat\/iesestany\/wp-content\/uploads\/usu1853\/2025\/07\/Curriculum-1r-ESO-1-724x1024.jpg\" alt=\"\" class=\"wp-image-4504\" srcset=\"https:\/\/agora.xtec.cat\/iesestany\/wp-content\/uploads\/usu1853\/2025\/07\/Curriculum-1r-ESO-1-724x1024.jpg 724w, https:\/\/agora.xtec.cat\/iesestany\/wp-content\/uploads\/usu1853\/2025\/07\/Curriculum-1r-ESO-1-212x300.jpg 212w, https:\/\/agora.xtec.cat\/iesestany\/wp-content\/uploads\/usu1853\/2025\/07\/Curriculum-1r-ESO-1-768x1086.jpg 768w, https:\/\/agora.xtec.cat\/iesestany\/wp-content\/uploads\/usu1853\/2025\/07\/Curriculum-1r-ESO-1-1086x1536.jpg 1086w, https:\/\/agora.xtec.cat\/iesestany\/wp-content\/uploads\/usu1853\/2025\/07\/Curriculum-1r-ESO-1-1448x2048.jpg 1448w, https:\/\/agora.xtec.cat\/iesestany\/wp-content\/uploads\/usu1853\/2025\/07\/Curriculum-1r-ESO-1.jpg 1587w\" sizes=\"auto, (max-width: 724px) 100vw, 724px\" \/><\/a><\/figure>\n","protected":false},"excerpt":{"rendered":"","protected":false},"author":1,"featured_media":0,"parent":55,"menu_order":0,"comment_status":"closed","ping_status":"closed","template":"","meta":{"_bbp_topic_count":0,"_bbp_reply_count":0,"_bbp_total_topic_count":0,"_bbp_total_reply_count":0,"_bbp_voice_count":0,"_bbp_anonymous_reply_count":0,"_bbp_topic_count_hidden":0,"_bbp_reply_count_hidden":0,"_bbp_forum_subforum_count":0,"site-sidebar-layout":"default","site-content-layout":"","ast-site-content-layout":"default","site-content-style":"default","site-sidebar-style":"default","ast-global-header-display":"","ast-banner-title-visibility":"","ast-main-header-display":"","ast-hfb-above-header-display":"","ast-hfb-below-header-display":"","ast-hfb-mobile-header-display":"","site-post-title":"","ast-breadcrumbs-content":"","ast-featured-img":"","footer-sml-layout":"","theme-transparent-header-meta":"default","adv-header-id-meta":"","stick-header-meta":"","header-above-stick-meta":"","header-main-stick-meta":"","header-below-stick-meta":"","astra-migrate-meta-layouts":"set","ast-page-background-enabled":"default","ast-page-background-meta":{"desktop":{"background-color":"var(--ast-global-color-4)","background-image":"","background-repeat":"repeat","background-position":"center center","background-size":"auto","background-attachment":"scroll","background-type":"","background-media":"","overlay-type":"","overlay-color":"","overlay-opacity":"","overlay-gradient":""},"tablet":{"background-color":"","background-image":"","background-repeat":"repeat","background-position":"center center","background-size":"auto","background-attachment":"scroll","background-type":"","background-media":"","overlay-type":"","overlay-color":"","overlay-opacity":"","overlay-gradient":""},"mobile":{"background-color":"","background-image":"","background-repeat":"repeat","background-position":"center center","background-size":"auto","background-attachment":"scroll","background-type":"","background-media":"","overlay-type":"","overlay-color":"","overlay-opacity":"","overlay-gradient":""}},"ast-content-background-meta":{"desktop":{"background-color":"var(--ast-global-color-5)","background-image":"","background-repeat":"repeat","background-position":"center center","background-size":"auto","background-attachment":"scroll","background-type":"","background-media":"","overlay-type":"","overlay-color":"","overlay-opacity":"","overlay-gradient":""},"tablet":{"background-color":"var(--ast-global-color-5)","background-image":"","background-repeat":"repeat","background-position":"center center","background-size":"auto","background-attachment":"scroll","background-type":"","background-media":"","overlay-type":"","overlay-color":"","overlay-opacity":"","overlay-gradient":""},"mobile":{"background-color":"var(--ast-global-color-5)","background-image":"","background-repeat":"repeat","background-position":"center center","background-size":"auto","background-attachment":"scroll","background-type":"","background-media":"","overlay-type":"","overlay-color":"","overlay-opacity":"","overlay-gradient":""}},"footnotes":""},"class_list":["post-4291","page","type-page","status-publish","hentry"],"post_mailing_queue_ids":[],"_links":{"self":[{"href":"https:\/\/agora.xtec.cat\/iesestany\/wp-json\/wp\/v2\/pages\/4291","targetHints":{"allow":["GET"]}}],"collection":[{"href":"https:\/\/agora.xtec.cat\/iesestany\/wp-json\/wp\/v2\/pages"}],"about":[{"href":"https:\/\/agora.xtec.cat\/iesestany\/wp-json\/wp\/v2\/types\/page"}],"author":[{"embeddable":true,"href":"https:\/\/agora.xtec.cat\/iesestany\/wp-json\/wp\/v2\/users\/1"}],"replies":[{"embeddable":true,"href":"https:\/\/agora.xtec.cat\/iesestany\/wp-json\/wp\/v2\/comments?post=4291"}],"version-history":[{"count":3,"href":"https:\/\/agora.xtec.cat\/iesestany\/wp-json\/wp\/v2\/pages\/4291\/revisions"}],"predecessor-version":[{"id":4505,"href":"https:\/\/agora.xtec.cat\/iesestany\/wp-json\/wp\/v2\/pages\/4291\/revisions\/4505"}],"up":[{"embeddable":true,"href":"https:\/\/agora.xtec.cat\/iesestany\/wp-json\/wp\/v2\/pages\/55"}],"wp:attachment":[{"href":"https:\/\/agora.xtec.cat\/iesestany\/wp-json\/wp\/v2\/media?parent=4291"}],"curies":[{"name":"wp","href":"https:\/\/api.w.org\/{rel}","templated":true}]}}