{"id":4271,"date":"2025-06-23T10:20:13","date_gmt":"2025-06-23T08:20:13","guid":{"rendered":"https:\/\/agora.xtec.cat\/iesestany\/?page_id=4271"},"modified":"2025-06-23T10:56:36","modified_gmt":"2025-06-23T08:56:36","slug":"pla-catala-de-lesport","status":"publish","type":"page","link":"https:\/\/agora.xtec.cat\/iesestany\/consell-escolar\/pla-catala-de-lesport\/","title":{"rendered":"Pla Catal\u00e0 de l&#8217;Esport"},"content":{"rendered":"<p>PLA CATAL\u00c0 DE L\u2019ESPORT<\/p>\n<p>Pla per al foment de l\u2019esport als centres educatius que va comen\u00e7ar el curs 2008-09 amb molt bons resultats. A m\u00e9s dels objectius de participaci\u00f3 i foment de l\u2019esport entre el nostre alumnat, la participaci\u00f3 en aquest pla permet recursos econ\u00f2mics per a l\u2019adquisici\u00f3 de material esportiu aix\u00ed com la formaci\u00f3 del professorat i de l\u2019alumnat com a dinamitzadors.<\/p>\n<p>Aquestes activitats es desenvoluparan al llarg del curs tant en horari escolar com extraescolar. Entre les activitats a desenvolupar hi ha les competicions esportives de futbol-sala, shootball, atletisme, cros, ciclisme, ball, i la participaci\u00f3 a les diferents jornades de jocs esportius a nivell del Prat i tamb\u00e9 a nivell comarcal.<\/p>\n","protected":false},"excerpt":{"rendered":"<p>PLA CATAL\u00c0 DE L\u2019ESPORT Pla per al foment de l\u2019esport als centres educatius que va comen\u00e7ar el curs 2008-09 amb molt bons resultats. A m\u00e9s dels objectius de participaci\u00f3 i foment de l\u2019esport entre el nostre alumnat, la participaci\u00f3 en aquest pla permet recursos econ\u00f2mics per a l\u2019adquisici\u00f3 de material esportiu aix\u00ed com la formaci\u00f3 [&hellip;]<\/p>\n","protected":false},"author":1,"featured_media":0,"parent":43,"menu_order":0,"comment_status":"closed","ping_status":"closed","template":"","meta":{"_bbp_topic_count":0,"_bbp_reply_count":0,"_bbp_total_topic_count":0,"_bbp_total_reply_count":0,"_bbp_voice_count":0,"_bbp_anonymous_reply_count":0,"_bbp_topic_count_hidden":0,"_bbp_reply_count_hidden":0,"_bbp_forum_subforum_count":0,"site-sidebar-layout":"default","site-content-layout":"","ast-site-content-layout":"default","site-content-style":"default","site-sidebar-style":"default","ast-global-header-display":"","ast-banner-title-visibility":"","ast-main-header-display":"","ast-hfb-above-header-display":"","ast-hfb-below-header-display":"","ast-hfb-mobile-header-display":"","site-post-title":"","ast-breadcrumbs-content":"","ast-featured-img":"","footer-sml-layout":"","theme-transparent-header-meta":"default","adv-header-id-meta":"","stick-header-meta":"","header-above-stick-meta":"","header-main-stick-meta":"","header-below-stick-meta":"","astra-migrate-meta-layouts":"set","ast-page-background-enabled":"default","ast-page-background-meta":{"desktop":{"background-color":"var(--ast-global-color-4)","background-image":"","background-repeat":"repeat","background-position":"center center","background-size":"auto","background-attachment":"scroll","background-type":"","background-media":"","overlay-type":"","overlay-color":"","overlay-opacity":"","overlay-gradient":""},"tablet":{"background-color":"","background-image":"","background-repeat":"repeat","background-position":"center center","background-size":"auto","background-attachment":"scroll","background-type":"","background-media":"","overlay-type":"","overlay-color":"","overlay-opacity":"","overlay-gradient":""},"mobile":{"background-color":"","background-image":"","background-repeat":"repeat","background-position":"center center","background-size":"auto","background-attachment":"scroll","background-type":"","background-media":"","overlay-type":"","overlay-color":"","overlay-opacity":"","overlay-gradient":""}},"ast-content-background-meta":{"desktop":{"background-color":"var(--ast-global-color-5)","background-image":"","background-repeat":"repeat","background-position":"center center","background-size":"auto","background-attachment":"scroll","background-type":"","background-media":"","overlay-type":"","overlay-color":"","overlay-opacity":"","overlay-gradient":""},"tablet":{"background-color":"var(--ast-global-color-5)","background-image":"","background-repeat":"repeat","background-position":"center center","background-size":"auto","background-attachment":"scroll","background-type":"","background-media":"","overlay-type":"","overlay-color":"","overlay-opacity":"","overlay-gradient":""},"mobile":{"background-color":"var(--ast-global-color-5)","background-image":"","background-repeat":"repeat","background-position":"center center","background-size":"auto","background-attachment":"scroll","background-type":"","background-media":"","overlay-type":"","overlay-color":"","overlay-opacity":"","overlay-gradient":""}},"footnotes":""},"class_list":["post-4271","page","type-page","status-publish","hentry"],"post_mailing_queue_ids":[],"_links":{"self":[{"href":"https:\/\/agora.xtec.cat\/iesestany\/wp-json\/wp\/v2\/pages\/4271","targetHints":{"allow":["GET"]}}],"collection":[{"href":"https:\/\/agora.xtec.cat\/iesestany\/wp-json\/wp\/v2\/pages"}],"about":[{"href":"https:\/\/agora.xtec.cat\/iesestany\/wp-json\/wp\/v2\/types\/page"}],"author":[{"embeddable":true,"href":"https:\/\/agora.xtec.cat\/iesestany\/wp-json\/wp\/v2\/users\/1"}],"replies":[{"embeddable":true,"href":"https:\/\/agora.xtec.cat\/iesestany\/wp-json\/wp\/v2\/comments?post=4271"}],"version-history":[{"count":2,"href":"https:\/\/agora.xtec.cat\/iesestany\/wp-json\/wp\/v2\/pages\/4271\/revisions"}],"predecessor-version":[{"id":4312,"href":"https:\/\/agora.xtec.cat\/iesestany\/wp-json\/wp\/v2\/pages\/4271\/revisions\/4312"}],"up":[{"embeddable":true,"href":"https:\/\/agora.xtec.cat\/iesestany\/wp-json\/wp\/v2\/pages\/43"}],"wp:attachment":[{"href":"https:\/\/agora.xtec.cat\/iesestany\/wp-json\/wp\/v2\/media?parent=4271"}],"curies":[{"name":"wp","href":"https:\/\/api.w.org\/{rel}","templated":true}]}}