{"id":4269,"date":"2025-06-23T10:19:57","date_gmt":"2025-06-23T08:19:57","guid":{"rendered":"https:\/\/agora.xtec.cat\/iesestany\/?page_id=4269"},"modified":"2025-06-23T10:58:15","modified_gmt":"2025-06-23T08:58:15","slug":"projectes-de-servei-comunitari","status":"publish","type":"page","link":"https:\/\/agora.xtec.cat\/iesestany\/consell-escolar\/projectes-de-servei-comunitari\/","title":{"rendered":"Projectes de Servei Comunitari"},"content":{"rendered":"<p>PROJECTES DE SERVEI COMUNITARI<\/p>\n<p>El projecte Memorables sorgeix de la necessitat detectada de conscienciar l\u2019alumnat del valor del patrimoni de la ciutat, ent\u00e8s d\u2019una manera global: cultural, hist\u00f2ric, art\u00edstic, natural\u2026 A m\u00e9s, en conversa amb l\u2019Ajuntament, s\u2019ha detectat una necessitat per a tot el municipi relacionada amb el patrimoni local: l\u2019enregistrament d\u2019arxius sonors o audiovisual que formin part de la mem\u00f2ria oral pratenca, que poden ser una eina fonamental per a con\u00e8ixer el nostre passat hist\u00f2ric. Per al recull de testimonis, experi\u00e8ncies i viv\u00e8ncies es privilegiaran temes que nom\u00e9s es puguin documentar amb la mem\u00f2ria oral. L\u2019objectiu general \u00e9s anar creant, a poc a poc, un mapa sonor d\u2019hist\u00f2ries del Prat. Memorables s\u2019articula mitjan\u00e7ant l\u2019elaboraci\u00f3 de fitxes relatives al patrimoni que es difonen per la plataforma Eduloc juntament amb imatges, v\u00eddeos o gravacions d\u2019\u00e0udio, i textos en diferents lleng\u00fces (catal\u00e0, castell\u00e0 i angl\u00e8s). Aquest material s\u2019elabora amb la col\u00b7laboraci\u00f3 de l\u2019Arxiu Municipal del Prat de Llobregat i d\u2019entitats relacionades. Finalment, es realitzen diferents itineraris pels llocs tractats i s\u2019elaboren codis QR.<\/p>\n<p>El projecte L\u00e8cxit (lectura per a l\u2019\u00e8xit educatiu) sorgeix de la necessitat que l\u2019alumnat que \u00e9s subjecte d\u2019una cultura d\u2019\u00e8ssers que viuen en comunitat, s\u2019impliqui en la conviv\u00e8ncia i la cohesi\u00f3 social del seu entorn m\u00e9s immediat d\u2019una manera altruista. En aquest sentit els alumnes del nostre centre assisteixen de manera regular un dia a la setmana a un centre de Prim\u00e0ria per tal d\u2019ajudar a llegir a nens que tenen algun tipus de dificultat en el proc\u00e9s d\u2019ensenyament-aprenentatge de la lectoescriptura.<\/p>\n<p>El projecte d\u2019Activitats Esportives organitzat per l\u2019Ajuntament de la localitat es vertebra al voltant de diverses fites esportives que el consistori organitza al llarg del curs en diferents indrets del municipi. Aquestes activitats van des d\u2019atletisme a b\u00e0squet, cros, tennis taula, ciclisme, passant per triatl\u00f2, etc. Els alumnes del nostre centre que s\u2019adscriuen a aquest projecte han d\u2019apuntar-se a dues d\u2019aquestes activitats com a m\u00ednim al llarg del curs i normalment la seva feina consisteix en fer tasques de suport a l\u2019organitzaci\u00f3: repartiment de dorsals, recompte de participants, ajut en el repartiment de premis, etc. Normalment, la durada de l\u2019activitat \u00e9s un mat\u00ed o una tarda de dissabte o de diumenge.<\/p>\n<p>El projecte d\u2019aprenentatge servei Connecta Jove es du a terme a l\u2019aula oberta i es basa en l\u2019alfabetitzaci\u00f3 en tecnologies digitals de la gent gran del Prat, fent de formadors els nostres alumnes, amb la col\u00b7laboraci\u00f3 de l\u2019Ajuntament del Prat, Fundesplai, Casals d\u2019avis, centres c\u00edvics, Generalitat i Instituts de la ciutat.<\/p>\n<p>A m\u00e9s a m\u00e9s d\u2019aquestes activitats de Servei Comunitari tamb\u00e9 formem parts de d\u2019altres tipus d\u2019activitats (alumnes del nostre institut realitzen el seu servei comunitari en aquests \u00e0mbits): Alumnes agr\u00edcoles, Dinamitzaci\u00f3 Escoles Verdes al centre, Alumnes gestors del territori, Alumnes mediadors, Internet Segura, Connexions, Apadrinament, Creu Roja, Antenes Joves, etc.<\/p>\n","protected":false},"excerpt":{"rendered":"<p>PROJECTES DE SERVEI COMUNITARI El projecte Memorables sorgeix de la necessitat detectada de conscienciar l\u2019alumnat del valor del patrimoni de la ciutat, ent\u00e8s d\u2019una manera global: cultural, hist\u00f2ric, art\u00edstic, natural\u2026 A m\u00e9s, en conversa amb l\u2019Ajuntament, s\u2019ha detectat una necessitat per a tot el municipi relacionada amb el patrimoni local: l\u2019enregistrament d\u2019arxius sonors o audiovisual [&hellip;]<\/p>\n","protected":false},"author":1,"featured_media":0,"parent":43,"menu_order":0,"comment_status":"closed","ping_status":"closed","template":"","meta":{"_bbp_topic_count":0,"_bbp_reply_count":0,"_bbp_total_topic_count":0,"_bbp_total_reply_count":0,"_bbp_voice_count":0,"_bbp_anonymous_reply_count":0,"_bbp_topic_count_hidden":0,"_bbp_reply_count_hidden":0,"_bbp_forum_subforum_count":0,"site-sidebar-layout":"default","site-content-layout":"","ast-site-content-layout":"default","site-content-style":"default","site-sidebar-style":"default","ast-global-header-display":"","ast-banner-title-visibility":"","ast-main-header-display":"","ast-hfb-above-header-display":"","ast-hfb-below-header-display":"","ast-hfb-mobile-header-display":"","site-post-title":"","ast-breadcrumbs-content":"","ast-featured-img":"","footer-sml-layout":"","theme-transparent-header-meta":"default","adv-header-id-meta":"","stick-header-meta":"","header-above-stick-meta":"","header-main-stick-meta":"","header-below-stick-meta":"","astra-migrate-meta-layouts":"set","ast-page-background-enabled":"default","ast-page-background-meta":{"desktop":{"background-color":"var(--ast-global-color-4)","background-image":"","background-repeat":"repeat","background-position":"center center","background-size":"auto","background-attachment":"scroll","background-type":"","background-media":"","overlay-type":"","overlay-color":"","overlay-opacity":"","overlay-gradient":""},"tablet":{"background-color":"","background-image":"","background-repeat":"repeat","background-position":"center center","background-size":"auto","background-attachment":"scroll","background-type":"","background-media":"","overlay-type":"","overlay-color":"","overlay-opacity":"","overlay-gradient":""},"mobile":{"background-color":"","background-image":"","background-repeat":"repeat","background-position":"center center","background-size":"auto","background-attachment":"scroll","background-type":"","background-media":"","overlay-type":"","overlay-color":"","overlay-opacity":"","overlay-gradient":""}},"ast-content-background-meta":{"desktop":{"background-color":"var(--ast-global-color-5)","background-image":"","background-repeat":"repeat","background-position":"center center","background-size":"auto","background-attachment":"scroll","background-type":"","background-media":"","overlay-type":"","overlay-color":"","overlay-opacity":"","overlay-gradient":""},"tablet":{"background-color":"var(--ast-global-color-5)","background-image":"","background-repeat":"repeat","background-position":"center center","background-size":"auto","background-attachment":"scroll","background-type":"","background-media":"","overlay-type":"","overlay-color":"","overlay-opacity":"","overlay-gradient":""},"mobile":{"background-color":"var(--ast-global-color-5)","background-image":"","background-repeat":"repeat","background-position":"center center","background-size":"auto","background-attachment":"scroll","background-type":"","background-media":"","overlay-type":"","overlay-color":"","overlay-opacity":"","overlay-gradient":""}},"footnotes":""},"class_list":["post-4269","page","type-page","status-publish","hentry"],"post_mailing_queue_ids":[],"_links":{"self":[{"href":"https:\/\/agora.xtec.cat\/iesestany\/wp-json\/wp\/v2\/pages\/4269","targetHints":{"allow":["GET"]}}],"collection":[{"href":"https:\/\/agora.xtec.cat\/iesestany\/wp-json\/wp\/v2\/pages"}],"about":[{"href":"https:\/\/agora.xtec.cat\/iesestany\/wp-json\/wp\/v2\/types\/page"}],"author":[{"embeddable":true,"href":"https:\/\/agora.xtec.cat\/iesestany\/wp-json\/wp\/v2\/users\/1"}],"replies":[{"embeddable":true,"href":"https:\/\/agora.xtec.cat\/iesestany\/wp-json\/wp\/v2\/comments?post=4269"}],"version-history":[{"count":2,"href":"https:\/\/agora.xtec.cat\/iesestany\/wp-json\/wp\/v2\/pages\/4269\/revisions"}],"predecessor-version":[{"id":4316,"href":"https:\/\/agora.xtec.cat\/iesestany\/wp-json\/wp\/v2\/pages\/4269\/revisions\/4316"}],"up":[{"embeddable":true,"href":"https:\/\/agora.xtec.cat\/iesestany\/wp-json\/wp\/v2\/pages\/43"}],"wp:attachment":[{"href":"https:\/\/agora.xtec.cat\/iesestany\/wp-json\/wp\/v2\/media?parent=4269"}],"curies":[{"name":"wp","href":"https:\/\/api.w.org\/{rel}","templated":true}]}}