{"id":4263,"date":"2025-06-23T10:18:47","date_gmt":"2025-06-23T08:18:47","guid":{"rendered":"https:\/\/agora.xtec.cat\/iesestany\/?page_id=4263"},"modified":"2025-06-23T10:57:44","modified_gmt":"2025-06-23T08:57:44","slug":"projecte-sorell","status":"publish","type":"page","link":"https:\/\/agora.xtec.cat\/iesestany\/consell-escolar\/projecte-sorell\/","title":{"rendered":"Projecte Sorell"},"content":{"rendered":"<p>PROJECTE SORELL<\/p>\n<p>El curs 2013-14 es va iniciar aquest projecte de socialitzaci\u00f3 dels llibres de text, per alumnes i fam\u00edlies volunt\u00e0ries de l\u2019ESO, amb els llibres de Socials, Castell\u00e0 i Angl\u00e8s (Student\u2019s book). Gr\u00e0cies a la implicaci\u00f3  de les fam\u00edlies, des del curs 2017-18 es socialitzen tots els llibres d\u2019ESO dos cursos anteriors, gr\u00e0cies a la implicaci\u00f3 de les fam\u00edlies, es van socialitzar tots els llibres d\u2019ESO. Aquest projecte es pot dur a terme gr\u00e0cies al suport de l\u2019Ajuntament i la col\u00b7laboraci\u00f3 de l\u2019AFA, que s\u00f3n els que realitzen la major part de les actuacions amb els alumnes i les fam\u00edlies. Representa un estalvi econ\u00f2mic important per a les fam\u00edlies i una millora per al medi ambient, per\u00f2 implica un canvi de comportament entre l\u2019alumnat, que ha de fer un bon \u00fas dels llibres de text (no subratllar-los, no escriure\u2019ls\u2026).<\/p>\n<p>El curs 2018-19 el projecte SORELL s\u2019amplia tamb\u00e9 al Batxillerat. Per tant, tots els alumnes del centre tenen la possibilitat d\u2019acollir-se al programa de socialitzaci\u00f3 i reutilitzaci\u00f3 de llibres de text.<\/p>\n","protected":false},"excerpt":{"rendered":"<p>PROJECTE SORELL El curs 2013-14 es va iniciar aquest projecte de socialitzaci\u00f3 dels llibres de text, per alumnes i fam\u00edlies volunt\u00e0ries de l\u2019ESO, amb els llibres de Socials, Castell\u00e0 i Angl\u00e8s (Student\u2019s book). Gr\u00e0cies a la implicaci\u00f3 de les fam\u00edlies, des del curs 2017-18 es socialitzen tots els llibres d\u2019ESO dos cursos anteriors, gr\u00e0cies a [&hellip;]<\/p>\n","protected":false},"author":1,"featured_media":0,"parent":43,"menu_order":0,"comment_status":"closed","ping_status":"closed","template":"","meta":{"_bbp_topic_count":0,"_bbp_reply_count":0,"_bbp_total_topic_count":0,"_bbp_total_reply_count":0,"_bbp_voice_count":0,"_bbp_anonymous_reply_count":0,"_bbp_topic_count_hidden":0,"_bbp_reply_count_hidden":0,"_bbp_forum_subforum_count":0,"site-sidebar-layout":"default","site-content-layout":"","ast-site-content-layout":"default","site-content-style":"default","site-sidebar-style":"default","ast-global-header-display":"","ast-banner-title-visibility":"","ast-main-header-display":"","ast-hfb-above-header-display":"","ast-hfb-below-header-display":"","ast-hfb-mobile-header-display":"","site-post-title":"","ast-breadcrumbs-content":"","ast-featured-img":"","footer-sml-layout":"","theme-transparent-header-meta":"default","adv-header-id-meta":"","stick-header-meta":"","header-above-stick-meta":"","header-main-stick-meta":"","header-below-stick-meta":"","astra-migrate-meta-layouts":"set","ast-page-background-enabled":"default","ast-page-background-meta":{"desktop":{"background-color":"var(--ast-global-color-4)","background-image":"","background-repeat":"repeat","background-position":"center center","background-size":"auto","background-attachment":"scroll","background-type":"","background-media":"","overlay-type":"","overlay-color":"","overlay-opacity":"","overlay-gradient":""},"tablet":{"background-color":"","background-image":"","background-repeat":"repeat","background-position":"center center","background-size":"auto","background-attachment":"scroll","background-type":"","background-media":"","overlay-type":"","overlay-color":"","overlay-opacity":"","overlay-gradient":""},"mobile":{"background-color":"","background-image":"","background-repeat":"repeat","background-position":"center center","background-size":"auto","background-attachment":"scroll","background-type":"","background-media":"","overlay-type":"","overlay-color":"","overlay-opacity":"","overlay-gradient":""}},"ast-content-background-meta":{"desktop":{"background-color":"var(--ast-global-color-5)","background-image":"","background-repeat":"repeat","background-position":"center center","background-size":"auto","background-attachment":"scroll","background-type":"","background-media":"","overlay-type":"","overlay-color":"","overlay-opacity":"","overlay-gradient":""},"tablet":{"background-color":"var(--ast-global-color-5)","background-image":"","background-repeat":"repeat","background-position":"center center","background-size":"auto","background-attachment":"scroll","background-type":"","background-media":"","overlay-type":"","overlay-color":"","overlay-opacity":"","overlay-gradient":""},"mobile":{"background-color":"var(--ast-global-color-5)","background-image":"","background-repeat":"repeat","background-position":"center center","background-size":"auto","background-attachment":"scroll","background-type":"","background-media":"","overlay-type":"","overlay-color":"","overlay-opacity":"","overlay-gradient":""}},"footnotes":""},"class_list":["post-4263","page","type-page","status-publish","hentry"],"post_mailing_queue_ids":[],"_links":{"self":[{"href":"https:\/\/agora.xtec.cat\/iesestany\/wp-json\/wp\/v2\/pages\/4263","targetHints":{"allow":["GET"]}}],"collection":[{"href":"https:\/\/agora.xtec.cat\/iesestany\/wp-json\/wp\/v2\/pages"}],"about":[{"href":"https:\/\/agora.xtec.cat\/iesestany\/wp-json\/wp\/v2\/types\/page"}],"author":[{"embeddable":true,"href":"https:\/\/agora.xtec.cat\/iesestany\/wp-json\/wp\/v2\/users\/1"}],"replies":[{"embeddable":true,"href":"https:\/\/agora.xtec.cat\/iesestany\/wp-json\/wp\/v2\/comments?post=4263"}],"version-history":[{"count":2,"href":"https:\/\/agora.xtec.cat\/iesestany\/wp-json\/wp\/v2\/pages\/4263\/revisions"}],"predecessor-version":[{"id":4315,"href":"https:\/\/agora.xtec.cat\/iesestany\/wp-json\/wp\/v2\/pages\/4263\/revisions\/4315"}],"up":[{"embeddable":true,"href":"https:\/\/agora.xtec.cat\/iesestany\/wp-json\/wp\/v2\/pages\/43"}],"wp:attachment":[{"href":"https:\/\/agora.xtec.cat\/iesestany\/wp-json\/wp\/v2\/media?parent=4263"}],"curies":[{"name":"wp","href":"https:\/\/api.w.org\/{rel}","templated":true}]}}