{"id":4261,"date":"2025-06-23T10:18:31","date_gmt":"2025-06-23T08:18:31","guid":{"rendered":"https:\/\/agora.xtec.cat\/iesestany\/?page_id=4261"},"modified":"2025-07-07T12:55:23","modified_gmt":"2025-07-07T10:55:23","slug":"projecte-aqui-prou-bullying","status":"publish","type":"page","link":"https:\/\/agora.xtec.cat\/iesestany\/consell-escolar\/projecte-aqui-prou-bullying\/","title":{"rendered":"Projecte #Aqu\u00ed prou Bullying"},"content":{"rendered":"<p>PROJECTE D\u2019INNOVACI\u00d3 #AQU\u00cd PROU BULLYING<\/p>\n<p>Aquest projecte va comen\u00e7ar el curs 2021-22, com diu el t\u00edtol, consisteix en que el professorat del centre tingui la suficient formaci\u00f3 per tal d\u2019identificar i eliminar qualsevol situaci\u00f3 en la que es produeixi assetjament envers el diferent. El claustre es va formar el curs 2021-22 i el curs 2022-23 \u00e9s el moment de posar en pr\u00e0ctica tot all\u00f2 que es va aprendre.<\/p>\n\n\n<div data-wp-interactive=\"core\/file\" class=\"wp-block-file\"><object data-wp-bind--hidden=\"!state.hasPdfPreview\" hidden class=\"wp-block-file__embed\" data=\"https:\/\/agora.xtec.cat\/iesestany\/wp-content\/uploads\/usu1853\/2025\/07\/PRESENTACIO-ins-estany-de-la-ricarda-1_compressed-1.pdf\" type=\"application\/pdf\" style=\"width:100%;height:600px\" aria-label=\"Incrustaci\u00f3 del fitxer PRESENTACI\u00d3 ins estany de la ricarda (1)_compressed (1).\"><\/object><a id=\"wp-block-file--media-d7faaf6d-bd69-4626-a995-429cb34ea3cc\" href=\"https:\/\/agora.xtec.cat\/iesestany\/wp-content\/uploads\/usu1853\/2025\/07\/PRESENTACIO-ins-estany-de-la-ricarda-1_compressed-1.pdf\">PRESENTACI\u00d3 ins estany de la ricarda (1)_compressed (1)<\/a><a href=\"https:\/\/agora.xtec.cat\/iesestany\/wp-content\/uploads\/usu1853\/2025\/07\/PRESENTACIO-ins-estany-de-la-ricarda-1_compressed-1.pdf\" class=\"wp-block-file__button wp-element-button\" download aria-describedby=\"wp-block-file--media-d7faaf6d-bd69-4626-a995-429cb34ea3cc\">Baixa<\/a><\/div>\n","protected":false},"excerpt":{"rendered":"<p>PROJECTE D\u2019INNOVACI\u00d3 #AQU\u00cd PROU BULLYING Aquest projecte va comen\u00e7ar el curs 2021-22, com diu el t\u00edtol, consisteix en que el professorat del centre tingui la suficient formaci\u00f3 per tal d\u2019identificar i eliminar qualsevol situaci\u00f3 en la que es produeixi assetjament envers el diferent. El claustre es va formar el curs 2021-22 i el curs 2022-23 [&hellip;]<\/p>\n","protected":false},"author":1,"featured_media":0,"parent":43,"menu_order":0,"comment_status":"closed","ping_status":"closed","template":"","meta":{"_bbp_topic_count":0,"_bbp_reply_count":0,"_bbp_total_topic_count":0,"_bbp_total_reply_count":0,"_bbp_voice_count":0,"_bbp_anonymous_reply_count":0,"_bbp_topic_count_hidden":0,"_bbp_reply_count_hidden":0,"_bbp_forum_subforum_count":0,"site-sidebar-layout":"default","site-content-layout":"","ast-site-content-layout":"default","site-content-style":"default","site-sidebar-style":"default","ast-global-header-display":"","ast-banner-title-visibility":"","ast-main-header-display":"","ast-hfb-above-header-display":"","ast-hfb-below-header-display":"","ast-hfb-mobile-header-display":"","site-post-title":"","ast-breadcrumbs-content":"","ast-featured-img":"","footer-sml-layout":"","theme-transparent-header-meta":"default","adv-header-id-meta":"","stick-header-meta":"","header-above-stick-meta":"","header-main-stick-meta":"","header-below-stick-meta":"","astra-migrate-meta-layouts":"set","ast-page-background-enabled":"default","ast-page-background-meta":{"desktop":{"background-color":"var(--ast-global-color-4)","background-image":"","background-repeat":"repeat","background-position":"center center","background-size":"auto","background-attachment":"scroll","background-type":"","background-media":"","overlay-type":"","overlay-color":"","overlay-opacity":"","overlay-gradient":""},"tablet":{"background-color":"","background-image":"","background-repeat":"repeat","background-position":"center center","background-size":"auto","background-attachment":"scroll","background-type":"","background-media":"","overlay-type":"","overlay-color":"","overlay-opacity":"","overlay-gradient":""},"mobile":{"background-color":"","background-image":"","background-repeat":"repeat","background-position":"center center","background-size":"auto","background-attachment":"scroll","background-type":"","background-media":"","overlay-type":"","overlay-color":"","overlay-opacity":"","overlay-gradient":""}},"ast-content-background-meta":{"desktop":{"background-color":"var(--ast-global-color-5)","background-image":"","background-repeat":"repeat","background-position":"center center","background-size":"auto","background-attachment":"scroll","background-type":"","background-media":"","overlay-type":"","overlay-color":"","overlay-opacity":"","overlay-gradient":""},"tablet":{"background-color":"var(--ast-global-color-5)","background-image":"","background-repeat":"repeat","background-position":"center center","background-size":"auto","background-attachment":"scroll","background-type":"","background-media":"","overlay-type":"","overlay-color":"","overlay-opacity":"","overlay-gradient":""},"mobile":{"background-color":"var(--ast-global-color-5)","background-image":"","background-repeat":"repeat","background-position":"center center","background-size":"auto","background-attachment":"scroll","background-type":"","background-media":"","overlay-type":"","overlay-color":"","overlay-opacity":"","overlay-gradient":""}},"footnotes":""},"class_list":["post-4261","page","type-page","status-publish","hentry"],"post_mailing_queue_ids":[],"_links":{"self":[{"href":"https:\/\/agora.xtec.cat\/iesestany\/wp-json\/wp\/v2\/pages\/4261","targetHints":{"allow":["GET"]}}],"collection":[{"href":"https:\/\/agora.xtec.cat\/iesestany\/wp-json\/wp\/v2\/pages"}],"about":[{"href":"https:\/\/agora.xtec.cat\/iesestany\/wp-json\/wp\/v2\/types\/page"}],"author":[{"embeddable":true,"href":"https:\/\/agora.xtec.cat\/iesestany\/wp-json\/wp\/v2\/users\/1"}],"replies":[{"embeddable":true,"href":"https:\/\/agora.xtec.cat\/iesestany\/wp-json\/wp\/v2\/comments?post=4261"}],"version-history":[{"count":3,"href":"https:\/\/agora.xtec.cat\/iesestany\/wp-json\/wp\/v2\/pages\/4261\/revisions"}],"predecessor-version":[{"id":4515,"href":"https:\/\/agora.xtec.cat\/iesestany\/wp-json\/wp\/v2\/pages\/4261\/revisions\/4515"}],"up":[{"embeddable":true,"href":"https:\/\/agora.xtec.cat\/iesestany\/wp-json\/wp\/v2\/pages\/43"}],"wp:attachment":[{"href":"https:\/\/agora.xtec.cat\/iesestany\/wp-json\/wp\/v2\/media?parent=4261"}],"curies":[{"name":"wp","href":"https:\/\/api.w.org\/{rel}","templated":true}]}}