{"id":4251,"date":"2025-06-23T10:16:36","date_gmt":"2025-06-23T08:16:36","guid":{"rendered":"https:\/\/agora.xtec.cat\/iesestany\/?page_id=4251"},"modified":"2025-06-23T10:57:22","modified_gmt":"2025-06-23T08:57:22","slug":"biblioteca","status":"publish","type":"page","link":"https:\/\/agora.xtec.cat\/iesestany\/serveis-2\/biblioteca\/","title":{"rendered":"Biblioteca"},"content":{"rendered":"<p>BIBLIOTECA<\/p>\n<p>La biblioteca de l\u2019institut t\u00e9 vocaci\u00f3 d\u2019esdevenir un centre de documentaci\u00f3, de coneixement i aprenentatge al servei de la comunitat educativa. Al llarg del curs es realitzen activitats encaminades a potenciar l\u2019\u00fas i gaudir de la lectura, aix\u00ed com exposicions, tallers i concursos.<\/p>\n<p>El servei de pr\u00e9stec \u00e9s obert al professorat, fam\u00edlies, alumnat i personal no docent. S\u2019establir\u00e0 un horari d\u2019\u00fas per part de l\u2019alumnat.<\/p>\n<p>Es disposa de l\u2019espai \u201cllibres lliures\u201d pel foment de la lectura.<\/p>\n<p>Gr\u00e0cies a l\u2019ajut de l\u2019Ajuntament del Prat el curs 2018-19 es van instal\u00b7lar equips inform\u00e0tics a la Biblioteca, que ha esdevingut un espai m\u00e9s gran.<\/p>\n","protected":false},"excerpt":{"rendered":"<p>BIBLIOTECA La biblioteca de l\u2019institut t\u00e9 vocaci\u00f3 d\u2019esdevenir un centre de documentaci\u00f3, de coneixement i aprenentatge al servei de la comunitat educativa. Al llarg del curs es realitzen activitats encaminades a potenciar l\u2019\u00fas i gaudir de la lectura, aix\u00ed com exposicions, tallers i concursos. El servei de pr\u00e9stec \u00e9s obert al professorat, fam\u00edlies, alumnat i [&hellip;]<\/p>\n","protected":false},"author":1,"featured_media":0,"parent":4187,"menu_order":0,"comment_status":"closed","ping_status":"closed","template":"","meta":{"_bbp_topic_count":0,"_bbp_reply_count":0,"_bbp_total_topic_count":0,"_bbp_total_reply_count":0,"_bbp_voice_count":0,"_bbp_anonymous_reply_count":0,"_bbp_topic_count_hidden":0,"_bbp_reply_count_hidden":0,"_bbp_forum_subforum_count":0,"site-sidebar-layout":"default","site-content-layout":"","ast-site-content-layout":"default","site-content-style":"default","site-sidebar-style":"default","ast-global-header-display":"","ast-banner-title-visibility":"","ast-main-header-display":"","ast-hfb-above-header-display":"","ast-hfb-below-header-display":"","ast-hfb-mobile-header-display":"","site-post-title":"","ast-breadcrumbs-content":"","ast-featured-img":"","footer-sml-layout":"","theme-transparent-header-meta":"default","adv-header-id-meta":"","stick-header-meta":"","header-above-stick-meta":"","header-main-stick-meta":"","header-below-stick-meta":"","astra-migrate-meta-layouts":"set","ast-page-background-enabled":"default","ast-page-background-meta":{"desktop":{"background-color":"var(--ast-global-color-4)","background-image":"","background-repeat":"repeat","background-position":"center center","background-size":"auto","background-attachment":"scroll","background-type":"","background-media":"","overlay-type":"","overlay-color":"","overlay-opacity":"","overlay-gradient":""},"tablet":{"background-color":"","background-image":"","background-repeat":"repeat","background-position":"center center","background-size":"auto","background-attachment":"scroll","background-type":"","background-media":"","overlay-type":"","overlay-color":"","overlay-opacity":"","overlay-gradient":""},"mobile":{"background-color":"","background-image":"","background-repeat":"repeat","background-position":"center center","background-size":"auto","background-attachment":"scroll","background-type":"","background-media":"","overlay-type":"","overlay-color":"","overlay-opacity":"","overlay-gradient":""}},"ast-content-background-meta":{"desktop":{"background-color":"var(--ast-global-color-5)","background-image":"","background-repeat":"repeat","background-position":"center center","background-size":"auto","background-attachment":"scroll","background-type":"","background-media":"","overlay-type":"","overlay-color":"","overlay-opacity":"","overlay-gradient":""},"tablet":{"background-color":"var(--ast-global-color-5)","background-image":"","background-repeat":"repeat","background-position":"center center","background-size":"auto","background-attachment":"scroll","background-type":"","background-media":"","overlay-type":"","overlay-color":"","overlay-opacity":"","overlay-gradient":""},"mobile":{"background-color":"var(--ast-global-color-5)","background-image":"","background-repeat":"repeat","background-position":"center center","background-size":"auto","background-attachment":"scroll","background-type":"","background-media":"","overlay-type":"","overlay-color":"","overlay-opacity":"","overlay-gradient":""}},"footnotes":""},"class_list":["post-4251","page","type-page","status-publish","hentry"],"post_mailing_queue_ids":[],"_links":{"self":[{"href":"https:\/\/agora.xtec.cat\/iesestany\/wp-json\/wp\/v2\/pages\/4251","targetHints":{"allow":["GET"]}}],"collection":[{"href":"https:\/\/agora.xtec.cat\/iesestany\/wp-json\/wp\/v2\/pages"}],"about":[{"href":"https:\/\/agora.xtec.cat\/iesestany\/wp-json\/wp\/v2\/types\/page"}],"author":[{"embeddable":true,"href":"https:\/\/agora.xtec.cat\/iesestany\/wp-json\/wp\/v2\/users\/1"}],"replies":[{"embeddable":true,"href":"https:\/\/agora.xtec.cat\/iesestany\/wp-json\/wp\/v2\/comments?post=4251"}],"version-history":[{"count":2,"href":"https:\/\/agora.xtec.cat\/iesestany\/wp-json\/wp\/v2\/pages\/4251\/revisions"}],"predecessor-version":[{"id":4314,"href":"https:\/\/agora.xtec.cat\/iesestany\/wp-json\/wp\/v2\/pages\/4251\/revisions\/4314"}],"up":[{"embeddable":true,"href":"https:\/\/agora.xtec.cat\/iesestany\/wp-json\/wp\/v2\/pages\/4187"}],"wp:attachment":[{"href":"https:\/\/agora.xtec.cat\/iesestany\/wp-json\/wp\/v2\/media?parent=4251"}],"curies":[{"name":"wp","href":"https:\/\/api.w.org\/{rel}","templated":true}]}}