{"id":2924,"date":"2023-06-29T08:00:16","date_gmt":"2023-06-29T06:00:16","guid":{"rendered":"https:\/\/agora.xtec.cat\/iesestany\/?page_id=2924"},"modified":"2025-09-16T09:51:12","modified_gmt":"2025-09-16T07:51:12","slug":"documents-de-centre","status":"publish","type":"page","link":"https:\/\/agora.xtec.cat\/iesestany\/linstitut\/documents-de-centre\/","title":{"rendered":"Documents de centre"},"content":{"rendered":"\n<p><strong>GUIA DE L&#8217;ALUMNAT<\/strong><\/p>\n\n\n\n<div data-wp-interactive=\"core\/file\" class=\"wp-block-file\"><object data-wp-bind--hidden=\"!state.hasPdfPreview\" hidden class=\"wp-block-file__embed\" data=\"https:\/\/agora.xtec.cat\/iesestany\/wp-content\/uploads\/usu1853\/2025\/09\/Guia-alumnat-2025-26.docx.pdf\" type=\"application\/pdf\" style=\"width:100%;height:600px\" aria-label=\"Incrustaci\u00f3 del fitxer Guia alumnat 2025-26.docx.\"><\/object><a id=\"wp-block-file--media-c6e343d0-2e2b-4750-8182-80b429dca775\" href=\"https:\/\/agora.xtec.cat\/iesestany\/wp-content\/uploads\/usu1853\/2025\/09\/Guia-alumnat-2025-26.docx.pdf\">Guia alumnat 2025-26.docx<\/a><a href=\"https:\/\/agora.xtec.cat\/iesestany\/wp-content\/uploads\/usu1853\/2025\/09\/Guia-alumnat-2025-26.docx.pdf\" class=\"wp-block-file__button wp-element-button\" download aria-describedby=\"wp-block-file--media-c6e343d0-2e2b-4750-8182-80b429dca775\">Baixa<\/a><\/div>\n\n\n<h2><em><strong>ESPAI\u00a0\u00a0 EN \u00a0 FASE\u00a0\u00a0 D&#8217;ACTUALITZACI\u00d3<\/strong><\/em><\/h2>\n<p>DOC 1\u00a0 <a href=\"https:\/\/drive.google.com\/file\/d\/1IM_Z00QGxjBWfZ3xAJIPYqKykkYR3MnU\/view?usp=sharing\" target=\"_blank\" rel=\"noopener\">Projecte ling\u00fc\u00edstic<\/a><\/p>\n<p>DOC 2\u00a0 Projecte curricular\u00a0 (Acc\u00e9s docents)<\/p>\n<p>DOC 3 Pla d\u2019atenci\u00f3 a\u00a0 la\u00a0 diversitat\u00a0 (Acc\u00e9s docents)<\/p>\n<p>DOC 4\u00a0 <a href=\"https:\/\/drive.google.com\/file\/d\/1ewIMGx2BAfBJVhCVKKyW3QDXzMxUJ7Oz\/view?usp=sharing\" target=\"_blank\" rel=\"noopener\">Pla d&#8217;acollida<\/a><\/p>\n<p>DOC 5\u00a0 Pla d\u2019acci\u00f3 tutorial\u00a0 (Acc\u00e9s docents)<\/p>\n<p>DOC 6\u00a0 <a href=\"https:\/\/drive.google.com\/file\/d\/1EwiYnqC1s0RGBeFrrYbkfIxnB426RrwC\/view?usp=sharing\" target=\"_blank\" rel=\"noopener\">Estrat\u00e8gia digital de centre\u00a0<\/a><\/p>\n<p>DOC 7\u00a0 NOFC\u00a0 \u00a0 Normes d\u2019organitzaci\u00f3\u00a0 i funcionament de centre (Acc\u00e9s docents)<\/p>\n<p>DOC 8\u00a0 Pla de prevenci\u00f3 de riscos laborals i pla d&#8217;emerg\u00e8ncia (Acc\u00e9s docents)<\/p>\n<p>DOC 9\u00a0 <a href=\"https:\/\/drive.google.com\/file\/d\/1-8GaZZsu4OCKqTs3Hf6CsNvQPDZjEbh2\/view?usp=sharing\" target=\"_blank\" rel=\"noopener\">Pla de conviv\u00e8ncia<\/a><\/p>","protected":false},"excerpt":{"rendered":"<p>GUIA DE L&#8217;ALUMNAT ESPAI\u00a0\u00a0 EN \u00a0 FASE\u00a0\u00a0 D&#8217;ACTUALITZACI\u00d3 DOC 1\u00a0 Projecte ling\u00fc\u00edstic DOC 2\u00a0 Projecte curricular\u00a0 (Acc\u00e9s docents) DOC 3 Pla d\u2019atenci\u00f3 a\u00a0 la\u00a0 diversitat\u00a0 (Acc\u00e9s docents) DOC 4\u00a0 Pla d&#8217;acollida DOC 5\u00a0 Pla d\u2019acci\u00f3 tutorial\u00a0 (Acc\u00e9s docents) DOC 6\u00a0 Estrat\u00e8gia digital de centre\u00a0 DOC 7\u00a0 NOFC\u00a0 \u00a0 Normes d\u2019organitzaci\u00f3\u00a0 i funcionament de centre (Acc\u00e9s [&hellip;]<\/p>\n","protected":false},"author":1,"featured_media":0,"parent":19,"menu_order":0,"comment_status":"closed","ping_status":"closed","template":"","meta":{"_bbp_topic_count":0,"_bbp_reply_count":0,"_bbp_total_topic_count":0,"_bbp_total_reply_count":0,"_bbp_voice_count":0,"_bbp_anonymous_reply_count":0,"_bbp_topic_count_hidden":0,"_bbp_reply_count_hidden":0,"_bbp_forum_subforum_count":0,"site-sidebar-layout":"default","site-content-layout":"","ast-site-content-layout":"default","site-content-style":"default","site-sidebar-style":"default","ast-global-header-display":"","ast-banner-title-visibility":"","ast-main-header-display":"","ast-hfb-above-header-display":"","ast-hfb-below-header-display":"","ast-hfb-mobile-header-display":"","site-post-title":"","ast-breadcrumbs-content":"","ast-featured-img":"","footer-sml-layout":"","theme-transparent-header-meta":"default","adv-header-id-meta":"","stick-header-meta":"","header-above-stick-meta":"","header-main-stick-meta":"","header-below-stick-meta":"","astra-migrate-meta-layouts":"set","ast-page-background-enabled":"default","ast-page-background-meta":{"desktop":{"background-color":"var(--ast-global-color-4)","background-image":"","background-repeat":"repeat","background-position":"center center","background-size":"auto","background-attachment":"scroll","background-type":"","background-media":"","overlay-type":"","overlay-color":"","overlay-opacity":"","overlay-gradient":""},"tablet":{"background-color":"","background-image":"","background-repeat":"repeat","background-position":"center center","background-size":"auto","background-attachment":"scroll","background-type":"","background-media":"","overlay-type":"","overlay-color":"","overlay-opacity":"","overlay-gradient":""},"mobile":{"background-color":"","background-image":"","background-repeat":"repeat","background-position":"center center","background-size":"auto","background-attachment":"scroll","background-type":"","background-media":"","overlay-type":"","overlay-color":"","overlay-opacity":"","overlay-gradient":""}},"ast-content-background-meta":{"desktop":{"background-color":"var(--ast-global-color-5)","background-image":"","background-repeat":"repeat","background-position":"center center","background-size":"auto","background-attachment":"scroll","background-type":"","background-media":"","overlay-type":"","overlay-color":"","overlay-opacity":"","overlay-gradient":""},"tablet":{"background-color":"var(--ast-global-color-5)","background-image":"","background-repeat":"repeat","background-position":"center center","background-size":"auto","background-attachment":"scroll","background-type":"","background-media":"","overlay-type":"","overlay-color":"","overlay-opacity":"","overlay-gradient":""},"mobile":{"background-color":"var(--ast-global-color-5)","background-image":"","background-repeat":"repeat","background-position":"center center","background-size":"auto","background-attachment":"scroll","background-type":"","background-media":"","overlay-type":"","overlay-color":"","overlay-opacity":"","overlay-gradient":""}},"footnotes":""},"class_list":["post-2924","page","type-page","status-publish","hentry"],"post_mailing_queue_ids":[],"_links":{"self":[{"href":"https:\/\/agora.xtec.cat\/iesestany\/wp-json\/wp\/v2\/pages\/2924","targetHints":{"allow":["GET"]}}],"collection":[{"href":"https:\/\/agora.xtec.cat\/iesestany\/wp-json\/wp\/v2\/pages"}],"about":[{"href":"https:\/\/agora.xtec.cat\/iesestany\/wp-json\/wp\/v2\/types\/page"}],"author":[{"embeddable":true,"href":"https:\/\/agora.xtec.cat\/iesestany\/wp-json\/wp\/v2\/users\/1"}],"replies":[{"embeddable":true,"href":"https:\/\/agora.xtec.cat\/iesestany\/wp-json\/wp\/v2\/comments?post=2924"}],"version-history":[{"count":6,"href":"https:\/\/agora.xtec.cat\/iesestany\/wp-json\/wp\/v2\/pages\/2924\/revisions"}],"predecessor-version":[{"id":4556,"href":"https:\/\/agora.xtec.cat\/iesestany\/wp-json\/wp\/v2\/pages\/2924\/revisions\/4556"}],"up":[{"embeddable":true,"href":"https:\/\/agora.xtec.cat\/iesestany\/wp-json\/wp\/v2\/pages\/19"}],"wp:attachment":[{"href":"https:\/\/agora.xtec.cat\/iesestany\/wp-json\/wp\/v2\/media?parent=2924"}],"curies":[{"name":"wp","href":"https:\/\/api.w.org\/{rel}","templated":true}]}}