{"id":27,"date":"2014-09-17T16:24:03","date_gmt":"2014-09-17T16:24:03","guid":{"rendered":"http:\/\/agora.xtec.cat\/iesestany\/?page_id=27"},"modified":"2025-07-07T11:41:16","modified_gmt":"2025-07-07T09:41:16","slug":"historia","status":"publish","type":"page","link":"https:\/\/agora.xtec.cat\/iesestany\/linstitut\/historia\/","title":{"rendered":"Hist\u00f2ria"},"content":{"rendered":"<p>L\u2019<strong>Institut Estany de la Ricarda<\/strong> ha pres el seu nom d\u2019una llacuna que es troba al terme municipal del Prat, en una finca particular on, de moment, l\u2019acc\u00e9s no \u00e9s perm\u00e8s.<\/p>\n<p><a href=\"https:\/\/agora.xtec.cat\/iesestany\/wp-content\/uploads\/usu1853\/2019\/04\/ericarda.jpg\"><img loading=\"lazy\" decoding=\"async\" class=\"alignnone size-full wp-image-491\" src=\"https:\/\/agora.xtec.cat\/iesestany\/wp-content\/uploads\/usu1853\/2019\/04\/ericarda.jpg\" alt=\"\" width=\"577\" height=\"341\" srcset=\"https:\/\/agora.xtec.cat\/iesestany\/wp-content\/uploads\/usu1853\/2019\/04\/ericarda.jpg 577w, https:\/\/agora.xtec.cat\/iesestany\/wp-content\/uploads\/usu1853\/2019\/04\/ericarda-300x177.jpg 300w\" sizes=\"auto, (max-width: 577px) 100vw, 577px\" \/><\/a><\/p>\n<p>L\u2019estany de la Ricarda t\u00e9 forma allargassada, amb bra\u00e7os laterals que li donen forma de creu. Les seves mesures aproximades s\u00f3n: 800 m de longitud;100 m d\u2019amplada m\u00e0xima i 4 m a la part m\u00e9s fonda. Est\u00e0 situat perpendicular a la costa, i \u00e9s que, probablement, es tracta d\u2019una desembocadura abandonada del riu Llobregat. A la part m\u00e9s interior hi ha un embarcador que, abans, permetia despla\u00e7ar-se en barca des del mar fins a la torre de la Ricarda.<\/p>\n<p>Al voltant de l\u2019estany hi ha canyes i canyissos, i una mica m\u00e9s separats hi ha pins, que formen part de la pineda litoral plantada, a finals del segle passat, per aturar les dunes. Dins l\u2019estany o a les seves rodalies podem veure \u00e0necs, fotges, gavines, corbs marins\u2026<\/p>\n<p>El nostre institut \u00e9s un centre, ubicat a l\u2019edifici on, anteriorment, havia estat el CEIP Pr\u00ednceps d\u2019Espanya. El curs 1996-97 va ser inaugurat com a Institut amb el nom d\u2019ESTANY DE LA RICARDA.<\/p>\n<p>Est\u00e0 situat en la conflu\u00e8ncia de la avinguda Verge de Montserrat i la carretera de la Marina (zona Llobregat).<\/p>\n<p><b>Trets d\u2019identitat. Confessionalitat<\/b><\/p>\n<p><span style=\"font-weight: 400;\">El nostre centre es declara laic i pluralista. En defensa de la llibertat religiosa es mant\u00e9 al marge de qualsevol tipus d\u2019influ\u00e8ncia doctrinal. Com a centre p\u00fablic i en el marc legal que prescriu la igualtat de drets de tots els ciutadans davant l\u2019Administraci\u00f3, es respecten les diverses maneres de pensar.<\/span><\/p>\n<p><span style=\"font-weight: 400;\">Cap fam\u00edlia, cap alumne, cap dels treballadors no podr\u00e0 ser discriminat per ra\u00f3 de la seva confessionalitat o aconfessionalitat religiosa. De la mateixa manera som respectuosos amb les diverses concepcions filos\u00f2fiques del m\u00f3n i de la vida i amb les diverses ideologies pol\u00edtiques.<\/span><\/p>\n<p><b>La llengua d\u2019instrucci\u00f3 aprenentatge<\/b><\/p>\n<p><span style=\"font-weight: 400;\">La llengua de comunicaci\u00f3 oral i escrita \u00e9s el Catal\u00e0, respectant sempre i fins que la seva adaptaci\u00f3 ho faci recomanable, la llengua materna de l\u2019alumnat. El Catal\u00e0 \u00e9s la llengua vehicular i, per tant, \u00e9s la llengua d\u2019aprenentatge, amb la inclusi\u00f3 de l\u2019ensenyament del Castell\u00e0 i dels idiomes estrangers: Franc\u00e8s i Angl\u00e8s, els ensenyaments dels quals es donen en les lleng\u00fces respectives.<\/span><\/p>\n<p><b>La l\u00ednia metodol\u00f2gica<\/b><\/p>\n<p><span style=\"font-weight: 400;\">La nostra actuaci\u00f3 es fonamenta en un tracte personalitzat que s\u2019adeq\u00fci al ritme evolutiu i a les capacitats intel\u00b7lectuals de cada alumne. Entenem que d\u2019un adequat tractament de la diversitat dep\u00e8n l\u2019\u00e8xit acad\u00e8mic i personal de l\u2019alumnat. Aquesta l\u00ednia d\u2019ensenyament comporta que l\u2019alumnat se senti motivat i adquireixi confian\u00e7a en ell mateix.<\/span><\/p>\n<p><span style=\"font-weight: 400;\">En l\u2019aspecte instructiu optem per sistemes actius que impliquin la participaci\u00f3 de l\u2019alumnat en el seu propi proc\u00e9s d\u2019aprenentatge. Ens caracteritzem per un estil de treball que tracta de desenvolupar l\u2019esperit cr\u00edtic, la capacitat de discussi\u00f3 i de decisi\u00f3 i la voluntat col\u00b7lectiva de transformaci\u00f3 de la realitat social.<\/span><\/p>\n<p><span style=\"font-weight: 400;\">A partir del Projecte Educatiu de Centre ens plantegem una educaci\u00f3 integral que desenvolupi l\u2019adquisici\u00f3 d\u2019h\u00e0bits intel\u00b7lectuals i de treball, la iniciativa, la creativitat i la col\u00b7laboraci\u00f3.<\/span><\/p>\n<p><span style=\"font-weight: 400;\">Intentem desenvolupar en l\u2019alumnat els valors democr\u00e0tics de respecte, toler\u00e0ncia, di\u00e0leg i solidaritat, fomentar una actitud cr\u00edtica, creativa, investigadora i l\u00f2gica.<\/span><\/p>\n<p><span style=\"font-weight: 400;\">Som un centre innovador, amb voluntat d\u2019acollir nous projectes i hem desenvolupat intercanvis amb professorat i alumnat de la Uni\u00f3 Europea.<\/span><\/p>\n","protected":false},"excerpt":{"rendered":"<p>L\u2019Institut Estany de la Ricarda ha pres el seu nom d\u2019una llacuna que es troba al terme municipal del Prat, en una finca particular on, de moment, l\u2019acc\u00e9s no \u00e9s perm\u00e8s. L\u2019estany de la Ricarda t\u00e9 forma allargassada, amb bra\u00e7os laterals que li donen forma de creu. Les seves mesures aproximades s\u00f3n: 800 m de [&hellip;]<\/p>\n","protected":false},"author":1,"featured_media":0,"parent":19,"menu_order":20,"comment_status":"closed","ping_status":"closed","template":"","meta":{"_bbp_topic_count":0,"_bbp_reply_count":0,"_bbp_total_topic_count":0,"_bbp_total_reply_count":0,"_bbp_voice_count":0,"_bbp_anonymous_reply_count":0,"_bbp_topic_count_hidden":0,"_bbp_reply_count_hidden":0,"_bbp_forum_subforum_count":0,"site-sidebar-layout":"default","site-content-layout":"","ast-site-content-layout":"default","site-content-style":"default","site-sidebar-style":"default","ast-global-header-display":"","ast-banner-title-visibility":"","ast-main-header-display":"","ast-hfb-above-header-display":"","ast-hfb-below-header-display":"","ast-hfb-mobile-header-display":"","site-post-title":"","ast-breadcrumbs-content":"","ast-featured-img":"","footer-sml-layout":"","theme-transparent-header-meta":"","adv-header-id-meta":"","stick-header-meta":"","header-above-stick-meta":"","header-main-stick-meta":"","header-below-stick-meta":"","astra-migrate-meta-layouts":"set","ast-page-background-enabled":"default","ast-page-background-meta":{"desktop":{"background-color":"var(--ast-global-color-4)","background-image":"","background-repeat":"repeat","background-position":"center center","background-size":"auto","background-attachment":"scroll","background-type":"","background-media":"","overlay-type":"","overlay-color":"","overlay-opacity":"","overlay-gradient":""},"tablet":{"background-color":"","background-image":"","background-repeat":"repeat","background-position":"center center","background-size":"auto","background-attachment":"scroll","background-type":"","background-media":"","overlay-type":"","overlay-color":"","overlay-opacity":"","overlay-gradient":""},"mobile":{"background-color":"","background-image":"","background-repeat":"repeat","background-position":"center center","background-size":"auto","background-attachment":"scroll","background-type":"","background-media":"","overlay-type":"","overlay-color":"","overlay-opacity":"","overlay-gradient":""}},"ast-content-background-meta":{"desktop":{"background-color":"var(--ast-global-color-5)","background-image":"","background-repeat":"repeat","background-position":"center center","background-size":"auto","background-attachment":"scroll","background-type":"","background-media":"","overlay-type":"","overlay-color":"","overlay-opacity":"","overlay-gradient":""},"tablet":{"background-color":"var(--ast-global-color-5)","background-image":"","background-repeat":"repeat","background-position":"center center","background-size":"auto","background-attachment":"scroll","background-type":"","background-media":"","overlay-type":"","overlay-color":"","overlay-opacity":"","overlay-gradient":""},"mobile":{"background-color":"var(--ast-global-color-5)","background-image":"","background-repeat":"repeat","background-position":"center center","background-size":"auto","background-attachment":"scroll","background-type":"","background-media":"","overlay-type":"","overlay-color":"","overlay-opacity":"","overlay-gradient":""}},"footnotes":""},"class_list":["post-27","page","type-page","status-publish","hentry"],"post_mailing_queue_ids":[],"_links":{"self":[{"href":"https:\/\/agora.xtec.cat\/iesestany\/wp-json\/wp\/v2\/pages\/27","targetHints":{"allow":["GET"]}}],"collection":[{"href":"https:\/\/agora.xtec.cat\/iesestany\/wp-json\/wp\/v2\/pages"}],"about":[{"href":"https:\/\/agora.xtec.cat\/iesestany\/wp-json\/wp\/v2\/types\/page"}],"author":[{"embeddable":true,"href":"https:\/\/agora.xtec.cat\/iesestany\/wp-json\/wp\/v2\/users\/1"}],"replies":[{"embeddable":true,"href":"https:\/\/agora.xtec.cat\/iesestany\/wp-json\/wp\/v2\/comments?post=27"}],"version-history":[{"count":2,"href":"https:\/\/agora.xtec.cat\/iesestany\/wp-json\/wp\/v2\/pages\/27\/revisions"}],"predecessor-version":[{"id":4469,"href":"https:\/\/agora.xtec.cat\/iesestany\/wp-json\/wp\/v2\/pages\/27\/revisions\/4469"}],"up":[{"embeddable":true,"href":"https:\/\/agora.xtec.cat\/iesestany\/wp-json\/wp\/v2\/pages\/19"}],"wp:attachment":[{"href":"https:\/\/agora.xtec.cat\/iesestany\/wp-json\/wp\/v2\/media?parent=27"}],"curies":[{"name":"wp","href":"https:\/\/api.w.org\/{rel}","templated":true}]}}