{"id":19,"date":"2014-09-17T14:56:56","date_gmt":"2014-09-17T14:56:56","guid":{"rendered":"http:\/\/agora.xtec.cat\/iesestany\/?page_id=19"},"modified":"2019-04-02T13:33:52","modified_gmt":"2019-04-02T11:33:52","slug":"linstitut","status":"publish","type":"page","link":"https:\/\/agora.xtec.cat\/iesestany\/linstitut\/","title":{"rendered":"L&#8217;institut"},"content":{"rendered":"<p>L\u2019<strong>Institut Estany de la Ricarda<\/strong> es va posar en funcionament el curs 1996\/1997 com a centre de Secund\u00e0ria. Actualment oferta l\u2019etapa educativa de l\u2019ESO i el Batxillerat de les modalitats d\u2019Humanitats i Ci\u00e8ncies Socials i de Ci\u00e8ncies i Tecnologia.<\/p>\n<h6>Trets d\u2019identitat<\/h6>\n<p>El nostre centre es declara laic i pluralista. En defensa de la llibertat religiosa es mant\u00e9 al marge de qualsevol tipus d\u2019influ\u00e8ncia doctrinal.<\/p>\n<p>Com a centre p\u00fablic i en el marc legal que prescriu la igualtat de drets de tots els ciutadans davant l\u2019Administraci\u00f3, es respecten les diverses maneres de pensar.<\/p>\n<h6>La llengua d\u2019instrucci\u00f3 aprenentatge<\/h6>\n<p>El Catal\u00e0 \u00e9s la llengua vehicular i, per tant, \u00e9s la llengua d\u2019aprenentatge, amb la inclusi\u00f3 de l\u2019ensenyament del Castell\u00e0 i dels idiomes estrangers: Franc\u00e8s i Angl\u00e8s, els ensenyaments dels quals es donen en les lleng\u00fces respectives.<\/p>\n<p>Per a m\u00e9s informaci\u00f3, podeu consultar el <a href=\"https:\/\/drive.google.com\/file\/d\/1GkzfLosxwDhTS3fg0ZqVKDSpNX6OCStO\/view?usp=sharing\" target=\"_blank\" rel=\"noopener\">Projecte Ling\u00fc\u00edstic del Centre<\/a>.<\/p>\n<h6>La l\u00ednia metodol\u00f2gica<\/h6>\n<p>La nostra actuaci\u00f3 es fonamenta en un tracte personalitzat que s\u2019adeq\u00fci al ritme evolutiu i a les capacitats intel\u00b7lectuals de cada alumne. Entenem que d\u2019un adequat tractament de la diversitat dep\u00e8n l\u2019\u00e8xit acad\u00e8mic i personal de l\u2019alumnat. Aquesta l\u00ednia d\u2019ensenyament comporta que l\u2019alumnat se senti motivat i adquireixi confian\u00e7a en ell mateix.<\/p>\n<p>En l\u2019aspecte instructiu optem per sistemes actius que impliquin la participaci\u00f3 de l\u2019alumnat en el seu propi proc\u00e9s d\u2019aprenentatge. Ens caracteritzem per un estil de treball que tracta de desenvolupar l\u2019esperit cr\u00edtic, la capacitat de discussi\u00f3 i de decisi\u00f3 i la voluntat col\u00b7lectiva de transformaci\u00f3 de la realitat social.<\/p>\n<p>Som un centre innovador, amb voluntat d\u2019acollir nous projectes i hem desenvolupat intercanvis amb professorat i alumnat de la Uni\u00f3 Europea.<\/p>\n<p>Per a m\u00e9s informaci\u00f3, podeu consultar el <a href=\"https:\/\/drive.google.com\/file\/d\/0B4pFsldcATm3ekxtZE9CdGVvR1U\/view?usp=sharing\" target=\"_blank\" rel=\"noopener\">Projecte Educatiu del Centre<\/a>.<\/p>\n","protected":false},"excerpt":{"rendered":"<p>L\u2019Institut Estany de la Ricarda es va posar en funcionament el curs 1996\/1997 com a centre de Secund\u00e0ria. Actualment oferta l\u2019etapa educativa de l\u2019ESO i el Batxillerat de les modalitats d\u2019Humanitats i Ci\u00e8ncies Socials i de Ci\u00e8ncies i Tecnologia. Trets d\u2019identitat El nostre centre es declara laic i pluralista. En defensa de la llibertat religiosa [&hellip;]<\/p>\n","protected":false},"author":1,"featured_media":0,"parent":0,"menu_order":0,"comment_status":"closed","ping_status":"closed","template":"page-templates\/side-menu.php","meta":{"_bbp_topic_count":0,"_bbp_reply_count":0,"_bbp_total_topic_count":0,"_bbp_total_reply_count":0,"_bbp_voice_count":0,"_bbp_anonymous_reply_count":0,"_bbp_topic_count_hidden":0,"_bbp_reply_count_hidden":0,"_bbp_forum_subforum_count":0,"site-sidebar-layout":"default","site-content-layout":"","ast-site-content-layout":"","site-content-style":"default","site-sidebar-style":"default","ast-global-header-display":"","ast-banner-title-visibility":"","ast-main-header-display":"","ast-hfb-above-header-display":"","ast-hfb-below-header-display":"","ast-hfb-mobile-header-display":"","site-post-title":"","ast-breadcrumbs-content":"","ast-featured-img":"","footer-sml-layout":"","theme-transparent-header-meta":"","adv-header-id-meta":"","stick-header-meta":"","header-above-stick-meta":"","header-main-stick-meta":"","header-below-stick-meta":"","astra-migrate-meta-layouts":"default","ast-page-background-enabled":"default","ast-page-background-meta":{"desktop":{"background-color":"var(--ast-global-color-4)","background-image":"","background-repeat":"repeat","background-position":"center center","background-size":"auto","background-attachment":"scroll","background-type":"","background-media":"","overlay-type":"","overlay-color":"","overlay-opacity":"","overlay-gradient":""},"tablet":{"background-color":"","background-image":"","background-repeat":"repeat","background-position":"center center","background-size":"auto","background-attachment":"scroll","background-type":"","background-media":"","overlay-type":"","overlay-color":"","overlay-opacity":"","overlay-gradient":""},"mobile":{"background-color":"","background-image":"","background-repeat":"repeat","background-position":"center center","background-size":"auto","background-attachment":"scroll","background-type":"","background-media":"","overlay-type":"","overlay-color":"","overlay-opacity":"","overlay-gradient":""}},"ast-content-background-meta":{"desktop":{"background-color":"var(--ast-global-color-5)","background-image":"","background-repeat":"repeat","background-position":"center center","background-size":"auto","background-attachment":"scroll","background-type":"","background-media":"","overlay-type":"","overlay-color":"","overlay-opacity":"","overlay-gradient":""},"tablet":{"background-color":"var(--ast-global-color-5)","background-image":"","background-repeat":"repeat","background-position":"center center","background-size":"auto","background-attachment":"scroll","background-type":"","background-media":"","overlay-type":"","overlay-color":"","overlay-opacity":"","overlay-gradient":""},"mobile":{"background-color":"var(--ast-global-color-5)","background-image":"","background-repeat":"repeat","background-position":"center center","background-size":"auto","background-attachment":"scroll","background-type":"","background-media":"","overlay-type":"","overlay-color":"","overlay-opacity":"","overlay-gradient":""}},"footnotes":""},"class_list":["post-19","page","type-page","status-publish","hentry"],"post_mailing_queue_ids":[],"_links":{"self":[{"href":"https:\/\/agora.xtec.cat\/iesestany\/wp-json\/wp\/v2\/pages\/19","targetHints":{"allow":["GET"]}}],"collection":[{"href":"https:\/\/agora.xtec.cat\/iesestany\/wp-json\/wp\/v2\/pages"}],"about":[{"href":"https:\/\/agora.xtec.cat\/iesestany\/wp-json\/wp\/v2\/types\/page"}],"author":[{"embeddable":true,"href":"https:\/\/agora.xtec.cat\/iesestany\/wp-json\/wp\/v2\/users\/1"}],"replies":[{"embeddable":true,"href":"https:\/\/agora.xtec.cat\/iesestany\/wp-json\/wp\/v2\/comments?post=19"}],"version-history":[{"count":1,"href":"https:\/\/agora.xtec.cat\/iesestany\/wp-json\/wp\/v2\/pages\/19\/revisions"}],"predecessor-version":[{"id":505,"href":"https:\/\/agora.xtec.cat\/iesestany\/wp-json\/wp\/v2\/pages\/19\/revisions\/505"}],"wp:attachment":[{"href":"https:\/\/agora.xtec.cat\/iesestany\/wp-json\/wp\/v2\/media?parent=19"}],"curies":[{"name":"wp","href":"https:\/\/api.w.org\/{rel}","templated":true}]}}