{"id":1650,"date":"2020-11-01T15:51:54","date_gmt":"2020-11-01T14:51:54","guid":{"rendered":"https:\/\/agora.xtec.cat\/iesestany\/?page_id=1650"},"modified":"2020-11-01T16:32:30","modified_gmt":"2020-11-01T15:32:30","slug":"proteccio-de-dades","status":"publish","type":"page","link":"https:\/\/agora.xtec.cat\/iesestany\/secretaria\/proteccio-de-dades\/","title":{"rendered":"Protecci\u00f3 de dades"},"content":{"rendered":"<p><strong>Informaci\u00f3 general, condicions d\u2019\u00fas i pol\u00edtica de privacitat de l\u2019Institut Estany de la Ricarda<\/strong><\/p>\n<p>L\u2019<strong>Institut Estany de la Ricarda<\/strong>\u00a0est\u00e0 domiciliat al carrer Salvador Espriu, 1-3 d\u2019El Prat de Llobregat, amb CIF. S5800037C<\/p>\n<p>La utilitzaci\u00f3 del portal implica l\u2019acceptaci\u00f3 de cada una de les condicions incloses en aquest av\u00eds legal.<\/p>\n<p>Aquest lloc web i tots els seus continguts, incloent-hi els textos, imatges, sons, bases de dades, codis i qualsevol altre material, s\u00f3n propietat de l&#8217;<strong>Institut Estany de la Ricarda<\/strong>\u00a0o de tercers que hagin autoritzat l\u2019\u00fas d\u2019aquests continguts a l\u2019Instiut Estany de la Ricarda. Tot aquest material est\u00e0 a l\u2019empara de la legislaci\u00f3 de protecci\u00f3 de la propietat intel\u00b7lectual. Els seus titulars es reserven les accions legalment oportunes per reparar els danys i perjudicis causats per qualsevol acte que vulneri els drets de propietat intel\u00b7lectual sobre aquests continguts.<\/p>\n<p>Tot acc\u00e9s a aquest lloc web resta subjecte a les condicions seg\u00fcents:<\/p>\n<p>\u2013 Queda absolutament prohibit qualsevol \u00fas o reproducci\u00f3 d\u2019aquesta sense l\u2019autoritzaci\u00f3 pr\u00e8via i per escrit de l\u2019Institut Estany de la Ricarda.<\/p>\n<p>\u2013 Resten protegits en els mateixos termes els drets de propietat industrial referits als serveis i productes de l\u2019Institut Estany de la Ricarda que apareguin en el web o sobre els quals se n\u2019hi doni informaci\u00f3.<\/p>\n<p>\u2013 L\u2019usuari es compromet a utilitzar aquest servei sense inc\u00f3rrer en activitats que puguin ser considerades il\u00b7l\u00edcites o il\u00b7legals, que infringeixin els drets de l\u2019Institut Estany de la Ricarda o de tercers, o que puguin atemptar contra les normes vigents.<\/p>\n<p>&#8211; L\u2019Institut Estany de la Ricarda no ser\u00e0 responsable de l\u2019\u00fas per part de tercers de la informaci\u00f3 continguda al web, si b\u00e9 caldr\u00e0 atenir-se a les prescripcions i advertiments que s\u2019estableixin per a determinats documents i aplicatius.<\/p>\n<p>\u2013 L\u2019Institut Estany de la Ricarda donar\u00e0 estricte compliment a la normativa vigent en cada moment sobre Protecci\u00f3 de Dades de Car\u00e0cter Personal i adoptar\u00e0 les mesures legalment exigibles per a la protecci\u00f3 de les dades de car\u00e0cter personal de l\u2019usuari, preservant-ne la seva privacitat i confidencialitat.<\/p>\n<p>\u2013 En les comunicacions que faci l\u2019usuari del web que continguin dades de car\u00e0cter personal es vetllar\u00e0, en la mesura del possible, per la confidencialitat de la informaci\u00f3 i la privacitat dels usuaris.<\/p>\n<p>\u2013 L\u2019usuari del web d\u00f3na el seu consentiment expr\u00e9s i inequ\u00edvoc i, per tant, autoritza a l\u2019Institut Estany de la Ricarda a incorporar les dades que facilita per aquest mitj\u00e0 als seus fitxers automatitzats i al seu tractament i \u00fas amb la finalitat de gestionar el manteniment del web, rebre informaci\u00f3 de les activitats i serveis propis de l\u2019Institut Estany de la Ricarda, aix\u00ed com de les activitats publicit\u00e0ries i campanyes promocionals o de les entitats del seu grup puguin portar a terme, d\u2019acord amb el que s\u2019estableix a la Llei Org\u00e0nica 15\/1999, de 13 de desembre, de protecci\u00f3 de dades de car\u00e0cter personal (LOPD).<\/p>\n<p>\u2013 L\u2019usuari del web que facilita dades de car\u00e0cter personal a l\u2019Institut Estany de la Ricarda i resta assabentat que podr\u00e0 exercir davant la mateixa els drets d\u2019acc\u00e9s, rectificaci\u00f3, cancel\u00b7laci\u00f3 i oposici\u00f3, d\u2019acord amb el que estableix la LOPD, mitjan\u00e7ant la corresponent sol\u00b7licitud, acompanyada de la fotoc\u00f2pia del seu D.N.I., o b\u00e9 adre\u00e7ant aquesta sol\u00b7licitud per correu certificat a l\u2019Institut Estany de la Ricarda. Igualment, podr\u00e0 adre\u00e7ar aquesta sol\u00b7licitud via correu electr\u00f2nic.<\/p>\n<p>\u2013 L\u2019Institut Estany de la Ricarda no garanteix que el web i el servidor estiguin lliures de virus dels fitxers agregats i no es fa responsable dels possibles danys o perjudicis que es puguin derivar d\u2019interfer\u00e8ncies, omissions, interrupcions, virus inform\u00e0tics, avaries telef\u00f2niques o desconnexions en el funcionament operatiu d\u2019aquest sistema electr\u00f2nic, motivats per causes alienes a l\u2019Institut Estany de la Ricarda, de retards o bloquejos en l\u2019\u00fas d\u2019aquest sistema electr\u00f2nic causats per defici\u00e8ncies o sobrec\u00e0rregues de l\u00ednies telef\u00f2niques o sobrec\u00e0rregues en el sistema d\u2019Internet o en altres sistemes electr\u00f2nics, i tamb\u00e9 de danys que puguin ser causats per terceres persones mitjan\u00e7ant intromissions il\u00b7leg\u00edtimes fora del control de l\u2019Institut Estany de la Ricarda.<\/p>\n<p>\u2013 L\u2019Institut Estany de la Ricarda no garanteix la disponibilitat i continu\u00eftat del funcionament del web i dels seus serveis. Quan sigui raonablement possible, s\u2019advertir\u00e0 pr\u00e8viament de les interrupcions en el funcionament del web i dels serveis.<\/p>\n<p>\u2013 L\u2019Institut Estany de la Ricarda es reserva el dret a modificar unilateralment, en qualsevol moment i sense av\u00eds previ, la presentaci\u00f3, configuraci\u00f3 i continguts del web, aix\u00ed com tamb\u00e9 l\u2019oferta de serveis i les condicions que es requereixen per utilitzar-lo.<\/p>\n<p>&#8211; Aquesta web pot contenir enlla\u00e7os a p\u00e0gines externes, no sent l\u2019Institut Estany de la Ricarda responsable del contingut d&#8217;aquestes p\u00e0gines externes ni de qualsevol altre aspecte relacionat amb aquestes.<\/p>\n<p>\u2013 L\u2019\u00fas d\u2019aquest web implica l\u2019acceptaci\u00f3 plena i sense reserves dels termes i condicions continguts en el present av\u00eds legal.<\/p>\n<p>&nbsp;<\/p>\n<p><strong>Legislaci\u00f3 aplicable i jurisdicci\u00f3 <\/strong><\/p>\n<p>Els possibles conflictes relatius a aquest web es regiran exclusivament per la legislaci\u00f3 espanyola i de la Comunitat aut\u00f2noma de Catalunya, essent els jutjats de Barcelona els \u00fanics competents. Tota persona usu\u00e0ria del web, independentment de la jurisdicci\u00f3 territorial des de la qual es produeixi el seu acc\u00e9s, accepta el compliment i respecte d\u2019aquesta cl\u00e0usula amb ren\u00fancia expressa a qualsevol altre fur que li pogu\u00e9s correspondre.<\/p>\n<p>&nbsp;<\/p>\n<p><strong>Protecci\u00f3 de dades<\/strong><\/p>\n<p>El lloc web <strong>https:\/\/agora.xtec.cat\/iesestany\/<\/strong> garanteix l\u2019absoluta confidencialitat de les dades personals dels usuaris.<\/p>\n<p>Les dades proporcionades seran incorporades a una base de dades gestionada sota l\u2019exclusiva responsabilitat de l\u2019Institut Estany de la Ricarda, creada per facilitar als usuaris la utilitzaci\u00f3 dels serveis oferts per aquesta, aix\u00ed com per informar-los sobre els productes i serveis que puguin ser del seu inter\u00e8s.<\/p>\n<p>L\u2019Institut Estany de la Ricarda no comparteix la informaci\u00f3 subministrada amb tercers excepte exig\u00e8ncia legal o de procediments legals, i en cap cas, es vendr\u00e0 aquest tipus d&#8217;informaci\u00f3. Tanmateix, t\u00e9 implantades les mesures de seguretat d&#8217;\u00edndole t\u00e8cnica i organitzatives necess\u00e0ries que garanteixen la seguretat de les seves dades de car\u00e0cter personal i eviten la seva alteraci\u00f3, p\u00e8rdua, tractament i\/o acc\u00e9s no autoritzat, segons el que es disposa en el RD 1720\/2007, de 21 de desembre, pel qual s&#8217;aprova el Reglament de desenvolupament de la L.O. 15\/1999.<\/p>\n<p>En compliment de la Llei Org\u00e0nica 15\/1999 de 13 de desembre de protecci\u00f3 de dades de car\u00e0cter personal, l\u2019usuari pot en tot moment exercitar els drets que la llei li confereix relatius a l\u2019acc\u00e9s, rectificaci\u00f3, cancel\u00b7laci\u00f3 i oposici\u00f3 a la cessi\u00f3 de les seves dades al fitxer de propietat exclusiva de l\u2019Institut Estany de la Ricarda enviant un e-mail a:\u00a0<strong>a8054198@xtec.cat<\/strong><\/p>\n<p><a href=\"http:\/\/ensenyament.gencat.cat\/ca\/Detall\/alumnes-centres-departament\">Alumnat del Departament d\u2019Educaci\u00f3<\/a><\/p>\n<p><a href=\"http:\/\/ensenyament.gencat.cat\/ca\/Detall\/personal-centres-departament\">Personal del Departament d\u2019Educaci\u00f3<\/a><\/p>\n<div id=\"gtx-trans\" style=\"position: absolute; left: 80px; top: 1572px;\">\n<div class=\"gtx-trans-icon\"><\/div>\n<\/div>\n","protected":false},"excerpt":{"rendered":"<p>Informaci\u00f3 general, condicions d\u2019\u00fas i pol\u00edtica de privacitat de l\u2019Institut Estany de la Ricarda L\u2019Institut Estany de la Ricarda\u00a0est\u00e0 domiciliat al carrer Salvador Espriu, 1-3 d\u2019El Prat de Llobregat, amb CIF. S5800037C La utilitzaci\u00f3 del portal implica l\u2019acceptaci\u00f3 de cada una de les condicions incloses en aquest av\u00eds legal. Aquest lloc web i tots els [&hellip;]<\/p>\n","protected":false},"author":1,"featured_media":0,"parent":81,"menu_order":60,"comment_status":"closed","ping_status":"closed","template":"page-templates\/side-menu.php","meta":{"_bbp_topic_count":0,"_bbp_reply_count":0,"_bbp_total_topic_count":0,"_bbp_total_reply_count":0,"_bbp_voice_count":0,"_bbp_anonymous_reply_count":0,"_bbp_topic_count_hidden":0,"_bbp_reply_count_hidden":0,"_bbp_forum_subforum_count":0,"site-sidebar-layout":"default","site-content-layout":"","ast-site-content-layout":"","site-content-style":"default","site-sidebar-style":"default","ast-global-header-display":"","ast-banner-title-visibility":"","ast-main-header-display":"","ast-hfb-above-header-display":"","ast-hfb-below-header-display":"","ast-hfb-mobile-header-display":"","site-post-title":"","ast-breadcrumbs-content":"","ast-featured-img":"","footer-sml-layout":"","theme-transparent-header-meta":"","adv-header-id-meta":"","stick-header-meta":"","header-above-stick-meta":"","header-main-stick-meta":"","header-below-stick-meta":"","astra-migrate-meta-layouts":"default","ast-page-background-enabled":"default","ast-page-background-meta":{"desktop":{"background-color":"var(--ast-global-color-4)","background-image":"","background-repeat":"repeat","background-position":"center center","background-size":"auto","background-attachment":"scroll","background-type":"","background-media":"","overlay-type":"","overlay-color":"","overlay-opacity":"","overlay-gradient":""},"tablet":{"background-color":"","background-image":"","background-repeat":"repeat","background-position":"center center","background-size":"auto","background-attachment":"scroll","background-type":"","background-media":"","overlay-type":"","overlay-color":"","overlay-opacity":"","overlay-gradient":""},"mobile":{"background-color":"","background-image":"","background-repeat":"repeat","background-position":"center center","background-size":"auto","background-attachment":"scroll","background-type":"","background-media":"","overlay-type":"","overlay-color":"","overlay-opacity":"","overlay-gradient":""}},"ast-content-background-meta":{"desktop":{"background-color":"var(--ast-global-color-5)","background-image":"","background-repeat":"repeat","background-position":"center center","background-size":"auto","background-attachment":"scroll","background-type":"","background-media":"","overlay-type":"","overlay-color":"","overlay-opacity":"","overlay-gradient":""},"tablet":{"background-color":"var(--ast-global-color-5)","background-image":"","background-repeat":"repeat","background-position":"center center","background-size":"auto","background-attachment":"scroll","background-type":"","background-media":"","overlay-type":"","overlay-color":"","overlay-opacity":"","overlay-gradient":""},"mobile":{"background-color":"var(--ast-global-color-5)","background-image":"","background-repeat":"repeat","background-position":"center center","background-size":"auto","background-attachment":"scroll","background-type":"","background-media":"","overlay-type":"","overlay-color":"","overlay-opacity":"","overlay-gradient":""}},"footnotes":""},"class_list":["post-1650","page","type-page","status-publish","hentry"],"post_mailing_queue_ids":[],"_links":{"self":[{"href":"https:\/\/agora.xtec.cat\/iesestany\/wp-json\/wp\/v2\/pages\/1650","targetHints":{"allow":["GET"]}}],"collection":[{"href":"https:\/\/agora.xtec.cat\/iesestany\/wp-json\/wp\/v2\/pages"}],"about":[{"href":"https:\/\/agora.xtec.cat\/iesestany\/wp-json\/wp\/v2\/types\/page"}],"author":[{"embeddable":true,"href":"https:\/\/agora.xtec.cat\/iesestany\/wp-json\/wp\/v2\/users\/1"}],"replies":[{"embeddable":true,"href":"https:\/\/agora.xtec.cat\/iesestany\/wp-json\/wp\/v2\/comments?post=1650"}],"version-history":[{"count":1,"href":"https:\/\/agora.xtec.cat\/iesestany\/wp-json\/wp\/v2\/pages\/1650\/revisions"}],"predecessor-version":[{"id":1651,"href":"https:\/\/agora.xtec.cat\/iesestany\/wp-json\/wp\/v2\/pages\/1650\/revisions\/1651"}],"up":[{"embeddable":true,"href":"https:\/\/agora.xtec.cat\/iesestany\/wp-json\/wp\/v2\/pages\/81"}],"wp:attachment":[{"href":"https:\/\/agora.xtec.cat\/iesestany\/wp-json\/wp\/v2\/media?parent=1650"}],"curies":[{"name":"wp","href":"https:\/\/api.w.org\/{rel}","templated":true}]}}