{"id":9,"date":"2014-09-12T10:15:01","date_gmt":"2014-09-12T10:15:01","guid":{"rendered":"http:\/\/agora.xtec.cat\/iesescolahoteleriadelleida\/?page_id=9"},"modified":"2023-07-05T18:12:23","modified_gmt":"2023-07-05T16:12:23","slug":"pagina-dinici-buida","status":"publish","type":"page","link":"https:\/\/agora.xtec.cat\/iesescolahoteleriadelleida\/","title":{"rendered":"Inici"},"content":{"rendered":"<p style=\"text-align: center;\">Per accedir a tota la informaci\u00f3 i els serveis actualitzats ens trobar\u00e0s a l&#8217;enlla\u00e7 seg\u00fcent:<\/p>\n<h1 style=\"text-align: center;\"><a href=\"https:\/\/ehtlleida.cat\/\">www.ehtlleida.cat<\/a><\/h1>\n<h1 style=\"text-align: center;\"><\/h1>\n","protected":false},"excerpt":{"rendered":"<p>Per accedir a tota la informaci\u00f3 i els serveis actualitzats ens trobar\u00e0s a l&#8217;enlla\u00e7 seg\u00fcent:<br \/>\n<a href=\"https:\/\/ehtlleida.cat\/\">www.ehtlleida.cat<\/a><\/p>\n","protected":false},"author":1,"featured_media":0,"parent":7,"menu_order":0,"comment_status":"closed","ping_status":"closed","template":"page-templates\/front-page.php","meta":{"_bbp_topic_count":0,"_bbp_reply_count":0,"_bbp_total_topic_count":0,"_bbp_total_reply_count":0,"_bbp_voice_count":0,"_bbp_anonymous_reply_count":0,"_bbp_topic_count_hidden":0,"_bbp_reply_count_hidden":0,"_bbp_forum_subforum_count":0,"footnotes":""},"class_list":["post-9","page","type-page","status-publish","hentry"],"post_mailing_queue_ids":[],"_links":{"self":[{"href":"https:\/\/agora.xtec.cat\/iesescolahoteleriadelleida\/wp-json\/wp\/v2\/pages\/9","targetHints":{"allow":["GET"]}}],"collection":[{"href":"https:\/\/agora.xtec.cat\/iesescolahoteleriadelleida\/wp-json\/wp\/v2\/pages"}],"about":[{"href":"https:\/\/agora.xtec.cat\/iesescolahoteleriadelleida\/wp-json\/wp\/v2\/types\/page"}],"author":[{"embeddable":true,"href":"https:\/\/agora.xtec.cat\/iesescolahoteleriadelleida\/wp-json\/wp\/v2\/users\/1"}],"replies":[{"embeddable":true,"href":"https:\/\/agora.xtec.cat\/iesescolahoteleriadelleida\/wp-json\/wp\/v2\/comments?post=9"}],"version-history":[{"count":3,"href":"https:\/\/agora.xtec.cat\/iesescolahoteleriadelleida\/wp-json\/wp\/v2\/pages\/9\/revisions"}],"predecessor-version":[{"id":4258,"href":"https:\/\/agora.xtec.cat\/iesescolahoteleriadelleida\/wp-json\/wp\/v2\/pages\/9\/revisions\/4258"}],"up":[{"embeddable":true,"href":"https:\/\/agora.xtec.cat\/iesescolahoteleriadelleida\/wp-json\/wp\/v2\/pages\/7"}],"wp:attachment":[{"href":"https:\/\/agora.xtec.cat\/iesescolahoteleriadelleida\/wp-json\/wp\/v2\/media?parent=9"}],"curies":[{"name":"wp","href":"https:\/\/api.w.org\/{rel}","templated":true}]}}