{"id":992,"date":"2016-12-12T11:01:07","date_gmt":"2016-12-12T10:01:07","guid":{"rendered":"http:\/\/agora.xtec.cat\/iesermengolquart\/?page_id=992"},"modified":"2024-10-23T18:27:46","modified_gmt":"2024-10-23T16:27:46","slug":"projecte-educatiu-de-centre-pec","status":"publish","type":"page","link":"https:\/\/agora.xtec.cat\/iesermengolquart\/pagines-dinici\/pagina-dinici-buida\/projecte-educatiu-de-centre-pec\/","title":{"rendered":"&#8211; Documentaci\u00f3 de centre"},"content":{"rendered":"<p style=\"text-align: justify;\"><strong>PROJECTE EDUCATIU DE CENTRE (PEC)<\/strong><\/p>\n<p style=\"text-align: justify;\">El projecte educatiu de centre (<strong>PEC<\/strong>) \u00e9s el document que defineix com funciona el nostre centre educatiu. Inclou els principis rectors que el diferencien d&#8217;altres centres, adaptat a la realitat de l&#8217;entorn del nostre alumnat i d&#8217;acord amb les conviccions pedag\u00f2giques dels docents; explicita les l\u00ednies d&#8217;atenci\u00f3 a la diversitat i els objectius a mig termini; desglossa les l\u00ednies mestres d&#8217;organitzaci\u00f3, que es concretaran al projecte curricular. Aquest document \u00e9s la base de les programacions dels professors\/es i de qualsevol actuaci\u00f3 singular que es vulgui dur a terme al nostre institut, a m\u00e9s \u00e9s objecte d&#8217;inspecci\u00f3 per part de l&#8217;administraci\u00f3, per tal de garantir que s&#8217;adeq\u00fci a les lleis vigents sobre educaci\u00f3.<\/p>\n<p style=\"text-align: justify;\">Podeu consultar aquest document clicant sobre el seg\u00fcent enlla\u00e7: <a href=\"https:\/\/agora.xtec.cat\/iesermengolquart\/wp-content\/uploads\/usu1239\/2024\/07\/Projecte-Educatiu-de-Centre-PEC-INS-Ermengol-IV-1.pdf\" target=\"_blank\" rel=\"noopener\">Projecte Educatiu de Centre (PEC) (2020)<\/a><\/p>\n<p>&nbsp;<\/p>\n<p style=\"text-align: justify;\"><strong>PROJECTE DE DIRECCI\u00d3 (PdD)<\/strong><\/p>\n<p style=\"text-align: justify;\">El projecte de direcci\u00f3 (PdD) \u00e9s un document b\u00e0sic del centre docent i un instrument de la seva autonomia: en desplega el projecte educatiu, en quantifica i temporitza les millores i en vincula l&#8217;acci\u00f3 dels \u00f2rgans unipersonals i col\u00b7legiats.<\/p>\n<p style=\"text-align: justify;\">Podeu consultar aquest document clicant sobre el seg\u00fcent enlla\u00e7: <a href=\"https:\/\/agora.xtec.cat\/iesermengolquart\/wp-content\/uploads\/usu1239\/2023\/10\/Projecte-de-Direccio-PdD-INS-Ermengol-IV-2022_2026-Sense-Annex.pdf\" target=\"_blank\" rel=\"noopener\">Projecte de Direcci\u00f3 (PdD) (2022-2026)<\/a><\/p>\n<p>&nbsp;<\/p>\n<p style=\"text-align: justify;\"><strong>Normes d&#8217;Organitzaci\u00f3 i Funcionament del Centre (NOFC)<\/strong><\/p>\n<p style=\"text-align: justify;\">Les Normes d&#8217;Organitzaci\u00f3 i Funcionament del Centre (NOFC) han de contenir elements relacionats amb l\u2019estructura organitzativa del centre, han de regular aspectes relacionats amb la participaci\u00f3 de la comunitat escolar en la vida del centre, han de concretar les normes de conviv\u00e8ncia del centre i l\u2019aplicaci\u00f3 de mesures per a la promoci\u00f3 de la conviv\u00e8ncia i dels mecanismes de mediaci\u00f3, i la definici\u00f3 de les faltes lleus dels alumnes i l\u2019establiment de mesures correctores i sancionadores.<\/p>\n<p style=\"text-align: justify;\">Podeu consultar aquest document clicant sobre el seg\u00fcent enlla\u00e7: <a href=\"https:\/\/agora.xtec.cat\/iesermengolquart\/wp-content\/uploads\/usu1239\/2024\/10\/NOFC-OCTUBRE-2024.pdf\" target=\"_blank\" rel=\"noopener\">Normes d&#8217;Organitzaci\u00f3 i Funcionament del Centre (NOFC) &#8211; OCTUBRE 2024<\/a><\/p>\n<p>&nbsp;<\/p>\n<p style=\"text-align: justify;\"><strong>Projecte Ling\u00fc\u00edstic de Centre (PLC)<\/strong><\/p>\n<div class=\"basic_text_peq col-xs-12\">\n<div class=\"pd-15x\">\n<p>El projecte ling\u00fc\u00edstic de centre (PLC) \u00e9s el document que recull els aspectes relatius a l&#8217;ensenyament i a l&#8217;\u00fas de les lleng\u00fces en el centre educatiu. En aquest document queden definits el tractament de la llengua catalana i el proc\u00e9s d&#8217;ensenyament i aprenentatge de la llengua castellana, les diferents opcions amb refer\u00e8ncia a les lleng\u00fces estrangeres i els criteris generals per a les adequacions de les lleng\u00fces a la realitat socioling\u00fc\u00edstica del centre.<\/p>\n<p>Podeu consultar aquest document clicant sobre el seg\u00fcent enlla\u00e7: <a href=\"https:\/\/agora.xtec.cat\/iesermengolquart\/wp-content\/uploads\/usu1239\/2023\/04\/Projecte-Linguistic-PL-V2022-INS-Ermengol-IV.pdf\" target=\"_blank\" rel=\"noopener\">Projecte Ling\u00fc\u00edstic de Centre (PLC) &#8211; 2022<\/a><\/p>\n<\/div>\n<\/div>\n","protected":false},"excerpt":{"rendered":"<p>PROJECTE EDUCATIU DE CENTRE (PEC)<br \/>\nEl projecte educatiu de centre (PEC) \u00e9s el document que defineix com funciona el nostre centre educatiu. Inclou els principis rectors que el diferencien d&#8217;altres centres, adaptat a la realitat de l&#8217;entorn del nostre alumnat i d&#8217;acord amb les conviccions pedag\u00f2giques&hellip;  <a href=\"https:\/\/agora.xtec.cat\/iesermengolquart\/pagines-dinici\/pagina-dinici-buida\/projecte-educatiu-de-centre-pec\/\" title=\"Read &#8211; Documentaci\u00f3 de centre\">Llegeix m\u00e9s\u00bb<\/a><\/p>\n","protected":false},"author":1,"featured_media":0,"parent":9,"menu_order":16,"comment_status":"closed","ping_status":"closed","template":"page-templates\/side-menu.php","meta":{"_bbp_topic_count":0,"_bbp_reply_count":0,"_bbp_total_topic_count":0,"_bbp_total_reply_count":0,"_bbp_voice_count":0,"_bbp_anonymous_reply_count":0,"_bbp_topic_count_hidden":0,"_bbp_reply_count_hidden":0,"_bbp_forum_subforum_count":0,"footnotes":""},"class_list":["post-992","page","type-page","status-publish","hentry"],"post_mailing_queue_ids":[],"_links":{"self":[{"href":"https:\/\/agora.xtec.cat\/iesermengolquart\/wp-json\/wp\/v2\/pages\/992","targetHints":{"allow":["GET"]}}],"collection":[{"href":"https:\/\/agora.xtec.cat\/iesermengolquart\/wp-json\/wp\/v2\/pages"}],"about":[{"href":"https:\/\/agora.xtec.cat\/iesermengolquart\/wp-json\/wp\/v2\/types\/page"}],"author":[{"embeddable":true,"href":"https:\/\/agora.xtec.cat\/iesermengolquart\/wp-json\/wp\/v2\/users\/1"}],"replies":[{"embeddable":true,"href":"https:\/\/agora.xtec.cat\/iesermengolquart\/wp-json\/wp\/v2\/comments?post=992"}],"version-history":[{"count":7,"href":"https:\/\/agora.xtec.cat\/iesermengolquart\/wp-json\/wp\/v2\/pages\/992\/revisions"}],"predecessor-version":[{"id":5471,"href":"https:\/\/agora.xtec.cat\/iesermengolquart\/wp-json\/wp\/v2\/pages\/992\/revisions\/5471"}],"up":[{"embeddable":true,"href":"https:\/\/agora.xtec.cat\/iesermengolquart\/wp-json\/wp\/v2\/pages\/9"}],"wp:attachment":[{"href":"https:\/\/agora.xtec.cat\/iesermengolquart\/wp-json\/wp\/v2\/media?parent=992"}],"curies":[{"name":"wp","href":"https:\/\/api.w.org\/{rel}","templated":true}]}}