{"id":46,"date":"2014-09-17T16:53:45","date_gmt":"2014-09-17T16:53:45","guid":{"rendered":"http:\/\/agora.xtec.cat\/iesermengolquart\/?page_id=46"},"modified":"2024-09-10T13:31:08","modified_gmt":"2024-09-10T11:31:08","slug":"organigrama","status":"publish","type":"page","link":"https:\/\/agora.xtec.cat\/iesermengolquart\/pagines-dinici\/pagina-dinici-buida\/organigrama\/","title":{"rendered":"&#8211; Organigrama"},"content":{"rendered":"<p style=\"text-align: justify;\">A l&#8217;Institut es constitueixen Departaments Did\u00e0ctics en funci\u00f3 de les \u00e0rees curriculars de l&#8217;Educaci\u00f3 Secund\u00e0ria Obligat\u00f2ria, en els quals s&#8217;integrar\u00e0 el professorat d&#8217;acord amb les seves especialitats, agrupades per llur afinitat.<\/p>\n<p style=\"text-align: justify;\">En el si de cada Departament es coordinen les activitats docents de les \u00e0rees i mat\u00e8ries corresponents, es concreta el curr\u00edculum i es vetlla per la metodologia i la did\u00e0ctica de la pr\u00e0ctica docent. Al front de cada Departament es nomena un Cap de Departament.<\/p>\n<p style=\"text-align: justify;\">A continuaci\u00f3 podeu veure la composici\u00f3 dels Departaments did\u00e0ctics i els c\u00e0rrecs unipersonals de coordinaci\u00f3. A m\u00e9s tamb\u00e9 podeu altres c\u00e0rrecs unipersonals i les tutories de cada grup.<\/p>\n<p>&nbsp;<\/p>\n<table style=\"width: 128.304%; height: 1689px;\" width=\"616\" cellpadding=\"1\">\n<tbody>\n<tr style=\"height: 35px;\" bgcolor=\"#7A9E7A\">\n<td style=\"height: 35px;\" colspan=\"2\" height=\"35\"><center>DEPARTAMENTS\u00a0 I\u00a0 C\u00c0RRECS\u00a0 UNIPERSONALS<\/center><\/td>\n<\/tr>\n<tr style=\"height: 32px;\" bgcolor=\"#CCCCCC\">\n<td style=\"height: 32px;\" colspan=\"2\"><b><span style=\"font-family: Arial,Helvetica;\"><span style=\"color: #000000;\">LLENGUA CATALANA I LITERATURA \/ LLENG\u00dcES CL\u00c0SSIQUES <\/span><\/span><\/b><\/td>\n<\/tr>\n<tr style=\"height: 32px;\">\n<td style=\"height: 32px;\">Helena Rufat Casals<\/td>\n<td style=\"height: 32px;\">Secret\u00e0ria de l&#8217;institut i Coordinadora Revista<\/td>\n<\/tr>\n<tr style=\"height: 32px;\">\n<td style=\"height: 32px;\">Ma. Ant\u00f2nia Fa Carn\u00e9<\/td>\n<td style=\"height: 32px;\"><\/td>\n<\/tr>\n<tr style=\"height: 32px;\">\n<td style=\"height: 32px;\">Imma Farr\u00e9 Vilalta<\/td>\n<td style=\"height: 32px;\">Cap de Departament<\/td>\n<\/tr>\n<tr style=\"height: 32px;\">\n<td style=\"height: 32px;\">Mariona Cots Farr\u00e9<\/td>\n<td style=\"height: 32px;\">Professor de Lleng\u00fces cl\u00e0ssiques<\/td>\n<\/tr>\n<tr style=\"height: 33px;\">\n<td style=\"height: 33px;\">S\u00edlvia Garcia Farreny<\/td>\n<td style=\"height: 33px;\"><\/td>\n<\/tr>\n<tr style=\"height: 32px;\">\n<td style=\"height: 32px;\" colspan=\"2\" bgcolor=\"#cccccc\"><b><span style=\"font-family: Arial,Helvetica;\">LLENGUA\u00a0 CASTELLANA I LITERATURA<\/span><\/b><\/td>\n<\/tr>\n<tr style=\"height: 32px;\">\n<td style=\"height: 32px;\" height=\"21\">Anna Alsina Tehas<\/td>\n<td style=\"height: 32px;\">Tutora 1r Batxillerat<\/td>\n<\/tr>\n<tr style=\"height: 32px;\">\n<td style=\"height: 32px;\">N\u00faria Garc\u00eda Mart\u00ednez<\/td>\n<td style=\"height: 32px;\">Cap de Departament<\/td>\n<\/tr>\n<tr style=\"height: 32px;\">\n<td style=\"height: 32px;\" width=\"200\">Houriya Serhir Saidi<\/td>\n<td style=\"height: 32px;\" width=\"404\">Tutora 4t ESO B<\/td>\n<\/tr>\n<tr style=\"height: 33px;\">\n<td style=\"height: 33px;\">Elena Pages Pallares<\/td>\n<td style=\"height: 33px;\"><\/td>\n<\/tr>\n<tr style=\"height: 33px;\">\n<td style=\"height: 33px;\">Judit Canela Tiscar<\/td>\n<td style=\"height: 33px;\"><\/td>\n<\/tr>\n<tr style=\"height: 32px;\">\n<td style=\"height: 32px;\" colspan=\"2\" bgcolor=\"#cccccc\"><b><span style=\"font-family: Arial,Helvetica;\">LLENG\u00dcES ESTRANGERES<\/span><\/b><\/td>\n<\/tr>\n<tr style=\"height: 32px;\">\n<td style=\"height: 32px;\">Rosa Ma. Trepat Cantons<\/td>\n<td style=\"height: 32px;\">Tutora 2n ESO B<\/td>\n<\/tr>\n<tr style=\"height: 32px;\">\n<td style=\"height: 32px;\">Maite Fern\u00e1ndez Hern\u00e1ndez<\/td>\n<td style=\"height: 32px;\">Coordinadora Pedag\u00f2gica<\/td>\n<\/tr>\n<tr style=\"height: 48px;\">\n<td style=\"height: 48px;\">Elisenda Mas<\/td>\n<td style=\"height: 48px;\">Tutora 4t ESO C<br \/>\nCap de Departament<\/td>\n<\/tr>\n<tr style=\"height: 32px;\">\n<td style=\"height: 32px;\">Ares Navarro Morlans<\/td>\n<td style=\"height: 32px;\">Tutora 3r ESO B<\/td>\n<\/tr>\n<tr style=\"height: 33px;\">\n<td style=\"height: 33px;\">Sebasti\u00e0 Navas Bernat<\/td>\n<td style=\"height: 33px;\"><\/td>\n<\/tr>\n<tr style=\"height: 32px;\">\n<td style=\"height: 32px;\" colspan=\"2\" bgcolor=\"#cccccc\"><b><span style=\"font-family: Arial,Helvetica;\">MATEM\u00c0TIQUES<\/span><\/b><\/td>\n<\/tr>\n<tr style=\"height: 32px;\">\n<td style=\"height: 32px;\">Ma. Lourdes Coma Camats<\/td>\n<td style=\"height: 32px;\">Coordinadora Biblioteca<br \/>\nCap de departament<br \/>\nTutora 4t ESO A<\/td>\n<\/tr>\n<tr style=\"height: 32px;\">\n<td style=\"height: 32px;\">Vicent Fornons Jou<\/td>\n<td style=\"height: 32px;\">Director de l&#8217;institut<\/td>\n<\/tr>\n<tr style=\"height: 32px;\">\n<td style=\"height: 32px;\">Marc Alimbau Padilla<\/td>\n<td style=\"height: 32px;\">Professor d&#8217;Economia<\/td>\n<\/tr>\n<tr style=\"height: 32px;\">\n<td style=\"height: 32px;\">Montse Rafel Blanch<\/td>\n<td style=\"height: 32px;\">Coordinadora d&#8217;Activitats Extraescolars<\/td>\n<\/tr>\n<tr style=\"height: 33px;\">\n<td style=\"height: 33px;\">Anna Piqu\u00e9 Torn\u00e9<\/td>\n<td style=\"height: 33px;\"><\/td>\n<\/tr>\n<tr style=\"height: 33px;\">\n<td style=\"height: 33px;\">Jordi Morillas Baena<\/td>\n<td style=\"height: 33px;\"><\/td>\n<\/tr>\n<tr style=\"height: 32px;\">\n<td style=\"height: 32px;\" colspan=\"2\" bgcolor=\"#cccccc\"><b><span style=\"font-family: Arial,Helvetica;\">CI\u00c8NCIES DE LA NATURA<\/span><\/b><\/td>\n<\/tr>\n<tr style=\"height: 10px;\">\n<td style=\"height: 10px;\">Anna Rold\u00e1n Pueyo<\/td>\n<td style=\"height: 10px;\">Tutora\u00a0 2n ESO A<br \/>\nCap de Seminari<\/td>\n<\/tr>\n<tr style=\"height: 48px;\">\n<td style=\"height: 48px;\">Montserrat Cabr\u00e9 Cuc\u00f3<\/td>\n<td style=\"height: 48px;\">Coordinadora de Riscos Laborals<br \/>\nTutora 3r ESO C<\/td>\n<\/tr>\n<tr style=\"height: 32px;\">\n<td style=\"height: 32px;\">Paco Mengual Mulet<\/td>\n<td style=\"height: 32px;\">\u00a0Tutor\u00a0 3r ESO A<\/td>\n<\/tr>\n<tr style=\"height: 33px;\">\n<td style=\"height: 33px;\">Natividad Segura Quero<\/td>\n<td style=\"height: 33px;\">\u00a0Tutora\u00a0 1r ESO C<\/td>\n<\/tr>\n<tr style=\"height: 32px;\">\n<td style=\"height: 32px;\">Remei Castell\u00f3 Balcells<\/td>\n<td style=\"height: 32px;\">Cap de Departament<\/td>\n<\/tr>\n<tr style=\"height: 32px;\">\n<td style=\"height: 32px;\" colspan=\"2\" bgcolor=\"#cccccc\"><b><span style=\"font-family: Arial,Helvetica;\">CI\u00c8NCIES SOCIALS<\/span><\/b><\/td>\n<\/tr>\n<tr style=\"height: 32px;\">\n<td style=\"height: 10px;\">Dolors Garde\u00f1es Rosell<\/td>\n<td style=\"height: 10px;\"><\/td>\n<\/tr>\n<tr style=\"height: 48px;\">\n<td style=\"height: 10px;\">Dolors Agust\u00ed Al\u00f2s<\/td>\n<td style=\"height: 10px;\">Professora de Religi\u00f3 (1\/2 jornada)<\/td>\n<\/tr>\n<tr style=\"height: 33px;\">\n<td style=\"height: 33px;\">Helena Peir\u00f3 Camarasa<\/td>\n<td style=\"height: 33px;\">Tutora 1r ESO A<br \/>\nCoord. de llengua, interculturalitat i cohesi\u00f3 social (LIC)<\/td>\n<\/tr>\n<tr style=\"height: 73px;\">\n<td style=\"height: 57px;\">Marc Mateu Miranda<\/td>\n<td style=\"height: 57px;\">Cap de Departament<br \/>\nCoordinador de Coeducaci\u00f3, Conviv\u00e8ncia i Benestar (COCOBE)<\/td>\n<\/tr>\n<tr style=\"height: 32px;\">\n<td style=\"height: 23px;\" width=\"200\">Anna Bernat Miron<\/td>\n<td style=\"height: 23px;\" width=\"404\">Tutora 2n Batxillerat<br \/>\nCap de Seminari<\/td>\n<\/tr>\n<tr style=\"height: 49px;\">\n<td style=\"height: 21px;\">Carlos Fern\u00e1ndez Batalla<\/td>\n<td style=\"height: 21px;\"><\/td>\n<\/tr>\n<tr style=\"height: 32px;\">\n<td style=\"height: 32px;\" colspan=\"2\" bgcolor=\"#cccccc\"><b><span style=\"font-family: Arial,Helvetica;\">TECNOLOGIA<\/span><\/b><\/td>\n<\/tr>\n<tr style=\"height: 32px;\">\n<td style=\"height: 32px;\" width=\"200\">L\u00eddia Pascual Pou<\/td>\n<td style=\"height: 32px;\" width=\"404\">Cap d&#8217;Estudis<\/td>\n<\/tr>\n<tr style=\"height: 48px;\">\n<td style=\"height: 48px;\">Elisabet Margalida Nebot<\/td>\n<td style=\"height: 48px;\">Coordinadora de Cultura digital<br \/>\nCap de Departament<\/td>\n<\/tr>\n<tr style=\"height: 33px;\">\n<td style=\"height: 33px;\">Francesc Caelles R\u00fabies<\/td>\n<td style=\"height: 33px;\"><\/td>\n<\/tr>\n<tr style=\"height: 32px;\">\n<td style=\"height: 32px;\">Emma Aloy<\/td>\n<td style=\"height: 32px;\">Tutor 1r ESO B<\/td>\n<\/tr>\n<tr style=\"height: 32px;\">\n<td style=\"height: 32px;\" colspan=\"2\" bgcolor=\"#cccccc\"><b><span style=\"font-family: Arial,Helvetica;\">EDUCACI\u00d3 F\u00cdSICA<\/span><\/b><\/td>\n<\/tr>\n<tr style=\"height: 63px;\">\n<td style=\"height: 11px;\" width=\"200\">Teresa Claverol Poza<\/td>\n<td style=\"height: 11px;\" width=\"404\"><span style=\"font-family: Times New Roman,Times;\">Cap de Departament<\/span><\/td>\n<\/tr>\n<tr style=\"height: 32px;\">\n<td style=\"height: 32px;\" width=\"200\">Pol Sell\u00e9s de San Carlos<\/td>\n<td style=\"height: 32px;\" width=\"404\">Coord. Pla catal\u00e0 de l&#8217;esport<br \/>\nTutor 2n ESO C<\/td>\n<\/tr>\n<tr style=\"height: 32px;\">\n<td style=\"height: 32px;\" colspan=\"2\" bgcolor=\"#cccccc\"><b><span style=\"font-family: Arial,Helvetica;\">EDUCACI\u00d3 VISUAL I PL\u00c0STICA<\/span><\/b><\/td>\n<\/tr>\n<tr style=\"height: 32px;\">\n<td style=\"height: 32px;\" width=\"200\">Carmela S\u00e1nchez Albaladejo<\/td>\n<td style=\"height: 32px;\" width=\"404\">Cap de Departament<\/td>\n<\/tr>\n<tr style=\"height: 32px;\">\n<td style=\"height: 32px;\" colspan=\"2\" bgcolor=\"#cccccc\"><b><span style=\"font-family: Arial,Helvetica;\">M\u00daSICA<\/span><\/b><\/td>\n<\/tr>\n<tr style=\"height: 63px;\">\n<td style=\"height: 47px;\">S\u00edlvia Rufach Escol\u00e0<\/td>\n<td style=\"height: 47px;\">Cap de Departament<\/td>\n<\/tr>\n<tr style=\"height: 32px;\">\n<td style=\"height: 32px;\" colspan=\"2\" bgcolor=\"#cccccc\"><b><span style=\"font-family: Arial,Helvetica;\">ORIENTACI\u00d3\u00a0<\/span><\/b><\/td>\n<\/tr>\n<tr style=\"height: 32px;\">\n<td style=\"height: 32px;\" width=\"200\">Ramona Cases Folguera<\/td>\n<td style=\"height: 32px;\" width=\"404\">Psicopedagogia i Servei d&#8217;orientaci\u00f3<\/td>\n<\/tr>\n<\/tbody>\n<\/table>\n<h5>EL CLAUSTRE DE PROFESSORS<\/h5>\n<p>El Claustre de Professors \u00e9s l&#8217;\u00f2rgan propi de participaci\u00f3 d&#8217;aquests en la gesti\u00f3 i la planificaci\u00f3 educatives de l&#8217;Institut.<\/p>\n<h5>Funcions del Claustre de Professors.<\/h5>\n<p>&#8211; Participar en l&#8217;elaboraci\u00f3 del Projecte Educatiu del Centre.<br \/>\n&#8211; Informar i aportar propostes al Consell Escolar del Centre i a l&#8217;Equip Directiu sobre l&#8217;organitzaci\u00f3 i la Programaci\u00f3 General del Centre, i per al desenvolupament de les activitats escolars complement\u00e0ries i de les extraescolars.<br \/>\n&#8211; Establir criteris per a l&#8217;elaboraci\u00f3 del Projecte Curricular del Centre, aprovar-lo, avaluar-ne l&#8217;aplicaci\u00f3 i decidir-ne possibles modificacions.<br \/>\n&#8211; Elegir els seus representants al Consell Escolar del Centre.<br \/>\n&#8211; Informar del nomenament dels professors-tutors.<br \/>\n&#8211; Emetre informe favorable sobre la proposta de creaci\u00f3 d&#8217;altres \u00f2rgans de coordinaci\u00f3 abans que el Director no la presenti al Consell Escolar del Centre.<br \/>\n&#8211; Fixar i coordinar les funcions d&#8217;orientaci\u00f3 i tutoria dels alumnes.<br \/>\n&#8211; Promoure iniciatives en l&#8217;\u00e0mbit de l&#8217;experimentaci\u00f3 i la investigaci\u00f3 pedag\u00f2giques, i en el de la formaci\u00f3 del professorat de l&#8217;Institut.<br \/>\n&#8211; Analitzar i valorar els resultats de l&#8217;avaluaci\u00f3 dels alumnes i del Centre en general.<br \/>\n&#8211; Aportar al Consell Escolar criteris i propostes per a l&#8217;elaboraci\u00f3 del Reglament de R\u00e8gim Interior.<br \/>\n&#8211; Aportar a l&#8217;Equip Directiu criteris pedag\u00f2gics sobre distribuci\u00f3 hor\u00e0ria del Pla d&#8217;Estudis del Centre, la utilitzaci\u00f3 racional de l&#8217;espai escolar com\u00fa i de l&#8217;equipament did\u00e0ctic en general.<br \/>\n&#8211; Con\u00e8ixer les candidatures a la Direcci\u00f3 i els programes presentats pels candidats.<br \/>\n&#8211; Qualsevol altra que li sigui encomanada per disposici\u00f3 del Departament d&#8217;Ensenyament.<\/p>\n<h5>Funcionament del Claustre de Professors del Centre.<\/h5>\n<p style=\"text-align: justify;\">El Claustre es reuneix preceptivament una vegada cada dos mesos amb car\u00e0cter ordinari i sempre que el convoqui el Director o ho sol\u00b7liciti un ter\u00e7, almenys, dels seus membres. \u00c9s preceptiu que es reuneixi al comen\u00e7ament i al final de cada curs escolar.<br \/>\nL&#8217;assist\u00e8ncia al Claustre \u00e9s obligat\u00f2ria per a tots els seus membres.<br \/>\nEl secretari del Centre est\u00e9n acta de cada sessi\u00f3 del Claustre, la qual, una vegada aprovada, passa a formar part de la documentaci\u00f3 general del Centre.<\/p>\n<h5>L&#8217;EQUIP DIRECTIU<\/h5>\n<p style=\"text-align: justify;\">L&#8217;Equip Directiu est\u00e0 integrat pel Director, el Cap d&#8217;Estudis, el Coordinador Pedag\u00f2gic i el Secretari. (\u00d2rgans unipersonals de govern dels Instituts d&#8217;Educaci\u00f3 Secund\u00e0ria) .<br \/>\nL&#8217;Equip Directiu assessora el Director en mat\u00e8ries de la seva compet\u00e8ncia, elabora la Programaci\u00f3 General, el Projecte Educatiu, el Reglament de R\u00e8gim Interior i la Mem\u00f2ria Anual de l&#8217;Institut.<br \/>\nAix\u00ed mateix, l&#8217;Equip Directiu afavoreix la participaci\u00f3 de la comunitat educativa i estableix\u00a0 els criteris per a l&#8217;avaluaci\u00f3 interna del centre i coordina les actuacions dels \u00f2rgans unipersonals de coordinaci\u00f3.<\/p>\n<h5>PERSONAL D&#8217;ADMINISTRACI\u00d3 I SERVEIS (PAS)<\/h5>\n<p><span style=\"font-family: Times New Roman,Times;\"><span style=\"color: #000000;\">Correspon a aquest cos desenvolupar les tasques de car\u00e0cter auxiliar en mat\u00e8ries administratives, de gesti\u00f3, d&#8217;inspecci\u00f3, de control o similars adients amb el nivell de titulaci\u00f3 que es requereix, aix\u00ed com l&#8217;atenci\u00f3 als alumnes.<\/span><\/span><br \/>\nEl personal d&#8217;administraci\u00f3 i serveis de l&#8217;Institut est\u00e0 integrat per:<\/p>\n<table width=\"616\" cellpadding=\"1\">\n<tbody>\n<tr bgcolor=\"#7A9E7A\">\n<td colspan=\"2\" height=\"35\"><center><span style=\"font-family: Arial,Helvetica;\"><span style=\"color: #ffffff;\"><span style=\"color: #000000; font-size: xx-small;\">PERSONAL D&#8217;ADMINISTRACI\u00d3 I SERVEIS<\/span><\/span><\/span><\/center><\/td>\n<\/tr>\n<tr>\n<td width=\"245\">Ma. Isabel Talarn Gilabert<\/td>\n<td bgcolor=\"#cccccc\" width=\"359\">Administrativa<\/td>\n<\/tr>\n<tr>\n<td width=\"245\">Josep Bacardi Gabernet<\/td>\n<td bgcolor=\"#cccccc\" width=\"359\">Conserge<\/td>\n<\/tr>\n<tr>\n<td width=\"245\">Yolanda Garcia Ruiz<\/td>\n<td bgcolor=\"#cccccc\" width=\"359\">Conserge<\/td>\n<\/tr>\n<\/tbody>\n<\/table>\n<p>&nbsp;<\/p>\n","protected":false},"excerpt":{"rendered":"<p>A l&#8217;Institut es constitueixen Departaments Did\u00e0ctics en funci\u00f3 de les \u00e0rees curriculars de l&#8217;Educaci\u00f3 Secund\u00e0ria Obligat\u00f2ria, en els quals s&#8217;integrar\u00e0 el professorat d&#8217;acord amb les seves especialitats, agrupades per llur afinitat.<br \/>\nEn el si de cada Departament es coordinen les activitats docents de les \u00e0rees i&hellip;  <a href=\"https:\/\/agora.xtec.cat\/iesermengolquart\/pagines-dinici\/pagina-dinici-buida\/organigrama\/\" title=\"Read &#8211; Organigrama\">Llegeix m\u00e9s\u00bb<\/a><\/p>\n","protected":false},"author":1,"featured_media":0,"parent":9,"menu_order":8,"comment_status":"closed","ping_status":"closed","template":"page-templates\/side-menu.php","meta":{"_bbp_topic_count":0,"_bbp_reply_count":0,"_bbp_total_topic_count":0,"_bbp_total_reply_count":0,"_bbp_voice_count":0,"_bbp_anonymous_reply_count":0,"_bbp_topic_count_hidden":0,"_bbp_reply_count_hidden":0,"_bbp_forum_subforum_count":0,"footnotes":""},"class_list":["post-46","page","type-page","status-publish","hentry"],"post_mailing_queue_ids":[],"_links":{"self":[{"href":"https:\/\/agora.xtec.cat\/iesermengolquart\/wp-json\/wp\/v2\/pages\/46","targetHints":{"allow":["GET"]}}],"collection":[{"href":"https:\/\/agora.xtec.cat\/iesermengolquart\/wp-json\/wp\/v2\/pages"}],"about":[{"href":"https:\/\/agora.xtec.cat\/iesermengolquart\/wp-json\/wp\/v2\/types\/page"}],"author":[{"embeddable":true,"href":"https:\/\/agora.xtec.cat\/iesermengolquart\/wp-json\/wp\/v2\/users\/1"}],"replies":[{"embeddable":true,"href":"https:\/\/agora.xtec.cat\/iesermengolquart\/wp-json\/wp\/v2\/comments?post=46"}],"version-history":[{"count":5,"href":"https:\/\/agora.xtec.cat\/iesermengolquart\/wp-json\/wp\/v2\/pages\/46\/revisions"}],"predecessor-version":[{"id":5408,"href":"https:\/\/agora.xtec.cat\/iesermengolquart\/wp-json\/wp\/v2\/pages\/46\/revisions\/5408"}],"up":[{"embeddable":true,"href":"https:\/\/agora.xtec.cat\/iesermengolquart\/wp-json\/wp\/v2\/pages\/9"}],"wp:attachment":[{"href":"https:\/\/agora.xtec.cat\/iesermengolquart\/wp-json\/wp\/v2\/media?parent=46"}],"curies":[{"name":"wp","href":"https:\/\/api.w.org\/{rel}","templated":true}]}}