{"id":413,"date":"2016-01-20T12:12:51","date_gmt":"2016-01-20T11:12:51","guid":{"rendered":"http:\/\/agora.xtec.cat\/iesermengolquart\/?page_id=413"},"modified":"2024-12-18T13:16:10","modified_gmt":"2024-12-18T12:16:10","slug":"documents","status":"publish","type":"page","link":"https:\/\/agora.xtec.cat\/iesermengolquart\/pagines-dinici\/pagina-dinici-buida\/documents\/","title":{"rendered":"&#8211; Documents \/ Enlla\u00e7os"},"content":{"rendered":"<p><strong>DOCUMENTS:<\/strong><\/p>\n<ul>\n<li>Autoritzaci\u00f3 recollida t\u00edtol d&#8217;ESO o Batxillerat: <a href=\"https:\/\/agora.xtec.cat\/iesermengolquart\/wp-content\/uploads\/usu1239\/2024\/12\/autoritzacio-recollida-titol.pdf\" target=\"_blank\" rel=\"noopener\">Autoritzaci\u00f3 recollida de t\u00edtol<\/a><\/li>\n<li>Full de justificaci\u00f3 de<strong style=\"font-family: inherit; font-size: 1em;\"> faltes d&#8217;assist\u00e8ncia<\/strong><span style=\"font-family: inherit; font-size: 1em;\">: cliqueu l&#8217;enlla\u00e7, imprimiu el full, ompliu-lo i doneu-lo a consergeria o als tutors:\u00a0<\/span><a style=\"font-family: inherit; font-size: 1em;\" href=\"https:\/\/agora.xtec.cat\/iesermengolquart\/wp-content\/uploads\/usu1239\/2021\/11\/justificant_faltes_alumnes.pdf\" target=\"_blank\" rel=\"noopener\">JUSTIFICANT FALTES D&#8217;ASSIST\u00c8NCIA<\/a><\/li>\n<\/ul>\n<p>&nbsp;<\/p>\n<p style=\"text-align: left;\"><span style=\"text-decoration: underline;\"><strong>WEBS PER SABER QU\u00c8 FER DESPR\u00c9S DE L&#8217; ESO<\/strong><\/span><\/p>\n<p style=\"text-align: left;\"><a href=\"http:\/\/ioc.xtec.cat\/educacio\/\" target=\"_blank\" rel=\"noopener noreferrer\"><b><span style=\"font-family: 'Times New Roman', Times;\">Institut Obert de Catalunya<\/span><\/b>.<\/a><br \/>\nDates de matr\u00edcula i oferta educativa.<\/p>\n<p style=\"text-align: left;\"><b><span style=\"font-family: 'Times New Roman', Times;\"><a href=\"http:\/\/universitatsirecerca.gencat.cat\/ca\/inici\/\" target=\"_blank\" rel=\"noopener noreferrer\">Departament d&#8217;Economia i Coneixement &#8211; Universitats i Recerca.<\/a><\/span><\/b><\/p>\n<p style=\"text-align: left;\"><a href=\"http:\/\/aplicacions.universitats.gencat.cat\/qpq\/AppJava\/real\/iniciar.do\" target=\"_blank\" rel=\"noopener noreferrer\"><b><span style=\"font-family: 'Times New Roman', Times;\">Estudis universitaris &#8211; Qu\u00e8 vols estudiar i per qu\u00e8?<\/span><\/b> <\/a><br \/>\nEl web de les sortides professionals als estudis de les universitats catalanes. Facilita el coneixement i l&#8217;elecci\u00f3 de l&#8217;estudi universitari. Informa sobre els estudis oficials i homologats que es poden estudiar a les universitats catalanes.<\/p>\n<p style=\"text-align: left;\"><a href=\"http:\/\/universitats.gencat.cat\/ca\/pau\/model_examens\/\" target=\"_blank\" rel=\"noopener noreferrer\"><b><span style=\"font-family: 'Times New Roman', Times;\">Proves d&#8217;acc\u00e9s a la Universitat (PAU): Informaci\u00f3 i models d&#8217;ex\u00e0mens.<\/span><\/b> <\/a><br \/>\nEx\u00e0mens de les darreres convocat\u00f2ries amb pautes de correcci\u00f3.<\/p>\n<p><a href=\"http:\/\/www.unportal.cat\/\" target=\"_blank\" rel=\"noopener noreferrer\"><b><span style=\"font-family: 'Times New Roman', Times;\">Unportal<\/span><\/b> <\/a><br \/>\nUn portal per triar carrera. Es dirigeix als estudiants d&#8217;ESO, Batxillerat, FP, fam\u00edlies&#8230;<\/p>\n<p><b><span style=\"font-family: 'Times New Roman', Times;\"><a href=\"http:\/\/www.educaweb.cat\/continguts\/educatius\/\" target=\"_blank\" rel=\"noopener noreferrer\">Educaweb: Orientaci\u00f3 acad\u00e8mica.<\/a><\/span><\/b><br \/>\nInformaci\u00f3 i continguts sobre el sector educatiu. Orientaci\u00f3 laboral.<\/p>\n<p><a href=\"http:\/\/www.educacionyfp.gob.es\/portada.html\" target=\"_blank\" rel=\"noopener noreferrer\"><span style=\"font-family: 'Times New Roman', Times;\"><b>Ministerio de Educaci\u00f3n y Formaci\u00f3n Profesional<\/b><\/span> <\/a><br \/>\nSistema educatiu espanyol. Informaci\u00f3 sobre beques, estad\u00edstiques educatives, enlla\u00e7os amb altres webs culturals&#8230;<\/p>\n<p>&nbsp;<\/p>\n","protected":false},"excerpt":{"rendered":"<p>DOCUMENTS:<\/p>\n<ul>\n<li>Autoritzaci\u00f3 recollida t\u00edtol d&#8217;ESO o Batxillerat: <a href=\"https:\/\/agora.xtec.cat\/iesermengolquart\/wp-content\/uploads\/usu1239\/2024\/12\/autoritzacio-recollida-titol.pdf\" target=\"_blank\" rel=\"noopener\">Autoritzaci\u00f3 recollida de t\u00edtol<\/a><\/li>\n<li>Full de justificaci\u00f3 de faltes d&#8217;assist\u00e8ncia: cliqueu l&#8217;enlla\u00e7, imprimiu el full, ompliu-lo i doneu-lo a consergeria o als tutors:\u00a0<a style=\"font-family: inherit; font-size: 1em;\" href=\"https:\/\/agora.xtec.cat\/iesermengolquart\/wp-content\/uploads\/usu1239\/2021\/11\/justificant_faltes_alumnes.pdf\" target=\"_blank\" rel=\"noopener\">JUSTIFICANT FALTES D&#8217;ASSIST\u00c8NCIA<\/a><\/li>\n<\/ul>\n<p>&nbsp;<br \/>\nWEBS PER SABER QU\u00c8 FER DESPR\u00c9S&hellip;  <a href=\"https:\/\/agora.xtec.cat\/iesermengolquart\/pagines-dinici\/pagina-dinici-buida\/documents\/\" title=\"Read &#8211; Documents \/ Enlla\u00e7os\">Llegeix m\u00e9s\u00bb<\/a><\/p>\n","protected":false},"author":1,"featured_media":0,"parent":9,"menu_order":13,"comment_status":"closed","ping_status":"open","template":"page-templates\/side-menu.php","meta":{"_bbp_topic_count":0,"_bbp_reply_count":0,"_bbp_total_topic_count":0,"_bbp_total_reply_count":0,"_bbp_voice_count":0,"_bbp_anonymous_reply_count":0,"_bbp_topic_count_hidden":0,"_bbp_reply_count_hidden":0,"_bbp_forum_subforum_count":0,"footnotes":""},"class_list":["post-413","page","type-page","status-publish","hentry"],"post_mailing_queue_ids":[],"_links":{"self":[{"href":"https:\/\/agora.xtec.cat\/iesermengolquart\/wp-json\/wp\/v2\/pages\/413","targetHints":{"allow":["GET"]}}],"collection":[{"href":"https:\/\/agora.xtec.cat\/iesermengolquart\/wp-json\/wp\/v2\/pages"}],"about":[{"href":"https:\/\/agora.xtec.cat\/iesermengolquart\/wp-json\/wp\/v2\/types\/page"}],"author":[{"embeddable":true,"href":"https:\/\/agora.xtec.cat\/iesermengolquart\/wp-json\/wp\/v2\/users\/1"}],"replies":[{"embeddable":true,"href":"https:\/\/agora.xtec.cat\/iesermengolquart\/wp-json\/wp\/v2\/comments?post=413"}],"version-history":[{"count":7,"href":"https:\/\/agora.xtec.cat\/iesermengolquart\/wp-json\/wp\/v2\/pages\/413\/revisions"}],"predecessor-version":[{"id":5512,"href":"https:\/\/agora.xtec.cat\/iesermengolquart\/wp-json\/wp\/v2\/pages\/413\/revisions\/5512"}],"up":[{"embeddable":true,"href":"https:\/\/agora.xtec.cat\/iesermengolquart\/wp-json\/wp\/v2\/pages\/9"}],"wp:attachment":[{"href":"https:\/\/agora.xtec.cat\/iesermengolquart\/wp-json\/wp\/v2\/media?parent=413"}],"curies":[{"name":"wp","href":"https:\/\/api.w.org\/{rel}","templated":true}]}}