{"id":354,"date":"2015-11-30T17:52:26","date_gmt":"2015-11-30T16:52:26","guid":{"rendered":"http:\/\/agora.xtec.cat\/iesermengolquart\/?page_id=354"},"modified":"2025-06-08T18:33:17","modified_gmt":"2025-06-08T16:33:17","slug":"ampa-2-2","status":"publish","type":"page","link":"https:\/\/agora.xtec.cat\/iesermengolquart\/pagines-dinici\/pagina-dinici-buida\/ampa-2-2\/","title":{"rendered":"&#8211; AMPA"},"content":{"rendered":"<h3>AMPA<\/h3>\n<p>Quan el Departament d&#8217;Ensenyament va comunicar a la Comunitat Educativa que entraria en funcionament el nou Institut de Bellcaire d&#8217;Urgell, l&#8217;Associaci\u00f3 de Mares i Pares (AMPA) de cada municipi adscrit (Bellcaire d&#8217;Urgell, Bellmunt d&#8217;Urgell, Castellser\u00e0, la Fuliola, Linyola, Montgai, Penelles i la Sentiu de Si\u00f3) va elegir dos delegats per tal de vetllar el proc\u00e9s d&#8217;obertura del nou centre i preparar els estatuts per a la creaci\u00f3 d&#8217;una associaci\u00f3 de pares de l&#8217;Institut. Actualment, el Centre t\u00e9 una AMPA legalment constitu\u00efda i amb estatuts propis.<\/p>\n<p>Poden formar part de l&#8217;Associaci\u00f3 els pares i mares o tutors\/es legals dels alumnes matriculats al centre que ho desitgin.<br \/>\nL&#8217;Associaci\u00f3 de Mares i Pares d&#8217;Alumnes (AMPA) de l&#8217;Institut Ermengol IV de Bellcaire d&#8217;Urgell est\u00e0 integrada pel 85 % dels pares dels alumnes del Centre.<\/p>\n<p>Es reuneixen preceptivament, amb car\u00e0cter ordinari, una vegada al mes en la seva seu social (sala de l&#8217;institut) i ,amb car\u00e0cter extraordinari, sempre que faci falta. Al menys un cop a l&#8217;any convoquen una assemblea general informativa per a tots els associats.<\/p>\n<h5>ACTIVITATS PRINCIPALS DE L&#8217;AMPA<\/h5>\n<p><b><span style=\"font-family: Arial,Helvetica;\">DIRIGIDES\u00a0 ALS PARES<\/span><\/b><br \/>\n<span style=\"font-family: Times New Roman,Times;\">&#8211; Confer\u00e8ncies<\/span><br \/>\n&#8211; Cursos de formaci\u00f3.<br \/>\n<span style=\"font-family: Times New Roman,Times;\">&#8211; Grups d&#8217;Escola de Pares<\/span><br \/>\n<span style=\"font-family: Times New Roman,Times;\">&#8211; Festa de fi de curs<\/span><br \/>\n<span style=\"font-family: Times New Roman,Times;\">&#8211; Facilitar l&#8217;adquisici\u00f3 de material escolar en les millors condicions<\/span><\/p>\n<p><b><span style=\"font-family: Arial,Helvetica;\">DIRIGIDES ALS ALUMNES<\/span><\/b><br \/>\n<span style=\"font-family: Times New Roman,Times;\">&#8211; Intervenci\u00f3 en activitats escolars o paraescolars<\/span><br \/>\n<span style=\"font-family: Times New Roman,Times;\">&#8211; Aportaci\u00f3 de material divers al Centre:<\/span><br \/>\n<span style=\"font-family: Times New Roman,Times;\">\u00a0\u00a0\u00a0 <i>inform\u00e0tica, biblioteca, laboratoris, tecnologia, material esportiu, cortines&#8230;<\/i><\/span><br \/>\n<span style=\"font-family: Times New Roman,Times;\">&#8211; Organitzaci\u00f3 de sessions d&#8217;orientaci\u00f3<\/span><\/p>\n<p><b><span style=\"font-family: Arial,Helvetica;\">CONJUNTAMENT AMB EL CENTRE<\/span><\/b><br \/>\n<span style=\"font-family: Times New Roman,Times;\">&#8211; Col\u00b7laboraci\u00f3 amb les festes i sortides del Centre:<\/span><br \/>\n<span style=\"font-family: Times New Roman,Times;\">\u00a0\u00a0\u00a0 <i>Castanyada, Nadal, Sant Jordi, Jornada d&#8217;acollida, Fi de curs, sortides i excursions &#8230;<\/i><\/span><\/p>\n<p>JUNTA DIRECTIVA DE L&#8217;AMPA<\/p>\n<table border=\"0\" width=\"616\">\n<tbody>\n<tr>\n<td><span style=\"font-family: Times New Roman,Times;\">D&#8217;acord als estatuts, la <b>Junta Directiva<\/b> de l&#8217;AMPA est\u00e0 formada per 16 membres:<\/span><br \/>\n<span style=\"font-family: Times New Roman,Times;\">\u00a0\u00a0\u00a0\u00a0\u00a0\u00a0\u00a0 &#8211; 8 per elecci\u00f3 de l&#8217;assemblea<\/span><br \/>\n<span style=\"font-family: Times New Roman,Times;\">\u00a0\u00a0\u00a0\u00a0\u00a0\u00a0\u00a0 &#8211; 8 com a representants dels pobles i designats directament per ells, a ra\u00f3 d&#8217;1 per municipi. <\/span><span style=\"font-family: Times New Roman,Times;\">La finalitat d&#8217;aquesta Junta \u00e9s la de permetre la participaci\u00f3 de tots els municipis independentment de la quantitat d&#8217;alumnes que aporten a l&#8217;Institut. <\/span><\/td>\n<td width=\"180\"><a href=\"https:\/\/agora.xtec.cat\/iesermengolquart\/wp-content\/uploads\/usu1239\/2020\/02\/Logo-AMPA.png\"><img loading=\"lazy\" decoding=\"async\" class=\"alignnone size-large wp-image-3051\" src=\"https:\/\/agora.xtec.cat\/iesermengolquart\/wp-content\/uploads\/usu1239\/2020\/02\/Logo-AMPA-1024x889.png\" alt=\"\" width=\"1024\" height=\"889\" srcset=\"https:\/\/agora.xtec.cat\/iesermengolquart\/wp-content\/uploads\/usu1239\/2020\/02\/Logo-AMPA-1024x889.png 1024w, https:\/\/agora.xtec.cat\/iesermengolquart\/wp-content\/uploads\/usu1239\/2020\/02\/Logo-AMPA-300x260.png 300w, https:\/\/agora.xtec.cat\/iesermengolquart\/wp-content\/uploads\/usu1239\/2020\/02\/Logo-AMPA-768x667.png 768w, https:\/\/agora.xtec.cat\/iesermengolquart\/wp-content\/uploads\/usu1239\/2020\/02\/Logo-AMPA.png 1929w\" sizes=\"auto, (max-width: 1024px) 100vw, 1024px\" \/><\/a><\/td>\n<\/tr>\n<\/tbody>\n<\/table>\n<p><span style=\"font-family: Times New Roman,Times;\">En el cas que una poblaci\u00f3 no designi cap representant, queda el lloc vacant i, en qualsevol moment, pot ser ocupat per un membre d&#8217;aquesta poblaci\u00f3.<\/span><\/p>\n<p><strong>MEMBRES DE LA JUNTA DIRECTIVA<\/strong><\/p>\n<div>Presidenta: N\u00faria Nebra<\/div>\n<div><\/div>\n<div>Secretari: Quim Balaguer<\/div>\n<div><\/div>\n<div>Tresorera: Carme Borges<\/div>\n<div><\/div>\n<div><\/div>\n<h5 style=\"text-align: center;\"><strong>Per comunicar-se amb l&#8217;AMPA podeu escriure un correu a: ampaermengoliv@gmail.com<\/strong><\/h5>\n","protected":false},"excerpt":{"rendered":"<p>AMPA<br \/>\nQuan el Departament d&#8217;Ensenyament va comunicar a la Comunitat Educativa que entraria en funcionament el nou Institut de Bellcaire d&#8217;Urgell, l&#8217;Associaci\u00f3 de Mares i Pares (AMPA) de cada municipi adscrit (Bellcaire d&#8217;Urgell, Bellmunt d&#8217;Urgell, Castellser\u00e0, la Fuliola, Linyola, Montgai, Penelles i la Sentiu de Si\u00f3)&hellip;  <a href=\"https:\/\/agora.xtec.cat\/iesermengolquart\/pagines-dinici\/pagina-dinici-buida\/ampa-2-2\/\" title=\"Read &#8211; AMPA\">Llegeix m\u00e9s\u00bb<\/a><\/p>\n","protected":false},"author":1,"featured_media":0,"parent":9,"menu_order":12,"comment_status":"closed","ping_status":"closed","template":"page-templates\/side-menu.php","meta":{"_bbp_topic_count":0,"_bbp_reply_count":0,"_bbp_total_topic_count":0,"_bbp_total_reply_count":0,"_bbp_voice_count":0,"_bbp_anonymous_reply_count":0,"_bbp_topic_count_hidden":0,"_bbp_reply_count_hidden":0,"_bbp_forum_subforum_count":0,"footnotes":""},"class_list":["post-354","page","type-page","status-publish","hentry"],"post_mailing_queue_ids":[],"_links":{"self":[{"href":"https:\/\/agora.xtec.cat\/iesermengolquart\/wp-json\/wp\/v2\/pages\/354","targetHints":{"allow":["GET"]}}],"collection":[{"href":"https:\/\/agora.xtec.cat\/iesermengolquart\/wp-json\/wp\/v2\/pages"}],"about":[{"href":"https:\/\/agora.xtec.cat\/iesermengolquart\/wp-json\/wp\/v2\/types\/page"}],"author":[{"embeddable":true,"href":"https:\/\/agora.xtec.cat\/iesermengolquart\/wp-json\/wp\/v2\/users\/1"}],"replies":[{"embeddable":true,"href":"https:\/\/agora.xtec.cat\/iesermengolquart\/wp-json\/wp\/v2\/comments?post=354"}],"version-history":[{"count":7,"href":"https:\/\/agora.xtec.cat\/iesermengolquart\/wp-json\/wp\/v2\/pages\/354\/revisions"}],"predecessor-version":[{"id":5725,"href":"https:\/\/agora.xtec.cat\/iesermengolquart\/wp-json\/wp\/v2\/pages\/354\/revisions\/5725"}],"up":[{"embeddable":true,"href":"https:\/\/agora.xtec.cat\/iesermengolquart\/wp-json\/wp\/v2\/pages\/9"}],"wp:attachment":[{"href":"https:\/\/agora.xtec.cat\/iesermengolquart\/wp-json\/wp\/v2\/media?parent=354"}],"curies":[{"name":"wp","href":"https:\/\/api.w.org\/{rel}","templated":true}]}}