{"id":1008,"date":"2016-12-21T12:17:58","date_gmt":"2016-12-21T11:17:58","guid":{"rendered":"http:\/\/agora.xtec.cat\/iesermengolquart\/?page_id=1008"},"modified":"2025-01-21T09:00:49","modified_gmt":"2025-01-21T08:00:49","slug":"autoritzacio-de-menors-per-viatges-destudis-a-lestranger","status":"publish","type":"page","link":"https:\/\/agora.xtec.cat\/iesermengolquart\/pagines-dinici\/pagina-dinici-buida\/autoritzacio-de-menors-per-viatges-destudis-a-lestranger\/","title":{"rendered":"&#8211; Autoritzaci\u00f3 de menors per viatges d&#8217;estudis a l&#8217;estranger"},"content":{"rendered":"<div class=\"list_needToKnow-group-item-title\"><strong><span class=\"list_needToKnow-group-item-span\" role=\"heading\" aria-level=\"3\">Qu\u00e8 \u00e9s?<\/span><\/strong><\/div>\n<div><\/div>\n<div class=\"wrapper_list_needToKnow-group-article\">\n<div class=\"list_needToKnow-group-item-paragraph\">\n<div class=\"link-dotted\">\n<p>\u00c9s una declaraci\u00f3 expressa que han de signar els pares, les mares o els tutors legals d\u2019una persona menor d\u2019edat\u00a0quan aquesta ha de viatjar a l\u2019estranger sol o en companyia de terceres persones.<\/p>\n<p>Quan el o la menor viatja a l\u2019estranger, els agents de fronteres li poden demanar aquest document per assegurar-se que no abandona el territori contra la seva voluntat o la de les persones que en tenen la p\u00e0tria potestat.<\/p>\n<p><strong>Aquesta regulaci\u00f3 no s\u2019aplica a:<\/strong><\/p>\n<ol>\n<li>Menors estrangers residents a Espanya. Aquests han de seguir la normativa del seu pa\u00eds. Els seus representants legals poden informar-se a trav\u00e9s del consolat.\u00a0<a href=\"https:\/\/mossos.gencat.cat\/ca\/serveis_i_tramits\/autoritzacio_de_menors_per_viatjar_a_lestranger\/documentacio-necessaria-per-a-viatges-a-lestranger-per-a-menors-estrangers-residents\/\" target=\"_blank\" rel=\"noopener\">Consulta els requisits de cada pa\u00eds<\/a>.<\/li>\n<li>Persones amb discapacitat amb assist\u00e8ncia en l\u2019exercici de la seva capacitat jur\u00eddica o persones amb la capacitat d\u2019obrar modificada arran d&#8217;una resoluci\u00f3 judicial.<\/li>\n<\/ol>\n<div class=\"list_needToKnow-group-item-title\"><strong><span class=\"list_needToKnow-group-item-span\" role=\"heading\" aria-level=\"3\">Terminis:<\/span><\/strong><\/div>\n<div><\/div>\n<div class=\"wrapper_list_needToKnow-group-article\">\n<div class=\"list_needToKnow-group-item-paragraph\">\n<div class=\"link-dotted\">\n<ul>\n<li>La\u00a0<strong>presentaci\u00f3 electr\u00f2nica<\/strong>\u00a0es pot fer amb una antelaci\u00f3 m\u00e0xima de 90 dies i m\u00ednima de 7 dies, comptats des de la data d&#8217;inici del viatge. El termini de resposta de l\u2019Administraci\u00f3 \u00e9s de 7 dies com a m\u00e0xim.<\/li>\n<li>La\u00a0<strong>presentaci\u00f3 presencial<\/strong>\u00a0es pot fer amb una antelaci\u00f3 m\u00e0xima de 90 dies anteriors a la data d\u2019inici del viatge. La resposta de l\u2019Administraci\u00f3 \u00e9s immediata.<\/li>\n<\/ul>\n<\/div>\n<\/div>\n<\/div>\n<\/div>\n<\/div>\n<\/div>\n<div class=\"list_needToKnow-group-item-title\"><strong><span class=\"list_needToKnow-group-item-span\" role=\"heading\" aria-level=\"3\">Documentaci\u00f3:<\/span><\/strong><\/div>\n<div><\/div>\n<div class=\"wrapper_list_needToKnow-group-article\">\n<div class=\"link-dotted\">\n<div class=\"list_needToKnow-group-item-paragraph\">\n<ul>\n<li>DNI \/ NIE \/ Passaport de la persona o persones que fan el tr\u00e0mit<\/li>\n<li>DNI \/ Passaport del menor<\/li>\n<li>Un dels documents seg\u00fcents:\n<ul>\n<li>Llibre de fam\u00edlia o certificat equivalent del registre civil del menor<\/li>\n<li>Certificat de naixement del menor<\/li>\n<li>Nomenament com a tutor del menor<\/li>\n<\/ul>\n<\/li>\n<li>En el cas de \u201csortides freq\u00fcents per una relaci\u00f3 contractual o personal\u201d, documentaci\u00f3 justificativa\u00a0on consti el per\u00edode de la relaci\u00f3 contractual, les activitats que es faran i les dates o el termini corresponent (dies o per\u00edodes, segons la durada de l\u2019activitat).<\/li>\n<\/ul>\n<p>En el cas que facis el tr\u00e0mit presencialment, has de portar la documentaci\u00f3 original.<\/p>\n<\/div>\n<p class=\"list_needToKnow-group-item-title\"><strong><span class=\"list_needToKnow-group-item-span\" role=\"heading\" aria-level=\"3\">Altra informaci\u00f3<\/span><\/strong><\/p>\n<div class=\"wrapper_list_needToKnow-group-article\">\n<div class=\"list_needToKnow-group-item-paragraph\">\n<div class=\"link-dotted\">\n<p>El perm\u00eds l\u2019omplen i el signen el pare o la mare o qui tingui la tutela legal de la persona menor d\u2019edat.<\/p>\n<p>Nom\u00e9s pots presentar el perm\u00eds\u00a0<strong>electr\u00f2nicament<\/strong>\u00a0si:<\/p>\n<ul>\n<li>Ets el pare o la mare del menor<\/li>\n<li>El menor t\u00e9 DNI<\/li>\n<li>Disposes de les dades del llibre de fam\u00edlia de l\u2019Estat espanyol<\/li>\n<\/ul>\n<p>En tots els altres casos, el tr\u00e0mit nom\u00e9s es pot fer presencialment.<\/p>\n<p><strong>Per viatjar a l&#8217;estranger, el menor necessitar\u00e0:<\/strong><\/p>\n<ul>\n<li>DNI o passaport (en vigor durant tota la durada del viatge)<\/li>\n<li>Si va a un pa\u00eds que<strong>\u00a0pertany a\u00a0<\/strong>l&#8217;<a href=\"https:\/\/www.schengenvisainfo.com\/es\/schengen-paises\/\" target=\"_blank\" rel=\"noopener\">espai Schengen<\/a>:\n<ul>\n<li>DNI o passaport (en vigor durant tota la durada del viatge)<\/li>\n<li>Perm\u00eds per viatjar a l\u2019estranger signat pel pare o la mare o el tutor legal.<\/li>\n<\/ul>\n<\/li>\n<li>Si va a un pa\u00eds que\u00a0<strong>no pertany a<\/strong>\u00a0l&#8217;espai Schengen:\n<ul>\n<li>Passaport (en vigor durant tota la durada del viatge)<\/li>\n<li>Perm\u00eds per viatjar a l\u2019estranger signat pel pare o la mare o el tutor legal.<\/li>\n<li>En els casos en qu\u00e8 el pa\u00eds de dest\u00ed ho sol\u00b7liciti, un visat. Pots obtenir aquesta informaci\u00f3 a l\u2019ambaixada o consolat del pa\u00eds.\u00a0<a href=\"https:\/\/mossos.gencat.cat\/ca\/serveis_i_tramits\/autoritzacio_de_menors_per_viatjar_a_lestranger\/documentacio-necessaria-per-a-viatges-a-lestranger-per-a-menors-estrangers-residents\/\" target=\"_blank\" rel=\"noopener\">Consulta els requisits de cada pa\u00eds<\/a>.<\/li>\n<\/ul>\n<\/li>\n<\/ul>\n<p>&nbsp;<\/p>\n<\/div>\n<\/div>\n<\/div>\n<\/div>\n<\/div>\n<p><strong>Enlla\u00e7 on consultar tota aquesta informaci\u00f3 i on realitzar el tr\u00e0mit:<\/strong> <a href=\"https:\/\/mossos.gencat.cat\/ca\/detalls\/Tramit\/7864_-_Permis-de-viatge-a-lestranger-per-a-menors\" target=\"_blank\" rel=\"noopener\">https:\/\/mossos.gencat.cat\/ca\/detalls\/Tramit\/7864_-_Permis-de-viatge-a-lestranger-per-a-menors<\/a><\/p>\n<div><\/div>\n<div class=\"gmail_default\">En el moment d&#8217;omplir l&#8217;autoritzaci\u00f3 us demanaran la seg\u00fcent informaci\u00f3 de l&#8217;institut i el professorat acompanyant.(En negreta: enunciat del document\/perm\u00eds; en blau: all\u00f2 que haur\u00edeu de posar):<\/div>\n<div class=\"gmail_default\"><\/div>\n<div class=\"gmail_default\">&#8211;\u00a0<b>Acompanyants &#8211; Cognoms i noms<\/b>:\u00a0<span style=\"color: #0000ff;\">INS Ermengol IV.<\/span><\/div>\n<div><\/div>\n<div class=\"gmail_default\">&#8211;\u00a0<b>DNI\/ Passaport<\/b>:\u00a0<span style=\"color: #0000ff;\">Q7550045D.<\/span><\/div>\n<div><\/div>\n<div class=\"gmail_default\">&#8211;\u00a0<b>Relaci\u00f3<\/b>:<\/div>\n<div><\/div>\n<div class=\"gmail_default\">&#8211;\u00a0<b>Tel\u00e8fon<\/b>:\u00a0<span style=\"color: #0000ff;\">973 58 62 14.<\/span><\/div>\n<p>&nbsp;<\/p>\n<p><iframe loading=\"lazy\" title=\"Permisos de viatge a l\u2019estranger per a menors a trav\u00e9s de l\u2019App de Mossos\" width=\"500\" height=\"281\" src=\"https:\/\/www.youtube.com\/embed\/812XhgnptqE?feature=oembed\" frameborder=\"0\" allow=\"accelerometer; autoplay; clipboard-write; encrypted-media; gyroscope; picture-in-picture; web-share\" referrerpolicy=\"strict-origin-when-cross-origin\" allowfullscreen><\/iframe><\/p>\n<p>&nbsp;<\/p>\n","protected":false},"excerpt":{"rendered":"<p>Qu\u00e8 \u00e9s?<\/p>\n<p>\u00c9s una declaraci\u00f3 expressa que han de signar els pares, les mares o els tutors legals d\u2019una persona menor d\u2019edat\u00a0quan aquesta ha de viatjar a l\u2019estranger sol o en companyia de terceres persones.<br \/>\nQuan el o la menor viatja a l\u2019estranger, els agents de fronteres&hellip;  <a href=\"https:\/\/agora.xtec.cat\/iesermengolquart\/pagines-dinici\/pagina-dinici-buida\/autoritzacio-de-menors-per-viatges-destudis-a-lestranger\/\" title=\"Read &#8211; Autoritzaci\u00f3 de menors per viatges d&#8217;estudis a l&#8217;estranger\">Llegeix m\u00e9s\u00bb<\/a><\/p>\n","protected":false},"author":1,"featured_media":0,"parent":9,"menu_order":15,"comment_status":"closed","ping_status":"closed","template":"page-templates\/side-menu.php","meta":{"_bbp_topic_count":0,"_bbp_reply_count":0,"_bbp_total_topic_count":0,"_bbp_total_reply_count":0,"_bbp_voice_count":0,"_bbp_anonymous_reply_count":0,"_bbp_topic_count_hidden":0,"_bbp_reply_count_hidden":0,"_bbp_forum_subforum_count":0,"footnotes":""},"class_list":["post-1008","page","type-page","status-publish","hentry"],"post_mailing_queue_ids":[],"_links":{"self":[{"href":"https:\/\/agora.xtec.cat\/iesermengolquart\/wp-json\/wp\/v2\/pages\/1008","targetHints":{"allow":["GET"]}}],"collection":[{"href":"https:\/\/agora.xtec.cat\/iesermengolquart\/wp-json\/wp\/v2\/pages"}],"about":[{"href":"https:\/\/agora.xtec.cat\/iesermengolquart\/wp-json\/wp\/v2\/types\/page"}],"author":[{"embeddable":true,"href":"https:\/\/agora.xtec.cat\/iesermengolquart\/wp-json\/wp\/v2\/users\/1"}],"replies":[{"embeddable":true,"href":"https:\/\/agora.xtec.cat\/iesermengolquart\/wp-json\/wp\/v2\/comments?post=1008"}],"version-history":[{"count":6,"href":"https:\/\/agora.xtec.cat\/iesermengolquart\/wp-json\/wp\/v2\/pages\/1008\/revisions"}],"predecessor-version":[{"id":5545,"href":"https:\/\/agora.xtec.cat\/iesermengolquart\/wp-json\/wp\/v2\/pages\/1008\/revisions\/5545"}],"up":[{"embeddable":true,"href":"https:\/\/agora.xtec.cat\/iesermengolquart\/wp-json\/wp\/v2\/pages\/9"}],"wp:attachment":[{"href":"https:\/\/agora.xtec.cat\/iesermengolquart\/wp-json\/wp\/v2\/media?parent=1008"}],"curies":[{"name":"wp","href":"https:\/\/api.w.org\/{rel}","templated":true}]}}