{"id":9,"date":"2014-09-12T10:15:01","date_gmt":"2014-09-12T10:15:01","guid":{"rendered":"http:\/\/agora.xtec.cat\/ieselsui\/?page_id=9"},"modified":"2026-04-10T09:09:38","modified_gmt":"2026-04-10T07:09:38","slug":"pagina-dinici-buida","status":"publish","type":"page","link":"https:\/\/agora.xtec.cat\/ieselsui\/","title":{"rendered":""},"content":{"rendered":"\n<ul class=\"wp-block-list\">\n<li><strong>Presentaci\u00f3 projecte educatiu al TAC:<\/strong>&nbsp;dimecres&nbsp;25 de febrer a les 17:00 h<\/li>\n\n\n\n<li><strong>Portes obertes ESO:&nbsp;<\/strong>dimecres 4 de mar\u00e7. 1r torn 17:00 h i 2n torn 18:00 h<\/li>\n\n\n\n<li><strong>Portes obertes ESO:&nbsp;<\/strong>dijous 5 de mar\u00e7. 1r torn 17:00 h i 2n torn 18:00 h.<\/li>\n\n\n\n<li><strong>Portes obertes batxillerat i presentaci\u00f3 del projecte educatiu.<\/strong>&nbsp;Dimecres 25 de mar\u00e7 a les 17 h al centre.<\/li>\n\n\n\n<li><strong>PREINSCRIPCI\u00d3 ESO del 6 al 18 de mar\u00e7<\/strong><\/li>\n\n\n\n<li><strong>PREINSCRIPCI\u00d3 Batxillerat del 9 al 16 d&#8217;abril<\/strong><\/li>\n<\/ul>\n\n\n\n<div class=\"wp-block-columns is-layout-flex wp-container-core-columns-is-layout-1 wp-block-columns-is-layout-flex\">\n<div class=\"wp-block-column is-vertically-aligned-center caixa-link is-layout-flow wp-block-column-is-layout-flow\" style=\"flex-basis:50%\" id=\"https:\/\/agora.xtec.cat\/ieselsui\/preinscripcio-eso-i-batxillerat\/preinscripcio-i-matriculacio-1r-eso-i-alumnat-nouvingut\/\">\n<figure class=\"wp-block-image size-full\"><img loading=\"lazy\" decoding=\"async\" width=\"249\" height=\"98\" src=\"https:\/\/agora.xtec.cat\/ieselsui\/wp-content\/uploads\/usu718\/2026\/03\/Logo-preinscripcio-ESO.png\" alt=\"\" class=\"wp-image-5752\"\/><\/figure>\n\n\n\n<p class=\"has-text-align-center has-ast-global-color-1-color has-text-color has-link-color has-large-font-size wp-elements-f725f2e86e927e6fc72bbaaf22663477\"><strong>Informaci\u00f3 i proc\u00e9s preinscripci\u00f3 ESO<\/strong><\/p>\n<\/div>\n\n\n\n<div class=\"wp-block-column caixa-link is-layout-flow wp-block-column-is-layout-flow\" style=\"flex-basis:50%\" id=\"https:\/\/agora.xtec.cat\/ieselsui\/preinscripcio-eso-i-batxillerat\/preinscripcio-i-matriculacio-batxillerat\/\">\n<figure class=\"wp-block-image size-full\"><img loading=\"lazy\" decoding=\"async\" width=\"209\" height=\"119\" src=\"https:\/\/agora.xtec.cat\/ieselsui\/wp-content\/uploads\/usu718\/2026\/03\/Logo-preinscripcio-BTX.png\" alt=\"\" class=\"wp-image-5753\"\/><\/figure>\n\n\n\n<p class=\"has-text-align-center has-ast-global-color-1-color has-text-color has-link-color has-large-font-size wp-elements-f5fc53d648326e23fb557a419c3f1756\"><strong>Informaci\u00f3 i proc\u00e9s preinscripci\u00f3 Batxillerat<\/strong><\/p>\n<\/div>\n<\/div>\n\n\n\n<div class=\"wp-block-columns is-layout-flex wp-container-core-columns-is-layout-2 wp-block-columns-is-layout-flex\">\n<div class=\"wp-block-column is-vertically-aligned-center caixa-link is-layout-flow wp-block-column-is-layout-flow\" style=\"flex-basis:50%\" id=\"https:\/\/drive.google.com\/file\/d\/1SbhKdndw_DUMwKRqEQnZUQQczK-GKX8v\/view?usp=sharing\">\n<figure class=\"wp-block-image size-full\"><img loading=\"lazy\" decoding=\"async\" width=\"267\" height=\"120\" src=\"https:\/\/agora.xtec.cat\/ieselsui\/wp-content\/uploads\/usu718\/2026\/02\/logo-portes-obertes-.png\" alt=\"\" class=\"wp-image-5732\"\/><\/figure>\n\n\n\n<p class=\"has-text-align-center has-ast-global-color-1-color has-text-color has-link-color has-large-font-size wp-elements-0f984be8e87925ac1b0636b478d50936\"><strong>Presentaci\u00f3 Portes Obertes ESO <\/strong><strong>(TAC) <\/strong><br><strong>26-02-26<\/strong><\/p>\n<\/div>\n\n\n\n<div class=\"wp-block-column is-vertically-aligned-center caixa-link is-layout-flow wp-block-column-is-layout-flow\" style=\"flex-basis:50%\" id=\"https:\/\/drive.google.com\/file\/d\/1wlnvrIc65bJHRh_yplQV4hO5Cqt_ZGMQ\/view?usp=sharing\">\n<figure class=\"wp-block-image size-full\"><img loading=\"lazy\" decoding=\"async\" width=\"267\" height=\"120\" src=\"https:\/\/agora.xtec.cat\/ieselsui\/wp-content\/uploads\/usu718\/2026\/02\/logo-portes-obertes-.png\" alt=\"\" class=\"wp-image-5732\"\/><\/figure>\n\n\n\n<p class=\"has-text-align-center has-ast-global-color-1-color has-text-color has-link-color has-large-font-size wp-elements-facccc06004f2e2d5a37398b3f2593a3\"><strong>Presentaci\u00f3 Portes Obertes Batxillerat <\/strong><strong> <\/strong><br><strong>Curs 26-27<\/strong><\/p>\n<\/div>\n<\/div>\n\n\n\n<p><\/p>\n","protected":false},"excerpt":{"rendered":"<p>Informaci\u00f3 i proc\u00e9s preinscripci\u00f3 ESO Informaci\u00f3 i proc\u00e9s preinscripci\u00f3 Batxillerat Presentaci\u00f3 Portes Obertes ESO (TAC) 26-02-26 Presentaci\u00f3 Portes Obertes Batxillerat [&hellip;]<\/p>\n","protected":false},"author":1,"featured_media":0,"parent":7,"menu_order":0,"comment_status":"closed","ping_status":"closed","template":"","meta":{"_bbp_topic_count":0,"_bbp_reply_count":0,"_bbp_total_topic_count":0,"_bbp_total_reply_count":0,"_bbp_voice_count":0,"_bbp_anonymous_reply_count":0,"_bbp_topic_count_hidden":0,"_bbp_reply_count_hidden":0,"_bbp_forum_subforum_count":0,"site-sidebar-layout":"default","site-content-layout":"","ast-site-content-layout":"default","site-content-style":"default","site-sidebar-style":"default","ast-global-header-display":"","ast-banner-title-visibility":"","ast-main-header-display":"","ast-hfb-above-header-display":"","ast-hfb-below-header-display":"","ast-hfb-mobile-header-display":"","site-post-title":"","ast-breadcrumbs-content":"","ast-featured-img":"","footer-sml-layout":"","theme-transparent-header-meta":"","adv-header-id-meta":"","stick-header-meta":"","header-above-stick-meta":"","header-main-stick-meta":"","header-below-stick-meta":"","astra-migrate-meta-layouts":"set","ast-page-background-enabled":"default","ast-page-background-meta":{"desktop":{"background-color":"var(--ast-global-color-4)","background-image":"","background-repeat":"repeat","background-position":"center center","background-size":"auto","background-attachment":"scroll","background-type":"","background-media":"","overlay-type":"","overlay-color":"","overlay-opacity":"","overlay-gradient":""},"tablet":{"background-color":"","background-image":"","background-repeat":"repeat","background-position":"center center","background-size":"auto","background-attachment":"scroll","background-type":"","background-media":"","overlay-type":"","overlay-color":"","overlay-opacity":"","overlay-gradient":""},"mobile":{"background-color":"","background-image":"","background-repeat":"repeat","background-position":"center center","background-size":"auto","background-attachment":"scroll","background-type":"","background-media":"","overlay-type":"","overlay-color":"","overlay-opacity":"","overlay-gradient":""}},"ast-content-background-meta":{"desktop":{"background-color":"var(--ast-global-color-5)","background-image":"","background-repeat":"repeat","background-position":"center center","background-size":"auto","background-attachment":"scroll","background-type":"","background-media":"","overlay-type":"","overlay-color":"","overlay-opacity":"","overlay-gradient":""},"tablet":{"background-color":"var(--ast-global-color-5)","background-image":"","background-repeat":"repeat","background-position":"center center","background-size":"auto","background-attachment":"scroll","background-type":"","background-media":"","overlay-type":"","overlay-color":"","overlay-opacity":"","overlay-gradient":""},"mobile":{"background-color":"var(--ast-global-color-5)","background-image":"","background-repeat":"repeat","background-position":"center center","background-size":"auto","background-attachment":"scroll","background-type":"","background-media":"","overlay-type":"","overlay-color":"","overlay-opacity":"","overlay-gradient":""}},"footnotes":""},"class_list":["post-9","page","type-page","status-publish","hentry"],"post_mailing_queue_ids":[],"_links":{"self":[{"href":"https:\/\/agora.xtec.cat\/ieselsui\/wp-json\/wp\/v2\/pages\/9","targetHints":{"allow":["GET"]}}],"collection":[{"href":"https:\/\/agora.xtec.cat\/ieselsui\/wp-json\/wp\/v2\/pages"}],"about":[{"href":"https:\/\/agora.xtec.cat\/ieselsui\/wp-json\/wp\/v2\/types\/page"}],"author":[{"embeddable":true,"href":"https:\/\/agora.xtec.cat\/ieselsui\/wp-json\/wp\/v2\/users\/1"}],"replies":[{"embeddable":true,"href":"https:\/\/agora.xtec.cat\/ieselsui\/wp-json\/wp\/v2\/comments?post=9"}],"version-history":[{"count":6,"href":"https:\/\/agora.xtec.cat\/ieselsui\/wp-json\/wp\/v2\/pages\/9\/revisions"}],"predecessor-version":[{"id":5793,"href":"https:\/\/agora.xtec.cat\/ieselsui\/wp-json\/wp\/v2\/pages\/9\/revisions\/5793"}],"up":[{"embeddable":true,"href":"https:\/\/agora.xtec.cat\/ieselsui\/wp-json\/wp\/v2\/pages\/7"}],"wp:attachment":[{"href":"https:\/\/agora.xtec.cat\/ieselsui\/wp-json\/wp\/v2\/media?parent=9"}],"curies":[{"name":"wp","href":"https:\/\/api.w.org\/{rel}","templated":true}]}}