{"id":5109,"date":"2025-02-19T20:09:17","date_gmt":"2025-02-19T19:09:17","guid":{"rendered":"https:\/\/agora.xtec.cat\/ieselsui\/?page_id=5109"},"modified":"2026-02-24T23:12:16","modified_gmt":"2026-02-24T22:12:16","slug":"preinscripcio-eso-i-batxillerat","status":"publish","type":"page","link":"https:\/\/agora.xtec.cat\/ieselsui\/preinscripcio-eso-i-batxillerat\/","title":{"rendered":"Preinscripci\u00f3 ESO i Batxillerat"},"content":{"rendered":"\n<div class=\"wp-block-media-text is-stacked-on-mobile\" style=\"grid-template-columns:15% auto\"><figure class=\"wp-block-media-text__media\"><img loading=\"lazy\" decoding=\"async\" width=\"100\" height=\"100\" src=\"https:\/\/agora.xtec.cat\/ieselsui\/wp-content\/uploads\/usu718\/2025\/02\/img.icons8_.com-2.png\" alt=\"\" class=\"wp-image-5110 size-full\"\/><\/figure><div class=\"wp-block-media-text__content\">\n<h2 class=\"wp-block-heading\">Important!<\/h2>\n\n\n\n<p>Aquest proc\u00e9s nom\u00e9s \u00e9s per alumnat que s&#8217;incorpora nou al centre tant a l&#8217;ESO com a Batxillerat. L&#8217;alumnat del centre no ha de fer cap preinscripci\u00f3 durant la seva estada al centre als canvis de curs.<\/p>\n<\/div><\/div>\n\n\n\n<div class=\"wp-block-columns is-layout-flex wp-container-core-columns-is-layout-1 wp-block-columns-is-layout-flex\">\n<div class=\"wp-block-column caixa-link is-layout-flow wp-block-column-is-layout-flow\" id=\"https:\/\/agora.xtec.cat\/ieselsui\/preinscripcio-eso-i-batxillerat\/preinscripcio-i-matriculacio-1r-eso-i-alumnat-nouvingut\/\">\n<h2 class=\"wp-block-heading has-text-align-center\">ESO<\/h2>\n\n\n\n<p>Acc\u00e9s a la preinscripci\u00f3 per l&#8217;alumnat que s&#8217;incorpora 1<sup>r<\/sup> d&#8217;ESO i nouvingut a altres curs d&#8217;ESO.<\/p>\n<\/div>\n\n\n\n<div class=\"wp-block-column caixa-link is-layout-flow wp-block-column-is-layout-flow\" id=\"https:\/\/agora.xtec.cat\/ieselsui\/preinscripcio-eso-i-batxillerat\/preinscripcio-i-matriculacio-batxillerat\/\">\n<h2 class=\"wp-block-heading has-text-align-center\">Batxillerat<\/h2>\n\n\n\n<p>Acc\u00e9s a la preinscripci\u00f3 per l&#8217;alumnat que s&#8217;incorpora a batxillerat nou al centre.<\/p>\n<\/div>\n<\/div>\n","protected":false},"excerpt":{"rendered":"<p>Important! Aquest proc\u00e9s nom\u00e9s \u00e9s per alumnat que s&#8217;incorpora nou al centre tant a l&#8217;ESO com a Batxillerat. L&#8217;alumnat del [&hellip;]<\/p>\n","protected":false},"author":56,"featured_media":0,"parent":0,"menu_order":0,"comment_status":"closed","ping_status":"close","template":"","meta":{"_bbp_topic_count":0,"_bbp_reply_count":0,"_bbp_total_topic_count":0,"_bbp_total_reply_count":0,"_bbp_voice_count":0,"_bbp_anonymous_reply_count":0,"_bbp_topic_count_hidden":0,"_bbp_reply_count_hidden":0,"_bbp_forum_subforum_count":0,"site-sidebar-layout":"no-sidebar","site-content-layout":"","ast-site-content-layout":"normal-width-container","site-content-style":"default","site-sidebar-style":"default","ast-global-header-display":"","ast-banner-title-visibility":"","ast-main-header-display":"","ast-hfb-above-header-display":"","ast-hfb-below-header-display":"","ast-hfb-mobile-header-display":"","site-post-title":"","ast-breadcrumbs-content":"","ast-featured-img":"","footer-sml-layout":"","theme-transparent-header-meta":"","adv-header-id-meta":"","stick-header-meta":"","header-above-stick-meta":"","header-main-stick-meta":"","header-below-stick-meta":"","astra-migrate-meta-layouts":"set","ast-page-background-enabled":"default","ast-page-background-meta":{"desktop":{"background-color":"var(--ast-global-color-4)","background-image":"","background-repeat":"repeat","background-position":"center center","background-size":"auto","background-attachment":"scroll","background-type":"","background-media":"","overlay-type":"","overlay-color":"","overlay-opacity":"","overlay-gradient":""},"tablet":{"background-color":"","background-image":"","background-repeat":"repeat","background-position":"center center","background-size":"auto","background-attachment":"scroll","background-type":"","background-media":"","overlay-type":"","overlay-color":"","overlay-opacity":"","overlay-gradient":""},"mobile":{"background-color":"","background-image":"","background-repeat":"repeat","background-position":"center center","background-size":"auto","background-attachment":"scroll","background-type":"","background-media":"","overlay-type":"","overlay-color":"","overlay-opacity":"","overlay-gradient":""}},"ast-content-background-meta":{"desktop":{"background-color":"var(--ast-global-color-5)","background-image":"","background-repeat":"repeat","background-position":"center center","background-size":"auto","background-attachment":"scroll","background-type":"","background-media":"","overlay-type":"","overlay-color":"","overlay-opacity":"","overlay-gradient":""},"tablet":{"background-color":"var(--ast-global-color-5)","background-image":"","background-repeat":"repeat","background-position":"center center","background-size":"auto","background-attachment":"scroll","background-type":"","background-media":"","overlay-type":"","overlay-color":"","overlay-opacity":"","overlay-gradient":""},"mobile":{"background-color":"var(--ast-global-color-5)","background-image":"","background-repeat":"repeat","background-position":"center center","background-size":"auto","background-attachment":"scroll","background-type":"","background-media":"","overlay-type":"","overlay-color":"","overlay-opacity":"","overlay-gradient":""}},"footnotes":""},"class_list":["post-5109","page","type-page","status-publish","hentry"],"post_mailing_queue_ids":[],"_links":{"self":[{"href":"https:\/\/agora.xtec.cat\/ieselsui\/wp-json\/wp\/v2\/pages\/5109","targetHints":{"allow":["GET"]}}],"collection":[{"href":"https:\/\/agora.xtec.cat\/ieselsui\/wp-json\/wp\/v2\/pages"}],"about":[{"href":"https:\/\/agora.xtec.cat\/ieselsui\/wp-json\/wp\/v2\/types\/page"}],"author":[{"embeddable":true,"href":"https:\/\/agora.xtec.cat\/ieselsui\/wp-json\/wp\/v2\/users\/56"}],"replies":[{"embeddable":true,"href":"https:\/\/agora.xtec.cat\/ieselsui\/wp-json\/wp\/v2\/comments?post=5109"}],"version-history":[{"count":5,"href":"https:\/\/agora.xtec.cat\/ieselsui\/wp-json\/wp\/v2\/pages\/5109\/revisions"}],"predecessor-version":[{"id":5727,"href":"https:\/\/agora.xtec.cat\/ieselsui\/wp-json\/wp\/v2\/pages\/5109\/revisions\/5727"}],"wp:attachment":[{"href":"https:\/\/agora.xtec.cat\/ieselsui\/wp-json\/wp\/v2\/media?parent=5109"}],"curies":[{"name":"wp","href":"https:\/\/api.w.org\/{rel}","templated":true}]}}