{"id":4547,"date":"2024-07-08T12:27:51","date_gmt":"2024-07-08T10:27:51","guid":{"rendered":"https:\/\/agora.xtec.cat\/ieselsui\/?page_id=4547"},"modified":"2025-10-27T12:16:11","modified_gmt":"2025-10-27T11:16:11","slug":"departament-de-tecnologia","status":"publish","type":"page","link":"https:\/\/agora.xtec.cat\/ieselsui\/departaments\/departament-de-tecnologia\/","title":{"rendered":"Departament de Tecnologia"},"content":{"rendered":"\n<div class=\"wp-block-getwid-tabs\" data-active-tab=\"0\"><ul class=\"wp-block-getwid-tabs__nav-links\"><\/ul>\n<div class=\"wp-block-getwid-tabs__nav-link\"><span class=\"wp-block-getwid-tabs__title-wrapper\"><a href=\"#\"><span class=\"wp-block-getwid-tabs__title\"><mark style=\"background-color:rgba(0, 0, 0, 0)\" class=\"has-inline-color has-vivid-cyan-blue-color\"><strong>Professorat<\/strong><\/mark><\/span><\/a><\/span><\/div><div class=\"wp-block-getwid-tabs__tab-content-wrapper\"><div class=\"wp-block-getwid-tabs__tab-content\">\n<p>Professorat del departament:<\/p>\n\n\n\n<figure class=\"wp-block-table\"><table><thead><tr><th>Professor\/a<\/th><th>Email<\/th><\/tr><\/thead><tbody><tr><td>Marc Boigues<\/td><td><a href=\"mailto:marc.boigues@ieselsui.cat\">marc.boigues@ieselsui.cat<\/a><\/td><\/tr><tr><td>N\u00faria L\u00f3pez<\/td><td><a href=\"mailto:nuria.lopez@ieselsui.cat\">nuria.lopez@ieselsui.cat<\/a><\/td><\/tr><tr><td>Lorena L\u00f3pez<\/td><td><a href=\"mailto:lorena.lopez@ieselsui.cat\">lorena.lopez@ieselsui.cat<\/a><\/td><\/tr><tr><td>Andreu Jolonch<\/td><td><a href=\"mailto:andreu.jolonch@ieselsui.cat\">andreu.jolonch@ieselsui.cat<\/a><\/td><\/tr><tr><td>Mireia Pujol<\/td><td><a href=\"mailto:mireia.pujol@ieselsui.cat\">mireia.pujol@ieselsui.cat<\/a><\/td><\/tr><\/tbody><\/table><\/figure>\n<\/div><\/div>\n<\/div>\n\n\n\n<p><\/p>\n\n\n\n<h1 class=\"wp-block-heading has-black-color has-text-color has-link-color wp-elements-12d04161f38e728e58616dac38113f62\"><strong>\u00daltimes not\u00edcies del departament<\/strong><\/h1>\n\n\n        <div class=\"wp-block-getwid-custom-post-type custom-post-type-post has-layout-list\">\n            <div class=\"wp-block-getwid-custom-post-type__wrapper\">\n                \t\t\t\t\t\t\t\t<div class='wp-block-getwid-custom-post-type__post'>\n\t\t\t\t\t\t\t\t\t\n<div class=\"wp-block-getwid-custom-post-type__post-wrapper\">\n            <div class=\"wp-block-getwid-custom-post-type__post-thumbnail\">\n            <a href=\"https:\/\/agora.xtec.cat\/ieselsui\/portada\/participacio-en-els-tallers-linnk-al-tecnocampus\/\"><img loading=\"lazy\" decoding=\"async\" width=\"2000\" height=\"1125\" src=\"https:\/\/agora.xtec.cat\/ieselsui\/wp-content\/uploads\/usu718\/2024\/02\/Taller-pneumatica-PLC_2.jpg\" class=\"attachment-post-thumbnail size-post-thumbnail wp-post-image\" alt=\"\" srcset=\"https:\/\/agora.xtec.cat\/ieselsui\/wp-content\/uploads\/usu718\/2024\/02\/Taller-pneumatica-PLC_2.jpg 2000w, https:\/\/agora.xtec.cat\/ieselsui\/wp-content\/uploads\/usu718\/2024\/02\/Taller-pneumatica-PLC_2-300x169.jpg 300w, https:\/\/agora.xtec.cat\/ieselsui\/wp-content\/uploads\/usu718\/2024\/02\/Taller-pneumatica-PLC_2-1024x576.jpg 1024w, https:\/\/agora.xtec.cat\/ieselsui\/wp-content\/uploads\/usu718\/2024\/02\/Taller-pneumatica-PLC_2-768x432.jpg 768w, https:\/\/agora.xtec.cat\/ieselsui\/wp-content\/uploads\/usu718\/2024\/02\/Taller-pneumatica-PLC_2-1536x864.jpg 1536w\" sizes=\"auto, (max-width: 2000px) 100vw, 2000px\" \/><\/a>\n        <\/div>\n        <div class=\"wp-block-getwid-custom-post-type__content-wrapper\">\n        <div class=\"wp-block-getwid-custom-post-type__post-header\">\n            <h3 class=\"wp-block-getwid-custom-post-type__post-title\"><a href=\"https:\/\/agora.xtec.cat\/ieselsui\/portada\/participacio-en-els-tallers-linnk-al-tecnocampus\/\">Participaci\u00f3 en els Tallers LINNK al TecnoCampus<\/a><\/h3>        <\/div>\n        <div class=\"wp-block-getwid-custom-post-type__post-excerpt \"><p>Amb l\u2019alumnat de la mat\u00e8ria de Tecnologia i Enginyeria de 2n de batxillerat hem visitat les instal\u00b7lacions del TecnoCampus a [&hellip;]<\/p>\n<\/div>\n    <\/div>\n<\/div>\n\t\t\t\t\t\t\t\t<\/div>\n\t\t\t\t\t\t\t\t\t\t\t\t\t\t\t<div class='wp-block-getwid-custom-post-type__post'>\n\t\t\t\t\t\t\t\t\t\n<div class=\"wp-block-getwid-custom-post-type__post-wrapper\">\n            <div class=\"wp-block-getwid-custom-post-type__post-thumbnail\">\n            <a href=\"https:\/\/agora.xtec.cat\/ieselsui\/1-btx\/que-aporta-la-biomecanica-a-lesport-i-la-recerca-clinica\/\"><img loading=\"lazy\" decoding=\"async\" width=\"1339\" height=\"209\" src=\"https:\/\/agora.xtec.cat\/ieselsui\/wp-content\/uploads\/usu718\/2024\/02\/LOGO-CREB-1.png\" class=\"attachment-post-thumbnail size-post-thumbnail wp-post-image\" alt=\"\" srcset=\"https:\/\/agora.xtec.cat\/ieselsui\/wp-content\/uploads\/usu718\/2024\/02\/LOGO-CREB-1.png 1339w, https:\/\/agora.xtec.cat\/ieselsui\/wp-content\/uploads\/usu718\/2024\/02\/LOGO-CREB-1-300x47.png 300w, https:\/\/agora.xtec.cat\/ieselsui\/wp-content\/uploads\/usu718\/2024\/02\/LOGO-CREB-1-1024x160.png 1024w, https:\/\/agora.xtec.cat\/ieselsui\/wp-content\/uploads\/usu718\/2024\/02\/LOGO-CREB-1-768x120.png 768w\" sizes=\"auto, (max-width: 1339px) 100vw, 1339px\" \/><\/a>\n        <\/div>\n        <div class=\"wp-block-getwid-custom-post-type__content-wrapper\">\n        <div class=\"wp-block-getwid-custom-post-type__post-header\">\n            <h3 class=\"wp-block-getwid-custom-post-type__post-title\"><a href=\"https:\/\/agora.xtec.cat\/ieselsui\/1-btx\/que-aporta-la-biomecanica-a-lesport-i-la-recerca-clinica\/\">Qu\u00e8 aporta la (bio)mec\u00e0nica a l&#8217;esport i la recerca cl\u00ednica?<\/a><\/h3>        <\/div>\n        <div class=\"wp-block-getwid-custom-post-type__post-excerpt \"><p>Amb l&#8217;alumnat de la mat\u00e8ria de Tecnologia i Enginyeria de 1r de batxillerat hem visitat el Laboratori de Biomec\u00e0nica de [&hellip;]<\/p>\n<\/div>\n    <\/div>\n<\/div>\n\t\t\t\t\t\t\t\t<\/div>\n\t\t\t\t\t\t\t\t\t\t\t\t\t\t\t<div class='wp-block-getwid-custom-post-type__post'>\n\t\t\t\t\t\t\t\t\t\n<div class=\"wp-block-getwid-custom-post-type__post-wrapper\">\n            <div class=\"wp-block-getwid-custom-post-type__post-thumbnail\">\n            <a href=\"https:\/\/agora.xtec.cat\/ieselsui\/portada\/exposicio-treball-globalitzat-1r-eso\/\"><img loading=\"lazy\" decoding=\"async\" width=\"2560\" height=\"1920\" src=\"https:\/\/agora.xtec.cat\/ieselsui\/wp-content\/uploads\/usu718\/2023\/06\/IMG_6160-min-scaled.jpeg\" class=\"attachment-post-thumbnail size-post-thumbnail wp-post-image\" alt=\"\" srcset=\"https:\/\/agora.xtec.cat\/ieselsui\/wp-content\/uploads\/usu718\/2023\/06\/IMG_6160-min-scaled.jpeg 2560w, https:\/\/agora.xtec.cat\/ieselsui\/wp-content\/uploads\/usu718\/2023\/06\/IMG_6160-min-300x225.jpeg 300w, https:\/\/agora.xtec.cat\/ieselsui\/wp-content\/uploads\/usu718\/2023\/06\/IMG_6160-min-1024x768.jpeg 1024w, https:\/\/agora.xtec.cat\/ieselsui\/wp-content\/uploads\/usu718\/2023\/06\/IMG_6160-min-768x576.jpeg 768w, https:\/\/agora.xtec.cat\/ieselsui\/wp-content\/uploads\/usu718\/2023\/06\/IMG_6160-min-1536x1152.jpeg 1536w, https:\/\/agora.xtec.cat\/ieselsui\/wp-content\/uploads\/usu718\/2023\/06\/IMG_6160-min-2048x1536.jpeg 2048w, https:\/\/agora.xtec.cat\/ieselsui\/wp-content\/uploads\/usu718\/2023\/06\/IMG_6160-min-200x150.jpeg 200w\" sizes=\"auto, (max-width: 2560px) 100vw, 2560px\" \/><\/a>\n        <\/div>\n        <div class=\"wp-block-getwid-custom-post-type__content-wrapper\">\n        <div class=\"wp-block-getwid-custom-post-type__post-header\">\n            <h3 class=\"wp-block-getwid-custom-post-type__post-title\"><a href=\"https:\/\/agora.xtec.cat\/ieselsui\/portada\/exposicio-treball-globalitzat-1r-eso\/\">Exposici\u00f3 Treball Globalitzat 1r ESO<\/a><\/h3>        <\/div>\n        <div class=\"wp-block-getwid-custom-post-type__post-excerpt \"><p>Aquest divendres es va inaugurar al Museu de Cardedeu, l&#8217;exposici\u00f3 dels treballs fets pels alumnes de 1r d&#8217;ESO durant. L&#8217;exposici\u00f3 [&hellip;]<\/p>\n<\/div>\n    <\/div>\n<\/div>\n\t\t\t\t\t\t\t\t<\/div>\n\t\t\t\t\t\t\t\t\t\t\t\t\t\t\t<div class='wp-block-getwid-custom-post-type__post'>\n\t\t\t\t\t\t\t\t\t\n<div class=\"wp-block-getwid-custom-post-type__post-wrapper\">\n            <div class=\"wp-block-getwid-custom-post-type__post-thumbnail\">\n            <a href=\"https:\/\/agora.xtec.cat\/ieselsui\/portada\/concurs-caseta-de-llibres\/\"><img loading=\"lazy\" decoding=\"async\" width=\"2560\" height=\"1920\" src=\"https:\/\/agora.xtec.cat\/ieselsui\/wp-content\/uploads\/usu718\/2023\/03\/IMG_5139_-_administrador_ies_el_sui-scaled.jpg\" class=\"attachment-post-thumbnail size-post-thumbnail wp-post-image\" alt=\"\" srcset=\"https:\/\/agora.xtec.cat\/ieselsui\/wp-content\/uploads\/usu718\/2023\/03\/IMG_5139_-_administrador_ies_el_sui-scaled.jpg 2560w, https:\/\/agora.xtec.cat\/ieselsui\/wp-content\/uploads\/usu718\/2023\/03\/IMG_5139_-_administrador_ies_el_sui-300x225.jpg 300w, https:\/\/agora.xtec.cat\/ieselsui\/wp-content\/uploads\/usu718\/2023\/03\/IMG_5139_-_administrador_ies_el_sui-1024x768.jpg 1024w, https:\/\/agora.xtec.cat\/ieselsui\/wp-content\/uploads\/usu718\/2023\/03\/IMG_5139_-_administrador_ies_el_sui-768x576.jpg 768w, https:\/\/agora.xtec.cat\/ieselsui\/wp-content\/uploads\/usu718\/2023\/03\/IMG_5139_-_administrador_ies_el_sui-1536x1152.jpg 1536w, https:\/\/agora.xtec.cat\/ieselsui\/wp-content\/uploads\/usu718\/2023\/03\/IMG_5139_-_administrador_ies_el_sui-2048x1536.jpg 2048w, https:\/\/agora.xtec.cat\/ieselsui\/wp-content\/uploads\/usu718\/2023\/03\/IMG_5139_-_administrador_ies_el_sui-200x150.jpg 200w\" sizes=\"auto, (max-width: 2560px) 100vw, 2560px\" \/><\/a>\n        <\/div>\n        <div class=\"wp-block-getwid-custom-post-type__content-wrapper\">\n        <div class=\"wp-block-getwid-custom-post-type__post-header\">\n            <h3 class=\"wp-block-getwid-custom-post-type__post-title\"><a href=\"https:\/\/agora.xtec.cat\/ieselsui\/portada\/concurs-caseta-de-llibres\/\">Concurs caseta de llibres<\/a><\/h3>        <\/div>\n        <div class=\"wp-block-getwid-custom-post-type__post-excerpt \"><p>El curs passat, els nostres alumnes de 1r d&#8217;ESO, van participar en un concurs per dissenyar casetes per llibres per [&hellip;]<\/p>\n<\/div>\n    <\/div>\n<\/div>\n\t\t\t\t\t\t\t\t<\/div>\n\t\t\t\t\t\t\t\t\t\t\t\t\t\t\t<div class='wp-block-getwid-custom-post-type__post'>\n\t\t\t\t\t\t\t\t\t\n<div class=\"wp-block-getwid-custom-post-type__post-wrapper\">\n            <div class=\"wp-block-getwid-custom-post-type__post-thumbnail\">\n            <a href=\"https:\/\/agora.xtec.cat\/ieselsui\/4eso\/portes-obertes-eso-2023\/\"><img loading=\"lazy\" decoding=\"async\" width=\"2048\" height=\"1536\" src=\"https:\/\/agora.xtec.cat\/ieselsui\/wp-content\/uploads\/usu718\/2023\/03\/Presentacio-projecte-educatiu-2023-8.jpeg\" class=\"attachment-post-thumbnail size-post-thumbnail wp-post-image\" alt=\"\" srcset=\"https:\/\/agora.xtec.cat\/ieselsui\/wp-content\/uploads\/usu718\/2023\/03\/Presentacio-projecte-educatiu-2023-8.jpeg 2048w, https:\/\/agora.xtec.cat\/ieselsui\/wp-content\/uploads\/usu718\/2023\/03\/Presentacio-projecte-educatiu-2023-8-300x225.jpeg 300w, https:\/\/agora.xtec.cat\/ieselsui\/wp-content\/uploads\/usu718\/2023\/03\/Presentacio-projecte-educatiu-2023-8-1024x768.jpeg 1024w, https:\/\/agora.xtec.cat\/ieselsui\/wp-content\/uploads\/usu718\/2023\/03\/Presentacio-projecte-educatiu-2023-8-768x576.jpeg 768w, https:\/\/agora.xtec.cat\/ieselsui\/wp-content\/uploads\/usu718\/2023\/03\/Presentacio-projecte-educatiu-2023-8-1536x1152.jpeg 1536w, https:\/\/agora.xtec.cat\/ieselsui\/wp-content\/uploads\/usu718\/2023\/03\/Presentacio-projecte-educatiu-2023-8-200x150.jpeg 200w\" sizes=\"auto, (max-width: 2048px) 100vw, 2048px\" \/><\/a>\n        <\/div>\n        <div class=\"wp-block-getwid-custom-post-type__content-wrapper\">\n        <div class=\"wp-block-getwid-custom-post-type__post-header\">\n            <h3 class=\"wp-block-getwid-custom-post-type__post-title\"><a href=\"https:\/\/agora.xtec.cat\/ieselsui\/4eso\/portes-obertes-eso-2023\/\">Portes obertes ESO 2023<\/a><\/h3>        <\/div>\n        <div class=\"wp-block-getwid-custom-post-type__post-excerpt \"><p>El passat dilluns dia 6 de mar\u00e7 es van realitzar les portes obertes de l&#8217;ESO. Va ser una tarda en [&hellip;]<\/p>\n<\/div>\n    <\/div>\n<\/div>\n\t\t\t\t\t\t\t\t<\/div>\n\t\t\t\t\t\t\t            <\/div>\n\n                            <nav class=\"navigation pagination\" role=\"navigation\">\n                    <h2 class=\"screen-reader-text\"><\/h2>\n                    <div class=\"nav-links\">\n                    <span aria-current=\"page\" class=\"page-numbers current\">1<\/span>\n<a class=\"page-numbers\" href=\"https:\/\/agora.xtec.cat\/ieselsui\/wp-json\/wp\/v2\/pages\/4547\/page\/2\/\">2<\/a>\n<a class=\"next page-numbers\" href=\"https:\/\/agora.xtec.cat\/ieselsui\/wp-json\/wp\/v2\/pages\/4547\/page\/2\/\">> <i><\/i><\/a>                    <\/div>\n                <\/nav>\n                    <\/div>\n        ","protected":false},"excerpt":{"rendered":"<p>\u00daltimes not\u00edcies del departament<\/p>\n","protected":false},"author":56,"featured_media":0,"parent":4463,"menu_order":0,"comment_status":"closed","ping_status":"close","template":"","meta":{"_bbp_topic_count":0,"_bbp_reply_count":0,"_bbp_total_topic_count":0,"_bbp_total_reply_count":0,"_bbp_voice_count":0,"_bbp_anonymous_reply_count":0,"_bbp_topic_count_hidden":0,"_bbp_reply_count_hidden":0,"_bbp_forum_subforum_count":0,"site-sidebar-layout":"no-sidebar","site-content-layout":"","ast-site-content-layout":"normal-width-container","site-content-style":"default","site-sidebar-style":"default","ast-global-header-display":"","ast-banner-title-visibility":"","ast-main-header-display":"","ast-hfb-above-header-display":"","ast-hfb-below-header-display":"","ast-hfb-mobile-header-display":"","site-post-title":"","ast-breadcrumbs-content":"","ast-featured-img":"","footer-sml-layout":"","theme-transparent-header-meta":"","adv-header-id-meta":"","stick-header-meta":"","header-above-stick-meta":"","header-main-stick-meta":"","header-below-stick-meta":"","astra-migrate-meta-layouts":"set","ast-page-background-enabled":"default","ast-page-background-meta":{"desktop":{"background-color":"var(--ast-global-color-4)","background-image":"","background-repeat":"repeat","background-position":"center center","background-size":"auto","background-attachment":"scroll","background-type":"","background-media":"","overlay-type":"","overlay-color":"","overlay-opacity":"","overlay-gradient":""},"tablet":{"background-color":"","background-image":"","background-repeat":"repeat","background-position":"center center","background-size":"auto","background-attachment":"scroll","background-type":"","background-media":"","overlay-type":"","overlay-color":"","overlay-opacity":"","overlay-gradient":""},"mobile":{"background-color":"","background-image":"","background-repeat":"repeat","background-position":"center center","background-size":"auto","background-attachment":"scroll","background-type":"","background-media":"","overlay-type":"","overlay-color":"","overlay-opacity":"","overlay-gradient":""}},"ast-content-background-meta":{"desktop":{"background-color":"var(--ast-global-color-5)","background-image":"","background-repeat":"repeat","background-position":"center center","background-size":"auto","background-attachment":"scroll","background-type":"","background-media":"","overlay-type":"","overlay-color":"","overlay-opacity":"","overlay-gradient":""},"tablet":{"background-color":"var(--ast-global-color-5)","background-image":"","background-repeat":"repeat","background-position":"center center","background-size":"auto","background-attachment":"scroll","background-type":"","background-media":"","overlay-type":"","overlay-color":"","overlay-opacity":"","overlay-gradient":""},"mobile":{"background-color":"var(--ast-global-color-5)","background-image":"","background-repeat":"repeat","background-position":"center center","background-size":"auto","background-attachment":"scroll","background-type":"","background-media":"","overlay-type":"","overlay-color":"","overlay-opacity":"","overlay-gradient":""}},"footnotes":""},"class_list":["post-4547","page","type-page","status-publish","hentry"],"post_mailing_queue_ids":[],"_links":{"self":[{"href":"https:\/\/agora.xtec.cat\/ieselsui\/wp-json\/wp\/v2\/pages\/4547","targetHints":{"allow":["GET"]}}],"collection":[{"href":"https:\/\/agora.xtec.cat\/ieselsui\/wp-json\/wp\/v2\/pages"}],"about":[{"href":"https:\/\/agora.xtec.cat\/ieselsui\/wp-json\/wp\/v2\/types\/page"}],"author":[{"embeddable":true,"href":"https:\/\/agora.xtec.cat\/ieselsui\/wp-json\/wp\/v2\/users\/56"}],"replies":[{"embeddable":true,"href":"https:\/\/agora.xtec.cat\/ieselsui\/wp-json\/wp\/v2\/comments?post=4547"}],"version-history":[{"count":5,"href":"https:\/\/agora.xtec.cat\/ieselsui\/wp-json\/wp\/v2\/pages\/4547\/revisions"}],"predecessor-version":[{"id":5592,"href":"https:\/\/agora.xtec.cat\/ieselsui\/wp-json\/wp\/v2\/pages\/4547\/revisions\/5592"}],"up":[{"embeddable":true,"href":"https:\/\/agora.xtec.cat\/ieselsui\/wp-json\/wp\/v2\/pages\/4463"}],"wp:attachment":[{"href":"https:\/\/agora.xtec.cat\/ieselsui\/wp-json\/wp\/v2\/media?parent=4547"}],"curies":[{"name":"wp","href":"https:\/\/api.w.org\/{rel}","templated":true}]}}