{"id":4531,"date":"2024-07-08T11:50:53","date_gmt":"2024-07-08T09:50:53","guid":{"rendered":"https:\/\/agora.xtec.cat\/ieselsui\/?page_id=4531"},"modified":"2025-10-27T17:39:47","modified_gmt":"2025-10-27T16:39:47","slug":"departament-dorientacio","status":"publish","type":"page","link":"https:\/\/agora.xtec.cat\/ieselsui\/departaments\/departament-dorientacio\/","title":{"rendered":"Departament d&#8217;Orientaci\u00f3"},"content":{"rendered":"\n<div class=\"wp-block-getwid-tabs\" data-active-tab=\"0\"><ul class=\"wp-block-getwid-tabs__nav-links\"><\/ul>\n<div class=\"wp-block-getwid-tabs__nav-link\"><span class=\"wp-block-getwid-tabs__title-wrapper\"><a href=\"#\"><span class=\"wp-block-getwid-tabs__title\"><mark style=\"background-color:rgba(0, 0, 0, 0)\" class=\"has-inline-color has-vivid-cyan-blue-color\"><strong>Professorat<\/strong><\/mark><\/span><\/a><\/span><\/div><div class=\"wp-block-getwid-tabs__tab-content-wrapper\"><div class=\"wp-block-getwid-tabs__tab-content\">\n<p>Professorat del departament:<\/p>\n\n\n\n<figure class=\"wp-block-table\"><table><thead><tr><th>Professor\/a<\/th><th>Email<\/th><\/tr><\/thead><tbody><tr><td>Esther Daniel<\/td><td><a href=\"mailto:esther.daniel@ieselsui.cat\">esther.daniel@ieselsui.cat<\/a><\/td><\/tr><tr><td>Anabel Manso<\/td><td><a href=\"mailto:ana.manso@ieselsui.cat\">ana.manso@ieselsui.cat<\/a><\/td><\/tr><tr><td>Magda Maza<\/td><td><a href=\"mailto:magda.maza@ieselsui.cat\">magda.maza@ieselsui.cat<\/a><\/td><\/tr><tr><td>Balbina Prat<\/td><td><a href=\"mailto:balbina.prat@ieselsui.cat\">balbina.prat@ieselsui.cat<\/a><\/td><\/tr><tr><td>Daniela Rodr\u00edguez<\/td><td><a href=\"mailto:daniela.rodriguez@ieselsui.cat\">daniela.rodriguez@ieselsui.cat<\/a><\/td><\/tr><tr><td>Gemma Guix<\/td><td><a href=\"mailto:gemma.guix@ieselsui.cat\">gemma.guix@ieselsui.cat<\/a><\/td><\/tr><tr><td>M\u00f2nica Fern\u00e1ndez<\/td><td><a href=\"mailto:monica.fernandez@ieselsui.cat\">monica.fernandez@ieselsui.cat<\/a><\/td><\/tr><\/tbody><\/table><\/figure>\n\n\n\n<p>Personal d&#8217;Aula  Intensiva de Suport del departament:<\/p>\n\n\n\n<figure class=\"wp-block-table\"><table><thead><tr><th>Professional<\/th><th>Email<\/th><\/tr><\/thead><tbody><tr><td>Gemma Guix<\/td><td><a href=\"mailto:gemma.guix@ieselsui.cat\">gemma.guix@ieselsui.cat<\/a><\/td><\/tr><tr><td>Meritxell Gr\u00e0cia<\/td><td><a href=\"mailto:meritxell.gracia@ieselsui.cat\">meritxell.gracia@ieselsui.cat<\/a><\/td><\/tr><tr><td>N\u00faria Rodr\u00edguez<\/td><td><a href=\"mailto:nuria.rodriguez@ieselsui.cat\">nuria.rodriguez@ieselsui.cat<\/a><\/td><\/tr><\/tbody><\/table><\/figure>\n<\/div><\/div>\n<\/div>\n\n\n\n<p><\/p>\n\n\n\n<h1 class=\"wp-block-heading has-black-color has-text-color has-link-color wp-elements-12d04161f38e728e58616dac38113f62\"><strong>\u00daltimes not\u00edcies del departament<\/strong><\/h1>\n\n\n        <div class=\"wp-block-getwid-custom-post-type custom-post-type-post has-layout-list\">\n            <div class=\"wp-block-getwid-custom-post-type__wrapper\">\n                \t\t\t\t\t\t\t\t<div class='wp-block-getwid-custom-post-type__post'>\n\t\t\t\t\t\t\t\t\t\n<div class=\"wp-block-getwid-custom-post-type__post-wrapper\">\n            <div class=\"wp-block-getwid-custom-post-type__post-thumbnail\">\n            <a href=\"https:\/\/agora.xtec.cat\/ieselsui\/general\/xerrades-amb-les-families-sobre-lassetjament-i-ciberassetjament\/\"><img loading=\"lazy\" decoding=\"async\" width=\"1078\" height=\"835\" src=\"https:\/\/agora.xtec.cat\/ieselsui\/wp-content\/uploads\/usu718\/2025\/10\/Assetjament_ciberassetjament_ret.png\" class=\"attachment-post-thumbnail size-post-thumbnail wp-post-image\" alt=\"\" srcset=\"https:\/\/agora.xtec.cat\/ieselsui\/wp-content\/uploads\/usu718\/2025\/10\/Assetjament_ciberassetjament_ret.png 1078w, https:\/\/agora.xtec.cat\/ieselsui\/wp-content\/uploads\/usu718\/2025\/10\/Assetjament_ciberassetjament_ret-300x232.png 300w, https:\/\/agora.xtec.cat\/ieselsui\/wp-content\/uploads\/usu718\/2025\/10\/Assetjament_ciberassetjament_ret-1024x793.png 1024w, https:\/\/agora.xtec.cat\/ieselsui\/wp-content\/uploads\/usu718\/2025\/10\/Assetjament_ciberassetjament_ret-768x595.png 768w\" sizes=\"auto, (max-width: 1078px) 100vw, 1078px\" \/><\/a>\n        <\/div>\n        <div class=\"wp-block-getwid-custom-post-type__content-wrapper\">\n        <div class=\"wp-block-getwid-custom-post-type__post-header\">\n            <h3 class=\"wp-block-getwid-custom-post-type__post-title\"><a href=\"https:\/\/agora.xtec.cat\/ieselsui\/general\/xerrades-amb-les-families-sobre-lassetjament-i-ciberassetjament\/\">Xerrades amb les fam\u00edlies sobre l&#8217;assetjament i ciberassetjament<\/a><\/h3>        <\/div>\n        <div class=\"wp-block-getwid-custom-post-type__post-excerpt \"><p>Benvolgudes fam\u00edlies, Des del centre i emmarcat dins el projecte\u00a0&#8220;Fem Sui&#8221;, hem organitzat un\u00a0cicle de tres xerrades\u00a0adre\u00e7at a les\u00a0fam\u00edlies de [&hellip;]<\/p>\n<\/div>\n    <\/div>\n<\/div>\n\t\t\t\t\t\t\t\t<\/div>\n\t\t\t\t\t\t\t\t\t\t\t\t\t\t\t<div class='wp-block-getwid-custom-post-type__post'>\n\t\t\t\t\t\t\t\t\t\n<div class=\"wp-block-getwid-custom-post-type__post-wrapper\">\n        <div class=\"wp-block-getwid-custom-post-type__content-wrapper\">\n        <div class=\"wp-block-getwid-custom-post-type__post-header\">\n            <h3 class=\"wp-block-getwid-custom-post-type__post-title\"><a href=\"https:\/\/agora.xtec.cat\/ieselsui\/general\/cicle-de-xerrades-legals-a-tea-valles-oriental\/\">Cicle de xerrades legals a TEA Vall\u00e8s Oriental<\/a><\/h3>        <\/div>\n        <div class=\"wp-block-getwid-custom-post-type__post-excerpt \"><p>Benvolgudes fam\u00edlies, Us fem arribar la informaci\u00f3 sobre les xerrades que organitza TEA Vall\u00e8s Oriental, seg\u00fcent: Aquestes sessions ofereixen informaci\u00f3 [&hellip;]<\/p>\n<\/div>\n    <\/div>\n<\/div>\n\t\t\t\t\t\t\t\t<\/div>\n\t\t\t\t\t\t\t\t\t\t\t\t\t\t\t<div class='wp-block-getwid-custom-post-type__post'>\n\t\t\t\t\t\t\t\t\t\n<div class=\"wp-block-getwid-custom-post-type__post-wrapper\">\n            <div class=\"wp-block-getwid-custom-post-type__post-thumbnail\">\n            <a href=\"https:\/\/agora.xtec.cat\/ieselsui\/4eso\/portes-obertes-eso-2023\/\"><img loading=\"lazy\" decoding=\"async\" width=\"2048\" height=\"1536\" src=\"https:\/\/agora.xtec.cat\/ieselsui\/wp-content\/uploads\/usu718\/2023\/03\/Presentacio-projecte-educatiu-2023-8.jpeg\" class=\"attachment-post-thumbnail size-post-thumbnail wp-post-image\" alt=\"\" srcset=\"https:\/\/agora.xtec.cat\/ieselsui\/wp-content\/uploads\/usu718\/2023\/03\/Presentacio-projecte-educatiu-2023-8.jpeg 2048w, https:\/\/agora.xtec.cat\/ieselsui\/wp-content\/uploads\/usu718\/2023\/03\/Presentacio-projecte-educatiu-2023-8-300x225.jpeg 300w, https:\/\/agora.xtec.cat\/ieselsui\/wp-content\/uploads\/usu718\/2023\/03\/Presentacio-projecte-educatiu-2023-8-1024x768.jpeg 1024w, https:\/\/agora.xtec.cat\/ieselsui\/wp-content\/uploads\/usu718\/2023\/03\/Presentacio-projecte-educatiu-2023-8-768x576.jpeg 768w, https:\/\/agora.xtec.cat\/ieselsui\/wp-content\/uploads\/usu718\/2023\/03\/Presentacio-projecte-educatiu-2023-8-1536x1152.jpeg 1536w, https:\/\/agora.xtec.cat\/ieselsui\/wp-content\/uploads\/usu718\/2023\/03\/Presentacio-projecte-educatiu-2023-8-200x150.jpeg 200w\" sizes=\"auto, (max-width: 2048px) 100vw, 2048px\" \/><\/a>\n        <\/div>\n        <div class=\"wp-block-getwid-custom-post-type__content-wrapper\">\n        <div class=\"wp-block-getwid-custom-post-type__post-header\">\n            <h3 class=\"wp-block-getwid-custom-post-type__post-title\"><a href=\"https:\/\/agora.xtec.cat\/ieselsui\/4eso\/portes-obertes-eso-2023\/\">Portes obertes ESO 2023<\/a><\/h3>        <\/div>\n        <div class=\"wp-block-getwid-custom-post-type__post-excerpt \"><p>El passat dilluns dia 6 de mar\u00e7 es van realitzar les portes obertes de l&#8217;ESO. Va ser una tarda en [&hellip;]<\/p>\n<\/div>\n    <\/div>\n<\/div>\n\t\t\t\t\t\t\t\t<\/div>\n\t\t\t\t\t\t\t            <\/div>\n\n                            <nav class=\"navigation pagination\" role=\"navigation\">\n                    <h2 class=\"screen-reader-text\"><\/h2>\n                    <div class=\"nav-links\">\n                                        <\/div>\n                <\/nav>\n                    <\/div>\n        ","protected":false},"excerpt":{"rendered":"<p>\u00daltimes not\u00edcies del departament<\/p>\n","protected":false},"author":56,"featured_media":0,"parent":4463,"menu_order":0,"comment_status":"closed","ping_status":"close","template":"","meta":{"_bbp_topic_count":0,"_bbp_reply_count":0,"_bbp_total_topic_count":0,"_bbp_total_reply_count":0,"_bbp_voice_count":0,"_bbp_anonymous_reply_count":0,"_bbp_topic_count_hidden":0,"_bbp_reply_count_hidden":0,"_bbp_forum_subforum_count":0,"site-sidebar-layout":"no-sidebar","site-content-layout":"","ast-site-content-layout":"normal-width-container","site-content-style":"default","site-sidebar-style":"default","ast-global-header-display":"","ast-banner-title-visibility":"","ast-main-header-display":"","ast-hfb-above-header-display":"","ast-hfb-below-header-display":"","ast-hfb-mobile-header-display":"","site-post-title":"","ast-breadcrumbs-content":"","ast-featured-img":"","footer-sml-layout":"","theme-transparent-header-meta":"","adv-header-id-meta":"","stick-header-meta":"","header-above-stick-meta":"","header-main-stick-meta":"","header-below-stick-meta":"","astra-migrate-meta-layouts":"set","ast-page-background-enabled":"default","ast-page-background-meta":{"desktop":{"background-color":"var(--ast-global-color-4)","background-image":"","background-repeat":"repeat","background-position":"center center","background-size":"auto","background-attachment":"scroll","background-type":"","background-media":"","overlay-type":"","overlay-color":"","overlay-opacity":"","overlay-gradient":""},"tablet":{"background-color":"","background-image":"","background-repeat":"repeat","background-position":"center center","background-size":"auto","background-attachment":"scroll","background-type":"","background-media":"","overlay-type":"","overlay-color":"","overlay-opacity":"","overlay-gradient":""},"mobile":{"background-color":"","background-image":"","background-repeat":"repeat","background-position":"center center","background-size":"auto","background-attachment":"scroll","background-type":"","background-media":"","overlay-type":"","overlay-color":"","overlay-opacity":"","overlay-gradient":""}},"ast-content-background-meta":{"desktop":{"background-color":"var(--ast-global-color-5)","background-image":"","background-repeat":"repeat","background-position":"center center","background-size":"auto","background-attachment":"scroll","background-type":"","background-media":"","overlay-type":"","overlay-color":"","overlay-opacity":"","overlay-gradient":""},"tablet":{"background-color":"var(--ast-global-color-5)","background-image":"","background-repeat":"repeat","background-position":"center center","background-size":"auto","background-attachment":"scroll","background-type":"","background-media":"","overlay-type":"","overlay-color":"","overlay-opacity":"","overlay-gradient":""},"mobile":{"background-color":"var(--ast-global-color-5)","background-image":"","background-repeat":"repeat","background-position":"center center","background-size":"auto","background-attachment":"scroll","background-type":"","background-media":"","overlay-type":"","overlay-color":"","overlay-opacity":"","overlay-gradient":""}},"footnotes":""},"class_list":["post-4531","page","type-page","status-publish","hentry"],"post_mailing_queue_ids":[],"_links":{"self":[{"href":"https:\/\/agora.xtec.cat\/ieselsui\/wp-json\/wp\/v2\/pages\/4531","targetHints":{"allow":["GET"]}}],"collection":[{"href":"https:\/\/agora.xtec.cat\/ieselsui\/wp-json\/wp\/v2\/pages"}],"about":[{"href":"https:\/\/agora.xtec.cat\/ieselsui\/wp-json\/wp\/v2\/types\/page"}],"author":[{"embeddable":true,"href":"https:\/\/agora.xtec.cat\/ieselsui\/wp-json\/wp\/v2\/users\/56"}],"replies":[{"embeddable":true,"href":"https:\/\/agora.xtec.cat\/ieselsui\/wp-json\/wp\/v2\/comments?post=4531"}],"version-history":[{"count":6,"href":"https:\/\/agora.xtec.cat\/ieselsui\/wp-json\/wp\/v2\/pages\/4531\/revisions"}],"predecessor-version":[{"id":5593,"href":"https:\/\/agora.xtec.cat\/ieselsui\/wp-json\/wp\/v2\/pages\/4531\/revisions\/5593"}],"up":[{"embeddable":true,"href":"https:\/\/agora.xtec.cat\/ieselsui\/wp-json\/wp\/v2\/pages\/4463"}],"wp:attachment":[{"href":"https:\/\/agora.xtec.cat\/ieselsui\/wp-json\/wp\/v2\/media?parent=4531"}],"curies":[{"name":"wp","href":"https:\/\/api.w.org\/{rel}","templated":true}]}}