{"id":4520,"date":"2024-07-08T11:38:02","date_gmt":"2024-07-08T09:38:02","guid":{"rendered":"https:\/\/agora.xtec.cat\/ieselsui\/?page_id=4520"},"modified":"2025-10-27T12:13:54","modified_gmt":"2025-10-27T11:13:54","slug":"departament-de-llengues-estrangeres","status":"publish","type":"page","link":"https:\/\/agora.xtec.cat\/ieselsui\/departaments\/departament-de-llengues-estrangeres\/","title":{"rendered":"Departament de Lleng\u00fces Estrangeres"},"content":{"rendered":"\n<div class=\"wp-block-getwid-tabs\" data-active-tab=\"0\"><ul class=\"wp-block-getwid-tabs__nav-links\"><\/ul>\n<div class=\"wp-block-getwid-tabs__nav-link\"><span class=\"wp-block-getwid-tabs__title-wrapper\"><a href=\"#\"><span class=\"wp-block-getwid-tabs__title\"><mark style=\"background-color:rgba(0, 0, 0, 0)\" class=\"has-inline-color has-vivid-cyan-blue-color\"><strong>Professorat<\/strong><\/mark><\/span><\/a><\/span><\/div><div class=\"wp-block-getwid-tabs__tab-content-wrapper\"><div class=\"wp-block-getwid-tabs__tab-content\">\n<p>Professorat del departament:<\/p>\n\n\n\n<figure class=\"wp-block-table\"><table><thead><tr><th>\u00c0mbit<\/th><th>Professor\/a<\/th><th>Email<\/th><\/tr><\/thead><tbody><tr><td><strong>Angl\u00e8s<\/strong><\/td><td>M\u00f2nica Artigas<\/td><td><a href=\"mailto:monica.artigas@ieselsui.cat\">monica.artigas@ieselsui.cat<\/a><\/td><\/tr><tr><td><strong>Angl\u00e8s<\/strong><\/td><td>Claudia Bermejo<\/td><td><a href=\"mailto:claudia.bermejo@ieselsui.cat\">claudia.bermejo@ieselsui.cat<\/a><\/td><\/tr><tr><td><strong>Angl\u00e8s<\/strong><\/td><td>Amparo Codina<\/td><td><a href=\"mailto:jordi.castell@ieselsui.cat\">amparo.codina@ieselsui.cat<\/a><\/td><\/tr><tr><td><strong>Angl\u00e8s<\/strong><\/td><td>Maribel Giti\u00e9rrez<\/td><td><a href=\"mailto:maribel.gutierrez@ieselsui.cat\">maribel.gutierrez@ieselsui.cat<\/a><\/td><\/tr><tr><td><strong>Angl\u00e8s \/ Alemany<\/strong><\/td><td>Mireia Garc\u00eda<\/td><td><a href=\"mailto:mgarcia@ieselsui.cat\">mgarcia@ieselsui.cat<\/a><\/td><\/tr><tr><td><strong>Angl\u00e8s<\/strong><\/td><td>Mireia L\u00f3pez<\/td><td><a href=\"mailto:mireia.lopez@ieselsui.cat\">mireia.lopez@ieselsui.cat<\/a><\/td><\/tr><tr><td><strong>Franc\u00e8s \/ Castell\u00e0<\/strong><\/td><td>Ester Vila<\/td><td><a href=\"mailto:ester.vila@ieselsui.cat\">ester.vila@ieselsui.cat<\/a><\/td><\/tr><\/tbody><\/table><\/figure>\n<\/div><\/div>\n<\/div>\n\n\n\n<p><\/p>\n\n\n\n<h1 class=\"wp-block-heading has-black-color has-text-color has-link-color wp-elements-12d04161f38e728e58616dac38113f62\"><strong>\u00daltimes not\u00edcies del departament<\/strong><\/h1>\n\n\n        <div class=\"wp-block-getwid-custom-post-type custom-post-type-post has-layout-list\">\n            <div class=\"wp-block-getwid-custom-post-type__wrapper\">\n                \t\t\t\t\t\t\t\t<div class='wp-block-getwid-custom-post-type__post'>\n\t\t\t\t\t\t\t\t\t\n<div class=\"wp-block-getwid-custom-post-type__post-wrapper\">\n            <div class=\"wp-block-getwid-custom-post-type__post-thumbnail\">\n            <a href=\"https:\/\/agora.xtec.cat\/ieselsui\/4eso\/textos-premiats-sant-jordi-2025\/\"><img loading=\"lazy\" decoding=\"async\" width=\"1136\" height=\"1600\" src=\"https:\/\/agora.xtec.cat\/ieselsui\/wp-content\/uploads\/usu718\/2017\/04\/16dad27f8b225a0f603c148bdb54dfb1.jpg\" class=\"attachment-post-thumbnail size-post-thumbnail wp-post-image\" alt=\"\" srcset=\"https:\/\/agora.xtec.cat\/ieselsui\/wp-content\/uploads\/usu718\/2017\/04\/16dad27f8b225a0f603c148bdb54dfb1.jpg 1136w, https:\/\/agora.xtec.cat\/ieselsui\/wp-content\/uploads\/usu718\/2017\/04\/16dad27f8b225a0f603c148bdb54dfb1-213x300.jpg 213w, https:\/\/agora.xtec.cat\/ieselsui\/wp-content\/uploads\/usu718\/2017\/04\/16dad27f8b225a0f603c148bdb54dfb1-768x1082.jpg 768w, https:\/\/agora.xtec.cat\/ieselsui\/wp-content\/uploads\/usu718\/2017\/04\/16dad27f8b225a0f603c148bdb54dfb1-727x1024.jpg 727w\" sizes=\"auto, (max-width: 1136px) 100vw, 1136px\" \/><\/a>\n        <\/div>\n        <div class=\"wp-block-getwid-custom-post-type__content-wrapper\">\n        <div class=\"wp-block-getwid-custom-post-type__post-header\">\n            <h3 class=\"wp-block-getwid-custom-post-type__post-title\"><a href=\"https:\/\/agora.xtec.cat\/ieselsui\/4eso\/textos-premiats-sant-jordi-2025\/\">Textos premiats Sant Jordi 2025<\/a><\/h3>        <\/div>\n        <div class=\"wp-block-getwid-custom-post-type__post-excerpt \"><p>Aqu\u00ed teniu a sota els treballs guanyadors del primer premi del concurs literari de Sant Jordi d&#8217;aquest any. Esperem que [&hellip;]<\/p>\n<\/div>\n    <\/div>\n<\/div>\n\t\t\t\t\t\t\t\t<\/div>\n\t\t\t\t\t\t\t\t\t\t\t\t\t\t\t<div class='wp-block-getwid-custom-post-type__post'>\n\t\t\t\t\t\t\t\t\t\n<div class=\"wp-block-getwid-custom-post-type__post-wrapper\">\n            <div class=\"wp-block-getwid-custom-post-type__post-thumbnail\">\n            <a href=\"https:\/\/agora.xtec.cat\/ieselsui\/4eso\/linstitut-el-sui-a-la-premsa-francesa\/\"><img loading=\"lazy\" decoding=\"async\" width=\"1170\" height=\"1525\" src=\"https:\/\/agora.xtec.cat\/ieselsui\/wp-content\/uploads\/usu718\/2025\/04\/IMG-20250405-WA0000.jpg\" class=\"attachment-post-thumbnail size-post-thumbnail wp-post-image\" alt=\"\" srcset=\"https:\/\/agora.xtec.cat\/ieselsui\/wp-content\/uploads\/usu718\/2025\/04\/IMG-20250405-WA0000.jpg 1170w, https:\/\/agora.xtec.cat\/ieselsui\/wp-content\/uploads\/usu718\/2025\/04\/IMG-20250405-WA0000-230x300.jpg 230w, https:\/\/agora.xtec.cat\/ieselsui\/wp-content\/uploads\/usu718\/2025\/04\/IMG-20250405-WA0000-786x1024.jpg 786w, https:\/\/agora.xtec.cat\/ieselsui\/wp-content\/uploads\/usu718\/2025\/04\/IMG-20250405-WA0000-768x1001.jpg 768w\" sizes=\"auto, (max-width: 1170px) 100vw, 1170px\" \/><\/a>\n        <\/div>\n        <div class=\"wp-block-getwid-custom-post-type__content-wrapper\">\n        <div class=\"wp-block-getwid-custom-post-type__post-header\">\n            <h3 class=\"wp-block-getwid-custom-post-type__post-title\"><a href=\"https:\/\/agora.xtec.cat\/ieselsui\/4eso\/linstitut-el-sui-a-la-premsa-francesa\/\">L&#8217;Institut El Sui a la premsa francesa<\/a><\/h3>        <\/div>\n        <div class=\"wp-block-getwid-custom-post-type__post-excerpt \"><p>L&#8217;alumnat d&#8217;El Sui participant en l&#8217;intercanvi amb el Coll\u00e8ge Vauban de Brian\u00e7on \u00e9s protagonista de l&#8217;article publicat recentment a Le [&hellip;]<\/p>\n<\/div>\n    <\/div>\n<\/div>\n\t\t\t\t\t\t\t\t<\/div>\n\t\t\t\t\t\t\t\t\t\t\t\t\t\t\t<div class='wp-block-getwid-custom-post-type__post'>\n\t\t\t\t\t\t\t\t\t\n<div class=\"wp-block-getwid-custom-post-type__post-wrapper\">\n            <div class=\"wp-block-getwid-custom-post-type__post-thumbnail\">\n            <a href=\"https:\/\/agora.xtec.cat\/ieselsui\/4eso\/vive-la-chandeleur\/\"><img loading=\"lazy\" decoding=\"async\" width=\"1280\" height=\"964\" src=\"https:\/\/agora.xtec.cat\/ieselsui\/wp-content\/uploads\/usu718\/2025\/02\/Chandeleur-2025.jpeg\" class=\"attachment-post-thumbnail size-post-thumbnail wp-post-image\" alt=\"\" srcset=\"https:\/\/agora.xtec.cat\/ieselsui\/wp-content\/uploads\/usu718\/2025\/02\/Chandeleur-2025.jpeg 1280w, https:\/\/agora.xtec.cat\/ieselsui\/wp-content\/uploads\/usu718\/2025\/02\/Chandeleur-2025-300x226.jpeg 300w, https:\/\/agora.xtec.cat\/ieselsui\/wp-content\/uploads\/usu718\/2025\/02\/Chandeleur-2025-1024x771.jpeg 1024w, https:\/\/agora.xtec.cat\/ieselsui\/wp-content\/uploads\/usu718\/2025\/02\/Chandeleur-2025-768x578.jpeg 768w\" sizes=\"auto, (max-width: 1280px) 100vw, 1280px\" \/><\/a>\n        <\/div>\n        <div class=\"wp-block-getwid-custom-post-type__content-wrapper\">\n        <div class=\"wp-block-getwid-custom-post-type__post-header\">\n            <h3 class=\"wp-block-getwid-custom-post-type__post-title\"><a href=\"https:\/\/agora.xtec.cat\/ieselsui\/4eso\/vive-la-chandeleur\/\">Vive la Chandeleur!<\/a><\/h3>        <\/div>\n        <div class=\"wp-block-getwid-custom-post-type__post-excerpt \"><p>El 2 de febrer \u00e9s la &#8220;Chandeleur&#8221; (la Candelera)&nbsp; i a l&#8217;optativa de franc\u00e8s ho hem celebrat. Hem parlat d&#8217;aquesta [&hellip;]<\/p>\n<\/div>\n    <\/div>\n<\/div>\n\t\t\t\t\t\t\t\t<\/div>\n\t\t\t\t\t\t\t\t\t\t\t\t\t\t\t<div class='wp-block-getwid-custom-post-type__post'>\n\t\t\t\t\t\t\t\t\t\n<div class=\"wp-block-getwid-custom-post-type__post-wrapper\">\n            <div class=\"wp-block-getwid-custom-post-type__post-thumbnail\">\n            <a href=\"https:\/\/agora.xtec.cat\/ieselsui\/portada\/contacontes-en-frances\/\"><img loading=\"lazy\" decoding=\"async\" width=\"1280\" height=\"964\" src=\"https:\/\/agora.xtec.cat\/ieselsui\/wp-content\/uploads\/usu718\/2025\/02\/Contacontes-frances-gener-2025.jpeg\" class=\"attachment-post-thumbnail size-post-thumbnail wp-post-image\" alt=\"\" srcset=\"https:\/\/agora.xtec.cat\/ieselsui\/wp-content\/uploads\/usu718\/2025\/02\/Contacontes-frances-gener-2025.jpeg 1280w, https:\/\/agora.xtec.cat\/ieselsui\/wp-content\/uploads\/usu718\/2025\/02\/Contacontes-frances-gener-2025-300x226.jpeg 300w, https:\/\/agora.xtec.cat\/ieselsui\/wp-content\/uploads\/usu718\/2025\/02\/Contacontes-frances-gener-2025-1024x771.jpeg 1024w, https:\/\/agora.xtec.cat\/ieselsui\/wp-content\/uploads\/usu718\/2025\/02\/Contacontes-frances-gener-2025-768x578.jpeg 768w\" sizes=\"auto, (max-width: 1280px) 100vw, 1280px\" \/><\/a>\n        <\/div>\n        <div class=\"wp-block-getwid-custom-post-type__content-wrapper\">\n        <div class=\"wp-block-getwid-custom-post-type__post-header\">\n            <h3 class=\"wp-block-getwid-custom-post-type__post-title\"><a href=\"https:\/\/agora.xtec.cat\/ieselsui\/portada\/contacontes-en-frances\/\">Contacontes en franc\u00e8s<\/a><\/h3>        <\/div>\n        <div class=\"wp-block-getwid-custom-post-type__post-excerpt \"><p>Divendres 24 de gener, l&#8217;alumnat de l&#8217;optativa de franc\u00e8s de 2n i 3r d&#8217;ESO va\u00a0 gaudir de la visita de\u00a0Samuel\u00a0Mountoumnjou, [&hellip;]<\/p>\n<\/div>\n    <\/div>\n<\/div>\n\t\t\t\t\t\t\t\t<\/div>\n\t\t\t\t\t\t\t\t\t\t\t\t\t\t\t<div class='wp-block-getwid-custom-post-type__post'>\n\t\t\t\t\t\t\t\t\t\n<div class=\"wp-block-getwid-custom-post-type__post-wrapper\">\n            <div class=\"wp-block-getwid-custom-post-type__post-thumbnail\">\n            <a href=\"https:\/\/agora.xtec.cat\/ieselsui\/portada\/comiat-alumnat-alemany\/\"><img loading=\"lazy\" decoding=\"async\" width=\"2271\" height=\"1277\" src=\"https:\/\/agora.xtec.cat\/ieselsui\/wp-content\/uploads\/usu718\/2024\/10\/1727793272998.jpg\" class=\"attachment-post-thumbnail size-post-thumbnail wp-post-image\" alt=\"\" srcset=\"https:\/\/agora.xtec.cat\/ieselsui\/wp-content\/uploads\/usu718\/2024\/10\/1727793272998.jpg 2271w, https:\/\/agora.xtec.cat\/ieselsui\/wp-content\/uploads\/usu718\/2024\/10\/1727793272998-300x169.jpg 300w, https:\/\/agora.xtec.cat\/ieselsui\/wp-content\/uploads\/usu718\/2024\/10\/1727793272998-1024x576.jpg 1024w, https:\/\/agora.xtec.cat\/ieselsui\/wp-content\/uploads\/usu718\/2024\/10\/1727793272998-768x432.jpg 768w, https:\/\/agora.xtec.cat\/ieselsui\/wp-content\/uploads\/usu718\/2024\/10\/1727793272998-1536x864.jpg 1536w, https:\/\/agora.xtec.cat\/ieselsui\/wp-content\/uploads\/usu718\/2024\/10\/1727793272998-2048x1152.jpg 2048w\" sizes=\"auto, (max-width: 2271px) 100vw, 2271px\" \/><\/a>\n        <\/div>\n        <div class=\"wp-block-getwid-custom-post-type__content-wrapper\">\n        <div class=\"wp-block-getwid-custom-post-type__post-header\">\n            <h3 class=\"wp-block-getwid-custom-post-type__post-title\"><a href=\"https:\/\/agora.xtec.cat\/ieselsui\/portada\/comiat-alumnat-alemany\/\">Comiat alumnat alemany<\/a><\/h3>        <\/div>\n        <div class=\"wp-block-getwid-custom-post-type__post-excerpt \"><p>Avui acomiadem l&#8217;alumnat alemany despr\u00e9s d&#8217;una setmana molt intensa d&#8217;activitats i viv\u00e8ncies compartides. Moltes gr\u00e0cies a les fam\u00edlies i als [&hellip;]<\/p>\n<\/div>\n    <\/div>\n<\/div>\n\t\t\t\t\t\t\t\t<\/div>\n\t\t\t\t\t\t\t            <\/div>\n\n                            <nav class=\"navigation pagination\" role=\"navigation\">\n                    <h2 class=\"screen-reader-text\"><\/h2>\n                    <div class=\"nav-links\">\n                    <span aria-current=\"page\" class=\"page-numbers current\">1<\/span>\n<a class=\"page-numbers\" href=\"https:\/\/agora.xtec.cat\/ieselsui\/wp-json\/wp\/v2\/pages\/4520\/page\/2\/\">2<\/a>\n<span class=\"page-numbers dots\">&hellip;<\/span>\n<a class=\"page-numbers\" href=\"https:\/\/agora.xtec.cat\/ieselsui\/wp-json\/wp\/v2\/pages\/4520\/page\/4\/\">4<\/a>\n<a class=\"page-numbers\" href=\"https:\/\/agora.xtec.cat\/ieselsui\/wp-json\/wp\/v2\/pages\/4520\/page\/5\/\">5<\/a>\n<a class=\"next page-numbers\" href=\"https:\/\/agora.xtec.cat\/ieselsui\/wp-json\/wp\/v2\/pages\/4520\/page\/2\/\">> <i><\/i><\/a>                    <\/div>\n                <\/nav>\n                    <\/div>\n        ","protected":false},"excerpt":{"rendered":"<p>\u00daltimes not\u00edcies del departament<\/p>\n","protected":false},"author":56,"featured_media":0,"parent":4463,"menu_order":0,"comment_status":"closed","ping_status":"close","template":"","meta":{"_bbp_topic_count":0,"_bbp_reply_count":0,"_bbp_total_topic_count":0,"_bbp_total_reply_count":0,"_bbp_voice_count":0,"_bbp_anonymous_reply_count":0,"_bbp_topic_count_hidden":0,"_bbp_reply_count_hidden":0,"_bbp_forum_subforum_count":0,"site-sidebar-layout":"no-sidebar","site-content-layout":"","ast-site-content-layout":"normal-width-container","site-content-style":"default","site-sidebar-style":"default","ast-global-header-display":"","ast-banner-title-visibility":"","ast-main-header-display":"","ast-hfb-above-header-display":"","ast-hfb-below-header-display":"","ast-hfb-mobile-header-display":"","site-post-title":"","ast-breadcrumbs-content":"","ast-featured-img":"","footer-sml-layout":"","theme-transparent-header-meta":"","adv-header-id-meta":"","stick-header-meta":"","header-above-stick-meta":"","header-main-stick-meta":"","header-below-stick-meta":"","astra-migrate-meta-layouts":"set","ast-page-background-enabled":"default","ast-page-background-meta":{"desktop":{"background-color":"var(--ast-global-color-4)","background-image":"","background-repeat":"repeat","background-position":"center center","background-size":"auto","background-attachment":"scroll","background-type":"","background-media":"","overlay-type":"","overlay-color":"","overlay-opacity":"","overlay-gradient":""},"tablet":{"background-color":"","background-image":"","background-repeat":"repeat","background-position":"center center","background-size":"auto","background-attachment":"scroll","background-type":"","background-media":"","overlay-type":"","overlay-color":"","overlay-opacity":"","overlay-gradient":""},"mobile":{"background-color":"","background-image":"","background-repeat":"repeat","background-position":"center center","background-size":"auto","background-attachment":"scroll","background-type":"","background-media":"","overlay-type":"","overlay-color":"","overlay-opacity":"","overlay-gradient":""}},"ast-content-background-meta":{"desktop":{"background-color":"var(--ast-global-color-5)","background-image":"","background-repeat":"repeat","background-position":"center center","background-size":"auto","background-attachment":"scroll","background-type":"","background-media":"","overlay-type":"","overlay-color":"","overlay-opacity":"","overlay-gradient":""},"tablet":{"background-color":"var(--ast-global-color-5)","background-image":"","background-repeat":"repeat","background-position":"center center","background-size":"auto","background-attachment":"scroll","background-type":"","background-media":"","overlay-type":"","overlay-color":"","overlay-opacity":"","overlay-gradient":""},"mobile":{"background-color":"var(--ast-global-color-5)","background-image":"","background-repeat":"repeat","background-position":"center center","background-size":"auto","background-attachment":"scroll","background-type":"","background-media":"","overlay-type":"","overlay-color":"","overlay-opacity":"","overlay-gradient":""}},"footnotes":""},"class_list":["post-4520","page","type-page","status-publish","hentry"],"post_mailing_queue_ids":[],"_links":{"self":[{"href":"https:\/\/agora.xtec.cat\/ieselsui\/wp-json\/wp\/v2\/pages\/4520","targetHints":{"allow":["GET"]}}],"collection":[{"href":"https:\/\/agora.xtec.cat\/ieselsui\/wp-json\/wp\/v2\/pages"}],"about":[{"href":"https:\/\/agora.xtec.cat\/ieselsui\/wp-json\/wp\/v2\/types\/page"}],"author":[{"embeddable":true,"href":"https:\/\/agora.xtec.cat\/ieselsui\/wp-json\/wp\/v2\/users\/56"}],"replies":[{"embeddable":true,"href":"https:\/\/agora.xtec.cat\/ieselsui\/wp-json\/wp\/v2\/comments?post=4520"}],"version-history":[{"count":6,"href":"https:\/\/agora.xtec.cat\/ieselsui\/wp-json\/wp\/v2\/pages\/4520\/revisions"}],"predecessor-version":[{"id":5590,"href":"https:\/\/agora.xtec.cat\/ieselsui\/wp-json\/wp\/v2\/pages\/4520\/revisions\/5590"}],"up":[{"embeddable":true,"href":"https:\/\/agora.xtec.cat\/ieselsui\/wp-json\/wp\/v2\/pages\/4463"}],"wp:attachment":[{"href":"https:\/\/agora.xtec.cat\/ieselsui\/wp-json\/wp\/v2\/media?parent=4520"}],"curies":[{"name":"wp","href":"https:\/\/api.w.org\/{rel}","templated":true}]}}