{"id":4514,"date":"2024-07-08T11:26:26","date_gmt":"2024-07-08T09:26:26","guid":{"rendered":"https:\/\/agora.xtec.cat\/ieselsui\/?page_id=4514"},"modified":"2025-10-27T12:13:22","modified_gmt":"2025-10-27T11:13:22","slug":"departament-de-llengues","status":"publish","type":"page","link":"https:\/\/agora.xtec.cat\/ieselsui\/departaments\/departament-de-llengues\/","title":{"rendered":"Departament de Lleng\u00fces"},"content":{"rendered":"\n<div class=\"wp-block-getwid-tabs\" data-active-tab=\"0\"><ul class=\"wp-block-getwid-tabs__nav-links\"><\/ul>\n<div class=\"wp-block-getwid-tabs__nav-link\"><span class=\"wp-block-getwid-tabs__title-wrapper\"><a href=\"#\"><span class=\"wp-block-getwid-tabs__title\"><mark style=\"background-color:rgba(0, 0, 0, 0)\" class=\"has-inline-color has-vivid-cyan-blue-color\"><strong>Professorat<\/strong><\/mark><\/span><\/a><\/span><\/div><div class=\"wp-block-getwid-tabs__tab-content-wrapper\"><div class=\"wp-block-getwid-tabs__tab-content\">\n<p>Professorat del departament:<\/p>\n\n\n\n<figure class=\"wp-block-table\"><table><thead><tr><th>\u00c0mbit<\/th><th>Professor\/a<\/th><th>Email<\/th><\/tr><\/thead><tbody><tr><td><strong>Castell\u00e0<\/strong><\/td><td>Anna Gea<\/td><td><a href=\"mailto:anna.gea@ieselsui.cat\">anna.gea@ieselsui.cat<\/a><\/td><\/tr><tr><td><strong>Castell\u00e0<\/strong><\/td><td>Meritxell Ramos<\/td><td><a href=\"mailto:meritxell.ramos@ieselsui.cat\">meritxell.ramos@ieselsui.cat<\/a><\/td><\/tr><tr><td><strong>Castell\u00e0<\/strong><\/td><td>Arantxa S\u00e1nchez<\/td><td><a href=\"mailto:arantxa.sanchez@ieselsui.cat\">arantxa.sanchez@ieselsui.cat<\/a><\/td><\/tr><tr><td><strong>Castell\u00e0<\/strong><\/td><td>Sergio Valero<\/td><td><a href=\"mailto:sergio.valero@ieselsui.cat\">sergio.valero@ieselsui.cat<\/a>                                                   <\/td><\/tr><tr><td><strong>Castell\u00e0 i Catal\u00e0<\/strong><\/td><td>Elisabet Garcia<\/td><td><a href=\"mailto:elisabet.garcia@ieselsui.cat\">elisabet.garcia@ieselsui.cat<\/a><\/td><\/tr><tr><td><strong>Catal\u00e0<\/strong><\/td><td>Montse Cano<\/td><td><a href=\"mailto:montserrat.cano@ieselsui.cat\">montserrat.cano@ieselsui.cat<\/a><\/td><\/tr><tr><td><strong>Catal\u00e0<\/strong><\/td><td>Joan Garc\u00eda<\/td><td><a href=\"mailto:joan.garcia@ieselsui.cat\">joan.garcia@ieselsui.cat<\/a><\/td><\/tr><tr><td><strong>Catal\u00e0<\/strong><\/td><td>N\u00faria Sab\u00e9<\/td><td><a href=\"mailto:nuriasavi@ieselsui.cat\">nuriasavi@ieselsui.cat<\/a><\/td><\/tr><tr><td><strong>Catal\u00e0<\/strong><\/td><td>N\u00faria Profit\u00f3s<\/td><td><a href=\"mailto:nuria.profitos@ieselsui.cat\">nuria.profitos@ieselsui.cat<\/a><\/td><\/tr><tr><td><strong>Catal\u00e0<\/strong><\/td><td>Helena Pag\u00e8s<\/td><td><a href=\"mailto:lourdes.subirachs@ieselsui.cat\">helena.pages@ieselsui.cat<\/a><\/td><\/tr><tr><td><strong>Cl\u00e0ssiques<\/strong>  <strong> i Castell\u00e0<\/strong><\/td><td>Antonio Angulo<\/td><td><a href=\"mailto:antonio.angulo@ieselsui.cat\">antonio.angulo@ieselsui.cat<\/a><\/td><\/tr><\/tbody><\/table><\/figure>\n<\/div><\/div>\n<\/div>\n\n\n\n<p><\/p>\n\n\n\n<h1 class=\"wp-block-heading has-black-color has-text-color has-link-color wp-elements-12d04161f38e728e58616dac38113f62\"><strong>\u00daltimes not\u00edcies del departament<\/strong><\/h1>\n\n\n        <div class=\"wp-block-getwid-custom-post-type custom-post-type-post has-layout-list\">\n            <div class=\"wp-block-getwid-custom-post-type__wrapper\">\n                \t\t\t\t\t\t\t\t<div class='wp-block-getwid-custom-post-type__post'>\n\t\t\t\t\t\t\t\t\t\n<div class=\"wp-block-getwid-custom-post-type__post-wrapper\">\n            <div class=\"wp-block-getwid-custom-post-type__post-thumbnail\">\n            <a href=\"https:\/\/agora.xtec.cat\/ieselsui\/general\/contes-animats-de-nadal\/\"><img loading=\"lazy\" decoding=\"async\" width=\"1288\" height=\"441\" src=\"https:\/\/agora.xtec.cat\/ieselsui\/wp-content\/uploads\/usu718\/2026\/01\/contes-nadal.png\" class=\"attachment-post-thumbnail size-post-thumbnail wp-post-image\" alt=\"\" srcset=\"https:\/\/agora.xtec.cat\/ieselsui\/wp-content\/uploads\/usu718\/2026\/01\/contes-nadal.png 1288w, https:\/\/agora.xtec.cat\/ieselsui\/wp-content\/uploads\/usu718\/2026\/01\/contes-nadal-300x103.png 300w, https:\/\/agora.xtec.cat\/ieselsui\/wp-content\/uploads\/usu718\/2026\/01\/contes-nadal-1024x351.png 1024w, https:\/\/agora.xtec.cat\/ieselsui\/wp-content\/uploads\/usu718\/2026\/01\/contes-nadal-768x263.png 768w\" sizes=\"auto, (max-width: 1288px) 100vw, 1288px\" \/><\/a>\n        <\/div>\n        <div class=\"wp-block-getwid-custom-post-type__content-wrapper\">\n        <div class=\"wp-block-getwid-custom-post-type__post-header\">\n            <h3 class=\"wp-block-getwid-custom-post-type__post-title\"><a href=\"https:\/\/agora.xtec.cat\/ieselsui\/general\/contes-animats-de-nadal\/\">Contes animats de Nadal<\/a><\/h3>        <\/div>\n        <div class=\"wp-block-getwid-custom-post-type__post-excerpt \"><p>L&#8217;alumnat de 3r d&#8217;ESO ha preparat uns contes animats en catal\u00e0 i castell\u00e0 amb motiu de Nadal. Els podeu veure [&hellip;]<\/p>\n<\/div>\n    <\/div>\n<\/div>\n\t\t\t\t\t\t\t\t<\/div>\n\t\t\t\t\t\t\t\t\t\t\t\t\t\t\t<div class='wp-block-getwid-custom-post-type__post'>\n\t\t\t\t\t\t\t\t\t\n<div class=\"wp-block-getwid-custom-post-type__post-wrapper\">\n            <div class=\"wp-block-getwid-custom-post-type__post-thumbnail\">\n            <a href=\"https:\/\/agora.xtec.cat\/ieselsui\/4eso\/textos-premiats-sant-jordi-2025\/\"><img loading=\"lazy\" decoding=\"async\" width=\"1136\" height=\"1600\" src=\"https:\/\/agora.xtec.cat\/ieselsui\/wp-content\/uploads\/usu718\/2017\/04\/16dad27f8b225a0f603c148bdb54dfb1.jpg\" class=\"attachment-post-thumbnail size-post-thumbnail wp-post-image\" alt=\"\" srcset=\"https:\/\/agora.xtec.cat\/ieselsui\/wp-content\/uploads\/usu718\/2017\/04\/16dad27f8b225a0f603c148bdb54dfb1.jpg 1136w, https:\/\/agora.xtec.cat\/ieselsui\/wp-content\/uploads\/usu718\/2017\/04\/16dad27f8b225a0f603c148bdb54dfb1-213x300.jpg 213w, https:\/\/agora.xtec.cat\/ieselsui\/wp-content\/uploads\/usu718\/2017\/04\/16dad27f8b225a0f603c148bdb54dfb1-768x1082.jpg 768w, https:\/\/agora.xtec.cat\/ieselsui\/wp-content\/uploads\/usu718\/2017\/04\/16dad27f8b225a0f603c148bdb54dfb1-727x1024.jpg 727w\" sizes=\"auto, (max-width: 1136px) 100vw, 1136px\" \/><\/a>\n        <\/div>\n        <div class=\"wp-block-getwid-custom-post-type__content-wrapper\">\n        <div class=\"wp-block-getwid-custom-post-type__post-header\">\n            <h3 class=\"wp-block-getwid-custom-post-type__post-title\"><a href=\"https:\/\/agora.xtec.cat\/ieselsui\/4eso\/textos-premiats-sant-jordi-2025\/\">Textos premiats Sant Jordi 2025<\/a><\/h3>        <\/div>\n        <div class=\"wp-block-getwid-custom-post-type__post-excerpt \"><p>Aqu\u00ed teniu a sota els treballs guanyadors del primer premi del concurs literari de Sant Jordi d&#8217;aquest any. Esperem que [&hellip;]<\/p>\n<\/div>\n    <\/div>\n<\/div>\n\t\t\t\t\t\t\t\t<\/div>\n\t\t\t\t\t\t\t\t\t\t\t\t\t\t\t<div class='wp-block-getwid-custom-post-type__post'>\n\t\t\t\t\t\t\t\t\t\n<div class=\"wp-block-getwid-custom-post-type__post-wrapper\">\n            <div class=\"wp-block-getwid-custom-post-type__post-thumbnail\">\n            <a href=\"https:\/\/agora.xtec.cat\/ieselsui\/portada\/treballs-programa-el-gust-per-la-lectura\/\"><img loading=\"lazy\" decoding=\"async\" width=\"2000\" height=\"2000\" src=\"https:\/\/agora.xtec.cat\/ieselsui\/wp-content\/uploads\/usu718\/2025\/02\/RGB-2024-LOGO_Gran-HI-PARTICIPEM-1.png\" class=\"attachment-post-thumbnail size-post-thumbnail wp-post-image\" alt=\"\" srcset=\"https:\/\/agora.xtec.cat\/ieselsui\/wp-content\/uploads\/usu718\/2025\/02\/RGB-2024-LOGO_Gran-HI-PARTICIPEM-1.png 2000w, https:\/\/agora.xtec.cat\/ieselsui\/wp-content\/uploads\/usu718\/2025\/02\/RGB-2024-LOGO_Gran-HI-PARTICIPEM-1-300x300.png 300w, https:\/\/agora.xtec.cat\/ieselsui\/wp-content\/uploads\/usu718\/2025\/02\/RGB-2024-LOGO_Gran-HI-PARTICIPEM-1-1024x1024.png 1024w, https:\/\/agora.xtec.cat\/ieselsui\/wp-content\/uploads\/usu718\/2025\/02\/RGB-2024-LOGO_Gran-HI-PARTICIPEM-1-150x150.png 150w, https:\/\/agora.xtec.cat\/ieselsui\/wp-content\/uploads\/usu718\/2025\/02\/RGB-2024-LOGO_Gran-HI-PARTICIPEM-1-768x768.png 768w, https:\/\/agora.xtec.cat\/ieselsui\/wp-content\/uploads\/usu718\/2025\/02\/RGB-2024-LOGO_Gran-HI-PARTICIPEM-1-1536x1536.png 1536w\" sizes=\"auto, (max-width: 2000px) 100vw, 2000px\" \/><\/a>\n        <\/div>\n        <div class=\"wp-block-getwid-custom-post-type__content-wrapper\">\n        <div class=\"wp-block-getwid-custom-post-type__post-header\">\n            <h3 class=\"wp-block-getwid-custom-post-type__post-title\"><a href=\"https:\/\/agora.xtec.cat\/ieselsui\/portada\/treballs-programa-el-gust-per-la-lectura\/\">Treballs programa &#8220;El gust per la lectura&#8221;<\/a><\/h3>        <\/div>\n        <div class=\"wp-block-getwid-custom-post-type__post-excerpt \"><p>Aquest any participem en el programa \u201cEl gust per la lectura\u201d, amb l\u2019objectiu de fomentar la lectura com a font [&hellip;]<\/p>\n<\/div>\n    <\/div>\n<\/div>\n\t\t\t\t\t\t\t\t<\/div>\n\t\t\t\t\t\t\t\t\t\t\t\t\t\t\t<div class='wp-block-getwid-custom-post-type__post'>\n\t\t\t\t\t\t\t\t\t\n<div class=\"wp-block-getwid-custom-post-type__post-wrapper\">\n            <div class=\"wp-block-getwid-custom-post-type__post-thumbnail\">\n            <a href=\"https:\/\/agora.xtec.cat\/ieselsui\/portada\/participem-al-concurs-el-gust-per-la-lectura\/\"><img loading=\"lazy\" decoding=\"async\" width=\"2000\" height=\"2000\" src=\"https:\/\/agora.xtec.cat\/ieselsui\/wp-content\/uploads\/usu718\/2025\/02\/RGB-2024-LOGO_Gran-HI-PARTICIPEM-1.png\" class=\"attachment-post-thumbnail size-post-thumbnail wp-post-image\" alt=\"\" srcset=\"https:\/\/agora.xtec.cat\/ieselsui\/wp-content\/uploads\/usu718\/2025\/02\/RGB-2024-LOGO_Gran-HI-PARTICIPEM-1.png 2000w, https:\/\/agora.xtec.cat\/ieselsui\/wp-content\/uploads\/usu718\/2025\/02\/RGB-2024-LOGO_Gran-HI-PARTICIPEM-1-300x300.png 300w, https:\/\/agora.xtec.cat\/ieselsui\/wp-content\/uploads\/usu718\/2025\/02\/RGB-2024-LOGO_Gran-HI-PARTICIPEM-1-1024x1024.png 1024w, https:\/\/agora.xtec.cat\/ieselsui\/wp-content\/uploads\/usu718\/2025\/02\/RGB-2024-LOGO_Gran-HI-PARTICIPEM-1-150x150.png 150w, https:\/\/agora.xtec.cat\/ieselsui\/wp-content\/uploads\/usu718\/2025\/02\/RGB-2024-LOGO_Gran-HI-PARTICIPEM-1-768x768.png 768w, https:\/\/agora.xtec.cat\/ieselsui\/wp-content\/uploads\/usu718\/2025\/02\/RGB-2024-LOGO_Gran-HI-PARTICIPEM-1-1536x1536.png 1536w\" sizes=\"auto, (max-width: 2000px) 100vw, 2000px\" \/><\/a>\n        <\/div>\n        <div class=\"wp-block-getwid-custom-post-type__content-wrapper\">\n        <div class=\"wp-block-getwid-custom-post-type__post-header\">\n            <h3 class=\"wp-block-getwid-custom-post-type__post-title\"><a href=\"https:\/\/agora.xtec.cat\/ieselsui\/portada\/participem-al-concurs-el-gust-per-la-lectura\/\">PARTICIPEM AL CONCURS &#8220;EL GUST PER LA LECTURA&#8221;<\/a><\/h3>        <\/div>\n        <div class=\"wp-block-getwid-custom-post-type__post-excerpt \"><p>L&#8217;alumnat de 2n ESO d&#8217;el Sui participa enguany al concurs &#8220;El gust per la lectura&#8221;, que organitza el Departament d&#8217;Educaci\u00f3.&nbsp; [&hellip;]<\/p>\n<\/div>\n    <\/div>\n<\/div>\n\t\t\t\t\t\t\t\t<\/div>\n\t\t\t\t\t\t\t\t\t\t\t\t\t\t\t<div class='wp-block-getwid-custom-post-type__post'>\n\t\t\t\t\t\t\t\t\t\n<div class=\"wp-block-getwid-custom-post-type__post-wrapper\">\n            <div class=\"wp-block-getwid-custom-post-type__post-thumbnail\">\n            <a href=\"https:\/\/agora.xtec.cat\/ieselsui\/1-btx\/estelles-de-ma-en-ma\/\"><img loading=\"lazy\" decoding=\"async\" width=\"1600\" height=\"1200\" src=\"https:\/\/agora.xtec.cat\/ieselsui\/wp-content\/uploads\/usu718\/2024\/06\/IMG-20240603-WA0008.jpg\" class=\"attachment-post-thumbnail size-post-thumbnail wp-post-image\" alt=\"\" srcset=\"https:\/\/agora.xtec.cat\/ieselsui\/wp-content\/uploads\/usu718\/2024\/06\/IMG-20240603-WA0008.jpg 1600w, https:\/\/agora.xtec.cat\/ieselsui\/wp-content\/uploads\/usu718\/2024\/06\/IMG-20240603-WA0008-300x225.jpg 300w, https:\/\/agora.xtec.cat\/ieselsui\/wp-content\/uploads\/usu718\/2024\/06\/IMG-20240603-WA0008-1024x768.jpg 1024w, https:\/\/agora.xtec.cat\/ieselsui\/wp-content\/uploads\/usu718\/2024\/06\/IMG-20240603-WA0008-768x576.jpg 768w, https:\/\/agora.xtec.cat\/ieselsui\/wp-content\/uploads\/usu718\/2024\/06\/IMG-20240603-WA0008-1536x1152.jpg 1536w, https:\/\/agora.xtec.cat\/ieselsui\/wp-content\/uploads\/usu718\/2024\/06\/IMG-20240603-WA0008-200x150.jpg 200w\" sizes=\"auto, (max-width: 1600px) 100vw, 1600px\" \/><\/a>\n        <\/div>\n        <div class=\"wp-block-getwid-custom-post-type__content-wrapper\">\n        <div class=\"wp-block-getwid-custom-post-type__post-header\">\n            <h3 class=\"wp-block-getwid-custom-post-type__post-title\"><a href=\"https:\/\/agora.xtec.cat\/ieselsui\/1-btx\/estelles-de-ma-en-ma\/\">Estell\u00e9s de m\u00e0 en m\u00e0<\/a><\/h3>        <\/div>\n        <div class=\"wp-block-getwid-custom-post-type__post-excerpt \"><p>\u201cEstell\u00e9s\u00a0de m\u00e0 en m\u00e0\u201d, un espectacle per commemorar-ne el centenari, un espectacle\u00a0per submergir-se en el gust\u00f3s univers de Vicent Andr\u00e9s\u00a0Estell\u00e9s\u00a0amb [&hellip;]<\/p>\n<\/div>\n    <\/div>\n<\/div>\n\t\t\t\t\t\t\t\t<\/div>\n\t\t\t\t\t\t\t            <\/div>\n\n                            <nav class=\"navigation pagination\" role=\"navigation\">\n                    <h2 class=\"screen-reader-text\"><\/h2>\n                    <div class=\"nav-links\">\n                    <span aria-current=\"page\" class=\"page-numbers current\">1<\/span>\n<a class=\"page-numbers\" href=\"https:\/\/agora.xtec.cat\/ieselsui\/wp-json\/wp\/v2\/pages\/4514\/page\/2\/\">2<\/a>\n<a class=\"page-numbers\" href=\"https:\/\/agora.xtec.cat\/ieselsui\/wp-json\/wp\/v2\/pages\/4514\/page\/3\/\">3<\/a>\n<a class=\"next page-numbers\" href=\"https:\/\/agora.xtec.cat\/ieselsui\/wp-json\/wp\/v2\/pages\/4514\/page\/2\/\">> <i><\/i><\/a>                    <\/div>\n                <\/nav>\n                    <\/div>\n        ","protected":false},"excerpt":{"rendered":"<p>\u00daltimes not\u00edcies del departament<\/p>\n","protected":false},"author":56,"featured_media":0,"parent":4463,"menu_order":0,"comment_status":"closed","ping_status":"close","template":"","meta":{"_bbp_topic_count":0,"_bbp_reply_count":0,"_bbp_total_topic_count":0,"_bbp_total_reply_count":0,"_bbp_voice_count":0,"_bbp_anonymous_reply_count":0,"_bbp_topic_count_hidden":0,"_bbp_reply_count_hidden":0,"_bbp_forum_subforum_count":0,"site-sidebar-layout":"no-sidebar","site-content-layout":"","ast-site-content-layout":"normal-width-container","site-content-style":"default","site-sidebar-style":"default","ast-global-header-display":"","ast-banner-title-visibility":"","ast-main-header-display":"","ast-hfb-above-header-display":"","ast-hfb-below-header-display":"","ast-hfb-mobile-header-display":"","site-post-title":"","ast-breadcrumbs-content":"","ast-featured-img":"","footer-sml-layout":"","theme-transparent-header-meta":"","adv-header-id-meta":"","stick-header-meta":"","header-above-stick-meta":"","header-main-stick-meta":"","header-below-stick-meta":"","astra-migrate-meta-layouts":"set","ast-page-background-enabled":"default","ast-page-background-meta":{"desktop":{"background-color":"var(--ast-global-color-4)","background-image":"","background-repeat":"repeat","background-position":"center center","background-size":"auto","background-attachment":"scroll","background-type":"","background-media":"","overlay-type":"","overlay-color":"","overlay-opacity":"","overlay-gradient":""},"tablet":{"background-color":"","background-image":"","background-repeat":"repeat","background-position":"center center","background-size":"auto","background-attachment":"scroll","background-type":"","background-media":"","overlay-type":"","overlay-color":"","overlay-opacity":"","overlay-gradient":""},"mobile":{"background-color":"","background-image":"","background-repeat":"repeat","background-position":"center center","background-size":"auto","background-attachment":"scroll","background-type":"","background-media":"","overlay-type":"","overlay-color":"","overlay-opacity":"","overlay-gradient":""}},"ast-content-background-meta":{"desktop":{"background-color":"var(--ast-global-color-5)","background-image":"","background-repeat":"repeat","background-position":"center center","background-size":"auto","background-attachment":"scroll","background-type":"","background-media":"","overlay-type":"","overlay-color":"","overlay-opacity":"","overlay-gradient":""},"tablet":{"background-color":"var(--ast-global-color-5)","background-image":"","background-repeat":"repeat","background-position":"center center","background-size":"auto","background-attachment":"scroll","background-type":"","background-media":"","overlay-type":"","overlay-color":"","overlay-opacity":"","overlay-gradient":""},"mobile":{"background-color":"var(--ast-global-color-5)","background-image":"","background-repeat":"repeat","background-position":"center center","background-size":"auto","background-attachment":"scroll","background-type":"","background-media":"","overlay-type":"","overlay-color":"","overlay-opacity":"","overlay-gradient":""}},"footnotes":""},"class_list":["post-4514","page","type-page","status-publish","hentry"],"post_mailing_queue_ids":[],"_links":{"self":[{"href":"https:\/\/agora.xtec.cat\/ieselsui\/wp-json\/wp\/v2\/pages\/4514","targetHints":{"allow":["GET"]}}],"collection":[{"href":"https:\/\/agora.xtec.cat\/ieselsui\/wp-json\/wp\/v2\/pages"}],"about":[{"href":"https:\/\/agora.xtec.cat\/ieselsui\/wp-json\/wp\/v2\/types\/page"}],"author":[{"embeddable":true,"href":"https:\/\/agora.xtec.cat\/ieselsui\/wp-json\/wp\/v2\/users\/56"}],"replies":[{"embeddable":true,"href":"https:\/\/agora.xtec.cat\/ieselsui\/wp-json\/wp\/v2\/comments?post=4514"}],"version-history":[{"count":6,"href":"https:\/\/agora.xtec.cat\/ieselsui\/wp-json\/wp\/v2\/pages\/4514\/revisions"}],"predecessor-version":[{"id":5589,"href":"https:\/\/agora.xtec.cat\/ieselsui\/wp-json\/wp\/v2\/pages\/4514\/revisions\/5589"}],"up":[{"embeddable":true,"href":"https:\/\/agora.xtec.cat\/ieselsui\/wp-json\/wp\/v2\/pages\/4463"}],"wp:attachment":[{"href":"https:\/\/agora.xtec.cat\/ieselsui\/wp-json\/wp\/v2\/media?parent=4514"}],"curies":[{"name":"wp","href":"https:\/\/api.w.org\/{rel}","templated":true}]}}