{"id":39,"date":"2014-09-17T16:36:44","date_gmt":"2014-09-17T15:36:44","guid":{"rendered":"http:\/\/agora.xtec.cat\/ieselsui\/?page_id=39"},"modified":"2025-07-31T13:25:14","modified_gmt":"2025-07-31T11:25:14","slug":"equipdirectiu","status":"publish","type":"page","link":"https:\/\/agora.xtec.cat\/ieselsui\/linstitut\/equipdirectiu\/","title":{"rendered":"Equip directiu"},"content":{"rendered":"\n<div class=\"wp-block-media-text is-stacked-on-mobile\" style=\"grid-template-columns:35% auto\"><figure class=\"wp-block-media-text__media\"><img loading=\"lazy\" decoding=\"async\" width=\"378\" height=\"504\" src=\"https:\/\/agora.xtec.cat\/ieselsui\/wp-content\/uploads\/usu718\/2024\/07\/Esther.jpg\" alt=\"\" class=\"wp-image-4437 size-full\" srcset=\"https:\/\/agora.xtec.cat\/ieselsui\/wp-content\/uploads\/usu718\/2024\/07\/Esther.jpg 378w, https:\/\/agora.xtec.cat\/ieselsui\/wp-content\/uploads\/usu718\/2024\/07\/Esther-225x300.jpg 225w\" sizes=\"auto, (max-width: 378px) 100vw, 378px\" \/><\/figure><div class=\"wp-block-media-text__content\">\n<h2 class=\"wp-block-heading has-vivid-green-cyan-color has-text-color\"><strong>Directora<\/strong><\/h2>\n\n\n\n<p><strong>Esther Gonz\u00e1lez Le\u00f3n<\/strong><\/p>\n\n\n\n<ul class=\"wp-block-list\">\n<li><strong>Estudis:<\/strong>\n<ul class=\"wp-block-list\">\n<li>Llicenciatura en F\u00edsica a per la Universitat Aut\u00f2noma de Barcelona<\/li>\n\n\n\n<li>M\u00e0ster en recerca de f\u00edsica te\u00f2rica per la Universitat Aut\u00f2noma de Barcelona<\/li>\n\n\n\n<li>M\u00e0ster en Recursos Tecnopedag\u00f2gics per la Universitat Oberta de Catalunya<\/li>\n\n\n\n<li>Postragrau en Direcci\u00f3 de Centres Educatius per la Universitat Oberta de Catalunya<\/li>\n<\/ul>\n<\/li>\n\n\n\n<li><strong>Departament:<\/strong>\n<ul class=\"wp-block-list\">\n<li>Matem\u00e0tiques<\/li>\n<\/ul>\n<\/li>\n\n\n\n<li><strong>C\u00e0rrecs desenvolupats:<\/strong>\n<ul class=\"wp-block-list\">\n<li>Tutora d&#8217;ESO i Batxillerat<\/li>\n\n\n\n<li>Coordinaci\u00f3 digital<\/li>\n\n\n\n<li>Coordinaci\u00f3 de nivell<\/li>\n\n\n\n<li>Coordinaci\u00f3 Activitats i Sortides (CAISE)<\/li>\n\n\n\n<li>Coordinaci\u00f3 projectes interdisciplinaris<\/li>\n\n\n\n<li>Coordinaci\u00f3 intercanvis<\/li>\n\n\n\n<li>Cap d&#8217;estudis<\/li>\n<\/ul>\n<\/li>\n<\/ul>\n<\/div><\/div>\n\n\n\n<hr class=\"wp-block-separator has-text-color has-white-color has-alpha-channel-opacity has-white-background-color has-background\"\/>\n\n\n\n<div class=\"wp-block-media-text has-media-on-the-right is-stacked-on-mobile\" style=\"grid-template-columns:auto 35%\"><div class=\"wp-block-media-text__content\">\n<h2 class=\"wp-block-heading has-vivid-green-cyan-color has-text-color\"><strong>Cap d&#8217;estudis<\/strong><\/h2>\n\n\n\n<p><strong>Meritxell Ramos Monteagudo<\/strong><\/p>\n\n\n\n<ul class=\"wp-block-list\">\n<li><strong>Estudis:<\/strong>\n<ul class=\"wp-block-list\">\n<li>Grau en Lleng\u00fces i Literatures Modernes (castell\u00e0 i angl\u00e8s) per la Universitat de Barcelona<\/li>\n\n\n\n<li>M\u00e0ster en Gesti\u00f3 i Direcci\u00f3 de Centres Educatius per la Universitat Internacional de La Rioja<\/li>\n\n\n\n<li>M\u00e0ster en Formaci\u00f3 de Professorat d&#8217;Ensenyament Secundari i Batxillerat per la Universitat Internacional de La Rioja<\/li>\n<\/ul>\n<\/li>\n\n\n\n<li><strong>Departament:<\/strong>\n<ul class=\"wp-block-list\">\n<li>Lleng\u00fces<\/li>\n<\/ul>\n<\/li>\n\n\n\n<li><strong>C\u00e0rrecs desenvolupats:<\/strong>\n<ul class=\"wp-block-list\">\n<li>Tutora d&#8217;ESO<\/li>\n\n\n\n<li>Coordinaci\u00f3 ESO<\/li>\n\n\n\n<li>Coordinaci\u00f3 Batxillerat<\/li>\n\n\n\n<li>Coordinaci\u00f3 Pla lector<\/li>\n<\/ul>\n<\/li>\n<\/ul>\n<\/div><figure class=\"wp-block-media-text__media\"><img loading=\"lazy\" decoding=\"async\" width=\"843\" height=\"1024\" src=\"https:\/\/agora.xtec.cat\/ieselsui\/wp-content\/uploads\/usu718\/2025\/07\/ab6d87eb-0288-4157-afd2-a5e13ca2089e-843x1024.jpg\" alt=\"\" class=\"wp-image-5418 size-full\" srcset=\"https:\/\/agora.xtec.cat\/ieselsui\/wp-content\/uploads\/usu718\/2025\/07\/ab6d87eb-0288-4157-afd2-a5e13ca2089e-843x1024.jpg 843w, https:\/\/agora.xtec.cat\/ieselsui\/wp-content\/uploads\/usu718\/2025\/07\/ab6d87eb-0288-4157-afd2-a5e13ca2089e-247x300.jpg 247w, https:\/\/agora.xtec.cat\/ieselsui\/wp-content\/uploads\/usu718\/2025\/07\/ab6d87eb-0288-4157-afd2-a5e13ca2089e-768x932.jpg 768w, https:\/\/agora.xtec.cat\/ieselsui\/wp-content\/uploads\/usu718\/2025\/07\/ab6d87eb-0288-4157-afd2-a5e13ca2089e.jpg 939w\" sizes=\"auto, (max-width: 843px) 100vw, 843px\" \/><\/figure><\/div>\n\n\n\n<hr class=\"wp-block-separator has-text-color has-white-color has-alpha-channel-opacity has-white-background-color has-background\"\/>\n\n\n\n<div class=\"wp-block-media-text is-stacked-on-mobile\" style=\"grid-template-columns:35% auto\"><figure class=\"wp-block-media-text__media\"><img loading=\"lazy\" decoding=\"async\" width=\"828\" height=\"896\" src=\"https:\/\/agora.xtec.cat\/ieselsui\/wp-content\/uploads\/usu718\/2025\/07\/aaa89002-ec4b-4ba0-bf23-7611911238b9.jpg\" alt=\"\" class=\"wp-image-5397 size-full\" srcset=\"https:\/\/agora.xtec.cat\/ieselsui\/wp-content\/uploads\/usu718\/2025\/07\/aaa89002-ec4b-4ba0-bf23-7611911238b9.jpg 828w, https:\/\/agora.xtec.cat\/ieselsui\/wp-content\/uploads\/usu718\/2025\/07\/aaa89002-ec4b-4ba0-bf23-7611911238b9-277x300.jpg 277w, https:\/\/agora.xtec.cat\/ieselsui\/wp-content\/uploads\/usu718\/2025\/07\/aaa89002-ec4b-4ba0-bf23-7611911238b9-768x831.jpg 768w\" sizes=\"auto, (max-width: 828px) 100vw, 828px\" \/><\/figure><div class=\"wp-block-media-text__content\">\n<h2 class=\"wp-block-heading has-vivid-green-cyan-color has-text-color\"><strong>Coordinadora pedag\u00f2gic<\/strong>a<\/h2>\n\n\n\n<p><strong>M\u00f2nica Artigas Romero<\/strong><\/p>\n\n\n\n<ul class=\"wp-block-list\">\n<li><strong>Estudis:<\/strong>\n<ul class=\"wp-block-list\">\n<li>Llicenciatura en Traducci\u00f3 i Interpretaci\u00f3 (angl\u00e8s, alemany&nbsp;i&nbsp;franc\u00e8s)&nbsp;per la Universitat Aut\u00f2noma de Barcelona.<\/li>\n\n\n\n<li>M\u00e0ster en Edici\u00f3 de Llibres&nbsp;a la Universitat Pompeu Fabra de Barcelona.<\/li>\n\n\n\n<li>Titulaci\u00f3 en Direcci\u00f3 de Centres Educatius i Lideratge Pedag\u00f2gic pel Departament&nbsp;d&#8217;Educaci\u00f3 i Formaci\u00f3 Professional.<\/li>\n<\/ul>\n<\/li>\n\n\n\n<li><strong>Departament:<\/strong>\n<ul class=\"wp-block-list\">\n<li>Lleng\u00fces estrangeres<\/li>\n<\/ul>\n<\/li>\n\n\n\n<li><strong>C\u00e0rrecs desenvolupats<\/strong>:\n<ul class=\"wp-block-list\">\n<li>Tutora d&#8217;ESO<\/li>\n\n\n\n<li>Coordinaci\u00f3 ESO<\/li>\n\n\n\n<li>Coordinaci\u00f3 Activitats i Sortides (CAISE)<\/li>\n\n\n\n<li>Coordinaci\u00f3 intercanvis<\/li>\n\n\n\n<li>Mentoria d&#8217;estudiants en pr\u00e0ctiques<\/li>\n<\/ul>\n<\/li>\n<\/ul>\n<\/div><\/div>\n\n\n\n<hr class=\"wp-block-separator has-text-color has-white-color has-alpha-channel-opacity has-white-background-color has-background\"\/>\n\n\n\n<div class=\"wp-block-media-text has-media-on-the-right is-stacked-on-mobile\" style=\"grid-template-columns:auto 35%\"><div class=\"wp-block-media-text__content\">\n<h2 class=\"wp-block-heading has-vivid-green-cyan-color has-text-color\"><strong>Secretari<\/strong><\/h2>\n\n\n\n<p><strong>Sergio Mi\u00f1ano Mu\u00f1oz<\/strong><\/p>\n\n\n\n<ul class=\"wp-block-list\">\n<li><strong>Estudis:<\/strong>\n<ul class=\"wp-block-list\">\n<li>Grau en Administraci\u00f3 i Direcci\u00f3 d&#8217;Empreses (itinerari m\u00e0rqueting)  per la Universitat d&#8217;Alacant<\/li>\n\n\n\n<li>M\u00e0ster en Formaci\u00f3 de Professorat d&#8217;Ensenyament Secundari i Batxillerat per la Universitat d&#8217;Alacant<\/li>\n<\/ul>\n<\/li>\n\n\n\n<li><strong>Departament:<\/strong>\n<ul class=\"wp-block-list\">\n<li>Ci\u00e8ncies Socials<\/li>\n<\/ul>\n<\/li>\n\n\n\n<li><strong>C\u00e0rrecs desenvolupats<\/strong>:\n<ul class=\"wp-block-list\">\n<li>Tutor d&#8217;ESO<\/li>\n\n\n\n<li>Tutor de Batxillerat<\/li>\n\n\n\n<li>Coordinador Web<\/li>\n<\/ul>\n<\/li>\n<\/ul>\n<\/div><figure class=\"wp-block-media-text__media\"><img loading=\"lazy\" decoding=\"async\" width=\"767\" height=\"1024\" src=\"https:\/\/agora.xtec.cat\/ieselsui\/wp-content\/uploads\/usu718\/2025\/07\/IMG_7706-2-767x1024.jpeg\" alt=\"\" class=\"wp-image-5398 size-full\" srcset=\"https:\/\/agora.xtec.cat\/ieselsui\/wp-content\/uploads\/usu718\/2025\/07\/IMG_7706-2-767x1024.jpeg 767w, https:\/\/agora.xtec.cat\/ieselsui\/wp-content\/uploads\/usu718\/2025\/07\/IMG_7706-2-225x300.jpeg 225w, https:\/\/agora.xtec.cat\/ieselsui\/wp-content\/uploads\/usu718\/2025\/07\/IMG_7706-2-768x1026.jpeg 768w, https:\/\/agora.xtec.cat\/ieselsui\/wp-content\/uploads\/usu718\/2025\/07\/IMG_7706-2-1150x1536.jpeg 1150w, https:\/\/agora.xtec.cat\/ieselsui\/wp-content\/uploads\/usu718\/2025\/07\/IMG_7706-2-1533x2048.jpeg 1533w, https:\/\/agora.xtec.cat\/ieselsui\/wp-content\/uploads\/usu718\/2025\/07\/IMG_7706-2-scaled.jpeg 1916w\" sizes=\"auto, (max-width: 767px) 100vw, 767px\" \/><\/figure><\/div>\n\n\n\n<p><\/p>\n","protected":false},"excerpt":{"rendered":"","protected":false},"author":1,"featured_media":0,"parent":19,"menu_order":30,"comment_status":"closed","ping_status":"closed","template":"","meta":{"_bbp_topic_count":0,"_bbp_reply_count":0,"_bbp_total_topic_count":0,"_bbp_total_reply_count":0,"_bbp_voice_count":0,"_bbp_anonymous_reply_count":0,"_bbp_topic_count_hidden":0,"_bbp_reply_count_hidden":0,"_bbp_forum_subforum_count":0,"site-sidebar-layout":"no-sidebar","site-content-layout":"","ast-site-content-layout":"normal-width-container","site-content-style":"default","site-sidebar-style":"default","ast-global-header-display":"","ast-banner-title-visibility":"","ast-main-header-display":"","ast-hfb-above-header-display":"","ast-hfb-below-header-display":"","ast-hfb-mobile-header-display":"","site-post-title":"","ast-breadcrumbs-content":"","ast-featured-img":"","footer-sml-layout":"","theme-transparent-header-meta":"","adv-header-id-meta":"","stick-header-meta":"","header-above-stick-meta":"","header-main-stick-meta":"","header-below-stick-meta":"","astra-migrate-meta-layouts":"set","ast-page-background-enabled":"default","ast-page-background-meta":{"desktop":{"background-color":"var(--ast-global-color-4)","background-image":"","background-repeat":"repeat","background-position":"center center","background-size":"auto","background-attachment":"scroll","background-type":"","background-media":"","overlay-type":"","overlay-color":"","overlay-opacity":"","overlay-gradient":""},"tablet":{"background-color":"","background-image":"","background-repeat":"repeat","background-position":"center center","background-size":"auto","background-attachment":"scroll","background-type":"","background-media":"","overlay-type":"","overlay-color":"","overlay-opacity":"","overlay-gradient":""},"mobile":{"background-color":"","background-image":"","background-repeat":"repeat","background-position":"center center","background-size":"auto","background-attachment":"scroll","background-type":"","background-media":"","overlay-type":"","overlay-color":"","overlay-opacity":"","overlay-gradient":""}},"ast-content-background-meta":{"desktop":{"background-color":"var(--ast-global-color-5)","background-image":"","background-repeat":"repeat","background-position":"center center","background-size":"auto","background-attachment":"scroll","background-type":"","background-media":"","overlay-type":"","overlay-color":"","overlay-opacity":"","overlay-gradient":""},"tablet":{"background-color":"var(--ast-global-color-5)","background-image":"","background-repeat":"repeat","background-position":"center center","background-size":"auto","background-attachment":"scroll","background-type":"","background-media":"","overlay-type":"","overlay-color":"","overlay-opacity":"","overlay-gradient":""},"mobile":{"background-color":"var(--ast-global-color-5)","background-image":"","background-repeat":"repeat","background-position":"center center","background-size":"auto","background-attachment":"scroll","background-type":"","background-media":"","overlay-type":"","overlay-color":"","overlay-opacity":"","overlay-gradient":""}},"footnotes":""},"class_list":["post-39","page","type-page","status-publish","hentry"],"post_mailing_queue_ids":[],"_links":{"self":[{"href":"https:\/\/agora.xtec.cat\/ieselsui\/wp-json\/wp\/v2\/pages\/39","targetHints":{"allow":["GET"]}}],"collection":[{"href":"https:\/\/agora.xtec.cat\/ieselsui\/wp-json\/wp\/v2\/pages"}],"about":[{"href":"https:\/\/agora.xtec.cat\/ieselsui\/wp-json\/wp\/v2\/types\/page"}],"author":[{"embeddable":true,"href":"https:\/\/agora.xtec.cat\/ieselsui\/wp-json\/wp\/v2\/users\/1"}],"replies":[{"embeddable":true,"href":"https:\/\/agora.xtec.cat\/ieselsui\/wp-json\/wp\/v2\/comments?post=39"}],"version-history":[{"count":6,"href":"https:\/\/agora.xtec.cat\/ieselsui\/wp-json\/wp\/v2\/pages\/39\/revisions"}],"predecessor-version":[{"id":5419,"href":"https:\/\/agora.xtec.cat\/ieselsui\/wp-json\/wp\/v2\/pages\/39\/revisions\/5419"}],"up":[{"embeddable":true,"href":"https:\/\/agora.xtec.cat\/ieselsui\/wp-json\/wp\/v2\/pages\/19"}],"wp:attachment":[{"href":"https:\/\/agora.xtec.cat\/ieselsui\/wp-json\/wp\/v2\/media?parent=39"}],"curies":[{"name":"wp","href":"https:\/\/api.w.org\/{rel}","templated":true}]}}