{"id":3810,"date":"2023-12-17T20:34:23","date_gmt":"2023-12-17T19:34:23","guid":{"rendered":"https:\/\/agora.xtec.cat\/ieselsui\/?page_id=3810"},"modified":"2024-12-30T15:20:31","modified_gmt":"2024-12-30T14:20:31","slug":"consell-escolar","status":"publish","type":"page","link":"https:\/\/agora.xtec.cat\/ieselsui\/linstitut\/consell-escolar\/","title":{"rendered":"Consell Escolar"},"content":{"rendered":"\n<h5 class=\"wp-block-heading\">Composici\u00f3 Consell Escolar 23-25<\/h5>\n\n\n\n<figure class=\"wp-block-table\"><table><tbody><tr><td rowspan=\"3\"><strong>Equip directiu<\/strong><\/td><td><strong>Directora<\/strong><\/td><td>Graciela Esteban Cavero<\/td><\/tr><tr><td><strong>Cap d&#8217;estudis<\/strong><\/td><td>Esther Gonz\u00e1lez Le\u00f3n<\/td><\/tr><tr><td><strong>Secret\u00e0ria<\/strong><\/td><td>Sole Mart\u00ed Mar\u00ed<\/td><\/tr><tr><td colspan=\"2\" rowspan=\"7\"><strong>Representants professorat<\/strong><br><strong><br><\/strong><\/td><td>M\u00f2nica Artigas Romero<\/td><\/tr><tr><td>Eduardo Medina Varet<\/td><\/tr><tr><td>Sergio Mi\u00f1ano Mu\u00f1oz<\/td><\/tr><tr><td>Meritxell Ramos Monteagudo<\/td><\/tr><tr><td>Ferran Rib\u00f3 Ayuso<\/td><\/tr><tr><td>Miryam Saiz F\u00edguls<\/td><\/tr><tr><td>Montserrat Cano S\u00e1nchez<\/td><\/tr><tr><td colspan=\"2\" rowspan=\"4\"><strong>Representants alumnat<\/strong><\/td><td>Pau Dom\u00ednguez Resa<\/td><\/tr><tr><td>Gerard Mancilla Carmona<\/td><\/tr><tr><td>Nil Salvador Hern\u00e1ndez<\/td><\/tr><tr><td>Sergi Ventura Parera<\/td><\/tr><tr><td colspan=\"2\" rowspan=\"3\"><strong>Representants fam\u00edlies<\/strong><\/td><td>Diana Banzo Se\u00f1er<\/td><\/tr><tr><td>Maria \u00c0ngels Garriga Ribalta<\/td><\/tr><tr><td>Miquel R. Mir\u00f3 Barrachina<\/td><\/tr><tr><td colspan=\"2\"><strong>Representant AFA<\/strong><\/td><td>Guillem Mitj\u00e0 Puigdengolas<\/td><\/tr><tr><td colspan=\"2\"><strong>Representant PAS<\/strong><\/td><td>Rosa Del Pino Somoza<\/td><\/tr><tr><td colspan=\"2\"><strong>Representant PAE<\/strong><\/td><td>N\u00faria Rodriguez Hern\u00e0ndez<\/td><\/tr><tr><td colspan=\"2\"><strong>Representant Ajuntament<\/strong><\/td><td>Maria Andreu Duran (Regidora d&#8217;Educaci\u00f3)<\/td><\/tr><tr><td colspan=\"2\"><strong>Referent coeducaci\u00f3 i promoci\u00f3 igualtat de g\u00e8nere<\/strong><\/td><td>Rosa Del Pino Somoza<\/td><\/tr><\/tbody><\/table><\/figure>\n","protected":false},"excerpt":{"rendered":"<p>Composici\u00f3 Consell Escolar 23-25 Equip directiu Directora Graciela Esteban Cavero Cap d&#8217;estudis Esther Gonz\u00e1lez Le\u00f3n Secret\u00e0ria Sole Mart\u00ed Mar\u00ed Representants [&hellip;]<\/p>\n","protected":false},"author":56,"featured_media":0,"parent":19,"menu_order":0,"comment_status":"closed","ping_status":"closed","template":"","meta":{"_bbp_topic_count":0,"_bbp_reply_count":0,"_bbp_total_topic_count":0,"_bbp_total_reply_count":0,"_bbp_voice_count":0,"_bbp_anonymous_reply_count":0,"_bbp_topic_count_hidden":0,"_bbp_reply_count_hidden":0,"_bbp_forum_subforum_count":0,"site-sidebar-layout":"no-sidebar","site-content-layout":"","ast-site-content-layout":"normal-width-container","site-content-style":"default","site-sidebar-style":"default","ast-global-header-display":"","ast-banner-title-visibility":"","ast-main-header-display":"","ast-hfb-above-header-display":"","ast-hfb-below-header-display":"","ast-hfb-mobile-header-display":"","site-post-title":"","ast-breadcrumbs-content":"","ast-featured-img":"","footer-sml-layout":"","theme-transparent-header-meta":"","adv-header-id-meta":"","stick-header-meta":"","header-above-stick-meta":"","header-main-stick-meta":"","header-below-stick-meta":"","astra-migrate-meta-layouts":"set","ast-page-background-enabled":"default","ast-page-background-meta":{"desktop":{"background-color":"var(--ast-global-color-4)","background-image":"","background-repeat":"repeat","background-position":"center center","background-size":"auto","background-attachment":"scroll","background-type":"","background-media":"","overlay-type":"","overlay-color":"","overlay-opacity":"","overlay-gradient":""},"tablet":{"background-color":"","background-image":"","background-repeat":"repeat","background-position":"center center","background-size":"auto","background-attachment":"scroll","background-type":"","background-media":"","overlay-type":"","overlay-color":"","overlay-opacity":"","overlay-gradient":""},"mobile":{"background-color":"","background-image":"","background-repeat":"repeat","background-position":"center center","background-size":"auto","background-attachment":"scroll","background-type":"","background-media":"","overlay-type":"","overlay-color":"","overlay-opacity":"","overlay-gradient":""}},"ast-content-background-meta":{"desktop":{"background-color":"var(--ast-global-color-5)","background-image":"","background-repeat":"repeat","background-position":"center center","background-size":"auto","background-attachment":"scroll","background-type":"","background-media":"","overlay-type":"","overlay-color":"","overlay-opacity":"","overlay-gradient":""},"tablet":{"background-color":"var(--ast-global-color-5)","background-image":"","background-repeat":"repeat","background-position":"center center","background-size":"auto","background-attachment":"scroll","background-type":"","background-media":"","overlay-type":"","overlay-color":"","overlay-opacity":"","overlay-gradient":""},"mobile":{"background-color":"var(--ast-global-color-5)","background-image":"","background-repeat":"repeat","background-position":"center center","background-size":"auto","background-attachment":"scroll","background-type":"","background-media":"","overlay-type":"","overlay-color":"","overlay-opacity":"","overlay-gradient":""}},"footnotes":""},"class_list":["post-3810","page","type-page","status-publish","hentry"],"post_mailing_queue_ids":[],"_links":{"self":[{"href":"https:\/\/agora.xtec.cat\/ieselsui\/wp-json\/wp\/v2\/pages\/3810","targetHints":{"allow":["GET"]}}],"collection":[{"href":"https:\/\/agora.xtec.cat\/ieselsui\/wp-json\/wp\/v2\/pages"}],"about":[{"href":"https:\/\/agora.xtec.cat\/ieselsui\/wp-json\/wp\/v2\/types\/page"}],"author":[{"embeddable":true,"href":"https:\/\/agora.xtec.cat\/ieselsui\/wp-json\/wp\/v2\/users\/56"}],"replies":[{"embeddable":true,"href":"https:\/\/agora.xtec.cat\/ieselsui\/wp-json\/wp\/v2\/comments?post=3810"}],"version-history":[{"count":6,"href":"https:\/\/agora.xtec.cat\/ieselsui\/wp-json\/wp\/v2\/pages\/3810\/revisions"}],"predecessor-version":[{"id":4860,"href":"https:\/\/agora.xtec.cat\/ieselsui\/wp-json\/wp\/v2\/pages\/3810\/revisions\/4860"}],"up":[{"embeddable":true,"href":"https:\/\/agora.xtec.cat\/ieselsui\/wp-json\/wp\/v2\/pages\/19"}],"wp:attachment":[{"href":"https:\/\/agora.xtec.cat\/ieselsui\/wp-json\/wp\/v2\/media?parent=3810"}],"curies":[{"name":"wp","href":"https:\/\/api.w.org\/{rel}","templated":true}]}}