{"id":3237,"date":"2023-03-12T21:14:27","date_gmt":"2023-03-12T20:14:27","guid":{"rendered":"https:\/\/agora.xtec.cat\/ieselsui\/?page_id=3237"},"modified":"2026-01-30T11:49:15","modified_gmt":"2026-01-30T10:49:15","slug":"orientacio-4t-eso","status":"publish","type":"page","link":"https:\/\/agora.xtec.cat\/ieselsui\/orientacio-4t-eso\/","title":{"rendered":"Orientaci\u00f3 4t ESO"},"content":{"rendered":"\n<figure class=\"wp-block-image\"><a href=\"https:\/\/agora.xtec.cat\/ieselsui\/wp-content\/uploads\/usu718\/2023\/03\/logo-orientacio-v4-e1678711983635.png\"><img loading=\"lazy\" decoding=\"async\" width=\"1024\" height=\"590\" src=\"https:\/\/agora.xtec.cat\/ieselsui\/wp-content\/uploads\/usu718\/2023\/03\/logo-orientacio-v4-e1678711983635-1024x590.png\" alt=\"\" class=\"wp-image-3268\" srcset=\"https:\/\/agora.xtec.cat\/ieselsui\/wp-content\/uploads\/usu718\/2023\/03\/logo-orientacio-v4-e1678711983635-1024x590.png 1024w, https:\/\/agora.xtec.cat\/ieselsui\/wp-content\/uploads\/usu718\/2023\/03\/logo-orientacio-v4-e1678711983635-300x173.png 300w, https:\/\/agora.xtec.cat\/ieselsui\/wp-content\/uploads\/usu718\/2023\/03\/logo-orientacio-v4-e1678711983635-768x442.png 768w, https:\/\/agora.xtec.cat\/ieselsui\/wp-content\/uploads\/usu718\/2023\/03\/logo-orientacio-v4-e1678711983635-1536x885.png 1536w, https:\/\/agora.xtec.cat\/ieselsui\/wp-content\/uploads\/usu718\/2023\/03\/logo-orientacio-v4-e1678711983635-2048x1180.png 2048w\" sizes=\"auto, (max-width: 1024px) 100vw, 1024px\" \/><\/a><\/figure>\n\n\n\n<p>Aquesta web busca ajudar les families amb recursos i eines de cara a l&#8217;orientaci\u00f3 acad\u00e8mica i professional a 4<sup>t<\/sup> d&#8217;ESO. A m\u00e9s a m\u00e9s, hi ha disponible la <strong><a href=\"https:\/\/agora.xtec.cat\/ieselsui\/wp-content\/uploads\/usu718\/2023\/03\/I-ARA-QUE-Guia-dorientacio-per-a-lalumnat-de-4t-dESO-de-lInstitut-El-Sui-2.pdf\">guia d&#8217;orientaci\u00f3<\/a><\/strong> que es fa servir amb l&#8217;alumnat.<\/p>\n\n\n\n<p>Tamb\u00e9 us deixem la <strong><a href=\"https:\/\/drive.google.com\/file\/d\/1GGv-3IUQj-FG0KsQCz61JDd1VcP0x6mz\/view?usp=sharing\">presentaci\u00f3<\/a><\/strong> de la xerrada d&#8217;orientaci\u00f3 amb les fam\u00edlies.<\/p>\n\n\n\n<hr class=\"wp-block-separator has-text-color has-white-color has-alpha-channel-opacity has-white-background-color has-background\" style=\"margin-top:var(--wp--preset--spacing--60);margin-bottom:var(--wp--preset--spacing--60)\"\/>\n\n\n\n<figure class=\"wp-block-image\"><a href=\"https:\/\/agora.xtec.cat\/ieselsui\/wp-content\/uploads\/usu718\/2023\/03\/logo-test-autoajuda-e1678713384780.png\"><img loading=\"lazy\" decoding=\"async\" width=\"1024\" height=\"129\" src=\"https:\/\/agora.xtec.cat\/ieselsui\/wp-content\/uploads\/usu718\/2023\/03\/logo-test-autoajuda-e1678713384780-1024x129.png\" alt=\"\" class=\"wp-image-3273\" srcset=\"https:\/\/agora.xtec.cat\/ieselsui\/wp-content\/uploads\/usu718\/2023\/03\/logo-test-autoajuda-e1678713384780-1024x129.png 1024w, https:\/\/agora.xtec.cat\/ieselsui\/wp-content\/uploads\/usu718\/2023\/03\/logo-test-autoajuda-e1678713384780-300x38.png 300w, https:\/\/agora.xtec.cat\/ieselsui\/wp-content\/uploads\/usu718\/2023\/03\/logo-test-autoajuda-e1678713384780-768x96.png 768w, https:\/\/agora.xtec.cat\/ieselsui\/wp-content\/uploads\/usu718\/2023\/03\/logo-test-autoajuda-e1678713384780-1536x193.png 1536w, https:\/\/agora.xtec.cat\/ieselsui\/wp-content\/uploads\/usu718\/2023\/03\/logo-test-autoajuda-e1678713384780.png 1751w\" sizes=\"auto, (max-width: 1024px) 100vw, 1024px\" \/><\/a><\/figure>\n\n\n\n<ul class=\"wp-block-list\">\n<li><strong><a href=\"https:\/\/www.educaweb.cat\/orientacio\/interessos-professionals\/\">Test educaweb<\/a>:<\/strong> Test per aprofundir en l&#8217;autoconeixement i reflexionar sobre els interessos formatius i laborals amb la finalitat de determinar quins estudis o quines ocupacions et poden proporcionar m\u00e9s satisfacci\u00f3.<\/li>\n<\/ul>\n\n\n\n<hr class=\"wp-block-separator has-text-color has-white-color has-alpha-channel-opacity has-white-background-color has-background\" style=\"margin-top:var(--wp--preset--spacing--60);margin-bottom:var(--wp--preset--spacing--60)\"\/>\n\n\n\n<figure class=\"wp-block-image\"><a href=\"https:\/\/agora.xtec.cat\/ieselsui\/wp-content\/uploads\/usu718\/2023\/03\/logo-orientacio-general-e1678648008642.png\"><img loading=\"lazy\" decoding=\"async\" width=\"1024\" height=\"235\" src=\"https:\/\/agora.xtec.cat\/ieselsui\/wp-content\/uploads\/usu718\/2023\/03\/logo-orientacio-general-e1678648008642-1024x235.png\" alt=\"\" class=\"wp-image-3247\" srcset=\"https:\/\/agora.xtec.cat\/ieselsui\/wp-content\/uploads\/usu718\/2023\/03\/logo-orientacio-general-e1678648008642-1024x235.png 1024w, https:\/\/agora.xtec.cat\/ieselsui\/wp-content\/uploads\/usu718\/2023\/03\/logo-orientacio-general-e1678648008642-300x69.png 300w, https:\/\/agora.xtec.cat\/ieselsui\/wp-content\/uploads\/usu718\/2023\/03\/logo-orientacio-general-e1678648008642-768x177.png 768w, https:\/\/agora.xtec.cat\/ieselsui\/wp-content\/uploads\/usu718\/2023\/03\/logo-orientacio-general-e1678648008642-1536x353.png 1536w, https:\/\/agora.xtec.cat\/ieselsui\/wp-content\/uploads\/usu718\/2023\/03\/logo-orientacio-general-e1678648008642.png 1614w\" sizes=\"auto, (max-width: 1024px) 100vw, 1024px\" \/><\/a><\/figure>\n\n\n\n<ul class=\"wp-block-list\">\n<li><strong><a href=\"https:\/\/triaeducativa.gencat.cat\/ca\/inici\">Tria educativa:<\/a><\/strong> P\u00e0gina web del departament d&#8217;educaci\u00f3 amb tota la informaci\u00f3 de tots els nivells educatius.<\/li>\n<\/ul>\n\n\n\n<ul class=\"wp-block-list\">\n<li><strong><a href=\"https:\/\/www.educaweb.cat\">Educaweb<\/a>:<\/strong> P\u00e0gina web amb informaci\u00f3 i orientaci\u00f3 tant de cicles formatius com de graus universitaris.<\/li>\n<\/ul>\n\n\n\n<hr class=\"wp-block-separator has-text-color has-white-color has-alpha-channel-opacity has-white-background-color has-background\" style=\"margin-top:var(--wp--preset--spacing--60);margin-bottom:var(--wp--preset--spacing--60)\"\/>\n\n\n\n<figure class=\"wp-block-image\"><a href=\"https:\/\/agora.xtec.cat\/ieselsui\/wp-content\/uploads\/usu718\/2023\/03\/logo-orientacio-btx-e1678648947791.png\"><img loading=\"lazy\" decoding=\"async\" width=\"1024\" height=\"140\" src=\"https:\/\/agora.xtec.cat\/ieselsui\/wp-content\/uploads\/usu718\/2023\/03\/logo-orientacio-btx-e1678648947791-1024x140.png\" alt=\"\" class=\"wp-image-3249\" srcset=\"https:\/\/agora.xtec.cat\/ieselsui\/wp-content\/uploads\/usu718\/2023\/03\/logo-orientacio-btx-e1678648947791-1024x140.png 1024w, https:\/\/agora.xtec.cat\/ieselsui\/wp-content\/uploads\/usu718\/2023\/03\/logo-orientacio-btx-e1678648947791-300x41.png 300w, https:\/\/agora.xtec.cat\/ieselsui\/wp-content\/uploads\/usu718\/2023\/03\/logo-orientacio-btx-e1678648947791-768x105.png 768w, https:\/\/agora.xtec.cat\/ieselsui\/wp-content\/uploads\/usu718\/2023\/03\/logo-orientacio-btx-e1678648947791-1536x209.png 1536w, https:\/\/agora.xtec.cat\/ieselsui\/wp-content\/uploads\/usu718\/2023\/03\/logo-orientacio-btx-e1678648947791.png 1870w\" sizes=\"auto, (max-width: 1024px) 100vw, 1024px\" \/><\/a><\/figure>\n\n\n\n<p><strong>Preinscripci\u00f3:<\/strong> 9 al 16 d&#8217;abril de 2026<\/p>\n\n\n\n<p><strong>Portes obertes Batxillerat al Sui:<\/strong> 25 de mar\u00e7 de 2026 a les 17:00 h<\/p>\n\n\n\n<ul class=\"wp-block-list\">\n<li><a href=\"https:\/\/www.gencat.cat\/ensenyament\/eac\/pdf\/ETAPA_BATXLOE_CA.pdf\">Fitxa informativa Batxillerat<\/a><\/li>\n<\/ul>\n\n\n\n<ul class=\"wp-block-list\">\n<li><a href=\"https:\/\/www.gencat.cat\/ensenyament\/eac\/pdf\/BATXLOE_1000_CA.pdf\">Batxillerat d&#8217;Arts<\/a>\n<ul class=\"wp-block-list\">\n<li><a href=\"https:\/\/triaeducativa.gencat.cat\/ca\/estudis\/?batxillerat-arts&amp;p_comarca=41&amp;p_id_estudi=4&amp;municipi\">Centres on s&#8217;imparteix<\/a><\/li>\n<\/ul>\n<\/li>\n<\/ul>\n\n\n\n<ul class=\"wp-block-list\">\n<li><a href=\"https:\/\/www.gencat.cat\/ensenyament\/eac\/pdf\/BATXLOE_2000_CA.pdf\">Batxillerat de Ci\u00e8ncies i Tecnologia<\/a><\/li>\n<\/ul>\n\n\n\n<ul class=\"wp-block-list\">\n<li><a href=\"https:\/\/www.gencat.cat\/ensenyament\/eac\/pdf\/BATXLOE_3000_CA.pdf\">Batxillerat d&#8217;Humanitats i Ci\u00e8ncies Socials<\/a><\/li>\n<\/ul>\n\n\n\n<ul class=\"wp-block-list\">\n<li>Itineraris Batxillerat al Sui 25-26&nbsp;(pendent d&#8217;actualitzaci\u00f3)<span style=\"font-family: inherit; font-size: 1em;\">&nbsp;<\/span><\/li>\n<\/ul>\n\n\n\n<hr class=\"wp-block-separator has-text-color has-white-color has-alpha-channel-opacity has-white-background-color has-background\" style=\"margin-top:var(--wp--preset--spacing--60);margin-bottom:var(--wp--preset--spacing--60)\"\/>\n\n\n\n<figure class=\"wp-block-image\"><a href=\"https:\/\/agora.xtec.cat\/ieselsui\/wp-content\/uploads\/usu718\/2023\/03\/logo-orientacio-cicles-e1678650404840.png\"><img loading=\"lazy\" decoding=\"async\" width=\"1024\" height=\"132\" src=\"https:\/\/agora.xtec.cat\/ieselsui\/wp-content\/uploads\/usu718\/2023\/03\/logo-orientacio-cicles-e1678650404840-1024x132.png\" alt=\"\" class=\"wp-image-3255\" srcset=\"https:\/\/agora.xtec.cat\/ieselsui\/wp-content\/uploads\/usu718\/2023\/03\/logo-orientacio-cicles-e1678650404840-1024x132.png 1024w, https:\/\/agora.xtec.cat\/ieselsui\/wp-content\/uploads\/usu718\/2023\/03\/logo-orientacio-cicles-e1678650404840-300x39.png 300w, https:\/\/agora.xtec.cat\/ieselsui\/wp-content\/uploads\/usu718\/2023\/03\/logo-orientacio-cicles-e1678650404840-768x99.png 768w, https:\/\/agora.xtec.cat\/ieselsui\/wp-content\/uploads\/usu718\/2023\/03\/logo-orientacio-cicles-e1678650404840-1536x198.png 1536w, https:\/\/agora.xtec.cat\/ieselsui\/wp-content\/uploads\/usu718\/2023\/03\/logo-orientacio-cicles-e1678650404840-2048x263.png 2048w\" sizes=\"auto, (max-width: 1024px) 100vw, 1024px\" \/><\/a><\/figure>\n\n\n\n<p><a href=\"https:\/\/preinscripcio.gencat.cat\/ca\/estudis\/fp-grau-mitja\/inici\/\"><strong>Preinscripci\u00f3 Cicles Formatius Grau Mitj\u00e0 continuaci\u00f3 d&#8217;estudis:<\/strong><\/a>  aproximadament maig de 2026<\/p>\n\n\n\n<p><a href=\"https:\/\/preinscripcio.gencat.cat\/ca\/estudis\/fp-grau-mitja\/inici\/\"><strong>Preinscripci\u00f3 Cicles Formatius Grau Mitj\u00e0 resta d&#8217;alumnat:<\/strong><\/a> aproximadament maig de 2026<\/p>\n\n\n\n<ul class=\"wp-block-list\">\n<li><a href=\"https:\/\/www.gencat.cat\/ensenyament\/eac\/pdf\/ETAPA_CFP_CA.pdf\">Fitxa informativa Formaci\u00f3 Professional<\/a> (tots els nivells)<\/li>\n<\/ul>\n\n\n\n<ul class=\"wp-block-list\">\n<li><a href=\"https:\/\/www.gencat.cat\/ensenyament\/eac\/pdf\/ETAPA_CFGM_CA.pdf\">Fitxa informativa Cicles Formatius Grau Mitj\u00e0<\/a><\/li>\n<\/ul>\n\n\n\n<ul class=\"wp-block-list\">\n<li><a href=\"https:\/\/triaeducativa.gencat.cat\/ca\/fp\/grau-mitja\/\">Informaci\u00f3 completa Cicles Formatius Grau Mitj\u00e0<\/a><\/li>\n<\/ul>\n\n\n\n<ul class=\"wp-block-list\">\n<li><a href=\"https:\/\/educacio.gencat.cat\/ca\/serveis-tramits\/proves\/\">Prov\u00e9s d&#8217;acc\u00e9s<\/a> (tots els tipus de Graus Formatius)<\/li>\n<\/ul>\n\n\n\n<hr class=\"wp-block-separator has-text-color has-white-color has-alpha-channel-opacity has-white-background-color has-background\" style=\"margin-top:var(--wp--preset--spacing--60);margin-bottom:var(--wp--preset--spacing--60)\"\/>\n\n\n\n<figure class=\"wp-block-image\"><a href=\"https:\/\/agora.xtec.cat\/ieselsui\/wp-content\/uploads\/usu718\/2023\/03\/logo-uni-e1678651554664.png\"><img loading=\"lazy\" decoding=\"async\" width=\"1024\" height=\"91\" src=\"https:\/\/agora.xtec.cat\/ieselsui\/wp-content\/uploads\/usu718\/2023\/03\/logo-uni-e1678651554664-1024x91.png\" alt=\"\" class=\"wp-image-3257\" srcset=\"https:\/\/agora.xtec.cat\/ieselsui\/wp-content\/uploads\/usu718\/2023\/03\/logo-uni-e1678651554664-1024x91.png 1024w, https:\/\/agora.xtec.cat\/ieselsui\/wp-content\/uploads\/usu718\/2023\/03\/logo-uni-e1678651554664-300x27.png 300w, https:\/\/agora.xtec.cat\/ieselsui\/wp-content\/uploads\/usu718\/2023\/03\/logo-uni-e1678651554664-768x69.png 768w, https:\/\/agora.xtec.cat\/ieselsui\/wp-content\/uploads\/usu718\/2023\/03\/logo-uni-e1678651554664-1536x137.png 1536w, https:\/\/agora.xtec.cat\/ieselsui\/wp-content\/uploads\/usu718\/2023\/03\/logo-uni-e1678651554664-2048x183.png 2048w\" sizes=\"auto, (max-width: 1024px) 100vw, 1024px\" \/><\/a><\/figure>\n\n\n\n<ul class=\"wp-block-list\">\n<li><a href=\"https:\/\/universitats.gencat.cat\/ca\/inici\">P\u00e0gina web general universitats<\/a><\/li>\n<\/ul>\n\n\n\n<ul class=\"wp-block-list\">\n<li><a href=\"https:\/\/universitats.gencat.cat\/ca\/acces-universitat\/acces-segons-perfils-estudiants\/\">V\u00edes d&#8217;acc\u00e9s a la universitat segons el perfil de cada estudiant<\/a><\/li>\n<\/ul>\n\n\n\n<ul class=\"wp-block-list\">\n<li><a href=\"https:\/\/universitats.gencat.cat\/web\/.content\/01_acces_i_admissio\/preinscripcions\/documentacio\/Ponderacions-2026_v4.pdf\">Mat\u00e8ries que ponderen a la PAU<\/a> (2026)<\/li>\n<\/ul>\n\n\n\n<p><\/p>\n","protected":false},"excerpt":{"rendered":"<p>Aquesta web busca ajudar les families amb recursos i eines de cara a l&#8217;orientaci\u00f3 acad\u00e8mica i professional a 4t d&#8217;ESO. [&hellip;]<\/p>\n","protected":false},"author":56,"featured_media":0,"parent":0,"menu_order":0,"comment_status":"closed","ping_status":"closed","template":"","meta":{"_bbp_topic_count":0,"_bbp_reply_count":0,"_bbp_total_topic_count":0,"_bbp_total_reply_count":0,"_bbp_voice_count":0,"_bbp_anonymous_reply_count":0,"_bbp_topic_count_hidden":0,"_bbp_reply_count_hidden":0,"_bbp_forum_subforum_count":0,"site-sidebar-layout":"no-sidebar","site-content-layout":"","ast-site-content-layout":"normal-width-container","site-content-style":"default","site-sidebar-style":"default","ast-global-header-display":"","ast-banner-title-visibility":"","ast-main-header-display":"","ast-hfb-above-header-display":"","ast-hfb-below-header-display":"","ast-hfb-mobile-header-display":"","site-post-title":"","ast-breadcrumbs-content":"","ast-featured-img":"","footer-sml-layout":"","theme-transparent-header-meta":"","adv-header-id-meta":"","stick-header-meta":"","header-above-stick-meta":"","header-main-stick-meta":"","header-below-stick-meta":"","astra-migrate-meta-layouts":"set","ast-page-background-enabled":"default","ast-page-background-meta":{"desktop":{"background-color":"var(--ast-global-color-4)","background-image":"","background-repeat":"repeat","background-position":"center center","background-size":"auto","background-attachment":"scroll","background-type":"","background-media":"","overlay-type":"","overlay-color":"","overlay-opacity":"","overlay-gradient":""},"tablet":{"background-color":"","background-image":"","background-repeat":"repeat","background-position":"center center","background-size":"auto","background-attachment":"scroll","background-type":"","background-media":"","overlay-type":"","overlay-color":"","overlay-opacity":"","overlay-gradient":""},"mobile":{"background-color":"","background-image":"","background-repeat":"repeat","background-position":"center center","background-size":"auto","background-attachment":"scroll","background-type":"","background-media":"","overlay-type":"","overlay-color":"","overlay-opacity":"","overlay-gradient":""}},"ast-content-background-meta":{"desktop":{"background-color":"var(--ast-global-color-5)","background-image":"","background-repeat":"repeat","background-position":"center center","background-size":"auto","background-attachment":"scroll","background-type":"","background-media":"","overlay-type":"","overlay-color":"","overlay-opacity":"","overlay-gradient":""},"tablet":{"background-color":"var(--ast-global-color-5)","background-image":"","background-repeat":"repeat","background-position":"center center","background-size":"auto","background-attachment":"scroll","background-type":"","background-media":"","overlay-type":"","overlay-color":"","overlay-opacity":"","overlay-gradient":""},"mobile":{"background-color":"var(--ast-global-color-5)","background-image":"","background-repeat":"repeat","background-position":"center center","background-size":"auto","background-attachment":"scroll","background-type":"","background-media":"","overlay-type":"","overlay-color":"","overlay-opacity":"","overlay-gradient":""}},"footnotes":""},"class_list":["post-3237","page","type-page","status-publish","hentry"],"post_mailing_queue_ids":[],"_links":{"self":[{"href":"https:\/\/agora.xtec.cat\/ieselsui\/wp-json\/wp\/v2\/pages\/3237","targetHints":{"allow":["GET"]}}],"collection":[{"href":"https:\/\/agora.xtec.cat\/ieselsui\/wp-json\/wp\/v2\/pages"}],"about":[{"href":"https:\/\/agora.xtec.cat\/ieselsui\/wp-json\/wp\/v2\/types\/page"}],"author":[{"embeddable":true,"href":"https:\/\/agora.xtec.cat\/ieselsui\/wp-json\/wp\/v2\/users\/56"}],"replies":[{"embeddable":true,"href":"https:\/\/agora.xtec.cat\/ieselsui\/wp-json\/wp\/v2\/comments?post=3237"}],"version-history":[{"count":6,"href":"https:\/\/agora.xtec.cat\/ieselsui\/wp-json\/wp\/v2\/pages\/3237\/revisions"}],"predecessor-version":[{"id":5709,"href":"https:\/\/agora.xtec.cat\/ieselsui\/wp-json\/wp\/v2\/pages\/3237\/revisions\/5709"}],"wp:attachment":[{"href":"https:\/\/agora.xtec.cat\/ieselsui\/wp-json\/wp\/v2\/media?parent=3237"}],"curies":[{"name":"wp","href":"https:\/\/api.w.org\/{rel}","templated":true}]}}