{"id":3123,"date":"2023-02-16T19:39:18","date_gmt":"2023-02-16T18:39:18","guid":{"rendered":"https:\/\/agora.xtec.cat\/ieselsui\/?page_id=3123"},"modified":"2025-10-08T21:00:57","modified_gmt":"2025-10-08T19:00:57","slug":"prematriculacio-pau-i-matricula-pap","status":"publish","type":"page","link":"https:\/\/agora.xtec.cat\/ieselsui\/batxillerat\/prematriculacio-pau-i-matricula-pap\/","title":{"rendered":"Prematriculaci\u00f3 PAU i matr\u00edcula PAP"},"content":{"rendered":"<p style=\"text-align: justify;\">En aquesta p\u00e0gina trobareu tota la informaci\u00f3 de la prematriculaci\u00f3 de la Prova d&#8217;Acc\u00e9s a la Universitat (PAU) i de la matriculaci\u00f3 de la Prova d&#8217;Aptitud Personal (PAP).<\/p>\n<p style=\"text-align: justify;\">La PAP nom\u00e9s s&#8217;haur\u00e0 de fer en cas d&#8217;estar interessat o interessada en la realitzaci\u00f3 dels graus universitaris d&#8217;educaci\u00f3 infantil i educaci\u00f3 prim\u00e0ria.<\/p>\n<div><\/div>\n<div><\/div>\n<div class=\"row\" style=\"margin-bottom: 1em !important;\">\n<div class=\"small-12 large-4 text-center columns\">\n<p><a href=\"https:\/\/drive.google.com\/file\/d\/1-ItGGYGG0Ve3_boza861bY2I-xm20dwO\/view?usp=share_link\"><img decoding=\"async\" src=\"https:\/\/img.icons8.com\/color\/120\/000000\/repository.png\" \/><\/a><\/p>\n<h5><a href=\"https:\/\/drive.google.com\/file\/d\/1-ItGGYGG0Ve3_boza861bY2I-xm20dwO\/view?usp=share_link\">Guia prematr\u00edcula i matr\u00edcula PAP<\/a><\/h5>\n<\/div>\n<div class=\"small-12 large-4 text-center columns\">\n<p><a href=\"https:\/\/drive.google.com\/file\/d\/1PQjgwAHnqh7bl0zl0SbXvx1v_KD4CrQu\/view?usp=share_link\"><img decoding=\"async\" src=\"https:\/\/img.icons8.com\/color\/120\/000000\/user-manual.png\" \/><\/a><\/p>\n<h5><a href=\"https:\/\/drive.google.com\/file\/d\/1PQjgwAHnqh7bl0zl0SbXvx1v_KD4CrQu\/view?usp=share_link\">Registre i prematr\u00edcula portal d&#8217;acc\u00e9s a la universitat<\/a><\/h5>\n<\/div>\n<div class=\"small-12 large-4 text-center columns\">\n<p><a href=\"https:\/\/drive.google.com\/drive\/folders\/1kgOKsrrgO1ISoTkMoxyum5rIg5jKA3ip?usp=share_link\"><img decoding=\"async\" src=\"https:\/\/img.icons8.com\/color\/120\/000000\/to-do.png\" \/><\/a><\/p>\n<h5><a href=\"https:\/\/drive.google.com\/drive\/folders\/1kgOKsrrgO1ISoTkMoxyum5rIg5jKA3ip?usp=share_link\">Instruccions i sol\u00b7licitud exempci\u00f3 Llengua Catalana i Literatura<\/a><\/h5>\n<\/div>\n<\/div>\n<div class=\"row\" style=\"margin-bottom: 1em !important;\">\n<div class=\"small-12 large-4 text-center columns\">\n<p><a href=\"https:\/\/drive.google.com\/file\/d\/1Ksr_tvzvAtvRY1YyFAaGoCnjNNYeLoal\/view?usp=share_link\"><img decoding=\"async\" src=\"https:\/\/img.icons8.com\/color\/120\/000000\/to-do.png\" \/><\/a><\/p>\n<h5><a href=\"https:\/\/drive.google.com\/file\/d\/1Ksr_tvzvAtvRY1YyFAaGoCnjNNYeLoal\/view?usp=share_link\">Instruccions exempci\u00f3 Llengua Estrangera<\/a><\/h5>\n<\/div>\n<div class=\"small-12 large-4 text-center columns\">\n<p><a href=\"https:\/\/drive.google.com\/file\/d\/1bhkhX0H7cMWnXmsF6OKaLBZ1Ee3Nn64V\/view?usp=share_link\"><img decoding=\"async\" src=\"https:\/\/img.icons8.com\/color\/120\/000000\/key-security.png\" \/><\/a><\/p>\n<h5><a href=\"https:\/\/drive.google.com\/file\/d\/1bhkhX0H7cMWnXmsF6OKaLBZ1Ee3Nn64V\/view?usp=share_link\">Restabliment contrasenya provisional<\/a><\/h5>\n<\/div>\n<div class=\"small-12 large-4 text-center columns\">\n<p><a href=\"https:\/\/accesuniversitat.gencat.cat\/accesuniversitat\/login\"><img decoding=\"async\" src=\"https:\/\/img.icons8.com\/color\/120\/000000\/nui2.png\" \/><\/a><\/p>\n<h5><a href=\"https:\/\/accesuniversitat.gencat.cat\/accesuniversitat\/login\">Portal d&#8217;acc\u00e9s a la universitat<\/a><\/h5>\n<\/div>\n<\/div>\n","protected":false},"excerpt":{"rendered":"<p>En aquesta p\u00e0gina trobareu tota la informaci\u00f3 de la prematriculaci\u00f3 de la Prova d&#8217;Acc\u00e9s a la Universitat (PAU) i de [&hellip;]<\/p>\n","protected":false},"author":56,"featured_media":0,"parent":3028,"menu_order":0,"comment_status":"closed","ping_status":"closed","template":"","meta":{"_bbp_topic_count":0,"_bbp_reply_count":0,"_bbp_total_topic_count":0,"_bbp_total_reply_count":0,"_bbp_voice_count":0,"_bbp_anonymous_reply_count":0,"_bbp_topic_count_hidden":0,"_bbp_reply_count_hidden":0,"_bbp_forum_subforum_count":0,"site-sidebar-layout":"default","site-content-layout":"","ast-site-content-layout":"default","site-content-style":"default","site-sidebar-style":"default","ast-global-header-display":"","ast-banner-title-visibility":"","ast-main-header-display":"","ast-hfb-above-header-display":"","ast-hfb-below-header-display":"","ast-hfb-mobile-header-display":"","site-post-title":"","ast-breadcrumbs-content":"","ast-featured-img":"","footer-sml-layout":"","theme-transparent-header-meta":"","adv-header-id-meta":"","stick-header-meta":"","header-above-stick-meta":"","header-main-stick-meta":"","header-below-stick-meta":"","astra-migrate-meta-layouts":"set","ast-page-background-enabled":"default","ast-page-background-meta":{"desktop":{"background-color":"var(--ast-global-color-4)","background-image":"","background-repeat":"repeat","background-position":"center center","background-size":"auto","background-attachment":"scroll","background-type":"","background-media":"","overlay-type":"","overlay-color":"","overlay-opacity":"","overlay-gradient":""},"tablet":{"background-color":"","background-image":"","background-repeat":"repeat","background-position":"center center","background-size":"auto","background-attachment":"scroll","background-type":"","background-media":"","overlay-type":"","overlay-color":"","overlay-opacity":"","overlay-gradient":""},"mobile":{"background-color":"","background-image":"","background-repeat":"repeat","background-position":"center center","background-size":"auto","background-attachment":"scroll","background-type":"","background-media":"","overlay-type":"","overlay-color":"","overlay-opacity":"","overlay-gradient":""}},"ast-content-background-meta":{"desktop":{"background-color":"var(--ast-global-color-5)","background-image":"","background-repeat":"repeat","background-position":"center center","background-size":"auto","background-attachment":"scroll","background-type":"","background-media":"","overlay-type":"","overlay-color":"","overlay-opacity":"","overlay-gradient":""},"tablet":{"background-color":"var(--ast-global-color-5)","background-image":"","background-repeat":"repeat","background-position":"center center","background-size":"auto","background-attachment":"scroll","background-type":"","background-media":"","overlay-type":"","overlay-color":"","overlay-opacity":"","overlay-gradient":""},"mobile":{"background-color":"var(--ast-global-color-5)","background-image":"","background-repeat":"repeat","background-position":"center center","background-size":"auto","background-attachment":"scroll","background-type":"","background-media":"","overlay-type":"","overlay-color":"","overlay-opacity":"","overlay-gradient":""}},"footnotes":""},"class_list":["post-3123","page","type-page","status-publish","hentry"],"post_mailing_queue_ids":[],"_links":{"self":[{"href":"https:\/\/agora.xtec.cat\/ieselsui\/wp-json\/wp\/v2\/pages\/3123","targetHints":{"allow":["GET"]}}],"collection":[{"href":"https:\/\/agora.xtec.cat\/ieselsui\/wp-json\/wp\/v2\/pages"}],"about":[{"href":"https:\/\/agora.xtec.cat\/ieselsui\/wp-json\/wp\/v2\/types\/page"}],"author":[{"embeddable":true,"href":"https:\/\/agora.xtec.cat\/ieselsui\/wp-json\/wp\/v2\/users\/56"}],"replies":[{"embeddable":true,"href":"https:\/\/agora.xtec.cat\/ieselsui\/wp-json\/wp\/v2\/comments?post=3123"}],"version-history":[{"count":3,"href":"https:\/\/agora.xtec.cat\/ieselsui\/wp-json\/wp\/v2\/pages\/3123\/revisions"}],"predecessor-version":[{"id":5529,"href":"https:\/\/agora.xtec.cat\/ieselsui\/wp-json\/wp\/v2\/pages\/3123\/revisions\/5529"}],"up":[{"embeddable":true,"href":"https:\/\/agora.xtec.cat\/ieselsui\/wp-json\/wp\/v2\/pages\/3028"}],"wp:attachment":[{"href":"https:\/\/agora.xtec.cat\/ieselsui\/wp-json\/wp\/v2\/media?parent=3123"}],"curies":[{"name":"wp","href":"https:\/\/api.w.org\/{rel}","templated":true}]}}