{"id":27,"date":"2014-09-17T16:24:03","date_gmt":"2014-09-17T16:24:03","guid":{"rendered":"http:\/\/agora.xtec.cat\/ieselsui\/?page_id=27"},"modified":"2024-12-30T15:18:19","modified_gmt":"2024-12-30T14:18:19","slug":"historia","status":"publish","type":"page","link":"https:\/\/agora.xtec.cat\/ieselsui\/linstitut\/historia\/","title":{"rendered":"Qui som"},"content":{"rendered":"\n<p>L\u2019Institut El Sui \u00e9s un centre p\u00fablic catal\u00e0 portat per professionals de l\u2019ensenyament que tenen com a objectiu prioritari formar ciutadans dem\u00f2crates &#8211; lliures i participatius, respectuosos i oberts a la diversitat del m\u00f3n actual &#8211; capa\u00e7os d\u2019integrar-se amb \u00e8xit a la societat en qu\u00e8 viuen.<\/p>\n\n\n\n<p>La premissa que regeix totes les seves actuacions \u00e9s la de garantir la igualtat d\u2019oportunitats per a tots els alumnes i la seva no discriminaci\u00f3 per raons de sexe, ra\u00e7a, cultura, religi\u00f3 o capacitat f\u00edsica o intel\u00b7lectual.<\/p>\n\n\n\n<p>L\u2019institut est\u00e0 ubicat en una poblaci\u00f3 relativament petita i ha de ser capa\u00e7 d\u2019oferir als seus alumnes una visi\u00f3 \u00e0mplia i oberta del m\u00f3n. Des de l\u2019\u00e0mbit local, en el qual s\u2019ha d\u2019inserir plenament, des de l\u2019\u00fas normal de la pr\u00f2pia llengua, ha de possibilitar una visi\u00f3 universal de la cultura i ha d\u2019afavorir l\u2019aprenentatge d\u2019altres lleng\u00fces i l\u2019intercanvi d\u2019experi\u00e8ncies educatives amb altres centres.<\/p>\n","protected":false},"excerpt":{"rendered":"<p>L\u2019Institut El Sui \u00e9s un centre p\u00fablic catal\u00e0 portat per professionals de l\u2019ensenyament que tenen com a objectiu prioritari formar [&hellip;]<\/p>\n","protected":false},"author":1,"featured_media":0,"parent":19,"menu_order":20,"comment_status":"closed","ping_status":"closed","template":"","meta":{"_bbp_topic_count":0,"_bbp_reply_count":0,"_bbp_total_topic_count":0,"_bbp_total_reply_count":0,"_bbp_voice_count":0,"_bbp_anonymous_reply_count":0,"_bbp_topic_count_hidden":0,"_bbp_reply_count_hidden":0,"_bbp_forum_subforum_count":0,"site-sidebar-layout":"no-sidebar","site-content-layout":"","ast-site-content-layout":"normal-width-container","site-content-style":"default","site-sidebar-style":"default","ast-global-header-display":"","ast-banner-title-visibility":"","ast-main-header-display":"","ast-hfb-above-header-display":"","ast-hfb-below-header-display":"","ast-hfb-mobile-header-display":"","site-post-title":"","ast-breadcrumbs-content":"","ast-featured-img":"","footer-sml-layout":"","theme-transparent-header-meta":"","adv-header-id-meta":"","stick-header-meta":"","header-above-stick-meta":"","header-main-stick-meta":"","header-below-stick-meta":"","astra-migrate-meta-layouts":"set","ast-page-background-enabled":"default","ast-page-background-meta":{"desktop":{"background-color":"var(--ast-global-color-4)","background-image":"","background-repeat":"repeat","background-position":"center center","background-size":"auto","background-attachment":"scroll","background-type":"","background-media":"","overlay-type":"","overlay-color":"","overlay-opacity":"","overlay-gradient":""},"tablet":{"background-color":"","background-image":"","background-repeat":"repeat","background-position":"center center","background-size":"auto","background-attachment":"scroll","background-type":"","background-media":"","overlay-type":"","overlay-color":"","overlay-opacity":"","overlay-gradient":""},"mobile":{"background-color":"","background-image":"","background-repeat":"repeat","background-position":"center center","background-size":"auto","background-attachment":"scroll","background-type":"","background-media":"","overlay-type":"","overlay-color":"","overlay-opacity":"","overlay-gradient":""}},"ast-content-background-meta":{"desktop":{"background-color":"var(--ast-global-color-5)","background-image":"","background-repeat":"repeat","background-position":"center center","background-size":"auto","background-attachment":"scroll","background-type":"","background-media":"","overlay-type":"","overlay-color":"","overlay-opacity":"","overlay-gradient":""},"tablet":{"background-color":"var(--ast-global-color-5)","background-image":"","background-repeat":"repeat","background-position":"center center","background-size":"auto","background-attachment":"scroll","background-type":"","background-media":"","overlay-type":"","overlay-color":"","overlay-opacity":"","overlay-gradient":""},"mobile":{"background-color":"var(--ast-global-color-5)","background-image":"","background-repeat":"repeat","background-position":"center center","background-size":"auto","background-attachment":"scroll","background-type":"","background-media":"","overlay-type":"","overlay-color":"","overlay-opacity":"","overlay-gradient":""}},"footnotes":""},"class_list":["post-27","page","type-page","status-publish","hentry"],"post_mailing_queue_ids":[],"_links":{"self":[{"href":"https:\/\/agora.xtec.cat\/ieselsui\/wp-json\/wp\/v2\/pages\/27","targetHints":{"allow":["GET"]}}],"collection":[{"href":"https:\/\/agora.xtec.cat\/ieselsui\/wp-json\/wp\/v2\/pages"}],"about":[{"href":"https:\/\/agora.xtec.cat\/ieselsui\/wp-json\/wp\/v2\/types\/page"}],"author":[{"embeddable":true,"href":"https:\/\/agora.xtec.cat\/ieselsui\/wp-json\/wp\/v2\/users\/1"}],"replies":[{"embeddable":true,"href":"https:\/\/agora.xtec.cat\/ieselsui\/wp-json\/wp\/v2\/comments?post=27"}],"version-history":[{"count":6,"href":"https:\/\/agora.xtec.cat\/ieselsui\/wp-json\/wp\/v2\/pages\/27\/revisions"}],"predecessor-version":[{"id":4858,"href":"https:\/\/agora.xtec.cat\/ieselsui\/wp-json\/wp\/v2\/pages\/27\/revisions\/4858"}],"up":[{"embeddable":true,"href":"https:\/\/agora.xtec.cat\/ieselsui\/wp-json\/wp\/v2\/pages\/19"}],"wp:attachment":[{"href":"https:\/\/agora.xtec.cat\/ieselsui\/wp-json\/wp\/v2\/media?parent=27"}],"curies":[{"name":"wp","href":"https:\/\/api.w.org\/{rel}","templated":true}]}}