{"id":46,"date":"2014-09-17T16:53:45","date_gmt":"2014-09-17T16:53:45","guid":{"rendered":"http:\/\/agora.xtec.cat\/ieselsplanells\/?page_id=46"},"modified":"2025-10-26T12:51:35","modified_gmt":"2025-10-26T11:51:35","slug":"organigrama","status":"publish","type":"page","link":"https:\/\/agora.xtec.cat\/ieselsplanells\/linstitut\/organigrama\/","title":{"rendered":"Organigrama"},"content":{"rendered":"<p>&nbsp;<\/p>\n<table style=\"width: 46.9524%;\">\n<tbody>\n<tr>\n<td style=\"width: 181.492%;\" colspan=\"2\"><b>EQUIP DIRECTIU<\/b><\/td>\n<\/tr>\n<tr>\n<td style=\"width: 53.2033%;\"><b>Director<\/b><\/td>\n<td style=\"width: 128.289%;\"><span style=\"font-weight: 400;\">Ramon Regu\u00e9\u00a0 Par\u00eds<\/span><\/td>\n<\/tr>\n<tr>\n<td style=\"width: 53.2033%;\"><b>Cap d\u2019Estudis<\/b><\/td>\n<td style=\"width: 128.289%;\"><span style=\"font-weight: 400;\">Mireia Olarte Vives<\/span><\/td>\n<\/tr>\n<tr>\n<td style=\"width: 53.2033%;\"><b>Secret\u00e0ria Administradora<\/b><\/td>\n<td style=\"width: 128.289%;\"><span style=\"font-weight: 400;\">Dolors Garriga\u00a0 Mir\u00f3\u00a0<\/span><\/td>\n<\/tr>\n<tr>\n<td style=\"width: 53.2033%;\"><b>Coordinadora Pedag\u00f2gica<\/b><\/td>\n<td style=\"width: 128.289%;\"><span style=\"font-weight: 400;\">Esther Pereta Goberna<\/span><\/td>\n<\/tr>\n<\/tbody>\n<\/table>\n<table style=\"width: 46.8612%;\">\n<tbody>\n<tr>\n<td style=\"width: 5.7971%;\" colspan=\"2\"><b>CLAUSTRE DE PROFESSORS<\/b><\/td>\n<\/tr>\n<\/tbody>\n<\/table>\n<table style=\"width: 46.9247%;\">\n<tbody>\n<tr>\n<td style=\"width: 53.8033%;\"><span style=\"font-weight: 400;\">Andr\u00e9s Valdivieso, Cristina<\/span><\/td>\n<td style=\"width: 66.1916%;\"><span style=\"font-weight: 400;\">Educadora SIEI<\/span><\/td>\n<\/tr>\n<tr>\n<td style=\"width: 53.8033%;\"><span style=\"font-weight: 400;\">Arribas Ibarz, V\u00edctor<\/span><\/td>\n<td style=\"width: 66.1916%;\"><span style=\"font-weight: 400;\">Educaci\u00f3 F\u00edsica<\/span><\/td>\n<\/tr>\n<tr>\n<td style=\"width: 53.8033%;\"><span style=\"font-weight: 400;\">Barril Bresc\u00f3, Carme<\/span><\/td>\n<td style=\"width: 66.1916%;\"><span style=\"font-weight: 400;\">Llat\u00ed<\/span><\/td>\n<\/tr>\n<tr>\n<td style=\"width: 53.8033%;\"><span style=\"font-weight: 400;\">Boixadera Guixes, N\u00faria\u00a0<\/span><\/td>\n<td style=\"width: 66.1916%;\"><span style=\"font-weight: 400;\">Biologia i Geologia<\/span><\/td>\n<\/tr>\n<tr>\n<td style=\"width: 53.8033%;\"><span style=\"font-weight: 400;\">Castell\u00f3 Fos, Elvira<\/span><\/td>\n<td style=\"width: 66.1916%;\"><span style=\"font-weight: 400;\">Llengua Castellana<\/span><\/td>\n<\/tr>\n<tr>\n<td style=\"width: 53.8033%;\"><span style=\"font-weight: 400;\">Cinca Morros, Mireia<\/span><\/td>\n<td style=\"width: 66.1916%;\"><span style=\"font-weight: 400;\">Aula d\u2019Acollida<\/span><\/td>\n<\/tr>\n<tr>\n<td style=\"width: 53.8033%;\"><span style=\"font-weight: 400;\">Colomer Gairoles, Ana\u00efs<\/span><\/td>\n<td style=\"width: 66.1916%;\"><span style=\"font-weight: 400;\">Orientadora\u00a0 SIEI<\/span><\/td>\n<\/tr>\n<tr>\n<td style=\"width: 53.8033%;\"><span style=\"font-weight: 400;\">Farran Seuma, Laura<\/span><\/td>\n<td style=\"width: 66.1916%;\"><span style=\"font-weight: 400;\">Aula d\u2019Acollida<\/span><\/td>\n<\/tr>\n<tr>\n<td style=\"width: 53.8033%;\"><span style=\"font-weight: 400;\">Farr\u00e9 Gull\u00e9n, Olga<\/span><\/td>\n<td style=\"width: 66.1916%;\"><span style=\"font-weight: 400;\">Educadora SIEI<\/span><\/td>\n<\/tr>\n<tr>\n<td style=\"width: 53.8033%;\"><span style=\"font-weight: 400;\">Garriga Mir\u00f3, Dolors<\/span><\/td>\n<td style=\"width: 66.1916%;\"><span style=\"font-weight: 400;\">Llengua Francesa<\/span><\/td>\n<\/tr>\n<tr>\n<td style=\"width: 53.8033%;\"><span style=\"font-weight: 400;\">Garriga Puig, Laura<\/span><\/td>\n<td style=\"width: 66.1916%;\"><span style=\"font-weight: 400;\">Llengua Anglesa<\/span><\/td>\n<\/tr>\n<tr>\n<td style=\"width: 53.8033%;\"><span style=\"font-weight: 400;\">Herreros Angrill, Maria<\/span><\/td>\n<td style=\"width: 66.1916%;\"><span style=\"font-weight: 400;\">Orientadora<\/span><\/td>\n<\/tr>\n<tr>\n<td style=\"width: 53.8033%;\"><span style=\"font-weight: 400;\">Mir Maeso, S\u00edlvia<\/span><\/td>\n<td style=\"width: 66.1916%;\"><span style=\"font-weight: 400;\">Tecnologia<\/span><\/td>\n<\/tr>\n<tr>\n<td style=\"width: 53.8033%;\"><span style=\"font-weight: 400;\">Miralles Vilanova, Montse<\/span><\/td>\n<td style=\"width: 66.1916%;\"><span style=\"font-weight: 400;\">Dibuix<\/span><\/td>\n<\/tr>\n<tr>\n<td style=\"width: 53.8033%;\"><span style=\"font-weight: 400;\">Monn\u00e9 Farr\u00e9, Roser<\/span><\/td>\n<td style=\"width: 66.1916%;\"><span style=\"font-weight: 400;\">Tecnologia<\/span><\/td>\n<\/tr>\n<tr>\n<td style=\"width: 53.8033%;\"><span style=\"font-weight: 400;\">Nos\u00e0s Fit\u00f3, Laia<\/span><\/td>\n<td style=\"width: 66.1916%;\"><span style=\"font-weight: 400;\">Llengua Catalana<\/span><\/td>\n<\/tr>\n<tr>\n<td style=\"width: 53.8033%;\"><span style=\"font-weight: 400;\">Obon Lleonart, Berta<\/span><\/td>\n<td style=\"width: 66.1916%;\"><span style=\"font-weight: 400;\">F\u00edsica i Qu\u00edmica<\/span><\/td>\n<\/tr>\n<tr>\n<td style=\"width: 53.8033%;\"><span style=\"font-weight: 400;\">Olarte Vives, Mireia<\/span><\/td>\n<td style=\"width: 66.1916%;\"><span style=\"font-weight: 400;\">Llengua Anglesa<\/span><\/td>\n<\/tr>\n<tr>\n<td style=\"width: 53.8033%;\"><span style=\"font-weight: 400;\">Orta Calvet, Xavier<\/span><\/td>\n<td style=\"width: 66.1916%;\"><span style=\"font-weight: 400;\">Biologia i geologia<\/span><\/td>\n<\/tr>\n<tr>\n<td style=\"width: 53.8033%;\"><span style=\"font-weight: 400;\">Pascual Pou, Carme<\/span><\/td>\n<td style=\"width: 66.1916%;\"><span style=\"font-weight: 400;\">Tecnologia<\/span><\/td>\n<\/tr>\n<tr>\n<td style=\"width: 53.8033%;\"><span style=\"font-weight: 400;\">Pel\u00e1ez Porras, \u00c0ngels<\/span><\/td>\n<td style=\"width: 66.1916%;\"><span style=\"font-weight: 400;\">Religi\u00f3<\/span><\/td>\n<\/tr>\n<tr>\n<td style=\"width: 53.8033%;\"><span style=\"font-weight: 400;\">Pereta Goberna, Esther<\/span><\/td>\n<td style=\"width: 66.1916%;\"><span style=\"font-weight: 400;\">Llengua Catalana<\/span><\/td>\n<\/tr>\n<tr>\n<td style=\"width: 53.8033%;\"><span style=\"font-weight: 400;\">Prieto Ruiz, Guillermo<\/span><\/td>\n<td style=\"width: 66.1916%;\"><span style=\"font-weight: 400;\">Processos de Gesti\u00f3 Administrativa\u00a0<\/span><\/td>\n<\/tr>\n<tr>\n<td style=\"width: 53.8033%;\"><span style=\"font-weight: 400;\">Pujol Colell, Iria<\/span><\/td>\n<td style=\"width: 66.1916%;\"><span style=\"font-weight: 400;\">Educaci\u00f3 F\u00edsica<\/span><\/td>\n<\/tr>\n<tr>\n<td style=\"width: 53.8033%;\"><span style=\"font-weight: 400;\">Regu\u00e9 Par\u00eds, Ramon<\/span><\/td>\n<td style=\"width: 66.1916%;\"><span style=\"font-weight: 400;\">Matem\u00e0tiques<\/span><\/td>\n<\/tr>\n<tr>\n<td style=\"width: 53.8033%;\"><span style=\"font-weight: 400;\">Roca Rosell, Maria Rosa<\/span><\/td>\n<td style=\"width: 66.1916%;\"><span style=\"font-weight: 400;\">Ci\u00e8ncies Socials<\/span><\/td>\n<\/tr>\n<tr>\n<td style=\"width: 53.8033%;\"><span style=\"font-weight: 400;\">Ros Ortega, M\u00f2nica<\/span><\/td>\n<td style=\"width: 66.1916%;\"><span style=\"font-weight: 400;\">Llengua Anglesa<\/span><\/td>\n<\/tr>\n<tr>\n<td style=\"width: 53.8033%;\"><span style=\"font-weight: 400;\">Rosell Farr\u00e9, Cristina<\/span><\/td>\n<td style=\"width: 66.1916%;\"><span style=\"font-weight: 400;\">Administraci\u00f3 d\u2019empreses<\/span><\/td>\n<\/tr>\n<tr>\n<td style=\"width: 53.8033%;\"><span style=\"font-weight: 400;\">Sabartes Bernaus, Olga<\/span><\/td>\n<td style=\"width: 66.1916%;\"><span style=\"font-weight: 400;\">F\u00edsica i Qu\u00edmica<\/span><\/td>\n<\/tr>\n<tr>\n<td style=\"width: 53.8033%;\"><span style=\"font-weight: 400;\">Santamaria Hern\u00e1ndez, Laia<\/span><\/td>\n<td style=\"width: 66.1916%;\"><span style=\"font-weight: 400;\">Processos de gesti\u00f3 administrativa<\/span><\/td>\n<\/tr>\n<tr>\n<td style=\"width: 53.8033%;\"><span style=\"font-weight: 400;\">Saura Tu\u00e0, N\u00faria<\/span><\/td>\n<td style=\"width: 66.1916%;\"><span style=\"font-weight: 400;\">Llengua Catalana<\/span><\/td>\n<\/tr>\n<tr>\n<td style=\"width: 53.8033%;\"><span style=\"font-weight: 400;\">Sebasti\u00e0 Ripoll\u00e9s, Ramon<\/span><\/td>\n<td style=\"width: 66.1916%;\"><span style=\"font-weight: 400;\">Economia<\/span><\/td>\n<\/tr>\n<tr>\n<td style=\"width: 53.8033%;\"><span style=\"font-weight: 400;\">Serentill Aldav\u00f3, Marc<\/span><\/td>\n<td style=\"width: 66.1916%;\"><span style=\"font-weight: 400;\">Ci\u00e8ncies Socials<\/span><\/td>\n<\/tr>\n<tr>\n<td style=\"width: 53.8033%;\"><span style=\"font-weight: 400;\">Sol\u00e9 S\u00faria, Maria<\/span><\/td>\n<td style=\"width: 66.1916%;\"><span style=\"font-weight: 400;\">Llengua Castellana<\/span><\/td>\n<\/tr>\n<tr>\n<td style=\"width: 53.8033%;\"><span style=\"font-weight: 400;\">Sol\u00e9 S\u00faria, Maria \/ Solans Padulles, Cristina<\/span><\/td>\n<td style=\"width: 66.1916%;\"><span style=\"font-weight: 400;\">Llengua Castellana<\/span><\/td>\n<\/tr>\n<tr>\n<td style=\"width: 53.8033%;\"><span style=\"font-weight: 400;\">Sorribes Escol\u00e0, Isabel<\/span><\/td>\n<td style=\"width: 66.1916%;\"><span style=\"font-weight: 400;\">Matem\u00e0tiques<\/span><\/td>\n<\/tr>\n<tr>\n<td style=\"width: 53.8033%;\"><span style=\"font-weight: 400;\">Tasies Daniel, Marta<\/span><\/td>\n<td style=\"width: 66.1916%;\"><span style=\"font-weight: 400;\">Economia<\/span><\/td>\n<\/tr>\n<tr>\n<td style=\"width: 53.8033%;\"><span style=\"font-weight: 400;\">Torrelles Llobera, Ana<\/span><\/td>\n<td style=\"width: 66.1916%;\"><span style=\"font-weight: 400;\">Ci\u00e8ncies Socials<\/span><\/td>\n<\/tr>\n<tr>\n<td style=\"width: 53.8033%;\"><span style=\"font-weight: 400;\">Trilla Baldom\u00e0, Jordi<\/span><\/td>\n<td style=\"width: 66.1916%;\"><span style=\"font-weight: 400;\">Tecnologia<\/span><\/td>\n<\/tr>\n<tr>\n<td style=\"width: 53.8033%;\"><span style=\"font-weight: 400;\">Vidal Ribes, Eva Carolina<\/span><\/td>\n<td style=\"width: 66.1916%;\"><span style=\"font-weight: 400;\">Llengua Anglesa<\/span><\/td>\n<\/tr>\n<tr>\n<td style=\"width: 53.8033%;\"><span style=\"font-weight: 400;\">Vilanova Areny, Teresa<\/span><\/td>\n<td style=\"width: 66.1916%;\"><span style=\"font-weight: 400;\">Filosofia<\/span><\/td>\n<\/tr>\n<\/tbody>\n<\/table>\n<table style=\"width: 46.9148%;\">\n<tbody>\n<tr>\n<td style=\"width: 141.482%;\" colspan=\"3\"><b>DEPARTAMENTS I CAPS DE DEPARTAMENT<\/b><\/td>\n<\/tr>\n<tr>\n<td style=\"width: 72.622%;\" colspan=\"2\"><span style=\"font-weight: 400;\">Llengua i Literatura\u00a0 (Catal\u00e0, Castell\u00e0, Llat\u00ed i Grec)<\/span><\/td>\n<td style=\"width: 68.8596%;\"><span style=\"font-weight: 400;\">N\u00faria Saura\u00a0<\/span><\/td>\n<\/tr>\n<tr>\n<td style=\"width: 72.622%;\" colspan=\"2\"><span style=\"font-weight: 400;\">Lleng\u00fces Estrangeres<\/span><\/td>\n<td style=\"width: 68.8596%;\"><span style=\"font-weight: 400;\">Eva Vidal<\/span><\/td>\n<\/tr>\n<tr>\n<td style=\"width: 72.622%;\" colspan=\"2\"><span style=\"font-weight: 400;\">Ci\u00e8ncies Socials<\/span><\/td>\n<td style=\"width: 68.8596%;\"><span style=\"font-weight: 400;\">Teresa Vilanova<\/span><\/td>\n<\/tr>\n<tr>\n<td style=\"width: 72.622%;\" colspan=\"2\"><span style=\"font-weight: 400;\">Matem\u00e0tiques<\/span><\/td>\n<td style=\"width: 68.8596%;\"><span style=\"font-weight: 400;\">Isabel Sorribes\u00a0<\/span><\/td>\n<\/tr>\n<tr>\n<td style=\"width: 72.622%;\" colspan=\"2\"><span style=\"font-weight: 400;\">Tecnologia i Expressi\u00f3<\/span><\/td>\n<td style=\"width: 68.8596%;\"><span style=\"font-weight: 400;\">Jordi Trilla\u00a0<\/span><\/td>\n<\/tr>\n<tr>\n<td style=\"width: 72.622%;\" colspan=\"2\"><span style=\"font-weight: 400;\">Gesti\u00f3 Administrativa<\/span><\/td>\n<td style=\"width: 68.8596%;\"><span style=\"font-weight: 400;\">Cristina Rosell<\/span><\/td>\n<\/tr>\n<tr>\n<td style=\"width: 72.622%;\" colspan=\"2\"><span style=\"font-weight: 400;\">Orientaci\u00f3 i<\/span><\/td>\n<td style=\"width: 68.8596%;\"><span style=\"font-weight: 400;\">Maria Herreros<\/span><\/td>\n<\/tr>\n<tr>\n<td style=\"width: 72.622%;\" colspan=\"2\"><span style=\"font-weight: 400;\">Ci\u00e8ncies Experimentals<\/span><\/td>\n<td style=\"width: 68.8596%;\"><span style=\"font-weight: 400;\">Berta Obon<\/span><\/td>\n<\/tr>\n<\/tbody>\n<\/table>\n<table style=\"width: 46.968%;\">\n<tbody>\n<tr>\n<td style=\"width: 121.37%;\" colspan=\"2\"><b>GRUPS I TUTORS\/ES<\/b><\/td>\n<\/tr>\n<tr>\n<td style=\"width: 41.3333%;\"><span style=\"font-weight: 400;\">1r ESO A<\/span><\/td>\n<td style=\"width: 80.0364%;\"><span style=\"font-weight: 400;\">Iria Pujol \/ Marc Serentill<\/span><\/td>\n<\/tr>\n<tr>\n<td style=\"width: 41.3333%;\"><span style=\"font-weight: 400;\">1r ESO B<\/span><\/td>\n<td style=\"width: 80.0364%;\"><span style=\"font-weight: 400;\">Olga Sabart\u00e9s \/ Roser Monn\u00e9<\/span><\/td>\n<\/tr>\n<tr>\n<td style=\"width: 41.3333%;\"><span style=\"font-weight: 400;\">2n ESO A<\/span><\/td>\n<td style=\"width: 80.0364%;\"><span style=\"font-weight: 400;\">M\u00f2nica Ros \/ Ramon Sebasti\u00e0<\/span><\/td>\n<\/tr>\n<tr>\n<td style=\"width: 41.3333%;\"><span style=\"font-weight: 400;\">2n ESO B<\/span><\/td>\n<td style=\"width: 80.0364%;\"><span style=\"font-weight: 400;\">Teresa Vilanova \/ Laia Nosas\u00a0<\/span><\/td>\n<\/tr>\n<tr>\n<td style=\"width: 41.3333%;\"><span style=\"font-weight: 400;\">3r ESO A<\/span><\/td>\n<td style=\"width: 80.0364%;\"><span style=\"font-weight: 400;\">Eva Vidal \/ V\u00edctor Arribas<\/span><\/td>\n<\/tr>\n<tr>\n<td style=\"width: 41.3333%;\"><span style=\"font-weight: 400;\">3r ESO B<\/span><\/td>\n<td style=\"width: 80.0364%;\"><span style=\"font-weight: 400;\">S\u00edlvia Mir \/ Rosa Roca<\/span><\/td>\n<\/tr>\n<tr>\n<td style=\"width: 41.3333%;\"><span style=\"font-weight: 400;\">4t ESO A<\/span><\/td>\n<td style=\"width: 80.0364%;\"><span style=\"font-weight: 400;\">Jordi Trilla \/ Montse Miralles<\/span><\/td>\n<\/tr>\n<tr>\n<td style=\"width: 41.3333%;\"><span style=\"font-weight: 400;\">4t ESO B<\/span><\/td>\n<td style=\"width: 80.0364%;\"><span style=\"font-weight: 400;\">Berta Obon \/ Anna Torrelles\u00a0<\/span><\/td>\n<\/tr>\n<tr>\n<td style=\"width: 41.3333%;\"><span style=\"font-weight: 400;\">1r BATX<\/span><\/td>\n<td style=\"width: 80.0364%;\"><span style=\"font-weight: 400;\">Elvira Castell\u00f3 \/ Isabel Sorribes<\/span><\/td>\n<\/tr>\n<tr>\n<td style=\"width: 41.3333%;\"><span style=\"font-weight: 400;\">2n BATX<\/span><\/td>\n<td style=\"width: 80.0364%;\"><span style=\"font-weight: 400;\">Carme Barril \/ N\u00faria Boixadera<\/span><\/td>\n<\/tr>\n<tr>\n<td style=\"width: 41.3333%;\"><span style=\"font-weight: 400;\">CFGM Gesti\u00f3 Administrativa 1r<\/span><\/td>\n<td style=\"width: 80.0364%;\"><span style=\"font-weight: 400;\">Guillermo Prieto \/ Laia Santamaria<\/span><\/td>\n<\/tr>\n<tr>\n<td style=\"width: 41.3333%;\"><span style=\"font-weight: 400;\">CFGM Gesti\u00f3 Administrativa 2n<\/span><\/td>\n<td style=\"width: 80.0364%;\"><span style=\"font-weight: 400;\">Laia Santamaria\u00a0<\/span><\/td>\n<\/tr>\n<tr>\n<td style=\"width: 41.3333%;\"><span style=\"font-weight: 400;\">SIEI<\/span><\/td>\n<td style=\"width: 80.0364%;\"><span style=\"font-weight: 400;\">Ana\u00efs Colomer \/ Cristina Andr\u00e9s \/ Olga Farr\u00e9<\/span><\/td>\n<\/tr>\n<tr>\n<td style=\"width: 41.3333%;\"><span style=\"font-weight: 400;\">Aula d\u2019acollida<\/span><\/td>\n<td style=\"width: 80.0364%;\"><span style=\"font-weight: 400;\">Mireia Cinca<\/span><\/td>\n<\/tr>\n<\/tbody>\n<\/table>\n<table style=\"width: 47.5204%;\">\n<tbody>\n<tr>\n<td style=\"width: 82.338%;\" colspan=\"2\"><b>ALTRES COORDINACIONS I TUTORIES T\u00c8CNIQUES<\/b><\/td>\n<\/tr>\n<tr>\n<td style=\"width: 45.1123%;\"><span style=\"font-weight: 400;\">Coord. Digital<\/span><\/td>\n<td style=\"width: 37.2257%;\"><span style=\"font-weight: 400;\">Marta T\u00e0sies \/ V\u00edctor Arribas<\/span><\/td>\n<\/tr>\n<tr>\n<td style=\"width: 45.1123%;\"><span style=\"font-weight: 400;\">Coord. Estrat\u00e8gia digital\u00a0\u00a0<\/span><\/td>\n<td style=\"width: 37.2257%;\"><span style=\"font-weight: 400;\">Mireia Olarte \/ Ramon Regu\u00e9<\/span><\/td>\n<\/tr>\n<tr>\n<td style=\"width: 45.1123%;\"><span style=\"font-weight: 400;\">Coord. Ling\u00fc\u00edstica, intercultural i de cohesi\u00f3 social \/ Pla Acollida i Integraci\u00f3<\/span><\/td>\n<td style=\"width: 37.2257%;\"><span style=\"font-weight: 400;\">Laia Nos\u00e0s<\/span><\/td>\n<\/tr>\n<tr>\n<td style=\"width: 45.1123%;\"><span style=\"font-weight: 400;\">Coord. Coeducaci\u00f3, Conviv\u00e8ncia i benestar de l\u2019alumnat (COCOBE)<\/span><\/td>\n<td style=\"width: 37.2257%;\"><span style=\"font-weight: 400;\">Maria Herreros<\/span><\/td>\n<\/tr>\n<tr>\n<td style=\"width: 45.1123%;\"><span style=\"font-weight: 400;\">Coord. Prevenci\u00f3 de Riscos Laborals<\/span><\/td>\n<td style=\"width: 37.2257%;\"><span style=\"font-weight: 400;\">Xavier Orta\u00a0<\/span><\/td>\n<\/tr>\n<tr>\n<td style=\"width: 45.1123%;\"><span style=\"font-weight: 400;\">Coord. Biblioteca<\/span><\/td>\n<td style=\"width: 37.2257%;\"><span style=\"font-weight: 400;\">Carme Barril<\/span><\/td>\n<\/tr>\n<tr>\n<td style=\"width: 45.1123%;\"><span style=\"font-weight: 400;\">Coord. Activitats\u00a0<\/span><\/td>\n<td style=\"width: 37.2257%;\"><span style=\"font-weight: 400;\">Carme Pascual \/ Iria Pujol<\/span><\/td>\n<\/tr>\n<tr>\n<td style=\"width: 45.1123%;\"><span style=\"font-weight: 400;\">Estada en empresa<\/span><\/td>\n<td style=\"width: 37.2257%;\"><span style=\"font-weight: 400;\">Guillermo Prieto (1r) \/ Laia Santamaria (2n)\u00a0<\/span><\/td>\n<\/tr>\n<\/tbody>\n<\/table>\n<table style=\"width: 47.6015%;\">\n<tbody>\n<tr>\n<td style=\"width: 213.045%;\" colspan=\"2\"><b>PERSONAL D\u2019ADMINISTRACI\u00d3 I SERVEIS<\/b><\/td>\n<\/tr>\n<tr>\n<td style=\"width: 58.5526%;\"><span style=\"font-weight: 400;\">Carme Puig Codina<\/span><\/td>\n<td style=\"width: 154.492%;\"><span style=\"font-weight: 400;\">Administrativa<\/span><\/td>\n<\/tr>\n<tr>\n<td style=\"width: 58.5526%;\"><span style=\"font-weight: 400;\">Joana Calveres Marsol<\/span><\/td>\n<td style=\"width: 154.492%;\"><span style=\"font-weight: 400;\">Subalterna<\/span><\/td>\n<\/tr>\n<tr>\n<td style=\"width: 58.5526%;\"><span style=\"font-weight: 400;\">Montse Garc\u00eda Mas<\/span><\/td>\n<td style=\"width: 154.492%;\"><span style=\"font-weight: 400;\">Subalterna<\/span><\/td>\n<\/tr>\n<\/tbody>\n<\/table>\n<table style=\"width: 47.7643%;\">\n<tbody>\n<tr>\n<td style=\"width: 137.576%;\" colspan=\"2\"><b>PERSONAL D\u2019ATENCI\u00d3 EDUCATIVA<\/b><\/td>\n<\/tr>\n<tr>\n<td style=\"width: 56.5831%;\"><span style=\"font-weight: 400;\">Cristina Andr\u00e9s Valdivieso \/\u00a0<\/span><\/p>\n<p><span style=\"font-weight: 400;\">Olga Farr\u00e9 Guill\u00e9n<\/span><\/td>\n<td style=\"width: 80.9929%;\"><span style=\"font-weight: 400;\">Professional d\u2019Atenci\u00f3 Educativa &#8211; SIEI<\/span><\/td>\n<\/tr>\n<\/tbody>\n<\/table>\n","protected":false},"excerpt":{"rendered":"<p>&nbsp;<\/p>\n<p>EQUIP DIRECTIU<\/p>\n<p>Director<br \/>\nRamon Regu\u00e9\u00a0 Par\u00eds<\/p>\n<p>Cap d\u2019Estudis<br \/>\nMireia Olarte Vives<\/p>\n<p>Secret\u00e0ria Administradora<br \/>\nDolors Garriga\u00a0 Mir\u00f3\u00a0<\/p>\n<p>Coordinadora Pedag\u00f2gica<br \/>\nEsther Pereta Goberna<\/p>\n<p>CLAUSTRE DE PROFESSORS<\/p>\n<p>Andr\u00e9s Valdivieso, Cristina<br \/>\nEducadora SIEI<\/p>\n<p>Arribas Ibarz, V\u00edctor<br \/>\nEducaci\u00f3 F\u00edsica<\/p>\n<p>Barril Bresc\u00f3, Carme<br \/>\nLlat\u00ed<\/p>\n<p>Boixadera Guixes, N\u00faria\u00a0<br \/>\nBiologia i Geologia<\/p>\n<p>Castell\u00f3 Fos, Elvira<br \/>\nLlengua Castellana<\/p>\n<p>Cinca Morros, Mireia<br \/>\nAula d\u2019Acollida<\/p>\n<p>Colomer Gairoles, Ana\u00efs<br \/>\nOrientadora\u00a0 SIEI<\/p>\n<p>Farran Seuma, Laura<br \/>\nAula d\u2019Acollida<\/p>\n<p>Farr\u00e9 Gull\u00e9n, Olga<br \/>\nEducadora SIEI<\/p>\n<p>Garriga Mir\u00f3, Dolors<br \/>\nLlengua Francesa<\/p>\n<p>Garriga&hellip;  <a href=\"https:\/\/agora.xtec.cat\/ieselsplanells\/linstitut\/organigrama\/\" title=\"Read Organigrama\">Llegeix m\u00e9s\u00bb<\/a><\/p>\n","protected":false},"author":1,"featured_media":0,"parent":19,"menu_order":10,"comment_status":"closed","ping_status":"closed","template":"page-templates\/side-menu.php","meta":{"_bbp_topic_count":0,"_bbp_reply_count":0,"_bbp_total_topic_count":0,"_bbp_total_reply_count":0,"_bbp_voice_count":0,"_bbp_anonymous_reply_count":0,"_bbp_topic_count_hidden":0,"_bbp_reply_count_hidden":0,"_bbp_forum_subforum_count":0,"footnotes":""},"class_list":["post-46","page","type-page","status-publish","hentry"],"post_mailing_queue_ids":[],"_links":{"self":[{"href":"https:\/\/agora.xtec.cat\/ieselsplanells\/wp-json\/wp\/v2\/pages\/46","targetHints":{"allow":["GET"]}}],"collection":[{"href":"https:\/\/agora.xtec.cat\/ieselsplanells\/wp-json\/wp\/v2\/pages"}],"about":[{"href":"https:\/\/agora.xtec.cat\/ieselsplanells\/wp-json\/wp\/v2\/types\/page"}],"author":[{"embeddable":true,"href":"https:\/\/agora.xtec.cat\/ieselsplanells\/wp-json\/wp\/v2\/users\/1"}],"replies":[{"embeddable":true,"href":"https:\/\/agora.xtec.cat\/ieselsplanells\/wp-json\/wp\/v2\/comments?post=46"}],"version-history":[{"count":8,"href":"https:\/\/agora.xtec.cat\/ieselsplanells\/wp-json\/wp\/v2\/pages\/46\/revisions"}],"predecessor-version":[{"id":14395,"href":"https:\/\/agora.xtec.cat\/ieselsplanells\/wp-json\/wp\/v2\/pages\/46\/revisions\/14395"}],"up":[{"embeddable":true,"href":"https:\/\/agora.xtec.cat\/ieselsplanells\/wp-json\/wp\/v2\/pages\/19"}],"wp:attachment":[{"href":"https:\/\/agora.xtec.cat\/ieselsplanells\/wp-json\/wp\/v2\/media?parent=46"}],"curies":[{"name":"wp","href":"https:\/\/api.w.org\/{rel}","templated":true}]}}