{"id":451,"date":"2015-11-21T19:16:21","date_gmt":"2015-11-21T18:16:21","guid":{"rendered":"http:\/\/agora.xtec.cat\/ieselsplanells\/?page_id=451"},"modified":"2024-06-09T09:34:57","modified_gmt":"2024-06-09T07:34:57","slug":"projectes","status":"publish","type":"page","link":"https:\/\/agora.xtec.cat\/ieselsplanells\/projectes\/","title":{"rendered":"Projectes"},"content":{"rendered":"<p style=\"text-align: justify;\">El nostre centre participa actualment en diferents projectes educatius: la <a href=\"https:\/\/agora.xtec.cat\/ieselsplanells\/categoria\/equiplego\/\">First Lego League (FLL)<\/a>, el <a href=\"https:\/\/agora.xtec.cat\/ieselsplanells\/categoria\/gep\/\">Grup d&#8217;Experimentaci\u00f3 per al Pluriling\u00fcisme (GEP)<\/a>, <a href=\"https:\/\/agora.xtec.cat\/ieselsplanells\/categoria\/gep\/etwinning\/\">eTwinning<\/a>, <a href=\"https:\/\/agora.xtec.cat\/ieselsplanells\/categoria\/tei\/\">TEI<\/a>, <a href=\"https:\/\/agora.xtec.cat\/ieselsplanells\/categoria\/biblioteca\/\">Biblioteca<\/a>, <a href=\"https:\/\/agora.xtec.cat\/ieselsplanells\/categoria\/competencia-digital\/\">Compet\u00e8ncia digital<\/a>, <a href=\"https:\/\/agora.xtec.cat\/ieselsplanells\/categoria\/aasiei\/\">Aula d&#8217;Acollida i SIEI<\/a>.<\/p>\n<p style=\"text-align: justify;\"><span style=\"font-family: inherit; font-size: 1em;\">En les p\u00e0gines seg\u00fcents teniu informaci\u00f3 sobre els diferents projectes i un espai on poder consultar-hi not\u00edcies relacionades.<\/span><\/p>\n<p style=\"text-align: justify;\">\n","protected":false},"excerpt":{"rendered":"<p>El nostre centre participa actualment en diferents projectes educatius: la <a href=\"https:\/\/agora.xtec.cat\/ieselsplanells\/categoria\/equiplego\/\">First Lego League (FLL)<\/a>, el <a href=\"https:\/\/agora.xtec.cat\/ieselsplanells\/categoria\/gep\/\">Grup d&#8217;Experimentaci\u00f3 per al Pluriling\u00fcisme (GEP)<\/a>, <a href=\"https:\/\/agora.xtec.cat\/ieselsplanells\/categoria\/gep\/etwinning\/\">eTwinning<\/a>, <a href=\"https:\/\/agora.xtec.cat\/ieselsplanells\/categoria\/tei\/\">TEI<\/a>, <a href=\"https:\/\/agora.xtec.cat\/ieselsplanells\/categoria\/biblioteca\/\">Biblioteca<\/a>, <a href=\"https:\/\/agora.xtec.cat\/ieselsplanells\/categoria\/competencia-digital\/\">Compet\u00e8ncia digital<\/a>, <a href=\"https:\/\/agora.xtec.cat\/ieselsplanells\/categoria\/aasiei\/\">Aula d&#8217;Acollida i SIEI<\/a>.<br \/>\nEn les p\u00e0gines seg\u00fcents teniu informaci\u00f3 sobre els diferents&hellip;  <a href=\"https:\/\/agora.xtec.cat\/ieselsplanells\/projectes\/\" title=\"Read Projectes\">Llegeix m\u00e9s\u00bb<\/a><\/p>\n","protected":false},"author":1,"featured_media":0,"parent":0,"menu_order":0,"comment_status":"closed","ping_status":"closed","template":"","meta":{"_bbp_topic_count":0,"_bbp_reply_count":0,"_bbp_total_topic_count":0,"_bbp_total_reply_count":0,"_bbp_voice_count":0,"_bbp_anonymous_reply_count":0,"_bbp_topic_count_hidden":0,"_bbp_reply_count_hidden":0,"_bbp_forum_subforum_count":0,"footnotes":""},"class_list":["post-451","page","type-page","status-publish","hentry"],"post_mailing_queue_ids":[],"_links":{"self":[{"href":"https:\/\/agora.xtec.cat\/ieselsplanells\/wp-json\/wp\/v2\/pages\/451","targetHints":{"allow":["GET"]}}],"collection":[{"href":"https:\/\/agora.xtec.cat\/ieselsplanells\/wp-json\/wp\/v2\/pages"}],"about":[{"href":"https:\/\/agora.xtec.cat\/ieselsplanells\/wp-json\/wp\/v2\/types\/page"}],"author":[{"embeddable":true,"href":"https:\/\/agora.xtec.cat\/ieselsplanells\/wp-json\/wp\/v2\/users\/1"}],"replies":[{"embeddable":true,"href":"https:\/\/agora.xtec.cat\/ieselsplanells\/wp-json\/wp\/v2\/comments?post=451"}],"version-history":[{"count":5,"href":"https:\/\/agora.xtec.cat\/ieselsplanells\/wp-json\/wp\/v2\/pages\/451\/revisions"}],"predecessor-version":[{"id":13927,"href":"https:\/\/agora.xtec.cat\/ieselsplanells\/wp-json\/wp\/v2\/pages\/451\/revisions\/13927"}],"wp:attachment":[{"href":"https:\/\/agora.xtec.cat\/ieselsplanells\/wp-json\/wp\/v2\/media?parent=451"}],"curies":[{"name":"wp","href":"https:\/\/api.w.org\/{rel}","templated":true}]}}