{"id":11708,"date":"2020-01-18T12:13:04","date_gmt":"2020-01-18T11:13:04","guid":{"rendered":"http:\/\/agora.xtec.cat\/ieselsplanells\/?page_id=11708"},"modified":"2025-09-30T14:03:04","modified_gmt":"2025-09-30T12:03:04","slug":"documents-de-gestio","status":"publish","type":"page","link":"https:\/\/agora.xtec.cat\/ieselsplanells\/linstitut\/documents-de-gestio\/","title":{"rendered":"Documents de gesti\u00f3"},"content":{"rendered":"<p style=\"text-align: justify;\">Des dels enlla\u00e7os que teniu en aquesta p\u00e0gina, podreu accedir a tots els documents relatius a la gesti\u00f3 del nostre centre.<\/p>\n<p><a href=\"https:\/\/drive.google.com\/file\/d\/1abP00k9kgu0Ah0xjXZqry9C46LigJ5PI\/view?usp=sharing\">Projecte de direcci\u00f3 (2022-26)<\/a><\/p>\n<p><a href=\"https:\/\/drive.google.com\/file\/d\/1COcqf9BZUWeK6aU2xVkHcY7T3LmFsJI1\/view?usp=sharing\">Programaci\u00f3 General Anual (2024-25)<\/a><\/p>\n<p><a href=\"https:\/\/drive.google.com\/file\/d\/1vQrempd3VFelvUO_CPeHjdpnXyzXhhGM\/view?usp=sharing\">NOFC (2025-26)<\/a><\/p>\n<p><a href=\"https:\/\/drive.google.com\/file\/d\/1yS8gyIuShKKg6K_9RdDTJv69jYqG7Epn\/view?usp=sharing\">Pla d&#8217;Acollida (25-26)<\/a><\/p>\n<p><a href=\"https:\/\/drive.google.com\/file\/d\/1p6jep0-cI4eUzfH5DI_FLV6b7BnYlkNV\/view?usp=sharing\">Carta de comprom\u00eds educatiu (25-26)<\/a><\/p>\n<p><a href=\"https:\/\/drive.google.com\/file\/d\/1gaY1fd_TX_VO3zWi53O1iSK0kkLOWJoE\/view?usp=sharing\" target=\"_blank\" rel=\"noopener noreferrer\">Projecte Educatiu de Centre (PEC)<\/a><\/p>\n<p><a href=\"https:\/\/drive.google.com\/file\/d\/1bX9oi8JUeJex1egEyxjzSpnUa6x4Fpgp\/view?usp=sharing\" target=\"_blank\" rel=\"noopener noreferrer\">Projecte ling\u00fc\u00edstic (darrera actualitzaci\u00f3 2018 &#8211; 2019)<\/a><\/p>\n<p>&nbsp;<\/p>\n<p>&nbsp;<\/p>\n<p>&nbsp;<\/p>\n<p>&nbsp;<\/p>\n<p>&nbsp;<\/p>\n<p>&nbsp;<\/p>\n<p>&nbsp;<\/p>\n<p>&nbsp;<\/p>\n","protected":false},"excerpt":{"rendered":"<p>Des dels enlla\u00e7os que teniu en aquesta p\u00e0gina, podreu accedir a tots els documents relatius a la gesti\u00f3 del nostre centre.<br \/>\n<a href=\"https:\/\/drive.google.com\/file\/d\/1abP00k9kgu0Ah0xjXZqry9C46LigJ5PI\/view?usp=sharing\">Projecte de direcci\u00f3 (2022-26)<\/a><br \/>\n<a href=\"https:\/\/drive.google.com\/file\/d\/1COcqf9BZUWeK6aU2xVkHcY7T3LmFsJI1\/view?usp=sharing\">Programaci\u00f3 General Anual (2024-25)<\/a><br \/>\n<a href=\"https:\/\/drive.google.com\/file\/d\/1vQrempd3VFelvUO_CPeHjdpnXyzXhhGM\/view?usp=sharing\">NOFC (2025-26)<\/a><br \/>\n<a href=\"https:\/\/drive.google.com\/file\/d\/1yS8gyIuShKKg6K_9RdDTJv69jYqG7Epn\/view?usp=sharing\">Pla d&#8217;Acollida (25-26)<\/a><br \/>\n<a href=\"https:\/\/drive.google.com\/file\/d\/1p6jep0-cI4eUzfH5DI_FLV6b7BnYlkNV\/view?usp=sharing\">Carta de comprom\u00eds educatiu (25-26)<\/a><br \/>\n<a href=\"https:\/\/drive.google.com\/file\/d\/1gaY1fd_TX_VO3zWi53O1iSK0kkLOWJoE\/view?usp=sharing\" target=\"_blank\" rel=\"noopener noreferrer\">Projecte Educatiu de&hellip;  <a href=\"https:\/\/agora.xtec.cat\/ieselsplanells\/linstitut\/documents-de-gestio\/\" title=\"Read Documents de gesti\u00f3\">Llegeix m\u00e9s\u00bb<\/a><\/p>\n","protected":false},"author":1,"featured_media":0,"parent":19,"menu_order":30,"comment_status":"closed","ping_status":"closed","template":"page-templates\/side-menu.php","meta":{"_bbp_topic_count":0,"_bbp_reply_count":0,"_bbp_total_topic_count":0,"_bbp_total_reply_count":0,"_bbp_voice_count":0,"_bbp_anonymous_reply_count":0,"_bbp_topic_count_hidden":0,"_bbp_reply_count_hidden":0,"_bbp_forum_subforum_count":0,"footnotes":""},"class_list":["post-11708","page","type-page","status-publish","hentry"],"post_mailing_queue_ids":[],"_links":{"self":[{"href":"https:\/\/agora.xtec.cat\/ieselsplanells\/wp-json\/wp\/v2\/pages\/11708","targetHints":{"allow":["GET"]}}],"collection":[{"href":"https:\/\/agora.xtec.cat\/ieselsplanells\/wp-json\/wp\/v2\/pages"}],"about":[{"href":"https:\/\/agora.xtec.cat\/ieselsplanells\/wp-json\/wp\/v2\/types\/page"}],"author":[{"embeddable":true,"href":"https:\/\/agora.xtec.cat\/ieselsplanells\/wp-json\/wp\/v2\/users\/1"}],"replies":[{"embeddable":true,"href":"https:\/\/agora.xtec.cat\/ieselsplanells\/wp-json\/wp\/v2\/comments?post=11708"}],"version-history":[{"count":6,"href":"https:\/\/agora.xtec.cat\/ieselsplanells\/wp-json\/wp\/v2\/pages\/11708\/revisions"}],"predecessor-version":[{"id":14378,"href":"https:\/\/agora.xtec.cat\/ieselsplanells\/wp-json\/wp\/v2\/pages\/11708\/revisions\/14378"}],"up":[{"embeddable":true,"href":"https:\/\/agora.xtec.cat\/ieselsplanells\/wp-json\/wp\/v2\/pages\/19"}],"wp:attachment":[{"href":"https:\/\/agora.xtec.cat\/ieselsplanells\/wp-json\/wp\/v2\/media?parent=11708"}],"curies":[{"name":"wp","href":"https:\/\/api.w.org\/{rel}","templated":true}]}}