{"id":11698,"date":"2020-01-18T11:32:46","date_gmt":"2020-01-18T10:32:46","guid":{"rendered":"http:\/\/agora.xtec.cat\/ieselsplanells\/?page_id=11698"},"modified":"2020-01-18T11:32:46","modified_gmt":"2020-01-18T10:32:46","slug":"la-nostra-historia","status":"publish","type":"page","link":"https:\/\/agora.xtec.cat\/ieselsplanells\/linstitut\/la-nostra-historia\/","title":{"rendered":"La nostra hist\u00f2ria"},"content":{"rendered":"<p style=\"text-align: justify;\">L\u2019INS Els Planells, d\u2019Artesa de Segre, iniciava el seu cam\u00ed el curs 1976 &#8211; 1977, sense nom i com a Secci\u00f3 de Formaci\u00f3 Professional, depenent de l\u2019Escola del Treball de Lleida, amb 36 alumnes i impartint el primer curs de Primer Grau de Formaci\u00f3 Professional de les branques Administrativa i El\u00e8ctrica.<\/p>\n<p style=\"text-align: justify;\">La categoria d\u2019Institut de Formaci\u00f3 Professional li fou assignada el curs 1979 &#8211; 1980, impartint el primer i segon grau de les branques Administrativa i El\u00e8ctrica, i amb els centres adscrits: les Seccions d\u2019FP de Ponts, Oliana i Sort; i els centres privats Castellvell, de Solsona, (actualment, Arrels), La Salle, de La Seu d\u2019Urgell i Mare Janer, d\u2019Andorra; en total, al voltant d\u2019uns 1000 alumnes adscrits, sense comptar-hi els propis.<\/p>\n<p style=\"text-align: justify;\">El curs 1983 &#8211; 1984, va rebre el nom oficial de \u201cEls Planells\u201d en refer\u00e8ncia a la zona on es troba ubicat l\u2019edifici juntament amb el CEIP, a proposta d\u2019un pare i un cop verificat per la Direcci\u00f3 General de Pol\u00edtica Ling\u00fc\u00edstica (13 &#8211; 10 &#8211; 1983).<\/p>\n<p style=\"text-align: justify;\">El curs 1994 &#8211; 1995, es transformava en IES i anticipava la Reforma Educativa, juntament amb 4 altres centres de les terres de Ponent. S\u2019impartien, per primer cop, els estudis d\u2019ESO, concretament el 3r curs. Aquest fet va permetre que, el curs 1996 &#8211; 1997, s\u2019impartissin, per primera vegada a Artesa i comarca, els Batxillerats Cient\u00edfic, Tecnol\u00f2gic, d\u2019Humanitats i Ci\u00e8ncies Socials, aix\u00ed com el CFGM de Gesti\u00f3 d\u2019Empreses. Aquest esdeveniment fou la pedra angular, en educaci\u00f3, per a la nostra subcomarca, ja que ens va permetre, com a centre, impartir els estudis de Batxillerat per primera vegada i, als nostres joves, poder cursar tots els seus estudis, fins a l\u2019arribada a la Universitat, a casa o molt a prop de casa, tenint en compte que l\u2019oferta d\u2019FP de Grau Superior, que el centre impartia, quedava relegada a les capitals de comarca.<\/p>\n<p style=\"text-align: justify;\">El curs 2001 &#8211; 2002 i, amb la voluntat d\u2019aconseguir per a l\u2019Institut la major oferta educativa, es podia cursar per primera vegada i de manera rotativa, el CFGM de Comer\u00e7. Aquell mateix curs, la celebraci\u00f3 del 25\u00e8 aniversari de l\u2019IES i del CEIP i la inauguraci\u00f3 de les obres d\u2019adequaci\u00f3 i de remodelaci\u00f3 de l\u2019edifici, que van comptar amb la pres\u00e8ncia de l\u2019Honorable Sra. Carme-Laura Gil, Consellera del Departament d\u2019Educaci\u00f3, foren el colof\u00f3 i el reconeixement p\u00fablic a 25 anys d\u2019esfor\u00e7 de tota la comunitat educativa. Va ser en aquest mateix marc que va tenir lloc el concurs per a la creaci\u00f3 del disseny del logo de l\u2019Institut i la redacci\u00f3 del llibre commemoratiu del 25\u00e8 aniversari.<\/p>\n<p style=\"text-align: justify;\">Al llarg d\u2019aquests 41 anys, les infraestructures no han parat de cr\u00e9ixer i millorar. Aix\u00ed doncs, el segon bloc d\u2019actuacions importants es va realitzar durant la primera d\u00e8cada del segle XXI, en qu\u00e8 el centre va anar augmentat progressivament el nombre d\u2019alumnes, amb l\u2019 important allau immigratori que va viure la nostra subcomarca i que va afectar paral\u00b7lelament l\u2019Escola i l\u2019INS Els Planells.<\/p>\n<p style=\"text-align: justify;\">Tot aquest proc\u00e9s culmina el curs 2009 &#8211; 2010, quan l\u2019Escola de Prim\u00e0ria va estrenar noves instal\u00b7lacions, quedant, aix\u00ed, l\u2019edifici antic per a l\u2019\u00fas de l\u2019Institut, remodelat per segona vegada. La inauguraci\u00f3 d\u2019aquestes obres va tenir lloc el dia 23 de setembre de 2010 i va comptar amb la pres\u00e8ncia de l\u2019Honorable Sr. Ernest Maragall, Conseller del Departament d\u2019Ensenyament.<\/p>\n<p>Actualment, doncs, el nostre centre ofereix els estudis d&#8217;ensenyament obligatori d&#8217;ESO, i els estudis postobligatoris de Batxillerat i el cicle formatiu de grau mitj\u00e0 en Gesti\u00f3 Administrativa.<\/p>\n","protected":false},"excerpt":{"rendered":"<p>L\u2019INS Els Planells, d\u2019Artesa de Segre, iniciava el seu cam\u00ed el curs 1976 &#8211; 1977, sense nom i com a Secci\u00f3 de Formaci\u00f3 Professional, depenent de l\u2019Escola del Treball de Lleida, amb 36 alumnes i impartint el primer curs de Primer Grau de Formaci\u00f3 Professional&hellip;  <a href=\"https:\/\/agora.xtec.cat\/ieselsplanells\/linstitut\/la-nostra-historia\/\" title=\"Read La nostra hist\u00f2ria\">Llegeix m\u00e9s\u00bb<\/a><\/p>\n","protected":false},"author":1,"featured_media":0,"parent":19,"menu_order":0,"comment_status":"closed","ping_status":"closed","template":"","meta":{"_bbp_topic_count":0,"_bbp_reply_count":0,"_bbp_total_topic_count":0,"_bbp_total_reply_count":0,"_bbp_voice_count":0,"_bbp_anonymous_reply_count":0,"_bbp_topic_count_hidden":0,"_bbp_reply_count_hidden":0,"_bbp_forum_subforum_count":0,"footnotes":""},"class_list":["post-11698","page","type-page","status-publish","hentry"],"post_mailing_queue_ids":[],"_links":{"self":[{"href":"https:\/\/agora.xtec.cat\/ieselsplanells\/wp-json\/wp\/v2\/pages\/11698","targetHints":{"allow":["GET"]}}],"collection":[{"href":"https:\/\/agora.xtec.cat\/ieselsplanells\/wp-json\/wp\/v2\/pages"}],"about":[{"href":"https:\/\/agora.xtec.cat\/ieselsplanells\/wp-json\/wp\/v2\/types\/page"}],"author":[{"embeddable":true,"href":"https:\/\/agora.xtec.cat\/ieselsplanells\/wp-json\/wp\/v2\/users\/1"}],"replies":[{"embeddable":true,"href":"https:\/\/agora.xtec.cat\/ieselsplanells\/wp-json\/wp\/v2\/comments?post=11698"}],"version-history":[{"count":1,"href":"https:\/\/agora.xtec.cat\/ieselsplanells\/wp-json\/wp\/v2\/pages\/11698\/revisions"}],"predecessor-version":[{"id":11699,"href":"https:\/\/agora.xtec.cat\/ieselsplanells\/wp-json\/wp\/v2\/pages\/11698\/revisions\/11699"}],"up":[{"embeddable":true,"href":"https:\/\/agora.xtec.cat\/ieselsplanells\/wp-json\/wp\/v2\/pages\/19"}],"wp:attachment":[{"href":"https:\/\/agora.xtec.cat\/ieselsplanells\/wp-json\/wp\/v2\/media?parent=11698"}],"curies":[{"name":"wp","href":"https:\/\/api.w.org\/{rel}","templated":true}]}}