{"id":2586,"date":"2026-01-28T09:43:56","date_gmt":"2026-01-28T08:43:56","guid":{"rendered":"https:\/\/agora.xtec.cat\/ieselspallaresos\/?page_id=2586"},"modified":"2026-02-04T10:58:25","modified_gmt":"2026-02-04T09:58:25","slug":"produccio-dalumnes-en-construccio","status":"publish","type":"page","link":"https:\/\/agora.xtec.cat\/ieselspallaresos\/produccio-dalumnes-en-construccio\/","title":{"rendered":"PRODUCCI\u00d3 D&#8217;ALUMNES (En construcci\u00f3)"},"content":{"rendered":"<p data-start=\"190\" data-end=\"479\">Aquest espai de la web neix amb la voluntat de <strong data-start=\"237\" data-end=\"262\">donar visibilitat a l\u2019alumnat<\/strong> i posar en valor les seves produccions, idees i projectes. Aqu\u00ed hi trobareu una mostra dels treballs que es generen a les aules del nostre institut, fruit de l\u2019esfor\u00e7, la creativitat i el comprom\u00eds dels nois i noies.<\/p>\n<p data-start=\"481\" data-end=\"778\">Al llarg del curs, aquest apartat recollir\u00e0 diferents <strong data-start=\"535\" data-end=\"575\">produccions elaborades per l\u2019alumnat<\/strong>, com ara el <strong data-start=\"588\" data-end=\"613\">podcast de l\u2019institut<\/strong>, la <strong data-start=\"618\" data-end=\"640\">revista cient\u00edfica<\/strong>, <strong>La Revistola del centre<\/strong>, projectes audiovisuals, articles, reflexions i altres iniciatives que reflecteixen la diversitat de mirades i talents del nostre centre.<\/p>\n<p data-start=\"780\" data-end=\"1093\">Aquestes creacions no nom\u00e9s s\u00f3n una eina d\u2019aprenentatge, sin\u00f3 tamb\u00e9 una manera de comunicar, expressar-se i connectar amb la comunitat educativa. A trav\u00e9s d\u2019elles, l\u2019alumnat desenvolupa compet\u00e8ncies comunicatives, pensament cr\u00edtic i capacitat de treball en equip, alhora que comparteix coneixement i experi\u00e8ncies.<\/p>\n<p data-start=\"1095\" data-end=\"1273\">Us convidem a explorar aquest espai, escoltar, llegir i descobrir tot all\u00f2 que el nostre alumnat \u00e9s capa\u00e7 de crear. Perqu\u00e8 aprendre tamb\u00e9 \u00e9s <strong data-start=\"1236\" data-end=\"1272\">crear, comunicar i fer-se sentir<\/strong>.<\/p>\n<p>&nbsp;<\/p>\n<figure id=\"attachment_2594\" aria-describedby=\"caption-attachment-2594\" style=\"width: 241px\" class=\"wp-caption alignleft\"><a href=\"https:\/\/agora.xtec.cat\/ieselspallaresos\/produccio-dalumnes-en-construccio\/podcast-ments-joves\/\"><img loading=\"lazy\" decoding=\"async\" class=\"wp-image-2594\" src=\"https:\/\/agora.xtec.cat\/ieselspallaresos\/wp-content\/uploads\/usu652\/2026\/01\/WhatsApp-Image-2026-01-28-at-09.51.18.jpeg\" alt=\"\" width=\"241\" height=\"238\" srcset=\"https:\/\/agora.xtec.cat\/ieselspallaresos\/wp-content\/uploads\/usu652\/2026\/01\/WhatsApp-Image-2026-01-28-at-09.51.18.jpeg 933w, https:\/\/agora.xtec.cat\/ieselspallaresos\/wp-content\/uploads\/usu652\/2026\/01\/WhatsApp-Image-2026-01-28-at-09.51.18-300x296.jpeg 300w, https:\/\/agora.xtec.cat\/ieselspallaresos\/wp-content\/uploads\/usu652\/2026\/01\/WhatsApp-Image-2026-01-28-at-09.51.18-768x758.jpeg 768w\" sizes=\"auto, (max-width: 241px) 100vw, 241px\" \/><\/a><figcaption id=\"caption-attachment-2594\" class=\"wp-caption-text\">PODCAST<\/figcaption><\/figure>\n<figure id=\"attachment_2612\" aria-describedby=\"caption-attachment-2612\" style=\"width: 165px\" class=\"wp-caption alignleft\"><a href=\"https:\/\/agora.xtec.cat\/ieselspallaresos\/produccio-dalumnes-en-construccio\/neurones-en-accio\/\"><img loading=\"lazy\" decoding=\"async\" class=\"wp-image-2612\" src=\"https:\/\/agora.xtec.cat\/ieselspallaresos\/wp-content\/uploads\/usu652\/2026\/02\/portada-revista-Neurones-en-Accio_page-0001.jpg-724x1024.jpeg\" alt=\"\" width=\"165\" height=\"233\" srcset=\"https:\/\/agora.xtec.cat\/ieselspallaresos\/wp-content\/uploads\/usu652\/2026\/02\/portada-revista-Neurones-en-Accio_page-0001.jpg-724x1024.jpeg 724w, https:\/\/agora.xtec.cat\/ieselspallaresos\/wp-content\/uploads\/usu652\/2026\/02\/portada-revista-Neurones-en-Accio_page-0001.jpg-212x300.jpeg 212w, https:\/\/agora.xtec.cat\/ieselspallaresos\/wp-content\/uploads\/usu652\/2026\/02\/portada-revista-Neurones-en-Accio_page-0001.jpg-768x1086.jpeg 768w, https:\/\/agora.xtec.cat\/ieselspallaresos\/wp-content\/uploads\/usu652\/2026\/02\/portada-revista-Neurones-en-Accio_page-0001.jpg-1086x1536.jpeg 1086w, https:\/\/agora.xtec.cat\/ieselspallaresos\/wp-content\/uploads\/usu652\/2026\/02\/portada-revista-Neurones-en-Accio_page-0001.jpg.jpeg 1241w\" sizes=\"auto, (max-width: 165px) 100vw, 165px\" \/><\/a><figcaption id=\"caption-attachment-2612\" class=\"wp-caption-text\">REVISTA CIENT\u00cdFICA<\/figcaption><\/figure>\n<p>&nbsp;<\/p>\n<p>&nbsp;<\/p>\n<p>&nbsp;<\/p>\n<p><a href=\"https:\/\/agora.xtec.cat\/ieselspallaresos\/produccio-dalumnes-en-construccio\/revistola\/\"><img loading=\"lazy\" decoding=\"async\" class=\"alignleft wp-image-2621\" src=\"https:\/\/agora.xtec.cat\/ieselspallaresos\/wp-content\/uploads\/usu652\/2026\/02\/revistola-logo-1024x298.jpg\" alt=\"\" width=\"371\" height=\"108\" srcset=\"https:\/\/agora.xtec.cat\/ieselspallaresos\/wp-content\/uploads\/usu652\/2026\/02\/revistola-logo-1024x298.jpg 1024w, https:\/\/agora.xtec.cat\/ieselspallaresos\/wp-content\/uploads\/usu652\/2026\/02\/revistola-logo-300x87.jpg 300w, https:\/\/agora.xtec.cat\/ieselspallaresos\/wp-content\/uploads\/usu652\/2026\/02\/revistola-logo-768x224.jpg 768w, https:\/\/agora.xtec.cat\/ieselspallaresos\/wp-content\/uploads\/usu652\/2026\/02\/revistola-logo.jpg 1201w\" sizes=\"auto, (max-width: 371px) 100vw, 371px\" \/><\/a><\/p>\n","protected":false},"excerpt":{"rendered":"<p>Aquest espai de la web neix amb la voluntat de donar visibilitat a l\u2019alumnat i posar en valor les seves produccions, idees i projectes. Aqu\u00ed hi trobareu una mostra dels treballs que es generen a les aules del nostre institut, fruit de l\u2019esfor\u00e7, la creativitat i el comprom\u00eds dels nois i noies. Al llarg del [&hellip;]<\/p>\n","protected":false},"author":63,"featured_media":0,"parent":0,"menu_order":0,"comment_status":"closed","ping_status":"closed","template":"","meta":{"_bbp_topic_count":0,"_bbp_reply_count":0,"_bbp_total_topic_count":0,"_bbp_total_reply_count":0,"_bbp_voice_count":0,"_bbp_anonymous_reply_count":0,"_bbp_topic_count_hidden":0,"_bbp_reply_count_hidden":0,"_bbp_forum_subforum_count":0,"site-sidebar-layout":"default","site-content-layout":"","ast-site-content-layout":"default","site-content-style":"default","site-sidebar-style":"default","ast-global-header-display":"","ast-banner-title-visibility":"","ast-main-header-display":"","ast-hfb-above-header-display":"","ast-hfb-below-header-display":"","ast-hfb-mobile-header-display":"","site-post-title":"","ast-breadcrumbs-content":"","ast-featured-img":"","footer-sml-layout":"","theme-transparent-header-meta":"default","adv-header-id-meta":"","stick-header-meta":"","header-above-stick-meta":"","header-main-stick-meta":"","header-below-stick-meta":"","astra-migrate-meta-layouts":"set","ast-page-background-enabled":"default","ast-page-background-meta":{"desktop":{"background-color":"var(--ast-global-color-4)","background-image":"","background-repeat":"repeat","background-position":"center center","background-size":"auto","background-attachment":"scroll","background-type":"","background-media":"","overlay-type":"","overlay-color":"","overlay-opacity":"","overlay-gradient":""},"tablet":{"background-color":"","background-image":"","background-repeat":"repeat","background-position":"center center","background-size":"auto","background-attachment":"scroll","background-type":"","background-media":"","overlay-type":"","overlay-color":"","overlay-opacity":"","overlay-gradient":""},"mobile":{"background-color":"","background-image":"","background-repeat":"repeat","background-position":"center center","background-size":"auto","background-attachment":"scroll","background-type":"","background-media":"","overlay-type":"","overlay-color":"","overlay-opacity":"","overlay-gradient":""}},"ast-content-background-meta":{"desktop":{"background-color":"var(--ast-global-color-5)","background-image":"","background-repeat":"repeat","background-position":"center center","background-size":"auto","background-attachment":"scroll","background-type":"","background-media":"","overlay-type":"","overlay-color":"","overlay-opacity":"","overlay-gradient":""},"tablet":{"background-color":"var(--ast-global-color-5)","background-image":"","background-repeat":"repeat","background-position":"center center","background-size":"auto","background-attachment":"scroll","background-type":"","background-media":"","overlay-type":"","overlay-color":"","overlay-opacity":"","overlay-gradient":""},"mobile":{"background-color":"var(--ast-global-color-5)","background-image":"","background-repeat":"repeat","background-position":"center center","background-size":"auto","background-attachment":"scroll","background-type":"","background-media":"","overlay-type":"","overlay-color":"","overlay-opacity":"","overlay-gradient":""}},"footnotes":""},"class_list":["post-2586","page","type-page","status-publish","hentry"],"post_mailing_queue_ids":[],"_links":{"self":[{"href":"https:\/\/agora.xtec.cat\/ieselspallaresos\/wp-json\/wp\/v2\/pages\/2586","targetHints":{"allow":["GET"]}}],"collection":[{"href":"https:\/\/agora.xtec.cat\/ieselspallaresos\/wp-json\/wp\/v2\/pages"}],"about":[{"href":"https:\/\/agora.xtec.cat\/ieselspallaresos\/wp-json\/wp\/v2\/types\/page"}],"author":[{"embeddable":true,"href":"https:\/\/agora.xtec.cat\/ieselspallaresos\/wp-json\/wp\/v2\/users\/63"}],"replies":[{"embeddable":true,"href":"https:\/\/agora.xtec.cat\/ieselspallaresos\/wp-json\/wp\/v2\/comments?post=2586"}],"version-history":[{"count":6,"href":"https:\/\/agora.xtec.cat\/ieselspallaresos\/wp-json\/wp\/v2\/pages\/2586\/revisions"}],"predecessor-version":[{"id":2595,"href":"https:\/\/agora.xtec.cat\/ieselspallaresos\/wp-json\/wp\/v2\/pages\/2586\/revisions\/2595"}],"wp:attachment":[{"href":"https:\/\/agora.xtec.cat\/ieselspallaresos\/wp-json\/wp\/v2\/media?parent=2586"}],"curies":[{"name":"wp","href":"https:\/\/api.w.org\/{rel}","templated":true}]}}