{"id":2544,"date":"2026-01-21T10:34:50","date_gmt":"2026-01-21T09:34:50","guid":{"rendered":"https:\/\/agora.xtec.cat\/ieselspallaresos\/?page_id=2544"},"modified":"2026-01-23T17:16:57","modified_gmt":"2026-01-23T16:16:57","slug":"lectura","status":"publish","type":"page","link":"https:\/\/agora.xtec.cat\/ieselspallaresos\/espai-families\/lectura\/","title":{"rendered":"BENEFICIS DE LA LECTURA"},"content":{"rendered":"<p><span style=\"font-weight: 400;\">\u00c9s sabut que la lectura aporta grans beneficis en el desenvolupament integral de la persona. Us recomanem<\/span><span style=\"font-weight: 400;\">\u00a0aquesta web on es donen una s\u00e8rie de recomanacions per diferents franges d\u2019edat.<\/span><\/p>\n<p><span style=\"font-weight: 400;\">[<\/span><a href=\"https:\/\/educacio.gencat.cat\/ca\/arees-actuacio\/families\/temps-familia\/lectura\/\"><i><span style=\"font-weight: 400;\">https:\/\/educacio.gencat.cat\/ca\/arees-actuacio\/families\/temps-familia\/lectura\/<\/span><\/i><\/a><span style=\"font-weight: 400;\">]<\/span><\/p>\n<p><strong>De 12 a 18 anys:<\/strong><\/p>\n<p>En aquesta etapa, els adolescents consoliden l&#8217;h\u00e0bit lector que els acompanyar\u00e0 durant la resta de la seva vida. S&#8217;inicien en la lectura d&#8217;articles, llibres informatius, poesia, novel\u00b7les, c\u00f2mics\u2026 Cada vegada poden llegir llibres m\u00e9s extensos, fins i tot trilogies.<\/p>\n<p>Per consolidar aquest h\u00e0bit \u00e9s important fer-los veure que llegir \u00e9s una manera entretinguda de passar l&#8217;estona i una font de plaer.<\/p>\n<p>A l&#8217;adolesc\u00e8ncia poden haver-hi canvis pel que fa als h\u00e0bits lectors, ja que s&#8217;associa la lectura a una obligaci\u00f3 m\u00e9s que una font de plaer. Alguns dels motius poden ser que es relacionen m\u00e9s amb els amics, augmenten les hores d&#8217;estudi, fan m\u00e9s activitats extraescolars, etc.<\/p>\n<p>Per aix\u00f2, cal continuar fomentant la lectura i que tingui un espai en la vida dels joves, i no deixar que les pantalles ocupin el lloc dels llibres.<\/p>\n<p><strong>Per refor\u00e7ar el seu gust per la lectura podeu<\/strong>:<\/p>\n<ul>\n<li>ajudar que trobin llibres amb protagonistes i tem\u00e0tiques amb qu\u00e8 es puguin identificar (amor, amistat, misteri, m\u00fasica, esport\u2026);<\/li>\n<li>proposar la lectura en altres formats, com ara llibres digitals, blogs o p\u00e0gines web;<\/li>\n<li>acompanyar-los a llibreries especialitzades en tem\u00e0tiques del seu inter\u00e8s, on poden con\u00e8ixer altres joves amb les mateixes prefer\u00e8ncies, participar en activitats de foment de la lectura o consultar les darreres novetats,<\/li>\n<li>fer-los veure que la biblioteca pot convertir-se tamb\u00e9 en un punt de trobada amb els amics, on poden estudiar, fer treballs, passar una bona estona amb llibres, etc.<\/li>\n<li>seguir a youtubers de lectura (booktubers), cr\u00edtics literaris que comparteixen la seva passi\u00f3 per la lectura amb els seguidors i que fan recomanacions de llibres.<\/li>\n<\/ul>\n<p>&nbsp;<\/p>\n","protected":false},"excerpt":{"rendered":"<p>\u00c9s sabut que la lectura aporta grans beneficis en el desenvolupament integral de la persona. Us recomanem\u00a0aquesta web on es donen una s\u00e8rie de recomanacions per diferents franges d\u2019edat. [https:\/\/educacio.gencat.cat\/ca\/arees-actuacio\/families\/temps-familia\/lectura\/] De 12 a 18 anys: En aquesta etapa, els adolescents consoliden l&#8217;h\u00e0bit lector que els acompanyar\u00e0 durant la resta de la seva vida. S&#8217;inicien en [&hellip;]<\/p>\n","protected":false},"author":63,"featured_media":0,"parent":2517,"menu_order":2,"comment_status":"closed","ping_status":"closed","template":"","meta":{"_bbp_topic_count":0,"_bbp_reply_count":0,"_bbp_total_topic_count":0,"_bbp_total_reply_count":0,"_bbp_voice_count":0,"_bbp_anonymous_reply_count":0,"_bbp_topic_count_hidden":0,"_bbp_reply_count_hidden":0,"_bbp_forum_subforum_count":0,"site-sidebar-layout":"default","site-content-layout":"","ast-site-content-layout":"default","site-content-style":"default","site-sidebar-style":"default","ast-global-header-display":"","ast-banner-title-visibility":"","ast-main-header-display":"","ast-hfb-above-header-display":"","ast-hfb-below-header-display":"","ast-hfb-mobile-header-display":"","site-post-title":"","ast-breadcrumbs-content":"","ast-featured-img":"","footer-sml-layout":"","theme-transparent-header-meta":"default","adv-header-id-meta":"","stick-header-meta":"","header-above-stick-meta":"","header-main-stick-meta":"","header-below-stick-meta":"","astra-migrate-meta-layouts":"set","ast-page-background-enabled":"default","ast-page-background-meta":{"desktop":{"background-color":"var(--ast-global-color-4)","background-image":"","background-repeat":"repeat","background-position":"center center","background-size":"auto","background-attachment":"scroll","background-type":"","background-media":"","overlay-type":"","overlay-color":"","overlay-opacity":"","overlay-gradient":""},"tablet":{"background-color":"","background-image":"","background-repeat":"repeat","background-position":"center center","background-size":"auto","background-attachment":"scroll","background-type":"","background-media":"","overlay-type":"","overlay-color":"","overlay-opacity":"","overlay-gradient":""},"mobile":{"background-color":"","background-image":"","background-repeat":"repeat","background-position":"center center","background-size":"auto","background-attachment":"scroll","background-type":"","background-media":"","overlay-type":"","overlay-color":"","overlay-opacity":"","overlay-gradient":""}},"ast-content-background-meta":{"desktop":{"background-color":"var(--ast-global-color-5)","background-image":"","background-repeat":"repeat","background-position":"center center","background-size":"auto","background-attachment":"scroll","background-type":"","background-media":"","overlay-type":"","overlay-color":"","overlay-opacity":"","overlay-gradient":""},"tablet":{"background-color":"var(--ast-global-color-5)","background-image":"","background-repeat":"repeat","background-position":"center center","background-size":"auto","background-attachment":"scroll","background-type":"","background-media":"","overlay-type":"","overlay-color":"","overlay-opacity":"","overlay-gradient":""},"mobile":{"background-color":"var(--ast-global-color-5)","background-image":"","background-repeat":"repeat","background-position":"center center","background-size":"auto","background-attachment":"scroll","background-type":"","background-media":"","overlay-type":"","overlay-color":"","overlay-opacity":"","overlay-gradient":""}},"footnotes":""},"class_list":["post-2544","page","type-page","status-publish","hentry"],"post_mailing_queue_ids":[],"_links":{"self":[{"href":"https:\/\/agora.xtec.cat\/ieselspallaresos\/wp-json\/wp\/v2\/pages\/2544","targetHints":{"allow":["GET"]}}],"collection":[{"href":"https:\/\/agora.xtec.cat\/ieselspallaresos\/wp-json\/wp\/v2\/pages"}],"about":[{"href":"https:\/\/agora.xtec.cat\/ieselspallaresos\/wp-json\/wp\/v2\/types\/page"}],"author":[{"embeddable":true,"href":"https:\/\/agora.xtec.cat\/ieselspallaresos\/wp-json\/wp\/v2\/users\/63"}],"replies":[{"embeddable":true,"href":"https:\/\/agora.xtec.cat\/ieselspallaresos\/wp-json\/wp\/v2\/comments?post=2544"}],"version-history":[{"count":6,"href":"https:\/\/agora.xtec.cat\/ieselspallaresos\/wp-json\/wp\/v2\/pages\/2544\/revisions"}],"predecessor-version":[{"id":2576,"href":"https:\/\/agora.xtec.cat\/ieselspallaresos\/wp-json\/wp\/v2\/pages\/2544\/revisions\/2576"}],"up":[{"embeddable":true,"href":"https:\/\/agora.xtec.cat\/ieselspallaresos\/wp-json\/wp\/v2\/pages\/2517"}],"wp:attachment":[{"href":"https:\/\/agora.xtec.cat\/ieselspallaresos\/wp-json\/wp\/v2\/media?parent=2544"}],"curies":[{"name":"wp","href":"https:\/\/api.w.org\/{rel}","templated":true}]}}