{"id":2522,"date":"2026-01-21T10:05:45","date_gmt":"2026-01-21T09:05:45","guid":{"rendered":"https:\/\/agora.xtec.cat\/ieselspallaresos\/?page_id=2522"},"modified":"2026-03-25T09:14:36","modified_gmt":"2026-03-25T08:14:36","slug":"espai-families","status":"publish","type":"page","link":"https:\/\/agora.xtec.cat\/ieselspallaresos\/espai-families\/espai-families\/","title":{"rendered":"ESPAI FAM\u00cdLIES"},"content":{"rendered":"<p>En aquest espai trobareu recursos d&#8217;inter\u00e8s per a les fam\u00edlies. Estan pensats per donar-vos suport en l&#8217;acompanyament acad\u00e8mic i emocional dels vostres fills\/es.<\/p>\n<p>Trobareu aquest contingut estructurat en les seg\u00fcents tem\u00e0tiques:<\/p>\n<ul>\n<li><a href=\"https:\/\/agora.xtec.cat\/ieselspallaresos\/?page_id=2543&amp;preview=true\">PANTALLES<\/a><\/li>\n<li><a href=\"https:\/\/agora.xtec.cat\/ieselspallaresos\/?page_id=2544&amp;preview=true\">LECTURA<\/a><\/li>\n<li><a href=\"https:\/\/agora.xtec.cat\/ieselspallaresos\/espai-families\/temps-en-familia\/\">TEMPS EN FAM\u00cdLIA<\/a><\/li>\n<li><a href=\"https:\/\/agora.xtec.cat\/ieselspallaresos\/?page_id=2549&amp;preview=true\">BENESTAR EMOCIONAL<\/a><\/li>\n<li><a href=\"https:\/\/agora.xtec.cat\/ieselspallaresos\/wp-admin\/post.php?post=2644&amp;action=edit\">GESTI\u00d3 DELS CONFLICTES<\/a><\/li>\n<li><a href=\"https:\/\/agora.xtec.cat\/ieselspallaresos\/orientacio-perso\u2026a-i-professional\/ \u200e\">ORIENTACI\u00d3 PERSONAL, ACAD\u00c8MICA I PROFESSIONAL<\/a><\/li>\n<\/ul>\n","protected":false},"excerpt":{"rendered":"<p>En aquest espai trobareu recursos d&#8217;inter\u00e8s per a les fam\u00edlies. Estan pensats per donar-vos suport en l&#8217;acompanyament acad\u00e8mic i emocional dels vostres fills\/es. Trobareu aquest contingut estructurat en les seg\u00fcents tem\u00e0tiques: PANTALLES LECTURA TEMPS EN FAM\u00cdLIA BENESTAR EMOCIONAL GESTI\u00d3 DELS CONFLICTES ORIENTACI\u00d3 PERSONAL, ACAD\u00c8MICA I PROFESSIONAL<\/p>\n","protected":false},"author":63,"featured_media":0,"parent":2517,"menu_order":0,"comment_status":"closed","ping_status":"closed","template":"","meta":{"_bbp_topic_count":0,"_bbp_reply_count":0,"_bbp_total_topic_count":0,"_bbp_total_reply_count":0,"_bbp_voice_count":0,"_bbp_anonymous_reply_count":0,"_bbp_topic_count_hidden":0,"_bbp_reply_count_hidden":0,"_bbp_forum_subforum_count":0,"site-sidebar-layout":"left-sidebar","site-content-layout":"","ast-site-content-layout":"default","site-content-style":"default","site-sidebar-style":"default","ast-global-header-display":"","ast-banner-title-visibility":"","ast-main-header-display":"","ast-hfb-above-header-display":"","ast-hfb-below-header-display":"","ast-hfb-mobile-header-display":"","site-post-title":"","ast-breadcrumbs-content":"","ast-featured-img":"","footer-sml-layout":"","theme-transparent-header-meta":"default","adv-header-id-meta":"","stick-header-meta":"","header-above-stick-meta":"","header-main-stick-meta":"","header-below-stick-meta":"","astra-migrate-meta-layouts":"set","ast-page-background-enabled":"default","ast-page-background-meta":{"desktop":{"background-color":"var(--ast-global-color-4)","background-image":"","background-repeat":"repeat","background-position":"center center","background-size":"auto","background-attachment":"scroll","background-type":"","background-media":"","overlay-type":"","overlay-color":"","overlay-opacity":"","overlay-gradient":""},"tablet":{"background-color":"","background-image":"","background-repeat":"repeat","background-position":"center center","background-size":"auto","background-attachment":"scroll","background-type":"","background-media":"","overlay-type":"","overlay-color":"","overlay-opacity":"","overlay-gradient":""},"mobile":{"background-color":"","background-image":"","background-repeat":"repeat","background-position":"center center","background-size":"auto","background-attachment":"scroll","background-type":"","background-media":"","overlay-type":"","overlay-color":"","overlay-opacity":"","overlay-gradient":""}},"ast-content-background-meta":{"desktop":{"background-color":"var(--ast-global-color-5)","background-image":"","background-repeat":"repeat","background-position":"center center","background-size":"auto","background-attachment":"scroll","background-type":"","background-media":"","overlay-type":"","overlay-color":"","overlay-opacity":"","overlay-gradient":""},"tablet":{"background-color":"var(--ast-global-color-5)","background-image":"","background-repeat":"repeat","background-position":"center center","background-size":"auto","background-attachment":"scroll","background-type":"","background-media":"","overlay-type":"","overlay-color":"","overlay-opacity":"","overlay-gradient":""},"mobile":{"background-color":"var(--ast-global-color-5)","background-image":"","background-repeat":"repeat","background-position":"center center","background-size":"auto","background-attachment":"scroll","background-type":"","background-media":"","overlay-type":"","overlay-color":"","overlay-opacity":"","overlay-gradient":""}},"footnotes":""},"class_list":["post-2522","page","type-page","status-publish","hentry"],"post_mailing_queue_ids":[],"_links":{"self":[{"href":"https:\/\/agora.xtec.cat\/ieselspallaresos\/wp-json\/wp\/v2\/pages\/2522","targetHints":{"allow":["GET"]}}],"collection":[{"href":"https:\/\/agora.xtec.cat\/ieselspallaresos\/wp-json\/wp\/v2\/pages"}],"about":[{"href":"https:\/\/agora.xtec.cat\/ieselspallaresos\/wp-json\/wp\/v2\/types\/page"}],"author":[{"embeddable":true,"href":"https:\/\/agora.xtec.cat\/ieselspallaresos\/wp-json\/wp\/v2\/users\/63"}],"replies":[{"embeddable":true,"href":"https:\/\/agora.xtec.cat\/ieselspallaresos\/wp-json\/wp\/v2\/comments?post=2522"}],"version-history":[{"count":7,"href":"https:\/\/agora.xtec.cat\/ieselspallaresos\/wp-json\/wp\/v2\/pages\/2522\/revisions"}],"predecessor-version":[{"id":2973,"href":"https:\/\/agora.xtec.cat\/ieselspallaresos\/wp-json\/wp\/v2\/pages\/2522\/revisions\/2973"}],"up":[{"embeddable":true,"href":"https:\/\/agora.xtec.cat\/ieselspallaresos\/wp-json\/wp\/v2\/pages\/2517"}],"wp:attachment":[{"href":"https:\/\/agora.xtec.cat\/ieselspallaresos\/wp-json\/wp\/v2\/media?parent=2522"}],"curies":[{"name":"wp","href":"https:\/\/api.w.org\/{rel}","templated":true}]}}