{"id":1862,"date":"2022-04-19T16:22:37","date_gmt":"2022-04-19T14:22:37","guid":{"rendered":"https:\/\/agora.xtec.cat\/ieselspallaresos\/?page_id=1862"},"modified":"2023-06-06T15:15:02","modified_gmt":"2023-06-06T13:15:02","slug":"objectius","status":"publish","type":"page","link":"https:\/\/agora.xtec.cat\/ieselspallaresos\/estrategia-digital-de-centre\/part-estrategica\/objectius\/","title":{"rendered":"Objectius, planificaci\u00f3 i millora"},"content":{"rendered":"<p>A partir dels resultats obtinguts en les diferents eines emprades per a la diagnosi de maduresa digital del centre i dels projectes que ja s&#8217;estaven executant abans del disseny de l&#8217;estrat\u00e8gia digital de centre, s&#8217;han plantejat tot un seguit d&#8217;objectius i actuacions i la corresponent planificaci\u00f3 de tot plegat.<\/p>\n<p>En el seg\u00fcent enlla\u00e7 podreu accedir a la relaci\u00f3 d&#8217;objectius establerts fins al curs 24-25 i la temporitzaci\u00f3 prevista:<\/p>\n<p><a href=\"https:\/\/drive.google.com\/file\/d\/1uuBK48REhBWctnrY9gbqwZ5N8cpU8Gcv\/view?usp=drive_link\">Objectius i temporitzaci\u00f3<\/a><\/p>\n<p><img loading=\"lazy\" decoding=\"async\" class=\"aligncenter size-full wp-image-2112\" src=\"https:\/\/agora.xtec.cat\/ieselspallaresos\/wp-content\/uploads\/usu652\/2023\/06\/Imatge.png\" alt=\"\" width=\"960\" height=\"464\" srcset=\"https:\/\/agora.xtec.cat\/ieselspallaresos\/wp-content\/uploads\/usu652\/2023\/06\/Imatge.png 960w, https:\/\/agora.xtec.cat\/ieselspallaresos\/wp-content\/uploads\/usu652\/2023\/06\/Imatge-300x145.png 300w, https:\/\/agora.xtec.cat\/ieselspallaresos\/wp-content\/uploads\/usu652\/2023\/06\/Imatge-768x371.png 768w\" sizes=\"auto, (max-width: 960px) 100vw, 960px\" \/><\/p>\n<p>Per a m\u00e9s detall, aqu\u00ed trobareu les diferents actuacions previstes per a cada objectiu i la temporitzaci\u00f3 prevista:<\/p>\n<p><a href=\"https:\/\/drive.google.com\/file\/d\/1VYvkR5poLSFrt9tgdXppO7gGT2biP5-A\/view?usp=drive_link\">Actuacions i temporitzaci\u00f3<\/a><\/p>\n<p><a href=\"https:\/\/drive.google.com\/file\/d\/1VYvkR5poLSFrt9tgdXppO7gGT2biP5-A\/view?usp=drive_link\"><img loading=\"lazy\" decoding=\"async\" class=\"aligncenter wp-image-1987 size-full\" src=\"https:\/\/agora.xtec.cat\/ieselspallaresos\/wp-content\/uploads\/usu652\/2022\/07\/Resum3.png\" alt=\"\" width=\"609\" height=\"732\" srcset=\"https:\/\/agora.xtec.cat\/ieselspallaresos\/wp-content\/uploads\/usu652\/2022\/07\/Resum3.png 609w, https:\/\/agora.xtec.cat\/ieselspallaresos\/wp-content\/uploads\/usu652\/2022\/07\/Resum3-250x300.png 250w\" sizes=\"auto, (max-width: 609px) 100vw, 609px\" \/><\/a><\/p>\n<p>&nbsp;<\/p>\n","protected":false},"excerpt":{"rendered":"<p>A partir dels resultats obtinguts en les diferents eines emprades per a la diagnosi de maduresa digital del centre i dels projectes que ja s&#8217;estaven executant abans del disseny de l&#8217;estrat\u00e8gia digital de centre, s&#8217;han plantejat tot un seguit d&#8217;objectius i actuacions i la corresponent planificaci\u00f3 de tot plegat. En el seg\u00fcent enlla\u00e7 podreu accedir [&hellip;]<\/p>\n","protected":false},"author":23,"featured_media":0,"parent":1859,"menu_order":1,"comment_status":"closed","ping_status":"closed","template":"page-templates\/side-menu.php","meta":{"_bbp_topic_count":0,"_bbp_reply_count":0,"_bbp_total_topic_count":0,"_bbp_total_reply_count":0,"_bbp_voice_count":0,"_bbp_anonymous_reply_count":0,"_bbp_topic_count_hidden":0,"_bbp_reply_count_hidden":0,"_bbp_forum_subforum_count":0,"site-sidebar-layout":"default","site-content-layout":"","ast-site-content-layout":"","site-content-style":"default","site-sidebar-style":"default","ast-global-header-display":"","ast-banner-title-visibility":"","ast-main-header-display":"","ast-hfb-above-header-display":"","ast-hfb-below-header-display":"","ast-hfb-mobile-header-display":"","site-post-title":"","ast-breadcrumbs-content":"","ast-featured-img":"","footer-sml-layout":"","theme-transparent-header-meta":"","adv-header-id-meta":"","stick-header-meta":"","header-above-stick-meta":"","header-main-stick-meta":"","header-below-stick-meta":"","astra-migrate-meta-layouts":"default","ast-page-background-enabled":"default","ast-page-background-meta":{"desktop":{"background-color":"var(--ast-global-color-4)","background-image":"","background-repeat":"repeat","background-position":"center center","background-size":"auto","background-attachment":"scroll","background-type":"","background-media":"","overlay-type":"","overlay-color":"","overlay-opacity":"","overlay-gradient":""},"tablet":{"background-color":"","background-image":"","background-repeat":"repeat","background-position":"center center","background-size":"auto","background-attachment":"scroll","background-type":"","background-media":"","overlay-type":"","overlay-color":"","overlay-opacity":"","overlay-gradient":""},"mobile":{"background-color":"","background-image":"","background-repeat":"repeat","background-position":"center center","background-size":"auto","background-attachment":"scroll","background-type":"","background-media":"","overlay-type":"","overlay-color":"","overlay-opacity":"","overlay-gradient":""}},"ast-content-background-meta":{"desktop":{"background-color":"var(--ast-global-color-5)","background-image":"","background-repeat":"repeat","background-position":"center center","background-size":"auto","background-attachment":"scroll","background-type":"","background-media":"","overlay-type":"","overlay-color":"","overlay-opacity":"","overlay-gradient":""},"tablet":{"background-color":"var(--ast-global-color-5)","background-image":"","background-repeat":"repeat","background-position":"center center","background-size":"auto","background-attachment":"scroll","background-type":"","background-media":"","overlay-type":"","overlay-color":"","overlay-opacity":"","overlay-gradient":""},"mobile":{"background-color":"var(--ast-global-color-5)","background-image":"","background-repeat":"repeat","background-position":"center center","background-size":"auto","background-attachment":"scroll","background-type":"","background-media":"","overlay-type":"","overlay-color":"","overlay-opacity":"","overlay-gradient":""}},"footnotes":""},"class_list":["post-1862","page","type-page","status-publish","hentry"],"post_mailing_queue_ids":[],"_links":{"self":[{"href":"https:\/\/agora.xtec.cat\/ieselspallaresos\/wp-json\/wp\/v2\/pages\/1862","targetHints":{"allow":["GET"]}}],"collection":[{"href":"https:\/\/agora.xtec.cat\/ieselspallaresos\/wp-json\/wp\/v2\/pages"}],"about":[{"href":"https:\/\/agora.xtec.cat\/ieselspallaresos\/wp-json\/wp\/v2\/types\/page"}],"author":[{"embeddable":true,"href":"https:\/\/agora.xtec.cat\/ieselspallaresos\/wp-json\/wp\/v2\/users\/23"}],"replies":[{"embeddable":true,"href":"https:\/\/agora.xtec.cat\/ieselspallaresos\/wp-json\/wp\/v2\/comments?post=1862"}],"version-history":[{"count":4,"href":"https:\/\/agora.xtec.cat\/ieselspallaresos\/wp-json\/wp\/v2\/pages\/1862\/revisions"}],"predecessor-version":[{"id":2109,"href":"https:\/\/agora.xtec.cat\/ieselspallaresos\/wp-json\/wp\/v2\/pages\/1862\/revisions\/2109"}],"up":[{"embeddable":true,"href":"https:\/\/agora.xtec.cat\/ieselspallaresos\/wp-json\/wp\/v2\/pages\/1859"}],"wp:attachment":[{"href":"https:\/\/agora.xtec.cat\/ieselspallaresos\/wp-json\/wp\/v2\/media?parent=1862"}],"curies":[{"name":"wp","href":"https:\/\/api.w.org\/{rel}","templated":true}]}}