{"id":1676,"date":"2022-01-21T16:10:30","date_gmt":"2022-01-21T15:10:30","guid":{"rendered":"https:\/\/agora.xtec.cat\/ieselspallaresos\/?page_id=1676"},"modified":"2026-04-17T08:26:56","modified_gmt":"2026-04-17T06:26:56","slug":"preinscripcio-i-matricula","status":"publish","type":"page","link":"https:\/\/agora.xtec.cat\/ieselspallaresos\/secretaria-2\/preinscripcio-i-matricula\/","title":{"rendered":"Preinscripci\u00f3 i matr\u00edcula"},"content":{"rendered":"<p>La <strong>preinscripci\u00f3<\/strong> \u00e9s un proc\u00e9s previ i necessari per poder formalitzar la matr\u00edcula. Cal que feu la sol\u00b7licitud de preinscripci\u00f3 en els terminis corresponents a cada etapa.<\/p>\n<table style=\"width: 100%; border-collapse: collapse;\">\n<tbody>\n<tr>\n<td style=\"width: 18.6062%;\"><strong>ESO<\/strong><\/td>\n<td style=\"width: 81.3938%;\">\n<ul>\n<li>La sol\u00b7licitud de preinscripci\u00f3 es fa telem\u00e0ticament <strong>del 6 al 18 de mar\u00e7 de 2026.<\/strong><\/li>\n<li><a href=\"https:\/\/drive.google.com\/file\/d\/1RW427HLoCAApCzJygBjCGSopzYF2XsKW\/view?usp=sharing\">Barem provisional<\/a>: <strong>15 d&#8217;abril de 2026.<\/strong><\/li>\n<li>Publicaci\u00f3 de la llista ordenada: <strong>29 d&#8217;abril de 2026.<\/strong><\/li>\n<li>Publicaci\u00f3 de la llista d&#8217;admesos i llista d&#8217;espera: <strong>10 de juny de 2026.<\/strong><\/li>\n<li>Matricula presencial al centre: <strong>del 19 al 26 de juny de 2026.<\/strong><\/li>\n<\/ul>\n<\/td>\n<\/tr>\n<tr>\n<td style=\"width: 18.6062%;\"><strong>Batxillerat<\/strong><\/td>\n<td style=\"width: 81.3938%;\">\n<ul>\n<li>La sol\u00b7licitud de preinscripci\u00f3 es fa telem\u00e0ticament <strong>del 9 al 16 d&#8217;abril de 2026.<\/strong><\/li>\n<li>Llista de sol\u00b7licituds amb la puntuaci\u00f3 provisional: <strong>14 de maig de 2026.<\/strong><\/li>\n<li>Presentaci\u00f3 de reclamacions: <strong>del 14 al 20 de maig de 2026.<\/strong><\/li>\n<li>Llista de sol\u00b7licituds amb la puntuaci\u00f3 un cop resoltes les reclamacions: <strong>26 de maig de 2026.<\/strong><\/li>\n<li>Llista d&#8217;alumnes admesos i amb llista d&#8217;espera: <strong>17 de juny de 2026.<\/strong><\/li>\n<li>Matriculaci\u00f3 dels alumnes preinscrits a batxillerat amb pla\u00e7a assignada: <strong>del 18 al 30 de juny de 2026 (ambd\u00f3s inclosos).<\/strong><\/li>\n<\/ul>\n<\/td>\n<\/tr>\n<\/tbody>\n<\/table>\n<p>L&#8217;ofera de places de batxillerat per al curs 2026-2027 \u00e9s:<\/p>\n<p><a href=\"https:\/\/agora.xtec.cat\/ieselspallaresos\/wp-content\/uploads\/usu652\/2026\/04\/WhatsApp-Image-2026-04-14-at-11.17.42.jpeg\"><img loading=\"lazy\" decoding=\"async\" class=\"alignleft size-full wp-image-2995\" src=\"https:\/\/agora.xtec.cat\/ieselspallaresos\/wp-content\/uploads\/usu652\/2026\/04\/WhatsApp-Image-2026-04-14-at-11.17.42.jpeg\" alt=\"\" width=\"920\" height=\"427\" srcset=\"https:\/\/agora.xtec.cat\/ieselspallaresos\/wp-content\/uploads\/usu652\/2026\/04\/WhatsApp-Image-2026-04-14-at-11.17.42.jpeg 920w, https:\/\/agora.xtec.cat\/ieselspallaresos\/wp-content\/uploads\/usu652\/2026\/04\/WhatsApp-Image-2026-04-14-at-11.17.42-300x139.jpeg 300w, https:\/\/agora.xtec.cat\/ieselspallaresos\/wp-content\/uploads\/usu652\/2026\/04\/WhatsApp-Image-2026-04-14-at-11.17.42-768x356.jpeg 768w\" sizes=\"auto, (max-width: 920px) 100vw, 920px\" \/><\/a><\/p>\n<p>&nbsp;<\/p>\n<p>&nbsp;<\/p>\n<p>&nbsp;<\/p>\n<p>&nbsp;<\/p>\n<p>&nbsp;<\/p>\n<p>&nbsp;<\/p>\n<p>&nbsp;<\/p>\n<p>&nbsp;<\/p>\n<p>&nbsp;<\/p>\n<p>&nbsp;<\/p>\n<p>Un cop feta la preinscripci\u00f3, i tingueu assignat el centre, ja podeu <strong>formalitzar la matr\u00edcula<\/strong>. En aquest cas la gesti\u00f3 s&#8217;ha de fer presencialment i, si sou alumnes nous al centre, us far\u00e0 falta la seg\u00fcent documentaci\u00f3:<\/p>\n<ul>\n<li>Document d&#8217;identitat del(s) tutor(s) legal(s)<\/li>\n<li>Document d&#8217;identitat de l&#8217;alumne (si en t\u00e9)<\/li>\n<li>Targeta sanit\u00e0ria de l&#8217;alumne<\/li>\n<li>Llibre de fam\u00edlia<\/li>\n<li>Carnet de vacunaci\u00f3<\/li>\n<li>Foto de mida carnet<\/li>\n<\/ul>\n<p>A m\u00e9s en el cas de <strong>batxillerat<\/strong> tamb\u00e9 caldr\u00e0 un certificat de notes, la mitjana i el t\u00edtol de l&#8217;ESO.<\/p>\n<table style=\"border-collapse: collapse; width: 100%;\">\n<tbody>\n<tr>\n<td style=\"width: 19.1475%;\"><strong>ESO<\/strong><\/td>\n<td style=\"width: 81.3938%;\">Formalitzaci\u00f3 de la matr\u00edcula:<strong>\u00a0 del 18 al 26 de juny de 2024 a la secretaria del centre<\/strong><\/p>\n<p><a href=\"https:\/\/agora.xtec.cat\/ieselspallaresos\/secretaria-2\/preinscripcio-i-matricula\/documentacio-per-a-la-matricula-deso-i-batxillerat\/\">Informaci\u00f3 i Documentaci\u00f3<\/a><\/td>\n<\/tr>\n<tr>\n<td style=\"width: 19.1475%;\"><strong>Batxillerat<\/strong><\/td>\n<td style=\"width: 81.3938%;\">Formalitzaci\u00f3 de la matr\u00edcula: <strong>\u00a0del 21 de juny a l&#8217;1 de juliol de 2024 (ordin\u00e0ria) a la secretaria del centre<\/strong><\/p>\n<p><a href=\"https:\/\/agora.xtec.cat\/ieselspallaresos\/secretaria-2\/preinscripcio-i-matricula\/documentacio-per-a-la-matricula-de-batxillerat\/\">Informaci\u00f3 i Documentaci\u00f3<\/a><\/td>\n<\/tr>\n<\/tbody>\n<\/table>\n","protected":false},"excerpt":{"rendered":"<p>La preinscripci\u00f3 \u00e9s un proc\u00e9s previ i necessari per poder formalitzar la matr\u00edcula. Cal que feu la sol\u00b7licitud de preinscripci\u00f3 en els terminis corresponents a cada etapa. ESO La sol\u00b7licitud de preinscripci\u00f3 es fa telem\u00e0ticament del 6 al 18 de mar\u00e7 de 2026. Barem provisional: 15 d&#8217;abril de 2026. Publicaci\u00f3 de la llista ordenada: 29 [&hellip;]<\/p>\n","protected":false},"author":23,"featured_media":0,"parent":1665,"menu_order":2,"comment_status":"closed","ping_status":"closed","template":"","meta":{"_bbp_topic_count":0,"_bbp_reply_count":0,"_bbp_total_topic_count":0,"_bbp_total_reply_count":0,"_bbp_voice_count":0,"_bbp_anonymous_reply_count":0,"_bbp_topic_count_hidden":0,"_bbp_reply_count_hidden":0,"_bbp_forum_subforum_count":0,"site-sidebar-layout":"default","site-content-layout":"","ast-site-content-layout":"default","site-content-style":"default","site-sidebar-style":"default","ast-global-header-display":"","ast-banner-title-visibility":"","ast-main-header-display":"","ast-hfb-above-header-display":"","ast-hfb-below-header-display":"","ast-hfb-mobile-header-display":"","site-post-title":"","ast-breadcrumbs-content":"","ast-featured-img":"","footer-sml-layout":"","theme-transparent-header-meta":"default","adv-header-id-meta":"","stick-header-meta":"","header-above-stick-meta":"","header-main-stick-meta":"","header-below-stick-meta":"","astra-migrate-meta-layouts":"set","ast-page-background-enabled":"default","ast-page-background-meta":{"desktop":{"background-color":"var(--ast-global-color-4)","background-image":"","background-repeat":"repeat","background-position":"center center","background-size":"auto","background-attachment":"scroll","background-type":"","background-media":"","overlay-type":"","overlay-color":"","overlay-opacity":"","overlay-gradient":""},"tablet":{"background-color":"","background-image":"","background-repeat":"repeat","background-position":"center center","background-size":"auto","background-attachment":"scroll","background-type":"","background-media":"","overlay-type":"","overlay-color":"","overlay-opacity":"","overlay-gradient":""},"mobile":{"background-color":"","background-image":"","background-repeat":"repeat","background-position":"center center","background-size":"auto","background-attachment":"scroll","background-type":"","background-media":"","overlay-type":"","overlay-color":"","overlay-opacity":"","overlay-gradient":""}},"ast-content-background-meta":{"desktop":{"background-color":"var(--ast-global-color-5)","background-image":"","background-repeat":"repeat","background-position":"center center","background-size":"auto","background-attachment":"scroll","background-type":"","background-media":"","overlay-type":"","overlay-color":"","overlay-opacity":"","overlay-gradient":""},"tablet":{"background-color":"var(--ast-global-color-5)","background-image":"","background-repeat":"repeat","background-position":"center center","background-size":"auto","background-attachment":"scroll","background-type":"","background-media":"","overlay-type":"","overlay-color":"","overlay-opacity":"","overlay-gradient":""},"mobile":{"background-color":"var(--ast-global-color-5)","background-image":"","background-repeat":"repeat","background-position":"center center","background-size":"auto","background-attachment":"scroll","background-type":"","background-media":"","overlay-type":"","overlay-color":"","overlay-opacity":"","overlay-gradient":""}},"footnotes":""},"class_list":["post-1676","page","type-page","status-publish","hentry"],"post_mailing_queue_ids":[],"_links":{"self":[{"href":"https:\/\/agora.xtec.cat\/ieselspallaresos\/wp-json\/wp\/v2\/pages\/1676","targetHints":{"allow":["GET"]}}],"collection":[{"href":"https:\/\/agora.xtec.cat\/ieselspallaresos\/wp-json\/wp\/v2\/pages"}],"about":[{"href":"https:\/\/agora.xtec.cat\/ieselspallaresos\/wp-json\/wp\/v2\/types\/page"}],"author":[{"embeddable":true,"href":"https:\/\/agora.xtec.cat\/ieselspallaresos\/wp-json\/wp\/v2\/users\/23"}],"replies":[{"embeddable":true,"href":"https:\/\/agora.xtec.cat\/ieselspallaresos\/wp-json\/wp\/v2\/comments?post=1676"}],"version-history":[{"count":6,"href":"https:\/\/agora.xtec.cat\/ieselspallaresos\/wp-json\/wp\/v2\/pages\/1676\/revisions"}],"predecessor-version":[{"id":3011,"href":"https:\/\/agora.xtec.cat\/ieselspallaresos\/wp-json\/wp\/v2\/pages\/1676\/revisions\/3011"}],"up":[{"embeddable":true,"href":"https:\/\/agora.xtec.cat\/ieselspallaresos\/wp-json\/wp\/v2\/pages\/1665"}],"wp:attachment":[{"href":"https:\/\/agora.xtec.cat\/ieselspallaresos\/wp-json\/wp\/v2\/media?parent=1676"}],"curies":[{"name":"wp","href":"https:\/\/api.w.org\/{rel}","templated":true}]}}