{"id":766,"date":"2020-02-13T21:19:08","date_gmt":"2020-02-13T20:19:08","guid":{"rendered":"https:\/\/agora.xtec.cat\/ieselpalau\/?page_id=766"},"modified":"2026-03-18T13:44:59","modified_gmt":"2026-03-18T12:44:59","slug":"borsa-de-treball-ins-el-palau","status":"publish","type":"page","link":"https:\/\/agora.xtec.cat\/ieselpalau\/borsa-de-treball-ins-el-palau\/","title":{"rendered":"Borsa de Treball INS El Palau"},"content":{"rendered":"<table class=\" alignleft\" style=\"height: 366px; border-style: hidden; width: 772px; border-color: #fcfcfc;\" width=\"695\">\n<tbody>\n<tr style=\"height: 85px;\">\n<td style=\"height: 85px; width: 424px; border-style: hidden; text-align: left; vertical-align: top;\"><a href=\"https:\/\/borsa.ieti.cat\/login\"><img loading=\"lazy\" decoding=\"async\" class=\"wp-image-789 alignleft\" src=\"https:\/\/agora.xtec.cat\/ieselpalau\/wp-content\/uploads\/usu1081\/2020\/02\/logo-acc\u00e9s-aplicatiu-gris-e1582000066768.jpg\" alt=\"\" width=\"55\" height=\"54\" srcset=\"https:\/\/agora.xtec.cat\/ieselpalau\/wp-content\/uploads\/usu1081\/2020\/02\/logo-acc\u00e9s-aplicatiu-gris-e1582000066768.jpg 180w, https:\/\/agora.xtec.cat\/ieselpalau\/wp-content\/uploads\/usu1081\/2020\/02\/logo-acc\u00e9s-aplicatiu-gris-e1582000066768-150x150.jpg 150w\" sizes=\"auto, (max-width: 55px) 100vw, 55px\" \/><\/a><\/p>\n<p>Acc\u00e9s a l\u2019aplicaci\u00f3 de la borsa<\/p>\n<p>Si no tens acc\u00e9s a l\u2019aplicaci\u00f3 envia un correu a <a href=\"mailto:t8043671@xtec.cat?subject=Alta%20borsa%20treball%20Institut%20El%20Palau\">t8043671@xtec.cat<\/a><\/p>\n<p><iframe loading=\"lazy\" src=\"\/\/www.youtube.com\/embed\/Peq7HFhTSCc\" width=\"400\" height=\"224\"><\/iframe><\/td>\n<td style=\"width: 316px; border-style: hidden; text-align: left; height: 85px;\">&nbsp;<\/p>\n<p><em><a href=\"https:\/\/xaloc.diba.cat\/\"><img loading=\"lazy\" decoding=\"async\" class=\"size-full wp-image-1743 aligncenter\" src=\"https:\/\/agora.xtec.cat\/ieselpalau\/wp-content\/uploads\/usu1081\/2020\/12\/logo-xaloc.png\" alt=\"\" width=\"230\" height=\"60\" \/><\/a><\/em><\/p>\n<p style=\"text-align: center;\">Ofertes de feina de la Xarxa de Serveis Locals d&#8217;Ocupaci\u00f3<\/p>\n<\/td>\n<td style=\"width: 24px; border-style: hidden; text-align: left;\"><\/td>\n<\/tr>\n<\/tbody>\n<\/table>\n<p>&nbsp;<\/p>\n<p>&nbsp;<\/p>\n<p>&nbsp;<\/p>\n<p>&nbsp;<\/p>\n<table class=\" alignleft\" style=\"height: 447px; width: 90.3598%; border-color: #979999; border-style: double;\">\n<tbody>\n<tr style=\"height: 54px;\">\n<td style=\"width: 15.5696%; border-style: hidden; height: 54px;\"><\/td>\n<td style=\"width: 25.3094%; border-style: hidden; height: 54px;\"><b><strong>\u00daltimes ofertes<\/strong><\/b><\/td>\n<td style=\"width: 18.2383%; border-style: hidden; height: 54px;\"><b><strong>\u00a0<\/strong><\/b><\/td>\n<\/tr>\n<tr style=\"border-style: hidden;\">\n<td style=\"width: 15.5696%; border-style: hidden; height: 145px;\"><img loading=\"lazy\" decoding=\"async\" class=\"wp-image-790 aligncenter\" src=\"https:\/\/agora.xtec.cat\/ieselpalau\/wp-content\/uploads\/usu1081\/2020\/02\/logo-administraci\u00f3-i-gesti\u00f3.png\" alt=\"\" width=\"130\" height=\"130\" srcset=\"https:\/\/agora.xtec.cat\/ieselpalau\/wp-content\/uploads\/usu1081\/2020\/02\/logo-administraci\u00f3-i-gesti\u00f3.png 500w, https:\/\/agora.xtec.cat\/ieselpalau\/wp-content\/uploads\/usu1081\/2020\/02\/logo-administraci\u00f3-i-gesti\u00f3-150x150.png 150w, https:\/\/agora.xtec.cat\/ieselpalau\/wp-content\/uploads\/usu1081\/2020\/02\/logo-administraci\u00f3-i-gesti\u00f3-300x300.png 300w\" sizes=\"auto, (max-width: 130px) 100vw, 130px\" \/><\/td>\n<td style=\"width: 25.3094%; border-style: hidden; height: 145px;\"><b>12\/11\/2025 <strong><a href=\"https:\/\/borsa.ieti.cat\/login\" target=\"_blank\" rel=\"noopener\">T\u00e8cnic o t\u00e8cnica comercial<\/a><\/strong><\/b> &#8211; <span style=\"color: #ff0000;\"><span style=\"color: #000000;\">(Barcelona) <span style=\"color: #ff0000;\"><strong><b>NOVA OFERTA<\/b><\/strong><\/span><\/span><\/span><\/p>\n<p><b>31\/10\/2025 <strong><a href=\"https:\/\/borsa.ieti.cat\/login\" target=\"_blank\" rel=\"noopener\">Recepcionista administratiu o administrativa<\/a><\/strong><\/b> &#8211; <span style=\"color: #ff0000;\"><span style=\"color: #000000;\">(Barcelona)<\/span><\/span><\/td>\n<td style=\"width: 18.2383%; border-style: hidden; height: 145px;\">\n<p style=\"text-align: center;\"><span style=\"text-decoration: underline;\"><strong>Consells per l&#8217;entrevista de feina<\/strong><\/span><\/p>\n<p style=\"text-align: center;\"><strong><a href=\"https:\/\/serveiocupacio.gencat.cat\/ca\/persones\/necessito-orientacio-professional\/eines\/recomanaciones-per-la-teva-entrevista-de-treball\/index.html\">Com actuar\u00a0<\/a><\/strong><\/p>\n<p><b>\u00a0<\/b><\/td>\n<\/tr>\n<tr style=\"height: 31px;\">\n<td style=\"width: 15.5696%; border-style: hidden; height: 31px;\"><img loading=\"lazy\" decoding=\"async\" class=\"wp-image-792 aligncenter\" src=\"https:\/\/agora.xtec.cat\/ieselpalau\/wp-content\/uploads\/usu1081\/2020\/02\/logo-electricitat-i-electr\u00f2nica.png\" alt=\"\" width=\"130\" height=\"130\" srcset=\"https:\/\/agora.xtec.cat\/ieselpalau\/wp-content\/uploads\/usu1081\/2020\/02\/logo-electricitat-i-electr\u00f2nica.png 500w, https:\/\/agora.xtec.cat\/ieselpalau\/wp-content\/uploads\/usu1081\/2020\/02\/logo-electricitat-i-electr\u00f2nica-150x150.png 150w, https:\/\/agora.xtec.cat\/ieselpalau\/wp-content\/uploads\/usu1081\/2020\/02\/logo-electricitat-i-electr\u00f2nica-300x300.png 300w\" sizes=\"auto, (max-width: 130px) 100vw, 130px\" \/><\/td>\n<td style=\"width: 25.3094%; border-style: hidden; height: 31px;\"><strong><b>18\/03\/2026. <a href=\"https:\/\/borsa.ieti.cat\/login\" target=\"_blank\" rel=\"noopener\">T\u00e8cnic o t\u00e8cnica en manteniment<\/a>\u00a0<\/b><\/strong>&#8211; (Castellbisbal) <span style=\"color: #ff0000;\"><strong><b>NOVA OFERTA<\/b><\/strong><\/span><\/p>\n<p><strong><b>20\/11\/2025. <a href=\"https:\/\/borsa.ieti.cat\/login\" target=\"_blank\" rel=\"noopener\">T\u00e8cnic o t\u00e8cnica electricista industrial<\/a>\u00a0<\/b><\/strong>&#8211; (Rub\u00ed)<\/td>\n<td style=\"width: 18.2383%; border-style: hidden; height: 166px;\" rowspan=\"2\"><strong><a href=\"mailto:t8043671@xtec.cat?subject=Oferta%20laboral%20\"><img loading=\"lazy\" decoding=\"async\" class=\"aligncenter wp-image-825\" src=\"https:\/\/agora.xtec.cat\/ieselpalau\/wp-content\/uploads\/usu1081\/2020\/02\/Empresa-publica-la-teva-oferta-e1582044071188-912x1024.jpg\" alt=\"\" width=\"252\" height=\"283\" srcset=\"https:\/\/agora.xtec.cat\/ieselpalau\/wp-content\/uploads\/usu1081\/2020\/02\/Empresa-publica-la-teva-oferta-e1582044071188-912x1024.jpg 912w, https:\/\/agora.xtec.cat\/ieselpalau\/wp-content\/uploads\/usu1081\/2020\/02\/Empresa-publica-la-teva-oferta-e1582044071188-267x300.jpg 267w, https:\/\/agora.xtec.cat\/ieselpalau\/wp-content\/uploads\/usu1081\/2020\/02\/Empresa-publica-la-teva-oferta-e1582044071188-768x862.jpg 768w, https:\/\/agora.xtec.cat\/ieselpalau\/wp-content\/uploads\/usu1081\/2020\/02\/Empresa-publica-la-teva-oferta-e1582044071188.jpg 1430w\" sizes=\"auto, (max-width: 252px) 100vw, 252px\" \/><\/a><\/strong><\/p>\n<p><strong>\u00a0<\/strong><\/td>\n<\/tr>\n<tr style=\"height: 135px;\">\n<td style=\"width: 15.5696%; border-style: hidden; height: 135px;\"><img loading=\"lazy\" decoding=\"async\" class=\"wp-image-793 aligncenter\" src=\"https:\/\/agora.xtec.cat\/ieselpalau\/wp-content\/uploads\/usu1081\/2020\/02\/logo-fabricaci\u00f3-mec\u00e0nica.png\" alt=\"\" width=\"130\" height=\"130\" srcset=\"https:\/\/agora.xtec.cat\/ieselpalau\/wp-content\/uploads\/usu1081\/2020\/02\/logo-fabricaci\u00f3-mec\u00e0nica.png 500w, https:\/\/agora.xtec.cat\/ieselpalau\/wp-content\/uploads\/usu1081\/2020\/02\/logo-fabricaci\u00f3-mec\u00e0nica-150x150.png 150w, https:\/\/agora.xtec.cat\/ieselpalau\/wp-content\/uploads\/usu1081\/2020\/02\/logo-fabricaci\u00f3-mec\u00e0nica-300x300.png 300w\" sizes=\"auto, (max-width: 130px) 100vw, 130px\" \/><\/td>\n<td style=\"width: 25.3094%; border-style: hidden; height: 135px;\"><strong><b>18\/03\/2026. <a href=\"https:\/\/borsa.ieti.cat\/login\" target=\"_blank\" rel=\"noopener\">T\u00e8cnic o t\u00e8cnica en manteniment mec\u00e0nic i soldadura<\/a>\u00a0<\/b><\/strong>&#8211; (Piera) <strong><b><span style=\"color: #ff0000;\">NOVA OFERTA<\/span><\/b><\/strong><\/p>\n<p><strong><b>20\/11\/2025. <a href=\"https:\/\/borsa.ieti.cat\/login\" target=\"_blank\" rel=\"noopener\">Torner o tornera de CNC<\/a>\u00a0<\/b><\/strong>&#8211; (Rub\u00ed)<\/td>\n<\/tr>\n<tr style=\"height: 29px;\">\n<td style=\"width: 15.5696%; border-style: hidden; height: 29px;\"><\/td>\n<td style=\"width: 25.3094%; border-style: hidden; height: 29px;\"><em>Pots veure m\u00e9s ofertes i ampliar informaci\u00f3 a l&#8217;<a href=\"https:\/\/borsa.ieti.cat\/login\">aplicaci\u00f3 de la borsa.<\/a><\/em><\/td>\n<td style=\"width: 18.2383%; border-style: hidden; height: 29px;\"><em>\u00a0<\/em><\/td>\n<\/tr>\n<tr style=\"height: 53px;\">\n<td style=\"width: 15.5696%; border-style: hidden; height: 53px;\"><\/td>\n<td style=\"width: 25.3094%; border-style: hidden; height: 53px;\">\n<p style=\"text-align: center;\">\n<\/td>\n<td style=\"width: 18.2383%; border-style: hidden; height: 53px;\">\n<p style=\"text-align: center;\">\n<\/td>\n<\/tr>\n<\/tbody>\n<\/table>\n<p>&nbsp;<\/p>\n<p>&nbsp;<\/p>\n<p>&nbsp;<\/p>\n<p>&nbsp;<\/p>\n<p>&nbsp;<\/p>\n<h6 style=\"text-align: right;\"><\/h6>\n","protected":false},"excerpt":{"rendered":"<p><a href=\"https:\/\/borsa.ieti.cat\/login\"><\/a><br \/>\nAcc\u00e9s a l\u2019aplicaci\u00f3 de la borsa<br \/>\nSi no tens acc\u00e9s a l\u2019aplicaci\u00f3 envia un correu a <a href=\"mailto:t8043671@xtec.cat?subject=Alta%20borsa%20treball%20Institut%20El%20Palau\">t8043671@xtec.cat<\/a><\/p>\n<p>&nbsp;<br \/>\n<a href=\"https:\/\/xaloc.diba.cat\/\"><\/a><br \/>\nOfertes de feina de la Xarxa de Serveis Locals d&#8217;Ocupaci\u00f3<\/p>\n<p>&nbsp;<br \/>\n&nbsp;<br \/>\n&nbsp;<br \/>\n&nbsp;<\/p>\n<p>\u00daltimes ofertes<br \/>\n\u00a0<\/p>\n<p>12\/11\/2025 <a href=\"https:\/\/borsa.ieti.cat\/login\" target=\"_blank\" rel=\"noopener\">T\u00e8cnic o t\u00e8cnica comercial<\/a> &#8211; (Barcelona) NOVA OFERTA<br \/>\n31\/10\/2025 <a href=\"https:\/\/borsa.ieti.cat\/login\" target=\"_blank\" rel=\"noopener\">Recepcionista administratiu&hellip;  <a href=\"https:\/\/agora.xtec.cat\/ieselpalau\/borsa-de-treball-ins-el-palau\/\" title=\"Read Borsa de Treball INS El Palau\">Llegeix m\u00e9s\u00bb<\/a><\/p>\n","protected":false},"author":1,"featured_media":0,"parent":0,"menu_order":0,"comment_status":"closed","ping_status":"closed","template":"","meta":{"_bbp_topic_count":0,"_bbp_reply_count":0,"_bbp_total_topic_count":0,"_bbp_total_reply_count":0,"_bbp_voice_count":0,"_bbp_anonymous_reply_count":0,"_bbp_topic_count_hidden":0,"_bbp_reply_count_hidden":0,"_bbp_forum_subforum_count":0,"footnotes":""},"class_list":["post-766","page","type-page","status-publish","hentry"],"post_mailing_queue_ids":[],"_links":{"self":[{"href":"https:\/\/agora.xtec.cat\/ieselpalau\/wp-json\/wp\/v2\/pages\/766","targetHints":{"allow":["GET"]}}],"collection":[{"href":"https:\/\/agora.xtec.cat\/ieselpalau\/wp-json\/wp\/v2\/pages"}],"about":[{"href":"https:\/\/agora.xtec.cat\/ieselpalau\/wp-json\/wp\/v2\/types\/page"}],"author":[{"embeddable":true,"href":"https:\/\/agora.xtec.cat\/ieselpalau\/wp-json\/wp\/v2\/users\/1"}],"replies":[{"embeddable":true,"href":"https:\/\/agora.xtec.cat\/ieselpalau\/wp-json\/wp\/v2\/comments?post=766"}],"version-history":[{"count":7,"href":"https:\/\/agora.xtec.cat\/ieselpalau\/wp-json\/wp\/v2\/pages\/766\/revisions"}],"predecessor-version":[{"id":5456,"href":"https:\/\/agora.xtec.cat\/ieselpalau\/wp-json\/wp\/v2\/pages\/766\/revisions\/5456"}],"wp:attachment":[{"href":"https:\/\/agora.xtec.cat\/ieselpalau\/wp-json\/wp\/v2\/media?parent=766"}],"curies":[{"name":"wp","href":"https:\/\/api.w.org\/{rel}","templated":true}]}}