{"id":576,"date":"2019-08-25T16:09:09","date_gmt":"2019-08-25T14:09:09","guid":{"rendered":"https:\/\/agora.xtec.cat\/ieselpalau\/?page_id=576"},"modified":"2025-06-19T20:02:36","modified_gmt":"2025-06-19T18:02:36","slug":"ampa","status":"publish","type":"page","link":"https:\/\/agora.xtec.cat\/ieselpalau\/ampa\/","title":{"rendered":"AFA &#8211; INSTITUT EL PALAU"},"content":{"rendered":"<p><strong>Els objectius principals de l\u2019AFA son:<\/strong><\/p>\n<p>\u25cf Ajudar a l\u2019Institut El Palau en la seva concreta funci\u00f3 educadora.<br \/>\n\u25cf Col\u00b7laborar amb la Direcci\u00f3 i el professorat, per tal de canalitzar les iniciatives i suggeriments dels pares dels alumnes amb vista a una m\u00e0xima efic\u00e0cia de l\u2019Institut.<br \/>\n\u25cf Promoure la participaci\u00f3 dels pares i mares en la gesti\u00f3 del centre: L\u2019AFA es regeix per un sistema d\u2019autogovern i pel principi de representaci\u00f3 a trav\u00e9s d\u2019una Junta Directiva i una Assemblea General de la qual poden ser membres tots els pares dels alumnes.<\/p>\n<p><strong>Procediment inscripci\u00f3 AFA:<\/strong><\/p>\n<p>Per ser soci de l\u2019AFA preferim que ompliu telem\u00e0ticament el seg\u00fcent enlla\u00e7:<\/p>\n<p><a href=\"https:\/\/docs.google.com\/forms\/d\/e\/1FAIpQLSf_0yjvxkOoPw5jqatRSH5Ig8nD7UAaPRqhKrVPyzT72BFQxw\/viewform\" target=\"_blank\" rel=\"noopener\">25-26 Formulari soci AFA<\/a><\/p>\n<p>En cas de tenir dificultats en la versi\u00f3 online, envieu un correu a <strong><em>afa@institutelpalau.com<\/em><\/strong> per rebre la versi\u00f3 imprimible del formulari.<\/p>\n<p><strong>Quota de soci d&#8217;AFA \u00fanica per tota la fam\u00edlia: 15 \u20ac <\/strong><\/p>\n<p>Per realitzar el pagament s\u2019haur\u00e0 d\u2019abonar la quota al n\u00famero de compte del Banc Sabadell: ES96 0081 1656 2300 0108 4111 o al codi de caixer 5081<\/p>\n<p>ATENCI\u00d3: \u00c9s imprescindible adjuntar el rebut de pagament al formulari online o enviar-lo per correu electr\u00f2nic al correu de l\u2019AFA.<\/p>\n<p><strong>Ser socis de l\u2019AFA t\u00e9 el seg\u00fcents avantatges:<\/strong><br \/>\n\u25cf Descompte en la compra de llibres de text a la Papereria Sant Andreu de la Barca . Per contactar enviar un correu a carlinsab@gmail.com o truqueu o envieu un whatsapp a 639 63 03 21 (Marta)<br \/>\n\u25cf Llibres de lectura socialitzats per als alumnes de l\u2019ESO.<br \/>\n\u25cf Orla de final d\u2019etapa per a l\u2019alumnat de l\u2019ESO i el Batxillerat<br \/>\n\u25cf Petits descomptes puntuals a diferents comer\u00e7os de Sant Andreu de la Barca.<\/p>\n<p>El carnet de soci s\u2019entregar\u00e0 a l\u2019alumne a l\u2019inici de curs.<\/p>\n<p><strong>Comunicacions <\/strong><\/p>\n<p>El principal mitj\u00e0 de comunicaci\u00f3 ser\u00e0 l\u2019adre\u00e7a de correu electr\u00f2nic afa@institutelpalau.com i la b\u00fastia de suggeriments col\u00b7locada al costat de la porta del despatx, i de secretaria.<\/p>\n<p>Horari atenci\u00f3 presencial: &#8211; Dilluns a la tarda de 18h a 18.30h (Fora d\u2019aquest horari enviar un correu per concertar cita)<\/p>\n<p><strong>Participa i col\u00b7labora! <\/strong><\/p>\n<p>Totes aquelles persones que vulgueu formar part de la Junta per participar activament en les tasques de l\u2019AFA, esteu convidades, nom\u00e9s cal que ens ho digueu i sereu benvingudes.<\/p>\n<p>Grup de voluntaris: Tamb\u00e9 podeu formar part del grup de whatsapp de voluntaris que tenim per tal de col\u00b7laborar en accions molt concretes. Us animem a tot i totes a formar-ne part.<\/p>\n<p>Rebeu un salutaci\u00f3 cordial i moltes gr\u00e0cies per la vostra col\u00b7laboraci\u00f3,<\/p>\n","protected":false},"excerpt":{"rendered":"<p>Els objectius principals de l\u2019AFA son:<br \/>\n\u25cf Ajudar a l\u2019Institut El Palau en la seva concreta funci\u00f3 educadora.<br \/>\n\u25cf Col\u00b7laborar amb la Direcci\u00f3 i el professorat, per tal de canalitzar les iniciatives i suggeriments dels pares dels alumnes amb vista a una m\u00e0xima efic\u00e0cia de l\u2019Institut.<br \/>\n\u25cf Promoure&hellip;  <a href=\"https:\/\/agora.xtec.cat\/ieselpalau\/ampa\/\" title=\"Read AFA &#8211; INSTITUT EL PALAU\">Llegeix m\u00e9s\u00bb<\/a><\/p>\n","protected":false},"author":1,"featured_media":0,"parent":0,"menu_order":0,"comment_status":"closed","ping_status":"closed","template":"page-templates\/side-menu.php","meta":{"_bbp_topic_count":0,"_bbp_reply_count":0,"_bbp_total_topic_count":0,"_bbp_total_reply_count":0,"_bbp_voice_count":0,"_bbp_anonymous_reply_count":0,"_bbp_topic_count_hidden":0,"_bbp_reply_count_hidden":0,"_bbp_forum_subforum_count":0,"footnotes":""},"class_list":["post-576","page","type-page","status-publish","hentry"],"post_mailing_queue_ids":[],"_links":{"self":[{"href":"https:\/\/agora.xtec.cat\/ieselpalau\/wp-json\/wp\/v2\/pages\/576","targetHints":{"allow":["GET"]}}],"collection":[{"href":"https:\/\/agora.xtec.cat\/ieselpalau\/wp-json\/wp\/v2\/pages"}],"about":[{"href":"https:\/\/agora.xtec.cat\/ieselpalau\/wp-json\/wp\/v2\/types\/page"}],"author":[{"embeddable":true,"href":"https:\/\/agora.xtec.cat\/ieselpalau\/wp-json\/wp\/v2\/users\/1"}],"replies":[{"embeddable":true,"href":"https:\/\/agora.xtec.cat\/ieselpalau\/wp-json\/wp\/v2\/comments?post=576"}],"version-history":[{"count":6,"href":"https:\/\/agora.xtec.cat\/ieselpalau\/wp-json\/wp\/v2\/pages\/576\/revisions"}],"predecessor-version":[{"id":5015,"href":"https:\/\/agora.xtec.cat\/ieselpalau\/wp-json\/wp\/v2\/pages\/576\/revisions\/5015"}],"wp:attachment":[{"href":"https:\/\/agora.xtec.cat\/ieselpalau\/wp-json\/wp\/v2\/media?parent=576"}],"curies":[{"name":"wp","href":"https:\/\/api.w.org\/{rel}","templated":true}]}}