{"id":5283,"date":"2025-10-01T00:56:05","date_gmt":"2025-09-30T22:56:05","guid":{"rendered":"https:\/\/agora.xtec.cat\/ieselpalau\/?page_id=5283"},"modified":"2026-04-07T13:11:24","modified_gmt":"2026-04-07T11:11:24","slug":"graus-universitaris-cf-grau-superior-i-beques","status":"publish","type":"page","link":"https:\/\/agora.xtec.cat\/ieselpalau\/graus-universitaris-cf-grau-superior-i-beques\/","title":{"rendered":"Graus universitaris, CF Grau Superior i beques"},"content":{"rendered":"<p>En aquesta p\u00e0gina s&#8217;informa sobre les diferents beques, orientaci\u00f3 universit\u00e0ria, orientaci\u00f3 dels CFGS, entre d&#8217;altres:<\/p>\n<table style=\"border-collapse: collapse; width: 100%; height: 128px;\">\n<tbody>\n<tr style=\"height: 32px;\">\n<td style=\"width: 70.3593%; height: 32px;\">\n<h5><b>UIC (UNIVERSITAT INTERNACIONAL DE CATALUNYA). Centre privat. Beques.<\/b><\/h5>\n<\/td>\n<td style=\"width: 29.6407%; height: 32px;\"><a href=\"https:\/\/www.uvic.cat\/beques-graus\" target=\"_blank\" rel=\"noopener\"><b><span style=\"color: #ff0000;\">Enlla\u00e7<\/span><\/b><\/a><\/td>\n<\/tr>\n<tr style=\"height: 32px;\">\n<td style=\"width: 70.3593%; height: 32px;\">\n<h5><b>UB (UNIVERSITAT DE BARCELONA). Informaci\u00f3 graus, tallers, portes obertes, etc.<\/b><\/h5>\n<\/td>\n<td style=\"width: 29.6407%; height: 32px;\"><a href=\"https:\/\/www.ub.edu\/futurs\/\" target=\"_blank\" rel=\"noopener\"><b><span style=\"color: #ff0000;\">Enlla\u00e7<\/span><\/b><\/a><\/td>\n<\/tr>\n<tr style=\"height: 32px;\">\n<td style=\"width: 70.3593%; height: 32px;\">\n<h5><b>UAB (UNIVERSITAT AUT\u00d2NOMA DE CATALUNYA). Informaci\u00f3 graus i jornades de portes obertes.<\/b><\/h5>\n<\/td>\n<td style=\"width: 29.6407%; height: 32px;\"><a href=\"https:\/\/www.uab.cat\/web\/estudis\/visita-la-uab\/jornades-de-portes-obertes-1345662188932.html\" target=\"_blank\" rel=\"noopener\"><b><span style=\"color: #ff0000;\">Enlla\u00e7<\/span><\/b><\/a><\/td>\n<\/tr>\n<tr style=\"height: 32px;\">\n<td style=\"width: 70.3593%; height: 32px;\">\n<h5><b>INFORMACI\u00d3 DELS CICLES FORMATIUS DE GRAU SUPERIOR<\/b><\/h5>\n<\/td>\n<td style=\"width: 29.6407%; height: 32px;\"><a href=\"https:\/\/triaeducativa.gencat.cat\/ca\/fp\/grau-superior\/index.html\" target=\"_blank\" rel=\"noopener\"><b><span style=\"color: #ff0000;\">Enlla\u00e7<\/span><\/b><\/a><\/td>\n<\/tr>\n<tr>\n<td style=\"width: 70.3593%;\">\n<h5><b>INFORMACI\u00d3 BECA GENERAL DE LA GENERALITAT\u00a0<\/b><\/h5>\n<\/td>\n<td style=\"width: 29.6407%;\"><a href=\"https:\/\/agaur.gencat.cat\/ca\/beques-i-ajuts\/beca-general-generalitat\/\" target=\"_blank\" rel=\"noopener\"><b><span style=\"color: #ff0000;\">Enlla\u00e7<\/span><\/b><\/a><\/td>\n<\/tr>\n<tr>\n<td style=\"width: 70.3593%;\">\n<h5><b>INFORMACI\u00d3 SOBRE BEQUES I AJUDES: LOCOS POR LAS BECAS<\/b><\/h5>\n<\/td>\n<td style=\"width: 29.6407%;\"><b><span style=\"color: #ff0000;\">@<wbr \/>locosporlasbecas (Instagram i WhatsApp)<\/span><\/b><\/td>\n<\/tr>\n<\/tbody>\n<\/table>\n<div><\/div>\n","protected":false},"excerpt":{"rendered":"<p>En aquesta p\u00e0gina s&#8217;informa sobre les diferents beques, orientaci\u00f3 universit\u00e0ria, orientaci\u00f3 dels CFGS, entre d&#8217;altres:<\/p>\n<p>UIC (UNIVERSITAT INTERNACIONAL DE CATALUNYA). Centre privat. Beques.<\/p>\n<p><a href=\"https:\/\/www.uvic.cat\/beques-graus\" target=\"_blank\" rel=\"noopener\">Enlla\u00e7<\/a><\/p>\n<p>UB (UNIVERSITAT DE BARCELONA). Informaci\u00f3 graus, tallers, portes obertes, etc.<\/p>\n<p><a href=\"https:\/\/www.ub.edu\/futurs\/\" target=\"_blank\" rel=\"noopener\">Enlla\u00e7<\/a><\/p>\n<p>UAB (UNIVERSITAT AUT\u00d2NOMA DE CATALUNYA). Informaci\u00f3 graus i jornades&hellip;  <a href=\"https:\/\/agora.xtec.cat\/ieselpalau\/graus-universitaris-cf-grau-superior-i-beques\/\" title=\"Read Graus universitaris, CF Grau Superior i beques\">Llegeix m\u00e9s\u00bb<\/a><\/p>\n","protected":false},"author":1,"featured_media":0,"parent":0,"menu_order":0,"comment_status":"closed","ping_status":"closed","template":"","meta":{"_bbp_topic_count":0,"_bbp_reply_count":0,"_bbp_total_topic_count":0,"_bbp_total_reply_count":0,"_bbp_voice_count":0,"_bbp_anonymous_reply_count":0,"_bbp_topic_count_hidden":0,"_bbp_reply_count_hidden":0,"_bbp_forum_subforum_count":0,"footnotes":""},"class_list":["post-5283","page","type-page","status-publish","hentry"],"post_mailing_queue_ids":[],"_links":{"self":[{"href":"https:\/\/agora.xtec.cat\/ieselpalau\/wp-json\/wp\/v2\/pages\/5283","targetHints":{"allow":["GET"]}}],"collection":[{"href":"https:\/\/agora.xtec.cat\/ieselpalau\/wp-json\/wp\/v2\/pages"}],"about":[{"href":"https:\/\/agora.xtec.cat\/ieselpalau\/wp-json\/wp\/v2\/types\/page"}],"author":[{"embeddable":true,"href":"https:\/\/agora.xtec.cat\/ieselpalau\/wp-json\/wp\/v2\/users\/1"}],"replies":[{"embeddable":true,"href":"https:\/\/agora.xtec.cat\/ieselpalau\/wp-json\/wp\/v2\/comments?post=5283"}],"version-history":[{"count":6,"href":"https:\/\/agora.xtec.cat\/ieselpalau\/wp-json\/wp\/v2\/pages\/5283\/revisions"}],"predecessor-version":[{"id":5475,"href":"https:\/\/agora.xtec.cat\/ieselpalau\/wp-json\/wp\/v2\/pages\/5283\/revisions\/5475"}],"wp:attachment":[{"href":"https:\/\/agora.xtec.cat\/ieselpalau\/wp-json\/wp\/v2\/media?parent=5283"}],"curies":[{"name":"wp","href":"https:\/\/api.w.org\/{rel}","templated":true}]}}