{"id":5256,"date":"2025-10-01T00:25:37","date_gmt":"2025-09-30T22:25:37","guid":{"rendered":"https:\/\/agora.xtec.cat\/ieselpalau\/?page_id=5256"},"modified":"2026-02-20T11:46:45","modified_gmt":"2026-02-20T10:46:45","slug":"matricula-de-complecio-pla-antic-gm-i-gs","status":"publish","type":"page","link":"https:\/\/agora.xtec.cat\/ieselpalau\/matricula-de-complecio-pla-antic-gm-i-gs\/","title":{"rendered":"MATR\u00cdCULA DE COMPLECI\u00d3 &#8211; PLA ANTIC GM I GS"},"content":{"rendered":"<p>Per tal de realitzar la matr\u00edcula de compleci\u00f3 del pla antic dels cicles formatius de grau mitj\u00e0 i de grau superior cal tenir present el seg\u00fcent:<\/p>\n<table style=\"border-collapse: collapse; width: 100%; height: 96px;\">\n<tbody>\n<tr style=\"height: 32px;\">\n<td style=\"width: 100%; height: 32px; text-align: center;\" colspan=\"2\">\n<h4><strong>CALENDARI DE MATR\u00cdCULA<\/strong><\/h4>\n<\/td>\n<\/tr>\n<tr style=\"height: 32px;\">\n<td style=\"width: 18.0665%; height: 32px;\">\n<h5>De l&#8217;1 al 15 d&#8217;octubre<\/h5>\n<\/td>\n<td style=\"width: 81.9335%;\">\n<h5>Matr\u00edcula per a l&#8217;alumnat que t\u00e9 m\u00f2duls i\/o unitats formatives pendents. Permet participar a les convocat\u00f2ries extraordin\u00e0ries de novembre i abril.<\/h5>\n<\/td>\n<\/tr>\n<tr style=\"height: 32px;\">\n<td style=\"width: 18.0665%; height: 32px;\">\n<h5>De l&#8217;1 al 15 de mar\u00e7<\/h5>\n<\/td>\n<td style=\"width: 81.9335%;\">\n<h5>Matr\u00edcula per a l&#8217;alumnat que t\u00e9 m\u00f2duls i\/o unitats formatives pendents. Permet participar a la convocat\u00f2ria extraordin\u00e0ria d&#8217;abril.<\/h5>\n<\/td>\n<\/tr>\n<\/tbody>\n<\/table>\n<table style=\"border-collapse: collapse; width: 100%;\">\n<tbody>\n<tr>\n<td style=\"width: 100%; text-align: center;\" colspan=\"2\">\n<h4><strong>CONVOCAT\u00d2RIA DE LES PROVES D&#8217;AVALUACI\u00d3<\/strong><\/h4>\n<\/td>\n<\/tr>\n<tr>\n<td style=\"width: 18.2114%;\">\n<h5>Novembre de 2025<\/h5>\n<\/td>\n<td style=\"width: 81.7886%;\">\n<h5>Les proves d&#8217;avaluaci\u00f3 es duran a terme entre l&#8217;1 i el 30 de novembre de 2025.<\/h5>\n<\/td>\n<\/tr>\n<tr>\n<td style=\"width: 18.2114%;\">\n<h5>Abril de 2026<\/h5>\n<\/td>\n<td style=\"width: 81.7886%;\">\n<h5>Les proves d&#8217;avaluaci\u00f3 en duran a terme entre el 7 i el 30 d&#8217;abril de 2026.<\/h5>\n<\/td>\n<\/tr>\n<\/tbody>\n<\/table>\n<p>Els fulls de matr\u00edcula que s&#8217;han de descarregar i emplenar s\u00f3n els seg\u00fcents:<\/p>\n<table style=\"border-collapse: collapse; width: 99.7106%;\">\n<tbody>\n<tr>\n<td style=\"width: 52.3953%; text-align: center;\">\n<h2>GRAU MITJ\u00c0<\/h2>\n<\/td>\n<td style=\"width: 58.9917%; text-align: center;\">\n<h2>GRAU SUPERIOR<\/h2>\n<\/td>\n<\/tr>\n<tr>\n<td style=\"width: 52.3953%; text-align: center;\">\n<h5>PAGAMENT DE LA MATR\u00cdCULA<\/h5>\n<h5>En el cas dels cicles de grau mitj\u00e0, \u00fanicament s&#8217;ha de fer el pagament de l&#8217;asseguran\u00e7a escolar obligat\u00f2ria pels menors de 28 anys.<\/h5>\n<h5>En el full de matr\u00edcula trobareu les indicacions per fer-ho.<\/h5>\n<\/td>\n<td style=\"width: 58.9917%; text-align: center;\">\n<h5>PAGAMENT DE LA MATR\u00cdCULA<\/h5>\n<h5>En el cas dels cicles de grau superior, heu de calcular la suma d&#8217;un m\u00e0xim de 3 imports: el de les FCT, les UFs matriculades i l&#8217;asseguran\u00e7a escolar obligat\u00f2ria pels menors de 28 anys.<\/h5>\n<h5>En el full de matr\u00edcula trobareu les indicacions per fer-ho.<\/h5>\n<\/td>\n<\/tr>\n<tr>\n<td style=\"width: 52.3953%; text-align: center;\">\n<h4><a href=\"https:\/\/agora.xtec.cat\/ieselpalau\/wp-content\/uploads\/usu1081\/2025\/10\/Eleccio-materies-SOLM-nou.pdf\" target=\"_blank\" rel=\"noopener\">Full de matr\u00edcula &#8211; GM Soldadura i Caldereria<\/a><\/h4>\n<\/td>\n<td style=\"width: 58.9917%; text-align: center;\">\n<h4><a href=\"https:\/\/agora.xtec.cat\/ieselpalau\/wp-content\/uploads\/usu1081\/2025\/10\/Eleccio-materies-MECS-nou.pdf\" target=\"_blank\" rel=\"noopener\">Full de matr\u00edcula &#8211; GS Motlles i matrius<\/a><\/h4>\n<\/td>\n<\/tr>\n<tr>\n<td style=\"width: 52.3953%; text-align: center;\">\n<h4><a href=\"https:\/\/agora.xtec.cat\/ieselpalau\/wp-content\/uploads\/usu1081\/2025\/10\/Eleccio-materies-MECM-nou.pdf\" target=\"_blank\" rel=\"noopener\">Full de matr\u00edcula &#8211; GM Mecanitzaci\u00f3<\/a><\/h4>\n<\/td>\n<td style=\"width: 58.9917%; text-align: center;\">\n<h4><a href=\"https:\/\/agora.xtec.cat\/ieselpalau\/wp-content\/uploads\/usu1081\/2025\/10\/Eleccio-materies-ROBS-nou.pdf\" target=\"_blank\" rel=\"noopener\">Full de matr\u00edcula &#8211; GS Automatitzaci\u00f3 i rob\u00f2tica<\/a><\/h4>\n<\/td>\n<\/tr>\n<tr>\n<td style=\"width: 52.3953%; text-align: center;\">\n<h4><a href=\"https:\/\/agora.xtec.cat\/ieselpalau\/wp-content\/uploads\/usu1081\/2025\/10\/Eleccio-materies-GESM-nou.pdf\" target=\"_blank\" rel=\"noopener\">Full de matr\u00edcula &#8211; GM Gesti\u00f3 administrativa<\/a><\/h4>\n<\/td>\n<td style=\"width: 58.9917%; text-align: center;\">\n<h4><a href=\"https:\/\/agora.xtec.cat\/ieselpalau\/wp-content\/uploads\/usu1081\/2025\/10\/Eleccio-materies-ADMS-nou.pdf\" target=\"_blank\" rel=\"noopener\">Full de matr\u00edcula &#8211; GS Administraci\u00f3 i finances<\/a><\/h4>\n<\/td>\n<\/tr>\n<tr>\n<td style=\"width: 52.3953%; text-align: center;\">\n<h4><a href=\"https:\/\/agora.xtec.cat\/ieselpalau\/wp-content\/uploads\/usu1081\/2025\/10\/Eleccio-materies-ELEM-nou.pdf\" target=\"_blank\" rel=\"noopener\">Full de matr\u00edcula &#8211; GM Instal\u00b7lacions el\u00e8ctriques<\/a><\/h4>\n<\/td>\n<td style=\"width: 58.9917%; text-align: center;\"><\/td>\n<\/tr>\n<\/tbody>\n<\/table>\n<h3>Per realitzar correctament la matr\u00edcula s&#8217;han de seguir els seg\u00fcents passos:<\/h3>\n<ul>\n<li>\n<h3>Omplir el full de matr\u00edcula corresponent al cicle formatiu.<\/h3>\n<\/li>\n<li>\n<h3>Realitzar el pagament indicat al full de matr\u00edcula.<\/h3>\n<\/li>\n<li>\n<h3>Enviar la documentaci\u00f3 a <a href=\"mailto:secretaria@institutelpalau.com\">secretaria@institutelpalau.com<\/a> dins del per\u00edode establert.<\/h3>\n<\/li>\n<\/ul>\n<table style=\"border-collapse: collapse; width: 65.6045%;\">\n<tbody>\n<tr>\n<td style=\"width: 100%;\">\n<h3 style=\"text-align: center;\"><strong>DOCUMENTACI\u00d3 QUE CAL APORTAR AMB LA MATR\u00cdCULA<\/strong><\/h3>\n<\/td>\n<\/tr>\n<tr>\n<td style=\"width: 100%; text-align: center;\">\n<h4>Fotoc\u00f2pia del DNI<\/h4>\n<\/td>\n<\/tr>\n<tr>\n<td style=\"width: 100%; text-align: center;\">\n<h4>Fotoc\u00f2pia del llibre de fam\u00edlia, si l&#8217;alumne \u00e9s menor d&#8217;edat<\/h4>\n<\/td>\n<\/tr>\n<tr>\n<td style=\"width: 100%; text-align: center;\">\n<h4>Fotoc\u00f2pia de la targeta sanit\u00e0ria<\/h4>\n<\/td>\n<\/tr>\n<tr>\n<td style=\"width: 100%; text-align: center;\">\n<h4>Resguard o justificant de pagament<\/h4>\n<\/td>\n<\/tr>\n<tr>\n<td style=\"width: 100%; text-align: center;\">\n<h4>Full de matr\u00edcula<\/h4>\n<\/td>\n<\/tr>\n<\/tbody>\n<\/table>\n<h4 style=\"text-align: center;\"><span style=\"color: #ff0000;\"><b><span style=\"font-family: arial, sans-serif;\">L\u2019alumnat que va participar a les proves d\u2019avaluaci\u00f3 del mes de novembre del 2025, no cal que es torni a matricular per les proves del mes d&#8217;abril del 2026.<\/span><\/b><\/span><\/h4>\n","protected":false},"excerpt":{"rendered":"<p>Per tal de realitzar la matr\u00edcula de compleci\u00f3 del pla antic dels cicles formatius de grau mitj\u00e0 i de grau superior cal tenir present el seg\u00fcent:<\/p>\n<p>CALENDARI DE MATR\u00cdCULA<\/p>\n<p>De l&#8217;1 al 15 d&#8217;octubre<\/p>\n<p>Matr\u00edcula per a l&#8217;alumnat que t\u00e9 m\u00f2duls i\/o unitats formatives pendents. Permet participar a&hellip;  <a href=\"https:\/\/agora.xtec.cat\/ieselpalau\/matricula-de-complecio-pla-antic-gm-i-gs\/\" title=\"Read MATR\u00cdCULA DE COMPLECI\u00d3 &#8211; PLA ANTIC GM I GS\">Llegeix m\u00e9s\u00bb<\/a><\/p>\n","protected":false},"author":1,"featured_media":0,"parent":0,"menu_order":0,"comment_status":"closed","ping_status":"closed","template":"","meta":{"_bbp_topic_count":0,"_bbp_reply_count":0,"_bbp_total_topic_count":0,"_bbp_total_reply_count":0,"_bbp_voice_count":0,"_bbp_anonymous_reply_count":0,"_bbp_topic_count_hidden":0,"_bbp_reply_count_hidden":0,"_bbp_forum_subforum_count":0,"footnotes":""},"class_list":["post-5256","page","type-page","status-publish","hentry"],"post_mailing_queue_ids":[],"_links":{"self":[{"href":"https:\/\/agora.xtec.cat\/ieselpalau\/wp-json\/wp\/v2\/pages\/5256","targetHints":{"allow":["GET"]}}],"collection":[{"href":"https:\/\/agora.xtec.cat\/ieselpalau\/wp-json\/wp\/v2\/pages"}],"about":[{"href":"https:\/\/agora.xtec.cat\/ieselpalau\/wp-json\/wp\/v2\/types\/page"}],"author":[{"embeddable":true,"href":"https:\/\/agora.xtec.cat\/ieselpalau\/wp-json\/wp\/v2\/users\/1"}],"replies":[{"embeddable":true,"href":"https:\/\/agora.xtec.cat\/ieselpalau\/wp-json\/wp\/v2\/comments?post=5256"}],"version-history":[{"count":6,"href":"https:\/\/agora.xtec.cat\/ieselpalau\/wp-json\/wp\/v2\/pages\/5256\/revisions"}],"predecessor-version":[{"id":5398,"href":"https:\/\/agora.xtec.cat\/ieselpalau\/wp-json\/wp\/v2\/pages\/5256\/revisions\/5398"}],"wp:attachment":[{"href":"https:\/\/agora.xtec.cat\/ieselpalau\/wp-json\/wp\/v2\/media?parent=5256"}],"curies":[{"name":"wp","href":"https:\/\/api.w.org\/{rel}","templated":true}]}}