{"id":43,"date":"2014-09-17T16:45:07","date_gmt":"2014-09-17T16:45:07","guid":{"rendered":"http:\/\/agora.xtec.cat\/ieselpalau\/?page_id=43"},"modified":"2025-01-28T07:23:10","modified_gmt":"2025-01-28T06:23:10","slug":"consell-escolar","status":"publish","type":"page","link":"https:\/\/agora.xtec.cat\/ieselpalau\/linstitut\/consell-escolar\/","title":{"rendered":"Consell escolar"},"content":{"rendered":"<p class=\"contenido\">El Consell Escolar de l&#8217;Escola \u00e9s l&#8217;\u00f2rgan de decisi\u00f3 en el qual es troben representats tots els sectors de la comunitat educativa: alumnes, professors, pares, personal d&#8217;administraci\u00f3 i serveis, l&#8217;Equip Directiu i l&#8217;Ajuntament.\u00a0El Consell Escolar del centre \u00e9s l&#8217;\u00f2rgan de participaci\u00f3 de la comunitat educativa en el govern dels centres educatius.<\/p>\n<p class=\"contenido\">Les funcions principals del Consell s\u00f3n l&#8217;aprovaci\u00f3, el seguiment i l&#8217;avaluaci\u00f3 dels projectes que desenvolupen l&#8217;activitat educativa del centre .Es reuneix com a m\u00ednim un cop al mes.<\/p>\n<p class=\"contenido\">Eleccions als consells escolars:<\/p>\n<p class=\"contenido\">Les eleccions per a la constituci\u00f3 inicial o la renovaci\u00f3 parcial dels membres del Consell Escolar, les convoca la direcci\u00f3 del centre amb un m\u00ednim de quinze dies h\u00e0bils d&#8217;antelaci\u00f3 a la data de realitzaci\u00f3 de les votacions. El director o la directora de cada centre ha d&#8217;organitzar accions per impulsar la participaci\u00f3 del diferents sectors de la comunitat educativa.<\/p>\n<div>Tenen dret a votar per elegir els representants:<\/div>\n<ul>\n<li>dels pares i les mares, el pare i la mare de cada alumne\/a escolaritzat\/ada en el centre o, si \u00e9s el cas, els seus tutors legals;<\/li>\n<li>de l&#8217;alumnat, tot l&#8217;alumnat a partir de l&#8217;educaci\u00f3 secund\u00e0ria obligat\u00f2ria,<\/li>\n<li>del professorat, tots els professors que integren el claustre,<\/li>\n<li>del personal d&#8217;administraci\u00f3 i serveis, tot el personal d&#8217;administraci\u00f3 i serveis que presta serveis al centre.<\/li>\n<\/ul>\n<div>Els membres del Consell Escolar s\u00f3n escollits per quatre anys. Cada dos anys es renova la meitat dels membres representants del professorat i la meitat dels membres representants de l&#8217;alumnat i dels pares d&#8217;alumnes.<\/div>\n<p>&nbsp;<\/p>\n<p>La vacant que es produeix en el Consell Escolar \u00e9s ocupada pel procediment establert al reglament de r\u00e8gim intern del centre. Si aquest no ho preveu, \u00e9s ocupada pel seg\u00fcent candidat\/a m\u00e9s votat\/ada en les darreres eleccions. El nou membre s&#8217;ha de nomenar pel temps que restava de mandat a la persona que ha causat la vacant. Si no hi ha m\u00e9s candidats per cobrir-la, aquesta queda sense cobrir fins a la propera renovaci\u00f3 del Consell Escolar.<\/p>\n","protected":false},"excerpt":{"rendered":"<p>El Consell Escolar de l&#8217;Escola \u00e9s l&#8217;\u00f2rgan de decisi\u00f3 en el qual es troben representats tots els sectors de la comunitat educativa: alumnes, professors, pares, personal d&#8217;administraci\u00f3 i serveis, l&#8217;Equip Directiu i l&#8217;Ajuntament.\u00a0El Consell Escolar del centre \u00e9s l&#8217;\u00f2rgan de participaci\u00f3 de la comunitat educativa&hellip;  <a href=\"https:\/\/agora.xtec.cat\/ieselpalau\/linstitut\/consell-escolar\/\" title=\"Read Consell escolar\">Llegeix m\u00e9s\u00bb<\/a><\/p>\n","protected":false},"author":1,"featured_media":0,"parent":19,"menu_order":40,"comment_status":"closed","ping_status":"closed","template":"page-templates\/side-menu.php","meta":{"_bbp_topic_count":0,"_bbp_reply_count":0,"_bbp_total_topic_count":0,"_bbp_total_reply_count":0,"_bbp_voice_count":0,"_bbp_anonymous_reply_count":0,"_bbp_topic_count_hidden":0,"_bbp_reply_count_hidden":0,"_bbp_forum_subforum_count":0,"footnotes":""},"class_list":["post-43","page","type-page","status-publish","hentry"],"post_mailing_queue_ids":[],"_links":{"self":[{"href":"https:\/\/agora.xtec.cat\/ieselpalau\/wp-json\/wp\/v2\/pages\/43","targetHints":{"allow":["GET"]}}],"collection":[{"href":"https:\/\/agora.xtec.cat\/ieselpalau\/wp-json\/wp\/v2\/pages"}],"about":[{"href":"https:\/\/agora.xtec.cat\/ieselpalau\/wp-json\/wp\/v2\/types\/page"}],"author":[{"embeddable":true,"href":"https:\/\/agora.xtec.cat\/ieselpalau\/wp-json\/wp\/v2\/users\/1"}],"replies":[{"embeddable":true,"href":"https:\/\/agora.xtec.cat\/ieselpalau\/wp-json\/wp\/v2\/comments?post=43"}],"version-history":[{"count":2,"href":"https:\/\/agora.xtec.cat\/ieselpalau\/wp-json\/wp\/v2\/pages\/43\/revisions"}],"predecessor-version":[{"id":567,"href":"https:\/\/agora.xtec.cat\/ieselpalau\/wp-json\/wp\/v2\/pages\/43\/revisions\/567"}],"up":[{"embeddable":true,"href":"https:\/\/agora.xtec.cat\/ieselpalau\/wp-json\/wp\/v2\/pages\/19"}],"wp:attachment":[{"href":"https:\/\/agora.xtec.cat\/ieselpalau\/wp-json\/wp\/v2\/media?parent=43"}],"curies":[{"name":"wp","href":"https:\/\/api.w.org\/{rel}","templated":true}]}}