{"id":3804,"date":"2023-09-28T18:22:00","date_gmt":"2023-09-28T16:22:00","guid":{"rendered":"https:\/\/agora.xtec.cat\/ieselpalau\/?page_id=3804"},"modified":"2025-03-19T18:26:04","modified_gmt":"2025-03-19T17:26:04","slug":"cicles-formatius","status":"publish","type":"page","link":"https:\/\/agora.xtec.cat\/ieselpalau\/estudis\/cicles-formatius\/","title":{"rendered":"Cicles Formatius"},"content":{"rendered":"<ul class=\"sub-menu menu-even sub-sub-menu menu-depth-2\">\n<li id=\"nav-menu-item-2617\" class=\"sub-menu-item sub-sub-menu-item menu-item-even menu-item-depth-2 menu-item menu-item-type-custom menu-item-object-custom\"><a class=\"menu-link sub-menu-link\" href=\"https:\/\/triaeducativa.gencat.cat\/ca\/fp\/gb\/families-professionals\/administracio-gestio\/?p_id=4951&amp;estudi\" target=\"_blank\" rel=\"noopener\">CFGB Serveis Administratius<\/a><\/li>\n<li id=\"nav-menu-item-625\" class=\"sub-menu-item sub-sub-menu-item menu-item-even menu-item-depth-2 menu-item menu-item-type-custom menu-item-object-custom\"><a class=\"menu-link sub-menu-link\" href=\"https:\/\/triaeducativa.gencat.cat\/ca\/estudis\/?instal%C2%B7lacions-electriques-automatiques&amp;p_id=74\" target=\"_blank\" rel=\"noopener\">CFGM Instal\u00b7lacions El\u00e8ctriques i Autom\u00e0tiques<\/a><\/li>\n<li id=\"nav-menu-item-626\" class=\"sub-menu-item sub-sub-menu-item menu-item-even menu-item-depth-2 menu-item menu-item-type-custom menu-item-object-custom\"><a class=\"menu-link sub-menu-link\" href=\"https:\/\/triaeducativa.gencat.cat\/ca\/estudis\/?mecanitzacio&amp;p_id=101\" target=\"_blank\" rel=\"noopener\">CFGM Mecanitzaci\u00f3<\/a><\/li>\n<li id=\"nav-menu-item-627\" class=\"sub-menu-item sub-sub-menu-item menu-item-even menu-item-depth-2 menu-item menu-item-type-custom menu-item-object-custom\"><a class=\"menu-link sub-menu-link\" href=\"https:\/\/triaeducativa.gencat.cat\/ca\/estudis\/?soldadura-caldereria&amp;p_id=99\" target=\"_blank\" rel=\"noopener\">CFGM Soldadura i Caldereria<\/a><\/li>\n<li id=\"nav-menu-item-628\" class=\"sub-menu-item sub-sub-menu-item menu-item-even menu-item-depth-2 menu-item menu-item-type-custom menu-item-object-custom\"><a class=\"menu-link sub-menu-link\" href=\"https:\/\/triaeducativa.gencat.cat\/ca\/estudis\/?gestio-administrativa&amp;p_id=49\" target=\"_blank\" rel=\"noopener\">CFGM Gesti\u00f3 Administrativa<\/a><\/li>\n<li><a href=\"https:\/\/triaeducativa.gencat.cat\/ca\/estudis\/?gestio-administrativa-perfil-professional-ambit-sanitari&amp;p_id=3390\" target=\"_blank\" rel=\"noopener\">CFGM Gesti\u00f3 Administrativa, perfil professional \u00c0mbit Sanitari<\/a><\/li>\n<li><a href=\"https:\/\/triaeducativa.gencat.cat\/ca\/estudis\/?farmacia-parafarmacia&amp;p_id=111\" target=\"_blank\" rel=\"noopener\">CFGM Farm\u00e0cia i Parafarm\u00e0cia<\/a><\/li>\n<li id=\"nav-menu-item-629\" class=\"sub-menu-item sub-sub-menu-item menu-item-even menu-item-depth-2 menu-item menu-item-type-custom menu-item-object-custom\"><a class=\"menu-link sub-menu-link\" href=\"https:\/\/triaeducativa.gencat.cat\/ca\/estudis\/?administracio-finances&amp;p_id=1630\" target=\"_blank\" rel=\"noopener\">CFGS Administraci\u00f3 i Finances<\/a><\/li>\n<li id=\"nav-menu-item-630\" class=\"sub-menu-item sub-sub-menu-item menu-item-even menu-item-depth-2 menu-item menu-item-type-custom menu-item-object-custom\"><a class=\"menu-link sub-menu-link\" href=\"https:\/\/triaeducativa.gencat.cat\/ca\/estudis\/?automatitzacio-robotica-industrial-&amp;p_id=1770\" target=\"_blank\" rel=\"noopener\">CFGS Automatitzaci\u00f3 i Rob\u00f2tica Industrial<\/a><\/li>\n<li id=\"nav-menu-item-631\" class=\"sub-menu-item sub-sub-menu-item menu-item-even menu-item-depth-2 menu-item menu-item-type-custom menu-item-object-custom\"><a class=\"menu-link sub-menu-link\" href=\"https:\/\/triaeducativa.gencat.cat\/ca\/estudis\/?programacio-produccio-fabricacio-mecanica-perfil-professional-motlles-matrius&amp;p_id=4090\" target=\"_blank\" rel=\"noopener\">CFGS Programaci\u00f3 de la Producci\u00f3 en Fabricaci\u00f3 Mec\u00e0nica, perfil professional Motlles i Matrius<\/a><\/li>\n<\/ul>\n","protected":false},"excerpt":{"rendered":"<ul class=\"sub-menu menu-even sub-sub-menu menu-depth-2\">\n<li id=\"nav-menu-item-2617\" class=\"sub-menu-item sub-sub-menu-item menu-item-even menu-item-depth-2 menu-item menu-item-type-custom menu-item-object-custom\"><a class=\"menu-link sub-menu-link\" href=\"https:\/\/triaeducativa.gencat.cat\/ca\/fp\/gb\/families-professionals\/administracio-gestio\/?p_id=4951&amp;estudi\" target=\"_blank\" rel=\"noopener\">CFGB Serveis Administratius<\/a><\/li>\n<li id=\"nav-menu-item-625\" class=\"sub-menu-item sub-sub-menu-item menu-item-even menu-item-depth-2 menu-item menu-item-type-custom menu-item-object-custom\"><a class=\"menu-link sub-menu-link\" href=\"https:\/\/triaeducativa.gencat.cat\/ca\/estudis\/?instal%C2%B7lacions-electriques-automatiques&amp;p_id=74\" target=\"_blank\" rel=\"noopener\">CFGM Instal\u00b7lacions El\u00e8ctriques i Autom\u00e0tiques<\/a><\/li>\n<li id=\"nav-menu-item-626\" class=\"sub-menu-item sub-sub-menu-item menu-item-even menu-item-depth-2 menu-item menu-item-type-custom menu-item-object-custom\"><a&hellip;  <a href=\"https:\/\/agora.xtec.cat\/ieselpalau\/estudis\/cicles-formatius\/\" title=\"Read Cicles Formatius\">Llegeix m\u00e9s\u00bb<\/a><br \/>\n","protected":false},"author":1,"featured_media":0,"parent":195,"menu_order":0,"comment_status":"closed","ping_status":"closed","template":"page-templates\/side-menu.php","meta":{"_bbp_topic_count":0,"_bbp_reply_count":0,"_bbp_total_topic_count":0,"_bbp_total_reply_count":0,"_bbp_voice_count":0,"_bbp_anonymous_reply_count":0,"_bbp_topic_count_hidden":0,"_bbp_reply_count_hidden":0,"_bbp_forum_subforum_count":0,"footnotes":""},"class_list":["post-3804","page","type-page","status-publish","hentry"],"post_mailing_queue_ids":[],"_links":{"self":[{"href":"https:\/\/agora.xtec.cat\/ieselpalau\/wp-json\/wp\/v2\/pages\/3804","targetHints":{"allow":["GET"]}}],"collection":[{"href":"https:\/\/agora.xtec.cat\/ieselpalau\/wp-json\/wp\/v2\/pages"}],"about":[{"href":"https:\/\/agora.xtec.cat\/ieselpalau\/wp-json\/wp\/v2\/types\/page"}],"author":[{"embeddable":true,"href":"https:\/\/agora.xtec.cat\/ieselpalau\/wp-json\/wp\/v2\/users\/1"}],"replies":[{"embeddable":true,"href":"https:\/\/agora.xtec.cat\/ieselpalau\/wp-json\/wp\/v2\/comments?post=3804"}],"version-history":[{"count":6,"href":"https:\/\/agora.xtec.cat\/ieselpalau\/wp-json\/wp\/v2\/pages\/3804\/revisions"}],"predecessor-version":[{"id":4739,"href":"https:\/\/agora.xtec.cat\/ieselpalau\/wp-json\/wp\/v2\/pages\/3804\/revisions\/4739"}],"up":[{"embeddable":true,"href":"https:\/\/agora.xtec.cat\/ieselpalau\/wp-json\/wp\/v2\/pages\/195"}],"wp:attachment":[{"href":"https:\/\/agora.xtec.cat\/ieselpalau\/wp-json\/wp\/v2\/media?parent=3804"}],"curies":[{"name":"wp","href":"https:\/\/api.w.org\/{rel}","templated":true}]}}