{"id":3783,"date":"2023-09-28T17:25:15","date_gmt":"2023-09-28T15:25:15","guid":{"rendered":"https:\/\/agora.xtec.cat\/ieselpalau\/?page_id=3783"},"modified":"2023-09-29T10:57:54","modified_gmt":"2023-09-29T08:57:54","slug":"programes-dinnovacio-fp","status":"publish","type":"page","link":"https:\/\/agora.xtec.cat\/ieselpalau\/programes-dinnovacio-fp\/","title":{"rendered":"Programes d&#8217;innovaci\u00f3 FP"},"content":{"rendered":"<p>Aquests programes conformen la unitat d\u2019innovaci\u00f3 de la Subdirecci\u00f3 General de programes i projectes de la Formaci\u00f3 Professional<\/p>\n<p>Cada un dels programes inicia el recorregut al centre com una l\u00ednia estrat\u00e8gica al voltant de la qual poder desenvolupar el projecte de centre i aconseguir que el proc\u00e9s clau del centre arribi als nivells d\u2019excel\u00b7l\u00e8ncia professional que requereixen els nostres temps.<\/p>\n<p><a href=\"https:\/\/projectes.xtec.cat\/impulsfp\/emprenfp-2\/\" target=\"_blank\" rel=\"noopener\">Empr\u00e8nFP<\/a><br \/>\n<a href=\"https:\/\/projectes.xtec.cat\/impulsfp\/orientafp-2\/\" target=\"_blank\" rel=\"noopener\">OrientaFP<\/a><br \/>\n<a href=\"https:\/\/projectes.xtec.cat\/impulsfp\/futurafp\/\" target=\"_blank\" rel=\"noopener\">FuturaFP<\/a><br \/>\n<a href=\"https:\/\/projectes.xtec.cat\/empresafp\/\" target=\"_blank\" rel=\"noopener\">EmpresaFP<\/a><br \/>\n<a href=\"https:\/\/projectes.xtec.cat\/mobilitatfp\/\" target=\"_blank\" rel=\"noopener\">MobilitatFP<\/a><br \/>\n<a href=\"https:\/\/projectes.xtec.cat\/catskills\/\" target=\"_blank\" rel=\"noopener\">CatSkills<\/a><\/p>\n","protected":false},"excerpt":{"rendered":"<p>Aquests programes conformen la unitat d\u2019innovaci\u00f3 de la Subdirecci\u00f3 General de programes i projectes de la Formaci\u00f3 Professional<br \/>\nCada un dels programes inicia el recorregut al centre com una l\u00ednia estrat\u00e8gica al voltant de la qual poder desenvolupar el projecte de centre i aconseguir que el&hellip;  <a href=\"https:\/\/agora.xtec.cat\/ieselpalau\/programes-dinnovacio-fp\/\" title=\"Read Programes d&#8217;innovaci\u00f3 FP\">Llegeix m\u00e9s\u00bb<\/a><\/p>\n","protected":false},"author":1,"featured_media":0,"parent":0,"menu_order":0,"comment_status":"closed","ping_status":"closed","template":"page-templates\/side-menu.php","meta":{"_bbp_topic_count":0,"_bbp_reply_count":0,"_bbp_total_topic_count":0,"_bbp_total_reply_count":0,"_bbp_voice_count":0,"_bbp_anonymous_reply_count":0,"_bbp_topic_count_hidden":0,"_bbp_reply_count_hidden":0,"_bbp_forum_subforum_count":0,"footnotes":""},"class_list":["post-3783","page","type-page","status-publish","hentry"],"post_mailing_queue_ids":[],"_links":{"self":[{"href":"https:\/\/agora.xtec.cat\/ieselpalau\/wp-json\/wp\/v2\/pages\/3783","targetHints":{"allow":["GET"]}}],"collection":[{"href":"https:\/\/agora.xtec.cat\/ieselpalau\/wp-json\/wp\/v2\/pages"}],"about":[{"href":"https:\/\/agora.xtec.cat\/ieselpalau\/wp-json\/wp\/v2\/types\/page"}],"author":[{"embeddable":true,"href":"https:\/\/agora.xtec.cat\/ieselpalau\/wp-json\/wp\/v2\/users\/1"}],"replies":[{"embeddable":true,"href":"https:\/\/agora.xtec.cat\/ieselpalau\/wp-json\/wp\/v2\/comments?post=3783"}],"version-history":[{"count":6,"href":"https:\/\/agora.xtec.cat\/ieselpalau\/wp-json\/wp\/v2\/pages\/3783\/revisions"}],"predecessor-version":[{"id":3818,"href":"https:\/\/agora.xtec.cat\/ieselpalau\/wp-json\/wp\/v2\/pages\/3783\/revisions\/3818"}],"wp:attachment":[{"href":"https:\/\/agora.xtec.cat\/ieselpalau\/wp-json\/wp\/v2\/media?parent=3783"}],"curies":[{"name":"wp","href":"https:\/\/api.w.org\/{rel}","templated":true}]}}