{"id":27,"date":"2014-09-17T16:24:03","date_gmt":"2014-09-17T16:24:03","guid":{"rendered":"http:\/\/agora.xtec.cat\/ieselpalau\/?page_id=27"},"modified":"2025-01-28T07:23:10","modified_gmt":"2025-01-28T06:23:10","slug":"historia","status":"publish","type":"page","link":"https:\/\/agora.xtec.cat\/ieselpalau\/linstitut\/historia\/","title":{"rendered":"Hist\u00f2ria"},"content":{"rendered":"<p>L\u2019any 1980 l\u2019institut El Palau, va comen\u00e7ar com una extensi\u00f3, a les Escoles velles de Sant Andreu de la Barca, de l\u2019Institut Pompeu Fabra de Martorell. \u00c9s des d\u2019aquesta data que es comen\u00e7a a con\u00e8ixer com a institut.<\/p>\n<p>L\u2019Institut El Palau va ser inaugurat a l\u2019any 1985, com a centre p\u00fablic de la Generalitat de Catalunya, el qual t\u00e9 una llarga traject\u00f2ria educativa, primer com a Centre de Formaci\u00f3 Professional i m\u00e9s tard com a Institut d\u2019Ensenyament Secundari. El curs 2005-06 el centre va commemorar el seu 25\u00e8 aniversari.<\/p>\n<p>L\u2019any 2007 es va iniciar un proc\u00e9s d\u2019ampliaci\u00f3 i reforma de l\u2019edifici. Aquesta ampliaci\u00f3 ha suposat, entre altres coses, un edifici annex que cont\u00e9 totes les aules dels cicles formatius, un Gimn\u00e0s i un menjador escolar, a m\u00e9s de la reforma de l\u2019edifici existent.<br \/>\nConjuntament amb l\u2019ampliaci\u00f3 i reforma s\u2019ha fet una inversi\u00f3 molt important en noves tecnologies, dotant moltes aules del centre amb projector i, mitjan\u00e7ant el projecte eduCat1x1, d\u2019una pissarra digital interactiva a cada aula<\/p>\n<p>En aquests moments s\u2019imparteixen diverses etapes educatives:<\/p>\n<ul>\n<li>\n<div>1r, 2n, 3r i 4t d\u2019ESO<\/div>\n<\/li>\n<li>\n<div>1r i 2n de Batxillerat<\/div>\n<\/li>\n<li>\n<div>Cicles de Grau Mitj\u00e0:<\/div>\n<ul>\n<li>\n<div>Gesti\u00f3 administrativa<\/div>\n<\/li>\n<li>\n<div>Instal\u00b7lacions El\u00e8ctriques i Autom\u00e0tiques<\/div>\n<\/li>\n<li>\n<div>Mecanitzaci\u00f3<\/div>\n<\/li>\n<li>\n<div>Soldadura-Caldereria)<\/div>\n<\/li>\n<\/ul>\n<\/li>\n<li>\n<div>Cicles de Grau Superior:<\/div>\n<ul>\n<li>\n<div>Administraci\u00f3 i finances<\/div>\n<\/li>\n<li>Automatitzaci\u00f3 i Rob\u00f2tica Industrial<\/li>\n<li>\n<div>Motlles i Matrius<\/div>\n<\/li>\n<\/ul>\n<\/li>\n<li>Programa de Formaci\u00f3 i Inserci\u00f3 (PFI):\n<ul>\n<li>Auxiliar d&#8217;activitats d&#8217;oficina i de serveis administratius generals<\/li>\n<li>Auxiliar de muntatges d&#8217;instal\u00b7lacions el\u00e8ctriques, d&#8217;aigua i gas<\/li>\n<\/ul>\n<\/li>\n<\/ul>\n","protected":false},"excerpt":{"rendered":"<p>L\u2019any 1980 l\u2019institut El Palau, va comen\u00e7ar com una extensi\u00f3, a les Escoles velles de Sant Andreu de la Barca, de l\u2019Institut Pompeu Fabra de Martorell. \u00c9s des d\u2019aquesta data que es comen\u00e7a a con\u00e8ixer com a institut.<br \/>\nL\u2019Institut El Palau va ser inaugurat a l\u2019any&hellip;  <a href=\"https:\/\/agora.xtec.cat\/ieselpalau\/linstitut\/historia\/\" title=\"Read Hist\u00f2ria\">Llegeix m\u00e9s\u00bb<\/a><\/p>\n","protected":false},"author":1,"featured_media":0,"parent":19,"menu_order":20,"comment_status":"closed","ping_status":"closed","template":"page-templates\/side-menu.php","meta":{"_bbp_topic_count":0,"_bbp_reply_count":0,"_bbp_total_topic_count":0,"_bbp_total_reply_count":0,"_bbp_voice_count":0,"_bbp_anonymous_reply_count":0,"_bbp_topic_count_hidden":0,"_bbp_reply_count_hidden":0,"_bbp_forum_subforum_count":0,"footnotes":""},"class_list":["post-27","page","type-page","status-publish","hentry"],"post_mailing_queue_ids":[],"_links":{"self":[{"href":"https:\/\/agora.xtec.cat\/ieselpalau\/wp-json\/wp\/v2\/pages\/27","targetHints":{"allow":["GET"]}}],"collection":[{"href":"https:\/\/agora.xtec.cat\/ieselpalau\/wp-json\/wp\/v2\/pages"}],"about":[{"href":"https:\/\/agora.xtec.cat\/ieselpalau\/wp-json\/wp\/v2\/types\/page"}],"author":[{"embeddable":true,"href":"https:\/\/agora.xtec.cat\/ieselpalau\/wp-json\/wp\/v2\/users\/1"}],"replies":[{"embeddable":true,"href":"https:\/\/agora.xtec.cat\/ieselpalau\/wp-json\/wp\/v2\/comments?post=27"}],"version-history":[{"count":5,"href":"https:\/\/agora.xtec.cat\/ieselpalau\/wp-json\/wp\/v2\/pages\/27\/revisions"}],"predecessor-version":[{"id":4011,"href":"https:\/\/agora.xtec.cat\/ieselpalau\/wp-json\/wp\/v2\/pages\/27\/revisions\/4011"}],"up":[{"embeddable":true,"href":"https:\/\/agora.xtec.cat\/ieselpalau\/wp-json\/wp\/v2\/pages\/19"}],"wp:attachment":[{"href":"https:\/\/agora.xtec.cat\/ieselpalau\/wp-json\/wp\/v2\/media?parent=27"}],"curies":[{"name":"wp","href":"https:\/\/api.w.org\/{rel}","templated":true}]}}