{"id":2327,"date":"2021-08-16T11:32:47","date_gmt":"2021-08-16T09:32:47","guid":{"rendered":"https:\/\/agora.xtec.cat\/ieselpalau\/?page_id=2327"},"modified":"2024-06-14T13:16:07","modified_gmt":"2024-06-14T11:16:07","slug":"matricula-pfi","status":"publish","type":"page","link":"https:\/\/agora.xtec.cat\/ieselpalau\/secretaria\/matricula-pfi\/","title":{"rendered":"Matr\u00edcula PFI"},"content":{"rendered":"<ul class=\"CEDU_vertical\">\n<li class=\"titol\"><a href=\"https:\/\/triaeducativa.gencat.cat\/ca\/fp\/pfi\/families-professionals\/administracio-gestio\/?p_id=2710&amp;estudi\" target=\"_blank\" rel=\"noopener noreferrer\">Auxiliar d&#8217;Activitats d&#8217;Oficina i en Serveis Administratius Generals (AG01)<\/a><\/li>\n<li class=\"titol\"><a href=\"https:\/\/triaeducativa.gencat.cat\/ca\/fp\/pfi\/families-professionals\/electricitat-electronica\/?p_id=2774&amp;estudi\" target=\"_blank\" rel=\"noopener noreferrer\">Auxiliar de muntatges d\u2019instal\u00b7lacions el\u00e8ctriques, d\u2019aigua i gas (EE02)<\/a><\/li>\n<\/ul>\n<table style=\"height: 188px;\" width=\"654\">\n<tbody>\n<tr>\n<td style=\"width: 648.366px;\"><a href=\"https:\/\/agora.xtec.cat\/ieselpalau\/wp-content\/uploads\/usu1081\/2024\/06\/MatriculaPFI.pdf\" target=\"_blank\" rel=\"noopener\">Instruccions Matr\u00edcula i pagament<\/a><\/td>\n<\/tr>\n<tr>\n<td style=\"width: 648.366px;\"><a href=\"https:\/\/agora.xtec.cat\/ieselpalau\/wp-content\/uploads\/usu1081\/2022\/06\/FULL-MATRICULA_PFI.pdf\" target=\"_blank\" rel=\"noopener noreferrer\">Sol\u00b7licitud Matr\u00edcula<\/a><\/td>\n<\/tr>\n<tr>\n<td style=\"width: 648.366px;\"><a href=\"https:\/\/agora.xtec.cat\/ieselpalau\/wp-content\/uploads\/usu1081\/2021\/07\/Autoritzaci\u00f3-comunicaci\u00f3-amb-les-fam\u00edlies.pdf\" target=\"_blank\" rel=\"noopener noreferrer\">Autoritzaci\u00f3 comunicaci\u00f3 amb les fam\u00edlies<\/a><\/td>\n<\/tr>\n<tr>\n<td style=\"width: 648.366px;\"><a href=\"https:\/\/agora.xtec.cat\/ieselpalau\/wp-content\/uploads\/usu1081\/2021\/07\/Autoritzacio-Imatge.pdf\" target=\"_blank\" rel=\"noopener noreferrer\">Autoritzaci\u00f3 Imatge<\/a><\/td>\n<\/tr>\n<tr>\n<td style=\"width: 648.366px;\"><a href=\"https:\/\/agora.xtec.cat\/ieselpalau\/wp-content\/uploads\/usu1081\/2021\/07\/Autoritzacio-Sortides-poble.pdf\" target=\"_blank\" rel=\"noopener noreferrer\">Autoritzaci\u00f3 Sortides poble<\/a><\/td>\n<\/tr>\n<\/tbody>\n<\/table>\n","protected":false},"excerpt":{"rendered":"<ul class=\"CEDU_vertical\">\n<li class=\"titol\"><a href=\"https:\/\/triaeducativa.gencat.cat\/ca\/fp\/pfi\/families-professionals\/administracio-gestio\/?p_id=2710&amp;estudi\" target=\"_blank\" rel=\"noopener noreferrer\">Auxiliar d&#8217;Activitats d&#8217;Oficina i en Serveis Administratius Generals (AG01)<\/a><\/li>\n<li class=\"titol\"><a href=\"https:\/\/triaeducativa.gencat.cat\/ca\/fp\/pfi\/families-professionals\/electricitat-electronica\/?p_id=2774&amp;estudi\" target=\"_blank\" rel=\"noopener noreferrer\">Auxiliar de muntatges d\u2019instal\u00b7lacions el\u00e8ctriques, d\u2019aigua i gas (EE02)<\/a><\/li>\n<\/ul>\n<p><a href=\"https:\/\/agora.xtec.cat\/ieselpalau\/wp-content\/uploads\/usu1081\/2024\/06\/MatriculaPFI.pdf\" target=\"_blank\" rel=\"noopener\">Instruccions Matr\u00edcula i pagament<\/a><\/p>\n<p><a href=\"https:\/\/agora.xtec.cat\/ieselpalau\/wp-content\/uploads\/usu1081\/2022\/06\/FULL-MATRICULA_PFI.pdf\" target=\"_blank\" rel=\"noopener noreferrer\">Sol\u00b7licitud Matr\u00edcula<\/a><\/p>\n<p><a href=\"https:\/\/agora.xtec.cat\/ieselpalau\/wp-content\/uploads\/usu1081\/2021\/07\/Autoritzaci\u00f3-comunicaci\u00f3-amb-les-fam\u00edlies.pdf\" target=\"_blank\" rel=\"noopener noreferrer\">Autoritzaci\u00f3 comunicaci\u00f3 amb&hellip;  <a href=\"https:\/\/agora.xtec.cat\/ieselpalau\/secretaria\/matricula-pfi\/\" title=\"Read Matr\u00edcula PFI\">Llegeix m\u00e9s\u00bb<\/a><\/p>\n","protected":false},"author":1,"featured_media":0,"parent":1848,"menu_order":6,"comment_status":"closed","ping_status":"closed","template":"page-templates\/side-menu.php","meta":{"_bbp_topic_count":0,"_bbp_reply_count":0,"_bbp_total_topic_count":0,"_bbp_total_reply_count":0,"_bbp_voice_count":0,"_bbp_anonymous_reply_count":0,"_bbp_topic_count_hidden":0,"_bbp_reply_count_hidden":0,"_bbp_forum_subforum_count":0,"footnotes":""},"class_list":["post-2327","page","type-page","status-publish","hentry"],"post_mailing_queue_ids":[],"_links":{"self":[{"href":"https:\/\/agora.xtec.cat\/ieselpalau\/wp-json\/wp\/v2\/pages\/2327","targetHints":{"allow":["GET"]}}],"collection":[{"href":"https:\/\/agora.xtec.cat\/ieselpalau\/wp-json\/wp\/v2\/pages"}],"about":[{"href":"https:\/\/agora.xtec.cat\/ieselpalau\/wp-json\/wp\/v2\/types\/page"}],"author":[{"embeddable":true,"href":"https:\/\/agora.xtec.cat\/ieselpalau\/wp-json\/wp\/v2\/users\/1"}],"replies":[{"embeddable":true,"href":"https:\/\/agora.xtec.cat\/ieselpalau\/wp-json\/wp\/v2\/comments?post=2327"}],"version-history":[{"count":6,"href":"https:\/\/agora.xtec.cat\/ieselpalau\/wp-json\/wp\/v2\/pages\/2327\/revisions"}],"predecessor-version":[{"id":4222,"href":"https:\/\/agora.xtec.cat\/ieselpalau\/wp-json\/wp\/v2\/pages\/2327\/revisions\/4222"}],"up":[{"embeddable":true,"href":"https:\/\/agora.xtec.cat\/ieselpalau\/wp-json\/wp\/v2\/pages\/1848"}],"wp:attachment":[{"href":"https:\/\/agora.xtec.cat\/ieselpalau\/wp-json\/wp\/v2\/media?parent=2327"}],"curies":[{"name":"wp","href":"https:\/\/api.w.org\/{rel}","templated":true}]}}