{"id":2324,"date":"2021-08-16T11:27:47","date_gmt":"2021-08-16T09:27:47","guid":{"rendered":"https:\/\/agora.xtec.cat\/ieselpalau\/?page_id=2324"},"modified":"2024-06-20T13:39:19","modified_gmt":"2024-06-20T11:39:19","slug":"matricula-batxillerat","status":"publish","type":"page","link":"https:\/\/agora.xtec.cat\/ieselpalau\/secretaria\/matricula-batxillerat\/","title":{"rendered":"Matr\u00edcula Batxillerat"},"content":{"rendered":"<p>Matr\u00edcula Batxillerat. <span style=\"font-family: inherit; font-size: 1em;\">Codi Centre: 08043671<\/span><\/p>\n<p><a href=\"https:\/\/aplicacions.gestioeducativa.gencat.cat\/pls\/apex\/f?p=CITA_PREVIA:4::::4:P4_TIPUS_CALENDARI,P4_DOMINI:03_BATX,08043671\" target=\"_blank\" rel=\"noopener\">Cita Pr\u00e8via<\/a><\/p>\n<p>1.- Matr\u00edcula 1r i 2n de batxillerat curs sencer 2024\/25<\/p>\n<table style=\"border-collapse: collapse; width: 49.1289%; height: 247px;\">\n<tbody>\n<tr>\n<td style=\"width: 100%;\"><a href=\"https:\/\/agora.xtec.cat\/ieselpalau\/wp-content\/uploads\/usu1081\/2024\/06\/Matriculacio-Batxilleratbo1ri2n.pdf\" target=\"_blank\" rel=\"noopener\">Matriculaci\u00f3 Batxillerat<\/a><\/td>\n<\/tr>\n<tr>\n<td style=\"width: 100%;\"><a href=\"https:\/\/agora.xtec.cat\/ieselpalau\/wp-content\/uploads\/usu1081\/2024\/06\/fitxa-MATRICULA-1r-Batx-24.25-CIENCIES-I-TECNOLOGIA.docx-2.pdf\" target=\"_blank\" rel=\"noopener\">Fitxa MATRICULA 1r batx.\u00a0 CI\u00c8NCIES I TECNOLOGIA<\/a><\/td>\n<\/tr>\n<tr>\n<td style=\"width: 100%;\"><a href=\"https:\/\/agora.xtec.cat\/ieselpalau\/wp-content\/uploads\/usu1081\/2024\/06\/fitxa-MATRICULA-1r-Batx-24.25-CIENCIES-SOCIALS-I-HUMANITATS-.docx-1.pdf\" target=\"_blank\" rel=\"noopener\">Fitxa MATRICULA 1r batx.\u00a0 CI\u00c8NCIES SOCIALS I HUMANITATS<\/a><\/td>\n<\/tr>\n<tr>\n<td style=\"width: 100%;\"><a href=\"https:\/\/agora.xtec.cat\/ieselpalau\/wp-content\/uploads\/usu1081\/2024\/06\/fitxa-MATRICULA-2n-Batx-24.25-CIENCIES-I-TECNOLOGIA.docx-1.pdf\" target=\"_blank\" rel=\"noopener\">Fitxa MATRICULA 2n batx. CI\u00c8NCIES I TECNOLOGIA<\/a><\/td>\n<\/tr>\n<tr>\n<td style=\"width: 100%;\"><a href=\"https:\/\/agora.xtec.cat\/ieselpalau\/wp-content\/uploads\/usu1081\/2024\/06\/fitxa-MATRICULA-2n-Batx-24.-25-HUMANITATS-I-CIENCIES-SOCIALS.docx-1.pdf\" target=\"_blank\" rel=\"noopener\">Fitxa MATRICULA 2n batx. CI\u00c8NCIES SOCIALS I HUMANITATS<\/a><\/td>\n<\/tr>\n<tr>\n<td style=\"width: 100%;\"><a href=\"https:\/\/agora.xtec.cat\/ieselpalau\/wp-content\/uploads\/usu1081\/2021\/07\/2_1-Autoritzacio-Sortides-poble-ISO.pdf\" target=\"_blank\" rel=\"noopener noreferrer\">Autoritzaci\u00f3 Sortides poble<\/a><\/td>\n<\/tr>\n<tr>\n<td style=\"width: 100%;\"><a href=\"https:\/\/agora.xtec.cat\/ieselpalau\/wp-content\/uploads\/usu1081\/2021\/07\/2_2-Autoritzacio-Imatge-logo-ISO.pdf\" target=\"_blank\" rel=\"noopener noreferrer\">Autoritzaci\u00f3 Imatge<\/a><\/td>\n<\/tr>\n<tr>\n<td style=\"width: 100%;\"><a href=\"https:\/\/agora.xtec.cat\/ieselpalau\/wp-content\/uploads\/usu1081\/2021\/07\/2_3-Autoritzaci\u00f3-comunicaci\u00f3-amb-les-fam\u00edlies.pdf\" target=\"_blank\" rel=\"noopener noreferrer\">Autoritzaci\u00f3 comunicaci\u00f3 amb les fam\u00edlies<\/a><\/td>\n<\/tr>\n<\/tbody>\n<\/table>\n<p>2.- Matr\u00edcula 2n batxillerat mat\u00e8ries soltes 2024\/25<\/p>\n<table style=\"border-collapse: collapse; width: 49.0418%; height: 35px;\">\n<tbody>\n<tr style=\"height: 36px;\">\n<td style=\"width: 100%; height: 36px;\"><a href=\"https:\/\/agora.xtec.cat\/ieselpalau\/wp-content\/uploads\/usu1081\/2024\/06\/Matriculacio-2n-Batxilleratrepetidorsoltesalumnat-centre-1.pdf\" target=\"_blank\" rel=\"noopener\">Matriculaci\u00f3 2n Batxillerat repetidors i soltes<\/a><\/td>\n<\/tr>\n<tr style=\"height: 36px;\">\n<td style=\"width: 100%; height: 36px;\"><a href=\"https:\/\/agora.xtec.cat\/ieselpalau\/wp-content\/uploads\/usu1081\/2024\/06\/fitxa-MATRICULA-2n-Batx.-soltes-23.24.docx-1.pdf\" target=\"_blank\" rel=\"noopener\">Fitxa matr\u00edcula 2n batx. soltes<\/a><\/td>\n<\/tr>\n<tr style=\"height: 36px;\">\n<td style=\"width: 100%; height: 36px;\"><a href=\"https:\/\/agora.xtec.cat\/ieselpalau\/wp-content\/uploads\/usu1081\/2021\/07\/2_1-Autoritzacio-Sortides-poble-ISO.pdf\" target=\"_blank\" rel=\"noopener noreferrer\">Autoritzaci\u00f3 Sortides poble<\/a><\/td>\n<\/tr>\n<\/tbody>\n<\/table>\n<p>&nbsp;<\/p>\n","protected":false},"excerpt":{"rendered":"<p>Matr\u00edcula Batxillerat. Codi Centre: 08043671<br \/>\n<a href=\"https:\/\/aplicacions.gestioeducativa.gencat.cat\/pls\/apex\/f?p=CITA_PREVIA:4::::4:P4_TIPUS_CALENDARI,P4_DOMINI:03_BATX,08043671\" target=\"_blank\" rel=\"noopener\">Cita Pr\u00e8via<\/a><br \/>\n1.- Matr\u00edcula 1r i 2n de batxillerat curs sencer 2024\/25<\/p>\n<p><a href=\"https:\/\/agora.xtec.cat\/ieselpalau\/wp-content\/uploads\/usu1081\/2024\/06\/Matriculacio-Batxilleratbo1ri2n.pdf\" target=\"_blank\" rel=\"noopener\">Matriculaci\u00f3 Batxillerat<\/a><\/p>\n<p><a href=\"https:\/\/agora.xtec.cat\/ieselpalau\/wp-content\/uploads\/usu1081\/2024\/06\/fitxa-MATRICULA-1r-Batx-24.25-CIENCIES-I-TECNOLOGIA.docx-2.pdf\" target=\"_blank\" rel=\"noopener\">Fitxa MATRICULA 1r batx.\u00a0 CI\u00c8NCIES I TECNOLOGIA<\/a><\/p>\n<p><a href=\"https:\/\/agora.xtec.cat\/ieselpalau\/wp-content\/uploads\/usu1081\/2024\/06\/fitxa-MATRICULA-1r-Batx-24.25-CIENCIES-SOCIALS-I-HUMANITATS-.docx-1.pdf\" target=\"_blank\" rel=\"noopener\">Fitxa MATRICULA 1r batx.\u00a0 CI\u00c8NCIES SOCIALS I HUMANITATS<\/a><\/p>\n<p><a href=\"https:\/\/agora.xtec.cat\/ieselpalau\/wp-content\/uploads\/usu1081\/2024\/06\/fitxa-MATRICULA-2n-Batx-24.25-CIENCIES-I-TECNOLOGIA.docx-1.pdf\" target=\"_blank\" rel=\"noopener\">Fitxa MATRICULA&hellip;  <a href=\"https:\/\/agora.xtec.cat\/ieselpalau\/secretaria\/matricula-batxillerat\/\" title=\"Read Matr\u00edcula Batxillerat\">Llegeix m\u00e9s\u00bb<\/a><\/p>\n","protected":false},"author":1,"featured_media":0,"parent":1848,"menu_order":3,"comment_status":"closed","ping_status":"closed","template":"page-templates\/side-menu.php","meta":{"_bbp_topic_count":0,"_bbp_reply_count":0,"_bbp_total_topic_count":0,"_bbp_total_reply_count":0,"_bbp_voice_count":0,"_bbp_anonymous_reply_count":0,"_bbp_topic_count_hidden":0,"_bbp_reply_count_hidden":0,"_bbp_forum_subforum_count":0,"footnotes":""},"class_list":["post-2324","page","type-page","status-publish","hentry"],"post_mailing_queue_ids":[],"_links":{"self":[{"href":"https:\/\/agora.xtec.cat\/ieselpalau\/wp-json\/wp\/v2\/pages\/2324","targetHints":{"allow":["GET"]}}],"collection":[{"href":"https:\/\/agora.xtec.cat\/ieselpalau\/wp-json\/wp\/v2\/pages"}],"about":[{"href":"https:\/\/agora.xtec.cat\/ieselpalau\/wp-json\/wp\/v2\/types\/page"}],"author":[{"embeddable":true,"href":"https:\/\/agora.xtec.cat\/ieselpalau\/wp-json\/wp\/v2\/users\/1"}],"replies":[{"embeddable":true,"href":"https:\/\/agora.xtec.cat\/ieselpalau\/wp-json\/wp\/v2\/comments?post=2324"}],"version-history":[{"count":7,"href":"https:\/\/agora.xtec.cat\/ieselpalau\/wp-json\/wp\/v2\/pages\/2324\/revisions"}],"predecessor-version":[{"id":4208,"href":"https:\/\/agora.xtec.cat\/ieselpalau\/wp-json\/wp\/v2\/pages\/2324\/revisions\/4208"}],"up":[{"embeddable":true,"href":"https:\/\/agora.xtec.cat\/ieselpalau\/wp-json\/wp\/v2\/pages\/1848"}],"wp:attachment":[{"href":"https:\/\/agora.xtec.cat\/ieselpalau\/wp-json\/wp\/v2\/media?parent=2324"}],"curies":[{"name":"wp","href":"https:\/\/api.w.org\/{rel}","templated":true}]}}