{"id":2320,"date":"2021-08-16T11:16:19","date_gmt":"2021-08-16T09:16:19","guid":{"rendered":"https:\/\/agora.xtec.cat\/ieselpalau\/?page_id=2320"},"modified":"2025-05-28T18:21:25","modified_gmt":"2025-05-28T16:21:25","slug":"matricula-cicles-formatius","status":"publish","type":"page","link":"https:\/\/agora.xtec.cat\/ieselpalau\/secretaria\/matricula-cicles-formatius\/","title":{"rendered":"Matr\u00edcula Cicles Formatius &#8211; Curs 2024-2025"},"content":{"rendered":"<p>En aquesta p\u00e0gina trobareu les instruccions per a efectuar la matricula als cicles formatius.<\/p>\n<p>No s\u2019acceptar\u00e0 cap matr\u00edcula amb la documentaci\u00f3 incompleta, formularis incomplets i sense els comprovants de pagament corresponents.<\/p>\n<p>Important! Quan acabeu d\u2019omplir qualsevol formulari editable pel seu enviament o impressi\u00f3, heu de imprimir-lo com a PDF per tal que ja no sigui editable i no es pugui manipular.<\/p>\n<p>Per a la presentaci\u00f3 de la documentaci\u00f3 a la secretaria del centre <strong>nom\u00e9s l&#8217;alumnat de nova incorporaci\u00f3 i repetidors de 2n curs ha<\/strong> <strong>sol\u00b7licitar cita pr\u00e8via<\/strong>:<\/p>\n<ul>\n<li style=\"list-style-type: none;\">\n<ul>\n<li style=\"list-style-type: none;\">\n<ul>\n<li style=\"list-style-type: none;\">\n<ul>\n<li style=\"list-style-type: none;\">\n<ul>\n<li>Grau Mitj\u00e0: <a href=\"https:\/\/aplicacions.gestioeducativa.gencat.cat\/pls\/apex\/f?p=CITA_PREVIA:4::::4:P4_TIPUS_CALENDARI,P4_DOMINI:03_CGM,08043671\" target=\"_blank\" rel=\"noopener\">cita pr\u00e8via<\/a>\u00a0del 17 al 22 de juliol<\/li>\n<li>Grau Superior: <a href=\"https:\/\/aplicacions.gestioeducativa.gencat.cat\/pls\/apex\/f?p=CITA_PREVIA:4::::4:P4_TIPUS_CALENDARI,P4_DOMINI:03_CGS,08043671\" target=\"_blank\" rel=\"noopener\">cita pr\u00e8via<\/a> del 15 al 18 de juliol<\/li>\n<\/ul>\n<\/li>\n<\/ul>\n<\/li>\n<\/ul>\n<\/li>\n<\/ul>\n<\/li>\n<\/ul>\n<p>Per fer la compra de llibres mireu <strong><span style=\"color: #0000ff;\"><a style=\"color: #0000ff;\" href=\"https:\/\/agora.xtec.cat\/ieselpalau\/wp-content\/uploads\/usu1081\/2024\/07\/Llibres-CCFF-curs-2024-2025.pdf\" target=\"_blank\" rel=\"noopener\"><span style=\"color: #0000ff;\">el llistat<\/span>\u00a0<\/a><\/span><\/strong> i seguiu les <a href=\"https:\/\/agora.xtec.cat\/ieselpalau\/general\/proces-de-compra-de-llibres-curs-2024-2025\/\" target=\"_blank\" rel=\"noopener\">instruccions.<\/a><\/p>\n<h2>Documentaci\u00f3 a trametre:<\/h2>\n<table style=\"height: 873px; width: 101.174%;\" width=\"1063\">\n<tbody>\n<tr style=\"height: 39px;\">\n<td style=\"width: 49.0658%; height: 39px;\"><strong>Alumnes de nova incorporaci\u00f3 al centre o repetidors<\/strong><\/td>\n<td style=\"width: 73.138%; height: 39px;\"><strong>Alumnes que passen de curs amb o sense pendents de 1r curs<\/strong><\/td>\n<\/tr>\n<tr style=\"height: 32px;\">\n<td style=\"width: 49.0658%; height: 32px;\"><a href=\"https:\/\/agora.xtec.cat\/ieselpalau\/wp-content\/uploads\/usu1081\/2023\/05\/Full-checklist_nova-incorporacio.pdf\" target=\"_blank\" rel=\"noopener noreferrer\">Full Checklist 1<\/a><\/td>\n<td style=\"width: 73.138%; height: 32px;\"><a href=\"https:\/\/agora.xtec.cat\/ieselpalau\/wp-content\/uploads\/usu1081\/2023\/05\/Full-checklist_alumnes-centre.pdf\" target=\"_blank\" rel=\"noopener noreferrer\">Full Checklist 2<\/a><\/td>\n<\/tr>\n<tr style=\"height: 32px;\">\n<td style=\"width: 49.0658%; height: 32px;\">T\u00edtol o resguard d\u2019acc\u00e9s al Cicle Formatiu (nom\u00e9s per noves incorporacions)<\/p>\n<p>NIF o passaport alumne i tutors legals (en cas d\u2019alumne menor d\u2019edat) (nom\u00e9s per noves incorporacions)<\/p>\n<p>Llibre de fam\u00edlia o Partida de naixement (en cas d\u2019alumne menor d\u2019edat) (nom\u00e9s per noves incorporacions)<\/p>\n<p>Targeta sanit\u00e0ria (nom\u00e9s per noves incorporacions)<\/p>\n<p><a href=\"https:\/\/agora.xtec.cat\/ieselpalau\/wp-content\/uploads\/usu1081\/2023\/05\/Autoritzacio-imatge.pdf\" target=\"_blank\" rel=\"noopener noreferrer\">Full Autoritzaci\u00f3 dret d\u2019imatge (nom\u00e9s per noves incorporacions)<\/a><\/p>\n<p><a href=\"https:\/\/agora.xtec.cat\/ieselpalau\/wp-content\/uploads\/usu1081\/2022\/06\/Autoritzacio-comunicacio-de-dades-alumne.pdf\" target=\"_blank\" rel=\"noopener noreferrer\">Full d\u2019autoritzaci\u00f3 comunicaci\u00f3 de dades alumne (nom\u00e9s per noves incorporacions)<\/a><\/td>\n<td style=\"width: 73.138%; height: 32px;\"><\/td>\n<\/tr>\n<tr style=\"height: 49px;\">\n<td style=\"width: 49.0658%; height: 49px;\"><a href=\"https:\/\/agora.xtec.cat\/ieselpalau\/wp-content\/uploads\/usu1081\/2024\/06\/Full-compromis.pdf\" target=\"_blank\" rel=\"noopener\">Full Comprom\u00eds i acceptaci\u00f3 de les condicions de la formaci\u00f3 en alternan\u00e7a<\/a><\/td>\n<td style=\"width: 73.138%; height: 49px;\"><a href=\"https:\/\/agora.xtec.cat\/ieselpalau\/wp-content\/uploads\/usu1081\/2024\/06\/Full-compromis.pdf\" target=\"_blank\" rel=\"noopener\">Full Comprom\u00eds i acceptaci\u00f3 de les condicions de la formaci\u00f3 en alternan\u00e7a<\/a><\/td>\n<\/tr>\n<tr style=\"height: 32px;\">\n<td style=\"width: 49.0658%; height: 32px;\">\n<ul>\n<li><a href=\"https:\/\/agora.xtec.cat\/ieselpalau\/wp-content\/uploads\/usu1081\/2024\/06\/Solicitud-matricula-CFGM.pdf\" target=\"_blank\" rel=\"noopener noreferrer\">Sol\u00b7licitud\u00a0 matr\u00edcula grau mitj\u00e0<\/a><\/li>\n<li><a href=\"https:\/\/agora.xtec.cat\/ieselpalau\/wp-content\/uploads\/usu1081\/2024\/06\/Solicitud-matricula-CFGS.pdf\" target=\"_blank\" rel=\"noopener noreferrer\">Sol\u00b7licitud\u00a0 matr\u00edcula grau superior<\/a><\/li>\n<\/ul>\n<\/td>\n<td style=\"width: 73.138%; height: 32px;\">\n<ul>\n<li><a href=\"https:\/\/agora.xtec.cat\/ieselpalau\/wp-content\/uploads\/usu1081\/2024\/06\/Solicitud-matricula-CFGM.pdf\" target=\"_blank\" rel=\"noopener noreferrer\">Sol\u00b7licitud\u00a0 matr\u00edcula grau mitj\u00e0<\/a><\/li>\n<li><a href=\"https:\/\/agora.xtec.cat\/ieselpalau\/wp-content\/uploads\/usu1081\/2024\/06\/Solicitud-matricula-CFGS.pdf\" target=\"_blank\" rel=\"noopener noreferrer\">Sol\u00b7licitud\u00a0 matr\u00edcula grau superior<\/a><\/li>\n<\/ul>\n<\/td>\n<\/tr>\n<tr style=\"height: 290px;\">\n<td style=\"width: 49.0658%; height: 290px;\">Full d\u2019elecci\u00f3 m\u00f2duls:<\/p>\n<p><strong>Grau Mitj\u00e0<\/strong><br \/>\n<a href=\"https:\/\/agora.xtec.cat\/ieselpalau\/wp-content\/uploads\/usu1081\/2024\/06\/Eleccio-moduls-EE10.pdf\" target=\"_blank\" rel=\"noopener\">Instal\u00b7lacions el\u00e8ctriques i autom\u00e0tiques (EE10)<\/a><br \/>\n<a href=\"https:\/\/agora.xtec.cat\/ieselpalau\/wp-content\/uploads\/usu1081\/2024\/06\/Eleccio-moduls-AG10.pdf\" target=\"_blank\" rel=\"noopener\">Gesti\u00f3 Administrativa (AG10)<\/a><br \/>\n<a href=\"https:\/\/agora.xtec.cat\/ieselpalau\/wp-content\/uploads\/usu1081\/2024\/06\/Eleccio-moduls-FM20.pdf\" target=\"_blank\" rel=\"noopener\">Mecanitzaci\u00f3 (FM20)<\/a><br \/>\n<a href=\"https:\/\/agora.xtec.cat\/ieselpalau\/wp-content\/uploads\/usu1081\/2024\/06\/Eleccio-moduls-FM10.pdf\" target=\"_blank\" rel=\"noopener\">Soldadura i Caldereria (FM10)<\/a><\/p>\n<p><strong>Grau Superior<\/strong><br \/>\n<a href=\"https:\/\/agora.xtec.cat\/ieselpalau\/wp-content\/uploads\/usu1081\/2024\/06\/Eleccio-moduls-EEB0.pdf\" target=\"_blank\" rel=\"noopener\">Automatitzaci\u00f3 i rob\u00f2tica industrial (EEB0)<\/a><br \/>\n<a href=\"https:\/\/agora.xtec.cat\/ieselpalau\/wp-content\/uploads\/usu1081\/2024\/06\/Eleccio-moduls-AGB0.pdf\" target=\"_blank\" rel=\"noopener\">Administraci\u00f3 i Finances (AGB0)<\/a><br \/>\n<a href=\"https:\/\/agora.xtec.cat\/ieselpalau\/wp-content\/uploads\/usu1081\/2024\/06\/Eleccio-moduls-FMB1.pdf\" target=\"_blank\" rel=\"noopener\">Programaci\u00f3 de la Producci\u00f3 en Fabricaci\u00f3 Mec\u00e0nica, perfil professional motlles i matrius (FMB1)<\/a><\/td>\n<td style=\"width: 73.138%; height: 290px;\">Full d\u2019elecci\u00f3 m\u00f2duls:<\/p>\n<p><strong>Grau Mitj\u00e0<\/strong><br \/>\n<a href=\"https:\/\/agora.xtec.cat\/ieselpalau\/wp-content\/uploads\/usu1081\/2024\/06\/Eleccio-materies-ELEM.pdf\" target=\"_blank\" rel=\"noopener\">Instal\u00b7lacions el\u00e8ctriques i autom\u00e0tiques (EE10)<\/a><br \/>\n<a href=\"https:\/\/agora.xtec.cat\/ieselpalau\/wp-content\/uploads\/usu1081\/2024\/06\/Eleccio-materies-GESM.pdf\" target=\"_blank\" rel=\"noopener\">Gesti\u00f3 Administrativa (AG10)<\/a><br \/>\n<a href=\"https:\/\/agora.xtec.cat\/ieselpalau\/wp-content\/uploads\/usu1081\/2024\/06\/Eleccio-materies-MECM.pdf\" target=\"_blank\" rel=\"noopener\">Mecanitzaci\u00f3 (FM20)<\/a><br \/>\n<a href=\"https:\/\/agora.xtec.cat\/ieselpalau\/wp-content\/uploads\/usu1081\/2024\/06\/Eleccio-materies-SOLM.pdf\" target=\"_blank\" rel=\"noopener\">Soldadura i Caldereria (FM10)<\/a><\/p>\n<p><strong>Grau Superior<\/strong><br \/>\n<a href=\"https:\/\/agora.xtec.cat\/ieselpalau\/wp-content\/uploads\/usu1081\/2024\/06\/Eleccio-materies-ROBS.pdf\" target=\"_blank\" rel=\"noopener\">Automatitzaci\u00f3 i rob\u00f2tica industrial (EEB0)<\/a><br \/>\n<a href=\"https:\/\/agora.xtec.cat\/ieselpalau\/wp-content\/uploads\/usu1081\/2024\/06\/Eleccio-materies-ADMS.pdf\" target=\"_blank\" rel=\"noopener\">Administraci\u00f3 i Finances (AGB0)<\/a><br \/>\n<a href=\"https:\/\/agora.xtec.cat\/ieselpalau\/wp-content\/uploads\/usu1081\/2024\/06\/Eleccio-materies-MECS.pdf\" target=\"_blank\" rel=\"noopener\">Programaci\u00f3 de la Producci\u00f3 en Fabricaci\u00f3 Mec\u00e0nica, perfil professional motlles i matrius (FMB1)<\/a><\/td>\n<\/tr>\n<tr style=\"height: 142px;\">\n<td style=\"width: 122.204%; height: 142px;\" colspan=\"2\">Pagaments a Banc Sabadell:<\/p>\n<ul>\n<li>Full pagament quota material i asseguran\u00e7a escolar:\n<ul>\n<li style=\"list-style-type: none;\">\n<ul>\n<li><a href=\"https:\/\/agora.xtec.cat\/ieselpalau\/wp-content\/uploads\/usu1081\/2024\/06\/Quota-material-1AG10-1.pdf\" target=\"_blank\" rel=\"noopener\">1r CFGM Gesti\u00f3 administrativa<\/a><\/li>\n<li><a href=\"https:\/\/agora.xtec.cat\/ieselpalau\/wp-content\/uploads\/usu1081\/2024\/06\/Quota-material-2AG10.pdf\" target=\"_blank\" rel=\"noopener\">2n CFGM Gesti\u00f3 administrativa<\/a><\/li>\n<li><a href=\"https:\/\/agora.xtec.cat\/ieselpalau\/wp-content\/uploads\/usu1081\/2024\/06\/Quota-material-1AGB0-1.pdf\" target=\"_blank\" rel=\"noopener\">1r CFGS Administraci\u00f3 i finances<\/a><\/li>\n<li><a href=\"https:\/\/agora.xtec.cat\/ieselpalau\/wp-content\/uploads\/usu1081\/2024\/06\/Quota-material-2AGB0.pdf\" target=\"_blank\" rel=\"noopener\">2n CFGS Administraci\u00f3 i finances<\/a><\/li>\n<li><a href=\"https:\/\/agora.xtec.cat\/ieselpalau\/wp-content\/uploads\/usu1081\/2024\/06\/Quota-material-1EE10-1.pdf\" target=\"_blank\" rel=\"noopener\">1r CFGM Instal\u00b7lacions el\u00e8ctriques i autom\u00e0tiques<\/a><\/li>\n<li><a href=\"https:\/\/agora.xtec.cat\/ieselpalau\/wp-content\/uploads\/usu1081\/2024\/06\/Quota-material-2EE10.pdf\" target=\"_blank\" rel=\"noopener\">2n CFGM Instal\u00b7lacions el\u00e8ctriques i autom\u00e0tiques<\/a><\/li>\n<li><a href=\"https:\/\/agora.xtec.cat\/ieselpalau\/wp-content\/uploads\/usu1081\/2024\/06\/Quota-material-1EEB0-1.pdf\" target=\"_blank\" rel=\"noopener\">1r CFGS Automatitzaci\u00f3 i rob\u00f2tica industrial<\/a><\/li>\n<li><a href=\"https:\/\/agora.xtec.cat\/ieselpalau\/wp-content\/uploads\/usu1081\/2024\/06\/Quota-material-2EEB0.pdf\" target=\"_blank\" rel=\"noopener\">2n CFGS Automatitzaci\u00f3 i rob\u00f2tica industrial<\/a><\/li>\n<li><a href=\"https:\/\/agora.xtec.cat\/ieselpalau\/wp-content\/uploads\/usu1081\/2024\/06\/Quota-material-1FM20-1.pdf\" target=\"_blank\" rel=\"noopener\">1r CFGM Mecanitzaci\u00f3<\/a><\/li>\n<li><a href=\"https:\/\/agora.xtec.cat\/ieselpalau\/wp-content\/uploads\/usu1081\/2024\/06\/Quota-material-2FM20.pdf\" target=\"_blank\" rel=\"noopener\">2n CFGM Mecanitzaci\u00f3<\/a><\/li>\n<li><a href=\"https:\/\/agora.xtec.cat\/ieselpalau\/wp-content\/uploads\/usu1081\/2024\/06\/Quota-material-1FM10-1.pdf\" target=\"_blank\" rel=\"noopener\">1r CFGM Soldadura i Caldereria<\/a><\/li>\n<li><a href=\"https:\/\/agora.xtec.cat\/ieselpalau\/wp-content\/uploads\/usu1081\/2024\/06\/Quota-material-2FM10.pdf\" target=\"_blank\" rel=\"noopener\">2n CFGM Soldadura i Caldereria<\/a><\/li>\n<li><a href=\"https:\/\/agora.xtec.cat\/ieselpalau\/wp-content\/uploads\/usu1081\/2024\/06\/Quota-material-1FMB1-1.pdf\" target=\"_blank\" rel=\"noopener\">1r CFGS Programaci\u00f3 de la producci\u00f3 en fabricaci\u00f3 mec\u00e0nica, perfil professionals motlles i matrius<\/a><\/li>\n<li><a href=\"https:\/\/agora.xtec.cat\/ieselpalau\/wp-content\/uploads\/usu1081\/2024\/06\/Quota-material-2FMB1.pdf\" target=\"_blank\" rel=\"noopener\">2n CFGS Programaci\u00f3 de la producci\u00f3 en fabricaci\u00f3 mec\u00e0nica, perfil professionals motlles i matrius<\/a><\/li>\n<\/ul>\n<\/li>\n<\/ul>\n<\/li>\n<li>Comprovants pagaments quota material i asseguran\u00e7a<\/li>\n<\/ul>\n<p>&nbsp;<\/td>\n<\/tr>\n<tr style=\"height: 187px;\">\n<td style=\"width: 122.204%; height: 187px;\" colspan=\"2\">Full i comprovant de pagament preu p\u00fablic matr\u00edcula Generalitat (<strong>solament grau superior<\/strong>). Si existeix bonificaci\u00f3 tamb\u00e9 s\u2019ha d\u2019aportar el document justificatiu<\/p>\n<ul>\n<li>Full Pagament preu p\u00fablic matr\u00edcula:\n<ul>\n<li style=\"list-style-type: none;\">\n<ul>\n<li><a href=\"https:\/\/agora.xtec.cat\/ieselpalau\/wp-content\/uploads\/usu1081\/2024\/06\/Matricula-1AGB0.pdf\" target=\"_blank\" rel=\"noopener\">1r CFGS Administraci\u00f3 i finances<\/a><\/li>\n<li><a href=\"https:\/\/agora.xtec.cat\/ieselpalau\/wp-content\/uploads\/usu1081\/2024\/06\/Matricula-2AGB0.pdf\" target=\"_blank\" rel=\"noopener\">2n CFGS Administraci\u00f3 i finances<\/a><\/li>\n<li><a href=\"https:\/\/agora.xtec.cat\/ieselpalau\/wp-content\/uploads\/usu1081\/2024\/06\/Matricula-1EEB0.pdf\" target=\"_blank\" rel=\"noopener\">1r CFGS Automatitzaci\u00f3 i rob\u00f2tica industrial<\/a><\/li>\n<li><a href=\"https:\/\/agora.xtec.cat\/ieselpalau\/wp-content\/uploads\/usu1081\/2024\/06\/Matricula-2EEB0.pdf\" target=\"_blank\" rel=\"noopener\">2n CFGS Automatitzaci\u00f3 i rob\u00f2tica industrial<\/a><\/li>\n<li><a href=\"https:\/\/agora.xtec.cat\/ieselpalau\/wp-content\/uploads\/usu1081\/2024\/06\/Matricula-1FMB1.pdf\" target=\"_blank\" rel=\"noopener\">1r CFGS Programaci\u00f3 de la producci\u00f3 en fabricaci\u00f3 mec\u00e0nica, perfil professionals motlles i matrius<\/a><\/li>\n<li><a href=\"https:\/\/agora.xtec.cat\/ieselpalau\/wp-content\/uploads\/usu1081\/2024\/06\/Matricula-2FMB1.pdf\" target=\"_blank\" rel=\"noopener\">2n CFGS Programaci\u00f3 de la producci\u00f3 en fabricaci\u00f3 mec\u00e0nica, perfil professionals motlles i matrius<\/a><\/li>\n<\/ul>\n<\/li>\n<\/ul>\n<\/li>\n<li>Comprovant pagament de matr\u00edcula grau superior<\/li>\n<li>Document justificatiu bonificaci\u00f3 (<strong>si s\u2019escau<\/strong>)<\/li>\n<\/ul>\n<\/td>\n<\/tr>\n<tr style=\"height: 78px;\">\n<td style=\"width: 49.0658%; height: 38px;\"><a href=\"https:\/\/agora.xtec.cat\/ieselpalau\/ampa\/\" target=\"_blank\" rel=\"noopener noreferrer\">Quota AFA<\/a>. Ser socis de l\u2019AMPA t\u00e9 avantatges.<\/td>\n<td style=\"width: 73.138%; height: 38px;\"><a href=\"https:\/\/agora.xtec.cat\/ieselpalau\/ampa\/\" target=\"_blank\" rel=\"noopener noreferrer\">Quota AFA<\/a>. Ser socis de l\u2019AMPA t\u00e9 avantatges.<\/td>\n<\/tr>\n<tr style=\"height: 32px;\">\n<td style=\"width: 49.0658%; height: 32px;\">Altra documentaci\u00f3<\/td>\n<td style=\"width: 73.138%; height: 32px;\">Altra documentaci\u00f3<\/td>\n<\/tr>\n<\/tbody>\n<\/table>\n<ul>\n<li>Per a informaci\u00f3 a l&#8217;hora d&#8217;emplenar el full &#8220;Comprom\u00eds i acceptaci\u00f3 de les condicions de la formaci\u00f3 en alternan\u00e7a&#8221; disposeu de la seg\u00fcent informaci\u00f3 (obrir QR):<\/li>\n<\/ul>\n<p><a href=\"https:\/\/docs.google.com\/presentation\/d\/e\/2PACX-1vQ1BEj2xIk9WGv_1SrgtIBPP0vxZgA4yab0JWBGg8CgE9pUZS7ebm1YIwuppLhs1Q\/pub?start=false&amp;loop=false&amp;delayms=3000\" target=\"_blank\" rel=\"noopener\"><img loading=\"lazy\" decoding=\"async\" class=\"alignnone wp-image-3035\" src=\"https:\/\/agora.xtec.cat\/ieselpalau\/wp-content\/uploads\/usu1081\/2022\/07\/FP_Dual-300x300.png\" alt=\"\" width=\"220\" height=\"220\" srcset=\"https:\/\/agora.xtec.cat\/ieselpalau\/wp-content\/uploads\/usu1081\/2022\/07\/FP_Dual-300x300.png 300w, https:\/\/agora.xtec.cat\/ieselpalau\/wp-content\/uploads\/usu1081\/2022\/07\/FP_Dual-1024x1024.png 1024w, https:\/\/agora.xtec.cat\/ieselpalau\/wp-content\/uploads\/usu1081\/2022\/07\/FP_Dual-150x150.png 150w, https:\/\/agora.xtec.cat\/ieselpalau\/wp-content\/uploads\/usu1081\/2022\/07\/FP_Dual-768x768.png 768w, https:\/\/agora.xtec.cat\/ieselpalau\/wp-content\/uploads\/usu1081\/2022\/07\/FP_Dual.png 1035w\" sizes=\"auto, (max-width: 220px) 100vw, 220px\" \/><\/a><\/p>\n","protected":false},"excerpt":{"rendered":"<p>En aquesta p\u00e0gina trobareu les instruccions per a efectuar la matricula als cicles formatius.<br \/>\nNo s\u2019acceptar\u00e0 cap matr\u00edcula amb la documentaci\u00f3 incompleta, formularis incomplets i sense els comprovants de pagament corresponents.<br \/>\nImportant! Quan acabeu d\u2019omplir qualsevol formulari editable pel seu enviament o impressi\u00f3, heu de imprimir-lo com&hellip;  <a href=\"https:\/\/agora.xtec.cat\/ieselpalau\/secretaria\/matricula-cicles-formatius\/\" title=\"Read Matr\u00edcula Cicles Formatius &#8211; Curs 2024-2025\">Llegeix m\u00e9s\u00bb<\/a><\/p>\n","protected":false},"author":1,"featured_media":0,"parent":1848,"menu_order":5,"comment_status":"closed","ping_status":"closed","template":"page-templates\/side-menu.php","meta":{"_bbp_topic_count":0,"_bbp_reply_count":0,"_bbp_total_topic_count":0,"_bbp_total_reply_count":0,"_bbp_voice_count":0,"_bbp_anonymous_reply_count":0,"_bbp_topic_count_hidden":0,"_bbp_reply_count_hidden":0,"_bbp_forum_subforum_count":0,"footnotes":""},"class_list":["post-2320","page","type-page","status-publish","hentry"],"post_mailing_queue_ids":[],"_links":{"self":[{"href":"https:\/\/agora.xtec.cat\/ieselpalau\/wp-json\/wp\/v2\/pages\/2320","targetHints":{"allow":["GET"]}}],"collection":[{"href":"https:\/\/agora.xtec.cat\/ieselpalau\/wp-json\/wp\/v2\/pages"}],"about":[{"href":"https:\/\/agora.xtec.cat\/ieselpalau\/wp-json\/wp\/v2\/types\/page"}],"author":[{"embeddable":true,"href":"https:\/\/agora.xtec.cat\/ieselpalau\/wp-json\/wp\/v2\/users\/1"}],"replies":[{"embeddable":true,"href":"https:\/\/agora.xtec.cat\/ieselpalau\/wp-json\/wp\/v2\/comments?post=2320"}],"version-history":[{"count":7,"href":"https:\/\/agora.xtec.cat\/ieselpalau\/wp-json\/wp\/v2\/pages\/2320\/revisions"}],"predecessor-version":[{"id":4946,"href":"https:\/\/agora.xtec.cat\/ieselpalau\/wp-json\/wp\/v2\/pages\/2320\/revisions\/4946"}],"up":[{"embeddable":true,"href":"https:\/\/agora.xtec.cat\/ieselpalau\/wp-json\/wp\/v2\/pages\/1848"}],"wp:attachment":[{"href":"https:\/\/agora.xtec.cat\/ieselpalau\/wp-json\/wp\/v2\/media?parent=2320"}],"curies":[{"name":"wp","href":"https:\/\/api.w.org\/{rel}","templated":true}]}}