{"id":2037,"date":"2021-05-14T17:31:38","date_gmt":"2021-05-14T15:31:38","guid":{"rendered":"https:\/\/agora.xtec.cat\/ieselpalau\/?page_id=2037"},"modified":"2024-06-14T13:23:35","modified_gmt":"2024-06-14T11:23:35","slug":"fp-basica-serveis-administratius","status":"publish","type":"page","link":"https:\/\/agora.xtec.cat\/ieselpalau\/secretaria\/fp-basica-serveis-administratius\/","title":{"rendered":"Matr\u00edcula FP B\u00e0sica, Serveis Administratius"},"content":{"rendered":"<p>Matriculaci\u00f3 FP B\u00e0sica, Serveis Administratius<\/p>\n<table style=\"height: 122px; width: 31.2598%;\" width=\"363\">\n<tbody>\n<tr>\n<td style=\"width: 358px;\"><a href=\"https:\/\/agora.xtec.cat\/ieselpalau\/wp-content\/uploads\/usu1081\/2024\/06\/MatriculaFPBasica.pdf\" target=\"_blank\" rel=\"noopener\">1- Instruccions Matr\u00edcula i pagament<\/a><\/td>\n<\/tr>\n<tr style=\"height: 32px;\">\n<td style=\"width: 358px; height: 32px;\"><a href=\"https:\/\/agora.xtec.cat\/ieselpalau\/wp-content\/uploads\/usu1081\/2021\/07\/2_1-Autoritzacio-Sortides-poble-ISO.pdf\" target=\"_blank\" rel=\"noopener noreferrer\">2- Autoritzaci\u00f3 Sortides poble<\/a><\/td>\n<\/tr>\n<tr style=\"height: 32px;\">\n<td style=\"width: 358px; height: 32px;\"><a href=\"https:\/\/agora.xtec.cat\/ieselpalau\/wp-content\/uploads\/usu1081\/2021\/07\/2_2-Autoritzacio-Imatge-logo-ISO.pdf\" target=\"_blank\" rel=\"noopener noreferrer\">3- Autoritzaci\u00f3 dret d&#8217;Imatge<\/a><\/td>\n<\/tr>\n<tr style=\"height: 32px;\">\n<td style=\"width: 358px; height: 32px;\"><a href=\"https:\/\/agora.xtec.cat\/ieselpalau\/wp-content\/uploads\/usu1081\/2023\/06\/2_3-Autoritzacio-comunicacio-amb-les-families.pdf\" target=\"_blank\" rel=\"noopener noreferrer\">4- Autoritzaci\u00f3 comunicaci\u00f3 amb les fam\u00edlies<\/a><\/td>\n<\/tr>\n<\/tbody>\n<\/table>\n","protected":false},"excerpt":{"rendered":"<p>Matriculaci\u00f3 FP B\u00e0sica, Serveis Administratius<\/p>\n<p><a href=\"https:\/\/agora.xtec.cat\/ieselpalau\/wp-content\/uploads\/usu1081\/2024\/06\/MatriculaFPBasica.pdf\" target=\"_blank\" rel=\"noopener\">1- Instruccions Matr\u00edcula i pagament<\/a><\/p>\n<p><a href=\"https:\/\/agora.xtec.cat\/ieselpalau\/wp-content\/uploads\/usu1081\/2021\/07\/2_1-Autoritzacio-Sortides-poble-ISO.pdf\" target=\"_blank\" rel=\"noopener noreferrer\">2- Autoritzaci\u00f3 Sortides poble<\/a><\/p>\n<p><a href=\"https:\/\/agora.xtec.cat\/ieselpalau\/wp-content\/uploads\/usu1081\/2021\/07\/2_2-Autoritzacio-Imatge-logo-ISO.pdf\" target=\"_blank\" rel=\"noopener noreferrer\">3- Autoritzaci\u00f3 dret d&#8217;Imatge<\/a><\/p>\n<p><a href=\"https:\/\/agora.xtec.cat\/ieselpalau\/wp-content\/uploads\/usu1081\/2023\/06\/2_3-Autoritzacio-comunicacio-amb-les-families.pdf\" target=\"_blank\" rel=\"noopener noreferrer\">4- Autoritzaci\u00f3 comunicaci\u00f3 amb les fam\u00edlies<\/a><\/p>\n","protected":false},"author":1,"featured_media":0,"parent":1848,"menu_order":4,"comment_status":"closed","ping_status":"closed","template":"page-templates\/side-menu.php","meta":{"_bbp_topic_count":0,"_bbp_reply_count":0,"_bbp_total_topic_count":0,"_bbp_total_reply_count":0,"_bbp_voice_count":0,"_bbp_anonymous_reply_count":0,"_bbp_topic_count_hidden":0,"_bbp_reply_count_hidden":0,"_bbp_forum_subforum_count":0,"footnotes":""},"class_list":["post-2037","page","type-page","status-publish","hentry"],"post_mailing_queue_ids":[],"_links":{"self":[{"href":"https:\/\/agora.xtec.cat\/ieselpalau\/wp-json\/wp\/v2\/pages\/2037","targetHints":{"allow":["GET"]}}],"collection":[{"href":"https:\/\/agora.xtec.cat\/ieselpalau\/wp-json\/wp\/v2\/pages"}],"about":[{"href":"https:\/\/agora.xtec.cat\/ieselpalau\/wp-json\/wp\/v2\/types\/page"}],"author":[{"embeddable":true,"href":"https:\/\/agora.xtec.cat\/ieselpalau\/wp-json\/wp\/v2\/users\/1"}],"replies":[{"embeddable":true,"href":"https:\/\/agora.xtec.cat\/ieselpalau\/wp-json\/wp\/v2\/comments?post=2037"}],"version-history":[{"count":6,"href":"https:\/\/agora.xtec.cat\/ieselpalau\/wp-json\/wp\/v2\/pages\/2037\/revisions"}],"predecessor-version":[{"id":4225,"href":"https:\/\/agora.xtec.cat\/ieselpalau\/wp-json\/wp\/v2\/pages\/2037\/revisions\/4225"}],"up":[{"embeddable":true,"href":"https:\/\/agora.xtec.cat\/ieselpalau\/wp-json\/wp\/v2\/pages\/1848"}],"wp:attachment":[{"href":"https:\/\/agora.xtec.cat\/ieselpalau\/wp-json\/wp\/v2\/media?parent=2037"}],"curies":[{"name":"wp","href":"https:\/\/api.w.org\/{rel}","templated":true}]}}