{"id":195,"date":"2014-09-22T10:39:39","date_gmt":"2014-09-22T10:39:39","guid":{"rendered":"http:\/\/agora.xtec.cat\/ieselpalau\/?page_id=195"},"modified":"2025-03-19T18:21:30","modified_gmt":"2025-03-19T17:21:30","slug":"estudis","status":"publish","type":"page","link":"https:\/\/agora.xtec.cat\/ieselpalau\/estudis\/","title":{"rendered":"Estudis"},"content":{"rendered":"<ul class=\"sub-menu menu-odd menu-depth-1\">\n<li id=\"nav-menu-item-667\" class=\"sub-menu-item menu-item-odd menu-item-depth-1 menu-item menu-item-type-custom menu-item-object-custom\"><a class=\"menu-link sub-menu-link\" href=\"http:\/\/queestudiar.gencat.cat\/ca\/estudis\/secundaria\">ESO<\/a><\/li>\n<li id=\"nav-menu-item-668\" class=\"sub-menu-item menu-item-odd menu-item-depth-1 menu-item menu-item-type-custom menu-item-object-custom\"><a class=\"menu-link sub-menu-link\" href=\"http:\/\/queestudiar.gencat.cat\/ca\/estudis\/batxillerat\/\">Batxillerat<\/a><\/li>\n<li id=\"nav-menu-item-143\" class=\"sub-menu-item menu-item-odd menu-item-depth-1 menu-item menu-item-type-taxonomy menu-item-object-category menu-item-has-children\"><a class=\"menu-link sub-menu-link\" href=\"https:\/\/agora.xtec.cat\/ieselpalau\/categoria\/cicles-formatius\/\">Cicles Formatius<\/a>\n<ul class=\"sub-menu menu-even sub-sub-menu menu-depth-2\">\n<li id=\"nav-menu-item-2617\" class=\"sub-menu-item sub-sub-menu-item menu-item-even menu-item-depth-2 menu-item menu-item-type-custom menu-item-object-custom\"><a class=\"menu-link sub-menu-link\" href=\"https:\/\/triaeducativa.gencat.cat\/ca\/estudis\/?serveis-administratius&amp;p_id=4951\" target=\"_blank\" rel=\"noopener\">CFGB Serveis Administratius: 1r i 2n curs, horari de mat\u00ed.<\/a><\/li>\n<li id=\"nav-menu-item-625\" class=\"sub-menu-item sub-sub-menu-item menu-item-even menu-item-depth-2 menu-item menu-item-type-custom menu-item-object-custom\"><a class=\"menu-link sub-menu-link\" href=\"https:\/\/triaeducativa.gencat.cat\/ca\/estudis\/?instal%C2%B7lacions-electriques-automatiques&amp;p_id=74\" target=\"_blank\" rel=\"noopener\">CFGM Instal\u00b7lacions El\u00e8ctriques i Autom\u00e0tiques: 1r curs, horari de mat\u00ed. 2n curs, horari de tarda.<\/a><\/li>\n<li id=\"nav-menu-item-626\" class=\"sub-menu-item sub-sub-menu-item menu-item-even menu-item-depth-2 menu-item menu-item-type-custom menu-item-object-custom\"><a class=\"menu-link sub-menu-link\" href=\"https:\/\/triaeducativa.gencat.cat\/ca\/estudis\/?mecanitzacio&amp;p_id=101\" target=\"_blank\" rel=\"noopener\">CFGM Mecanitzaci\u00f3: 1r curs, horari de mat\u00ed. 2n curs, horari de tarda.<\/a><\/li>\n<li id=\"nav-menu-item-627\" class=\"sub-menu-item sub-sub-menu-item menu-item-even menu-item-depth-2 menu-item menu-item-type-custom menu-item-object-custom\"><a class=\"menu-link sub-menu-link\" href=\"https:\/\/triaeducativa.gencat.cat\/ca\/estudis\/?soldadura-caldereria&amp;p_id=99\" target=\"_blank\" rel=\"noopener\">CFGM Soldadura i Caldereria: 1r curs, horari de mat\u00ed. 2n curs, horari de tarda.<\/a><\/li>\n<li id=\"nav-menu-item-628\" class=\"sub-menu-item sub-sub-menu-item menu-item-even menu-item-depth-2 menu-item menu-item-type-custom menu-item-object-custom\"><a class=\"menu-link sub-menu-link\" href=\"https:\/\/triaeducativa.gencat.cat\/ca\/estudis\/?gestio-administrativa&amp;p_id=49\" target=\"_blank\" rel=\"noopener\">CFGM Gesti\u00f3 Administrativa: 1r curs, horari de mat\u00ed. 2n curs, horari de tarda.<\/a><\/li>\n<li><a href=\"https:\/\/triaeducativa.gencat.cat\/ca\/estudis\/?gestio-administrativa-perfil-professional-ambit-sanitari&amp;p_id=3390\" target=\"_blank\" rel=\"noopener\">CFGM Gesti\u00f3 Administrativa, perfil professional \u00c0mbit Sanitari: 1r i 2n curs, horari de tarda.<\/a><\/li>\n<li><a href=\"https:\/\/triaeducativa.gencat.cat\/ca\/estudis\/?farmacia-parafarmacia&amp;p_id=111\" target=\"_blank\" rel=\"noopener\">CFGM Farm\u00e0cia i Parafarm\u00e0cia: 1r curs, horari de mat\u00ed. 2n curs, horari de tarda.<\/a><\/li>\n<li id=\"nav-menu-item-629\" class=\"sub-menu-item sub-sub-menu-item menu-item-even menu-item-depth-2 menu-item menu-item-type-custom menu-item-object-custom\"><a class=\"menu-link sub-menu-link\" href=\"https:\/\/triaeducativa.gencat.cat\/ca\/estudis\/?administracio-finances&amp;p_id=1630\" target=\"_blank\" rel=\"noopener\">CFGS Administraci\u00f3 i Finances: 1r i 2n curs de tarda.<\/a><\/li>\n<li id=\"nav-menu-item-630\" class=\"sub-menu-item sub-sub-menu-item menu-item-even menu-item-depth-2 menu-item menu-item-type-custom menu-item-object-custom\"><a class=\"menu-link sub-menu-link\" href=\"https:\/\/triaeducativa.gencat.cat\/ca\/estudis\/?automatitzacio-robotica-industrial-&amp;p_id=1770\" target=\"_blank\" rel=\"noopener\">CFGS Automatitzaci\u00f3 i Rob\u00f2tica Industrial: 1r i 2n curs de tarda.<\/a><\/li>\n<li id=\"nav-menu-item-631\" class=\"sub-menu-item sub-sub-menu-item menu-item-even menu-item-depth-2 menu-item menu-item-type-custom menu-item-object-custom\"><a class=\"menu-link sub-menu-link\" href=\"https:\/\/triaeducativa.gencat.cat\/ca\/estudis\/?programacio-produccio-fabricacio-mecanica-perfil-professional-motlles-matrius&amp;p_id=4090\" target=\"_blank\" rel=\"noopener\">CFGS Programaci\u00f3 de la Producci\u00f3 en Fabricaci\u00f3 Mec\u00e0nica, perfil professional Motlles i Matrius: 1r i 2n curs, horari de tarda.<\/a><\/li>\n<li id=\"nav-menu-item-596\" class=\"sub-menu-item sub-sub-menu-item menu-item-even menu-item-depth-2 menu-item menu-item-type-post_type menu-item-object-page\"><a class=\"menu-link sub-menu-link\" href=\"https:\/\/agora.xtec.cat\/ieselpalau\/horaris_cf\/\">Horaris_CF<\/a><\/li>\n<\/ul>\n<\/li>\n<li id=\"nav-menu-item-562\" class=\"sub-menu-item menu-item-odd menu-item-depth-1 menu-item menu-item-type-taxonomy menu-item-object-category menu-item-has-children\"><a class=\"menu-link sub-menu-link\" href=\"https:\/\/agora.xtec.cat\/ieselpalau\/categoria\/pfi\/\">PFI<\/a>\n<ul class=\"sub-menu menu-even sub-sub-menu menu-depth-2\">\n<li id=\"nav-menu-item-632\" class=\"sub-menu-item sub-sub-menu-item menu-item-even menu-item-depth-2 menu-item menu-item-type-custom menu-item-object-custom\"><a class=\"menu-link sub-menu-link\" href=\"https:\/\/triaeducativa.gencat.cat\/ca\/fp\/pfi\/families-professionals\/administracio-gestio\/?p_id=2710&amp;estudi\" target=\"_blank\" rel=\"noopener\">PFI Auxiliar d&#8217;Activitats d&#8217;Oficina i en Serveis Administratius Generals: 1r curs, horari de mat\u00ed.<\/a><\/li>\n<li id=\"nav-menu-item-633\" class=\"sub-menu-item sub-sub-menu-item menu-item-even menu-item-depth-2 menu-item menu-item-type-custom menu-item-object-custom\"><a class=\"menu-link sub-menu-link\" href=\"https:\/\/triaeducativa.gencat.cat\/ca\/estudis\/?auxiliar-muntatges-installacions-electrotecniques-edificis&amp;p_id=2795\" target=\"_blank\" rel=\"noopener\">PFI Auxiliar de Muntatges d&#8217;Instal\u00b7lacions Electrot\u00e8cniques en Edificis: 1r curs, horari de mat\u00ed.<\/a><\/li>\n<\/ul>\n<\/li>\n<\/ul>\n","protected":false},"excerpt":{"rendered":"<ul class=\"sub-menu menu-odd menu-depth-1\">\n<li id=\"nav-menu-item-667\" class=\"sub-menu-item menu-item-odd menu-item-depth-1 menu-item menu-item-type-custom menu-item-object-custom\"><a class=\"menu-link sub-menu-link\" href=\"http:\/\/queestudiar.gencat.cat\/ca\/estudis\/secundaria\">ESO<\/a><\/li>\n<li id=\"nav-menu-item-668\" class=\"sub-menu-item menu-item-odd menu-item-depth-1 menu-item menu-item-type-custom menu-item-object-custom\"><a class=\"menu-link sub-menu-link\" href=\"http:\/\/queestudiar.gencat.cat\/ca\/estudis\/batxillerat\/\">Batxillerat<\/a><\/li>\n<li id=\"nav-menu-item-143\" class=\"sub-menu-item menu-item-odd menu-item-depth-1 menu-item menu-item-type-taxonomy menu-item-object-category menu-item-has-children\"><a class=\"menu-link sub-menu-link\" href=\"https:\/\/agora.xtec.cat\/ieselpalau\/categoria\/cicles-formatius\/\">Cicles Formatius<\/a>\n<ul class=\"sub-menu menu-even sub-sub-menu menu-depth-2\">\n<li id=\"nav-menu-item-2617\" class=\"sub-menu-item sub-sub-menu-item menu-item-even menu-item-depth-2&hellip;  <a href=\"https:\/\/agora.xtec.cat\/ieselpalau\/estudis\/\" title=\"Read Estudis\">Llegeix m\u00e9s\u00bb<\/a><br \/>\n","protected":false},"author":1,"featured_media":0,"parent":0,"menu_order":0,"comment_status":"closed","ping_status":"closed","template":"page-templates\/side-menu.php","meta":{"_bbp_topic_count":0,"_bbp_reply_count":0,"_bbp_total_topic_count":0,"_bbp_total_reply_count":0,"_bbp_voice_count":0,"_bbp_anonymous_reply_count":0,"_bbp_topic_count_hidden":0,"_bbp_reply_count_hidden":0,"_bbp_forum_subforum_count":0,"footnotes":""},"class_list":["post-195","page","type-page","status-publish","hentry"],"post_mailing_queue_ids":[],"_links":{"self":[{"href":"https:\/\/agora.xtec.cat\/ieselpalau\/wp-json\/wp\/v2\/pages\/195","targetHints":{"allow":["GET"]}}],"collection":[{"href":"https:\/\/agora.xtec.cat\/ieselpalau\/wp-json\/wp\/v2\/pages"}],"about":[{"href":"https:\/\/agora.xtec.cat\/ieselpalau\/wp-json\/wp\/v2\/types\/page"}],"author":[{"embeddable":true,"href":"https:\/\/agora.xtec.cat\/ieselpalau\/wp-json\/wp\/v2\/users\/1"}],"replies":[{"embeddable":true,"href":"https:\/\/agora.xtec.cat\/ieselpalau\/wp-json\/wp\/v2\/comments?post=195"}],"version-history":[{"count":6,"href":"https:\/\/agora.xtec.cat\/ieselpalau\/wp-json\/wp\/v2\/pages\/195\/revisions"}],"predecessor-version":[{"id":4736,"href":"https:\/\/agora.xtec.cat\/ieselpalau\/wp-json\/wp\/v2\/pages\/195\/revisions\/4736"}],"wp:attachment":[{"href":"https:\/\/agora.xtec.cat\/ieselpalau\/wp-json\/wp\/v2\/media?parent=195"}],"curies":[{"name":"wp","href":"https:\/\/api.w.org\/{rel}","templated":true}]}}